{"id":992,"date":"2019-11-18T12:24:11","date_gmt":"2019-11-18T11:24:11","guid":{"rendered":"http:\/\/5.189.168.161\/hbs-fuerth\/?page_id=992"},"modified":"2026-03-22T21:04:05","modified_gmt":"2026-03-22T20:04:05","slug":"mensa","status":"publish","type":"page","link":"https:\/\/www.xn--hbs-frth-b6a.de\/index.php\/mensa\/","title":{"rendered":"Mensa"},"content":{"rendered":"<p>[et_pb_section fb_built=&#8220;1&#8243; _builder_version=&#8220;4.0.6&#8243; custom_padding=&#8220;48px|||||&#8220;][et_pb_row _builder_version=&#8220;4.0.6&#8243;][et_pb_column type=&#8220;4_4&#8243; _builder_version=&#8220;4.0.6&#8243;][et_pb_text _builder_version=&#8220;4.0.6&#8243;]<\/p>\n<h1>Unsere Mensa<\/h1>\n<p>[\/et_pb_text][et_pb_divider _builder_version=&#8220;4.0.6&#8243;][\/et_pb_divider][\/et_pb_column][\/et_pb_row][et_pb_row column_structure=&#8220;3_4,1_4&#8243; _builder_version=&#8220;4.0.6&#8243; custom_margin=&#8220;-1px|auto||auto||&#8220;][et_pb_column type=&#8220;3_4&#8243; _builder_version=&#8220;4.0.6&#8243;][et_pb_text _builder_version=&#8220;4.0.6&#8243; custom_margin=&#8220;||6px|||&#8220; hover_enabled=&#8220;0&#8243;]<\/p>\n<div class=\"Preview_component__SbiKo text-align-null\" data-id=\"FF48D10D-12D7-4569-BD02-531A5C828FAF\" data-kind=\"Component\" data-specific-kind=\"TEXT\">\n<div class=\"styles_contentContainer__lrPIa textnormal styles_text__3jGMu\" data-mve-font-change=\"0\">\n<p><img loading=\"lazy\" decoding=\"async\" src=\"https:\/\/www.xn--hbs-frth-b6a.de\/wp-content\/uploads\/2026\/03\/Speiseplan-kw-13-und-16.png\" width=\"976\" height=\"615\" alt=\"\" class=\"wp-image-23252 aligncenter size-full\" \/><\/p>\n<p>&nbsp;<\/p>\n<\/div>\n<\/div>\n<div class=\"Preview_float__1PmYU float\">\n<div class=\"Preview_componentWrapper__2i4QI\" data-id=\"3EB1E0DE-1166-437A-B077-7D3C81FDD76B\" data-kind=\"IMAGE\">\n<div class=\"Preview_component__SbiKo\" data-id=\"3EB1E0DE-1166-437A-B077-7D3C81FDD76B\" data-kind=\"Component\" data-specific-kind=\"IMAGE\">\n<div class=\"Mobile_imageComponent__QXWk1 Mobile_cropMode__cLuJp\" data-width=\"765\" data-height=\"565\"><\/div>\n<\/div>\n<\/div>\n<\/div>\n<p>[\/et_pb_text][et_pb_divider divider_position=&#8220;bottom&#8220; _builder_version=&#8220;4.0.6&#8243; filter_saturate=&#8220;34%&#8220; filter_brightness=&#8220;49%&#8220; animation_style=&#8220;fade&#8220;][\/et_pb_divider][et_pb_text _builder_version=&#8220;4.0.6&#8243; custom_margin=&#8220;||13px|||&#8220;]<\/p>\n<h2 class=\"textheading2\">FAQ &#8211; die h\u00e4ufigsten Fragen<\/h2>\n<p>[\/et_pb_text][et_pb_toggle title=&#8220;Wie kann man die Mensa telefonisch erreichen?&#8220; _builder_version=&#8220;4.0.6&#8243; custom_margin=&#8220;||10px|||&#8220;]<\/p>\n<p>Es gibt eine telefonische Durchwahl: 06253 \u2013 87082-62<\/p>\n<p>[\/et_pb_toggle][et_pb_toggle title=&#8220;Wann gibt es das warme Mittagessen?&#8220; _builder_version=&#8220;4.0.6&#8243; custom_margin=&#8220;||12px|||&#8220;]<\/p>\n<p>Von 12.55-13.25 Uhr.<\/p>\n<p>[\/et_pb_toggle][et_pb_toggle title=&#8220;Wie teuer ist ein Mittagessen?&#8220; _builder_version=&#8220;4.0.6&#8243; custom_margin=&#8220;||12px|||&#8220;]<\/p>\n<p>Mit Getr\u00e4nk und Salat 3,90\u20ac.<\/p>\n<p>[\/et_pb_toggle][et_pb_toggle title=&#8220;Wie melde ich mich an?&#8220; _builder_version=&#8220;4.0.6&#8243; custom_margin=&#8220;||12px|||&#8220;]<\/p>\n<p>In der Mensa k\u00f6nnt ihr euch Bons f\u00fcr eure gew\u00fcnschten Tage kaufen.<\/p>\n<p>[\/et_pb_toggle][et_pb_toggle title=&#8220;Kann ich auch Einzelbons kaufen?&#8220; _builder_version=&#8220;4.0.6&#8243; custom_margin=&#8220;||12px|||&#8220;]<\/p>\n<p>Ja, bis zu einem Tag vorher k\u00f6nnt ihr einen Bon kaufen.<\/p>\n<p>[\/et_pb_toggle][et_pb_toggle title=&#8220;Und wenn ich ganz spontan ein Essen kaufen will?&#8220; _builder_version=&#8220;4.0.6&#8243; custom_margin=&#8220;||13px|||&#8220;]<\/p>\n<p>Jeden Tag wird etwas mehr Essen gemacht als vorbestellt. Wenn ihr Gl\u00fcck habt, k\u00f6nnt ihr auch noch am gleichen Tag einen Bon erhalten &#8211; auf der sicheren Seite seid ihr jedoch nur, wenn ihr mindestens einen Tag zuvor vorbestellt.<\/p>\n<p>&nbsp;<\/p>\n<p>[\/et_pb_toggle][et_pb_toggle title=&#8220;Gibt es M\u00f6glichkeiten, einen finanziellen Zuschuss zum Essen zu erhalten?&#8220; _builder_version=&#8220;4.0.6&#8243; min_height=&#8220;48px&#8220; custom_margin=&#8220;||14px|||&#8220;]<\/p>\n<p>\u00a0<span style=\"font-size: 14px;\">Ja, \u00fcber Neue Wege kann ein Antrag auf Zuschuss gestellt werden, wendet euch an das Mensa-Team.<\/span><\/p>\n<p>[\/et_pb_toggle][et_pb_toggle title=&#8220;Essensbon gekauft \/ Essen vorbestellt und erkrankt?&#8220; _builder_version=&#8220;4.0.6&#8243; min_height=&#8220;48px&#8220; custom_margin=&#8220;||12px|||&#8220;]<\/p>\n<p>In diesem Fall oder auch bei Unterrichtsausfall, der schon einen Tag vorher bekannt ist, bitte bis sp\u00e4testens um 7.30 unter folgender Telefonnummer 06253 \/ 930447 oder direkt in der Mensa das Essen abbestellen. Der Essenspreis wird dann nicht berechnet.<\/p>\n<p>[\/et_pb_toggle][et_pb_toggle title=&#8220;Wenn ich noch mehr Hunger habe?&#8220; _builder_version=&#8220;4.0.6&#8243; min_height=&#8220;48px&#8220; custom_margin=&#8220;||12px|||&#8220;]<\/p>\n<p>Nachschlag abholen ist immer m\u00f6glich, solange noch Essen da ist.<\/p>\n<p>[\/et_pb_toggle][et_pb_toggle title=&#8220;Vegetarisches Essen \/ Essen ohne Schweinefleisch?&#8220; _builder_version=&#8220;4.0.6&#8243; min_height=&#8220;48px&#8220;]<\/p>\n<p>Es steht immer ein vegetarisches Gericht zur Auswahl.<\/p>\n<p>[\/et_pb_toggle][et_pb_divider divider_position=&#8220;bottom&#8220; _builder_version=&#8220;4.0.6&#8243; filter_saturate=&#8220;34%&#8220; filter_brightness=&#8220;49%&#8220; animation_style=&#8220;fade&#8220;][\/et_pb_divider][et_pb_text _builder_version=&#8220;4.0.6&#8243;]<\/p>\n<h2><span>Weitere Hinweise<\/span><\/h2>\n<p>Um drei Dinge bitten wir euch, wenn ihr die Mensa nutzt:<\/p>\n<p>1. Seid leise &#8211; es soll f\u00fcr alle eine Erholungszeit sein.<\/p>\n<p>2. Wischt eure Tische ab, bevor ihr den Raum verlasst.<\/p>\n<p>3. Stellt eure St\u00fchle ordentlich zur\u00fcck.<\/p>\n<p>Es sollen sich alle in der neuen Mensa wohl f\u00fchlen &#8211; wenn ihr Probleme habt, sprecht die aufsichtsf\u00fchrenden Sch\u00fcler, Lehrkr\u00e4fte oder das Personal an!<\/p>\n<p>[\/et_pb_text][\/et_pb_column][et_pb_column type=&#8220;1_4&#8243; _builder_version=&#8220;4.0.6&#8243;][et_pb_blog posts_number=&#8220;3&#8243; excerpt_length=&#8220;150&#8243; show_more=&#8220;on&#8220; show_author=&#8220;off&#8220; _builder_version=&#8220;4.0.6&#8243;][\/et_pb_blog][\/et_pb_column][\/et_pb_row][\/et_pb_section]<\/p>\n","protected":false},"excerpt":{"rendered":"<p>[et_pb_section fb_built=&#8220;1&#8243; _builder_version=&#8220;4.0.6&#8243; custom_padding=&#8220;48px|||||&#8220;][et_pb_row _builder_version=&#8220;4.0.6&#8243;][et_pb_column type=&#8220;4_4&#8243; _builder_version=&#8220;4.0.6&#8243;][et_pb_text _builder_version=&#8220;4.0.6&#8243;] Unsere Mensa [\/et_pb_text][et_pb_divider _builder_version=&#8220;4.0.6&#8243;][\/et_pb_divider][\/et_pb_column][\/et_pb_row][et_pb_row column_structure=&#8220;3_4,1_4&#8243; _builder_version=&#8220;4.0.6&#8243; custom_margin=&#8220;-1px|auto||auto||&#8220;][et_pb_column type=&#8220;3_4&#8243; _builder_version=&#8220;4.0.6&#8243;][et_pb_text _builder_version=&#8220;4.0.6&#8243; custom_margin=&#8220;||6px|||&#8220; hover_enabled=&#8220;0&#8243;] &nbsp; [\/et_pb_text][et_pb_divider divider_position=&#8220;bottom&#8220; _builder_version=&#8220;4.0.6&#8243; filter_saturate=&#8220;34%&#8220; filter_brightness=&#8220;49%&#8220; animation_style=&#8220;fade&#8220;][\/et_pb_divider][et_pb_text _builder_version=&#8220;4.0.6&#8243; custom_margin=&#8220;||13px|||&#8220;] FAQ &#8211; die h\u00e4ufigsten Fragen [\/et_pb_text][et_pb_toggle title=&#8220;Wie kann man die Mensa telefonisch erreichen?&#8220; _builder_version=&#8220;4.0.6&#8243; custom_margin=&#8220;||10px|||&#8220;] Es gibt eine telefonische Durchwahl: 06253 \u2013 87082-62 [\/et_pb_toggle][et_pb_toggle title=&#8220;Wann gibt [&hellip;]<\/p>\n","protected":false},"author":2,"featured_media":0,"parent":0,"menu_order":0,"comment_status":"closed","ping_status":"closed","template":"","meta":{"_et_pb_use_builder":"on","_et_pb_old_content":"","footnotes":""},"class_list":["post-992","page","type-page","status-publish","hentry"],"_links":{"self":[{"href":"https:\/\/www.xn--hbs-frth-b6a.de\/index.php\/wp-json\/wp\/v2\/pages\/992","targetHints":{"allow":["GET"]}}],"collection":[{"href":"https:\/\/www.xn--hbs-frth-b6a.de\/index.php\/wp-json\/wp\/v2\/pages"}],"about":[{"href":"https:\/\/www.xn--hbs-frth-b6a.de\/index.php\/wp-json\/wp\/v2\/types\/page"}],"author":[{"embeddable":true,"href":"https:\/\/www.xn--hbs-frth-b6a.de\/index.php\/wp-json\/wp\/v2\/users\/2"}],"replies":[{"embeddable":true,"href":"https:\/\/www.xn--hbs-frth-b6a.de\/index.php\/wp-json\/wp\/v2\/comments?post=992"}],"version-history":[{"count":181,"href":"https:\/\/www.xn--hbs-frth-b6a.de\/index.php\/wp-json\/wp\/v2\/pages\/992\/revisions"}],"predecessor-version":[{"id":23253,"href":"https:\/\/www.xn--hbs-frth-b6a.de\/index.php\/wp-json\/wp\/v2\/pages\/992\/revisions\/23253"}],"wp:attachment":[{"href":"https:\/\/www.xn--hbs-frth-b6a.de\/index.php\/wp-json\/wp\/v2\/media?parent=992"}],"curies":[{"name":"wp","href":"https:\/\/api.w.org\/{rel}","templated":true}]}}