{"id":983,"date":"2019-11-18T12:02:22","date_gmt":"2019-11-18T11:02:22","guid":{"rendered":"http:\/\/5.189.168.161\/hbs-fuerth\/?page_id=983"},"modified":"2026-04-22T09:07:10","modified_gmt":"2026-04-22T07:07:10","slug":"download","status":"publish","type":"page","link":"https:\/\/www.xn--hbs-frth-b6a.de\/index.php\/download\/","title":{"rendered":"Download"},"content":{"rendered":"<p>[et_pb_section fb_built=&#8220;1&#8243; _builder_version=&#8220;4.0.6&#8243;][et_pb_row _builder_version=&#8220;4.0.6&#8243;][et_pb_column type=&#8220;4_4&#8243; _builder_version=&#8220;4.0.6&#8243;][et_pb_text _builder_version=&#8220;4.0.6&#8243;]<\/p>\n<h1>Der Download-Bereich<\/h1>\n<p>[\/et_pb_text][et_pb_divider _builder_version=&#8220;4.0.6&#8243;][\/et_pb_divider][\/et_pb_column][\/et_pb_row][et_pb_row column_structure=&#8220;3_4,1_4&#8243; _builder_version=&#8220;4.0.6&#8243;][et_pb_column type=&#8220;3_4&#8243; _builder_version=&#8220;4.0.6&#8243;][et_pb_text _builder_version=&#8220;4.0.6&#8243; link_font=&#8220;||||on||||&#8220; hover_enabled=&#8220;0&#8243;]<\/p>\n<h2 class=\"Preview_row__3Fkye row\">Aktuelles:<\/h2>\n<ul class=\"mb-indent mobile-overpadded-left\">\n<li>Fahrplan\u00e4nderungen ab dem 22.04.2025:<\/li>\n<li><a href=\"https:\/\/www.xn--hbs-frth-b6a.de\/wp-content\/uploads\/2025\/04\/4662_ab-22.04.2025.pdf\" rel=\"attachment wp-att-19589\">4662_ab 22.04.2025<\/a>\u00a0\/\/ <a href=\"https:\/\/www.xn--hbs-frth-b6a.de\/wp-content\/uploads\/2025\/04\/4663_ab-22.04.2025.pdf\" rel=\"attachment wp-att-19590\">4663_ab 22.04.2025<\/a> \/\/\u00a0<a href=\"https:\/\/www.xn--hbs-frth-b6a.de\/wp-content\/uploads\/2025\/04\/4697_ab-22.04.2025.pdf\" rel=\"attachment wp-att-19591\">4697_ab 22.04.2025<\/a>\u00a0\/\/ <a href=\"https:\/\/www.xn--hbs-frth-b6a.de\/wp-content\/uploads\/2025\/04\/4698_ab-22.04.2025.pdf\" rel=\"attachment wp-att-19592\">4698_ab 22.04.2025<\/a>\u00a0\/\/ <a href=\"https:\/\/www.xn--hbs-frth-b6a.de\/wp-content\/uploads\/2025\/04\/Linie_683H_2025-04-22.pdf\" rel=\"attachment wp-att-19593\">Linie_683H_2025-04-22<\/a>\u00a0\/\/\u00a0<a href=\"https:\/\/www.xn--hbs-frth-b6a.de\/wp-content\/uploads\/2025\/04\/Linie_683R_2025-04-22.pdf\" rel=\"attachment wp-att-19594\">Linie_683R_2025-04-22<\/a>\u00a0\/\/\u00a0<a href=\"https:\/\/www.xn--hbs-frth-b6a.de\/wp-content\/uploads\/2025\/04\/Linie_694H_2025-04-22.pdf\" rel=\"attachment wp-att-19595\">Linie_694H_2025-04-22<\/a>\u00a0\/\/\u00a0<a href=\"https:\/\/www.xn--hbs-frth-b6a.de\/wp-content\/uploads\/2025\/04\/Linie_681R_2025-04-22.pdf\" rel=\"attachment wp-att-19596\">Linie_681R_2025-04-22<\/a><\/li>\n<li><a href=\"https:\/\/www.xn--hbs-frth-b6a.de\/wp-content\/uploads\/2025\/01\/Aenderungen-Linie-698.pdf\" rel=\"attachment wp-att-18307\">\u00c4nderungen Linie 698<\/a><\/li>\n<li><a href=\"https:\/\/www.xn--hbs-frth-b6a.de\/wp-content\/uploads\/2025\/01\/Ruftaxi-Plan-1.pdf\" rel=\"attachment wp-att-18308\">Ruftaxi Plan 1<\/a><\/li>\n<li><a href=\"https:\/\/www.xn--hbs-frth-b6a.de\/wp-content\/uploads\/2025\/01\/Ruftaxi-Plan-2.pdf\" rel=\"attachment wp-att-18309\">Ruftaxi Plan 2<\/a><\/li>\n<li><a href=\"https:\/\/www.xn--hbs-frth-b6a.de\/wp-content\/uploads\/2025\/01\/Ruftaxi-Plan-3.pdf\" rel=\"attachment wp-att-18310\">Ruftaxi Plan 3<\/a><\/li>\n<\/ul>\n<p>&nbsp;<\/p>\n<ul>\n<li><strong><a href=\"https:\/\/www.xn--hbs-frth-b6a.de\/wp-content\/uploads\/2025\/02\/Schulhundekonzept_HBS.pdf\" rel=\"attachment wp-att-18632\">Schulhundekonzept_HBS<\/a><\/strong><\/li>\n<\/ul>\n<p>&nbsp;<\/p>\n<ul class=\"mb-indent mobile-overpadded-left\">\n<li><a href=\"https:\/\/www.xn--hbs-frth-b6a.de\/wp-content\/uploads\/2024\/11\/HBS-Angebote-Schulwechsel_24-25.pdf\"><strong>Termine 2025 f\u00fcr den \u00dcbergang von der Grundschule zur Heinrich-B\u00f6ll-Schule (Beratungstermine, etc. als pdf-Datei)\u00a0<\/strong><\/a><\/li>\n<li class=\"Preview_row__3Fkye row\"><strong><a href=\"https:\/\/www.xn--hbs-frth-b6a.de\/wp-content\/uploads\/2025\/09\/Praesentation-Elternabend-7-25-26.pdf\" rel=\"attachment wp-att-16587\">Pr\u00e4sentation Elternabend Jahrgang 7 &#8211; 25-26<\/a><\/strong><\/li>\n<li class=\"Preview_row__3Fkye row\"><strong><a href=\"https:\/\/www.xn--hbs-frth-b6a.de\/wp-content\/uploads\/2025\/09\/Praesentation-Elternabend-8-25-26.pdf\" rel=\"attachment wp-att-16588\">Pr\u00e4sentation Elternabend Jahrgang 8 &#8211; 25-26<\/a><\/strong><\/li>\n<\/ul>\n<p>&nbsp;<\/p>\n<ul class=\"mb-indent mobile-overpadded-left\">\n<li class=\"Preview_row__3Fkye row\"><strong><a href=\"https:\/\/www.xn--hbs-frth-b6a.de\/wp-content\/uploads\/2024\/08\/TTB_vrn_40696_-_H_s24_3-5.pdf\" rel=\"attachment wp-att-15869\">Baustellenplan Linie 696 (Rimbach)-F\u00fcrth-Schlierbach-Lindenfels-Gadernheim<\/a><\/strong><\/li>\n<\/ul>\n<p>&nbsp;<\/p>\n<ul class=\"mb-indent mobile-overpadded-left\">\n<li class=\"Preview_row__3Fkye row\"><strong>Bauma\u00dfnahme L_3099 OD F\u00fcrth und freie Strecke zwischen F\u00fcrth und OT Ellenbach<\/strong><\/li>\n<li class=\"Preview_row__3Fkye row\"><a href=\"https:\/\/www.xn--hbs-frth-b6a.de\/wp-content\/uploads\/2024\/07\/Linie_696H20.pdf\" rel=\"attachment wp-att-14434\">Linie_696H(20)<\/a> <a href=\"https:\/\/www.xn--hbs-frth-b6a.de\/wp-content\/uploads\/2024\/07\/Linie_696R20.pdf\" rel=\"attachment wp-att-14435\">Linie_696R(20)<\/a> <a href=\"https:\/\/www.xn--hbs-frth-b6a.de\/wp-content\/uploads\/2024\/07\/Linie_666H20.pdf\" rel=\"attachment wp-att-14436\">Linie_666H(20)<\/a> <a href=\"https:\/\/www.xn--hbs-frth-b6a.de\/wp-content\/uploads\/2024\/07\/Linie_666R20.pdf\" rel=\"attachment wp-att-14437\">Linie_666R(20)<\/a><\/li>\n<\/ul>\n<p>&nbsp;<\/p>\n<ul class=\"mb-indent mobile-overpadded-left\">\n<li class=\"Preview_row__3Fkye row\"><a href=\"https:\/\/www.xn--hbs-frth-b6a.de\/wp-content\/uploads\/2024\/06\/Deutschlandticket-2024_20240529_0001.pdf\" rel=\"attachment wp-att-13397\">Deutschlandticket 2024<\/a><\/li>\n<li class=\"Preview_row__3Fkye row\"><a href=\"https:\/\/kultusministerium.hessen.de\/node\/13117\/newsletter-preview\" target=\"_blank\" rel=\"noopener noreferrer\">Elternbrief zum Schuljahr 2023\/24<\/a><\/li>\n<li class=\"Preview_row__3Fkye row\"><a href=\"https:\/\/www.xn--hbs-frth-b6a.de\/wp-content\/uploads\/2021\/08\/Elternbrief-BuT_Start-Schuljahr-2021_22.pdf\">Elternbrief: Bildungs- und Teilhabegesetz (pdf-Datei)<\/a><\/li>\n<li class=\"Preview_row__3Fkye row\"><a href=\"https:\/\/www.xn--hbs-frth-b6a.de\/wp-content\/uploads\/2022\/10\/Elternanschreiben_Energiesparmassnahmen.pdf\" rel=\"attachment wp-att-5837\">Elternanschreiben zu Energiesparma\u00dfnahmen (pdf-Datei)<\/a><\/li>\n<li class=\"Preview_row__3Fkye row\"><a href=\"https:\/\/www.xn--hbs-frth-b6a.de\/wp-content\/uploads\/2022\/11\/HBS-Angebote_-Eine-Schule-finden-die-zu-Ihrem-Kind-passt.pdf\" rel=\"attachment wp-att-5931\">HBS-Angebote: Eine Schule finden, die zu Ihrem Kind passt (pdf-Datei)<\/a><\/li>\n<\/ul>\n<hr \/>\n<h2>Unterrichtsmaterialien<\/h2>\n<ul class=\"mb-indent mobile-overpadded-left\">\n<li><a href=\"https:\/\/www.xn--hbs-frth-b6a.de\/wp-content\/uploads\/2025\/08\/01_Materialliste.pdf\">Liste der ben\u00f6tigten Unterrichtsmaterialien<\/a><\/li>\n<li><a href=\"https:\/\/www.xn--hbs-frth-b6a.de\/wp-content\/uploads\/2021\/07\/Vorlage-Vertretungsunterricht.docx\" target=\"_blank\" rel=\"noopener noreferrer\">Vorlage Vertretungsunterricht (Word Dokument)<\/a><\/li>\n<\/ul>\n<hr \/>\n<h2>Soziale Angebote<\/h2>\n<p><a href=\"https:\/\/www.xn--hbs-frth-b6a.de\/wp-content\/uploads\/downloads\/NetzwerkSozialeBeratung.pdf\">Brosch\u00fcre Soziale Beratung (PDF)<\/a><\/p>\n<hr \/>\n<h2>Berufsorientierung<\/h2>\n<ul class=\"mb-indent mobile-overpadded-left\">\n<li><a class=\"link1\" href=\"https:\/\/www.xn--hbs-frth-b6a.de\/wp-content\/uploads\/downloads\/InfosGirlsday.pdf\" target=\"_blank\" rel=\"noopener noreferrer\">Informationsschreiben zum Girls&#8216; Day (pdf-Datei)<\/a><\/li>\n<li><a class=\"link1\" href=\"https:\/\/www.xn--hbs-frth-b6a.de\/wp-content\/uploads\/downloads\/InfosBoysday.pdf\" target=\"_blank\" rel=\"noopener noreferrer\">Informationsschreiben zum Boys&#8216; Day (pdf-Datei)<\/a><\/li>\n<li><a class=\"link1\" href=\"https:\/\/www.xn--hbs-frth-b6a.de\/wp-content\/uploads\/downloads\/Faltblatt_Information_zur_Infektionsgefaehrdung_bei_Kurzpraktika_in_der_vorschulischen_Kinderbetreuung.pdf\" target=\"_blank\" rel=\"noopener noreferrer\">Faltblatt: Information zur Infektionsgef\u00e4hrdung bei Kurzpraktika in der vorschulischen Kinderbetreuung (pdf-Datei)<\/a><\/li>\n<li><a class=\"link1\" href=\"https:\/\/www.xn--hbs-frth-b6a.de\/wp-content\/uploads\/downloads\/Flyer_Schuelerbetriebspraktikum_Hinweise_fuer_Schuelerinnen_und_Schueler.pdf\" target=\"_blank\" rel=\"noopener noreferrer\">Flyer: Sch\u00fclerbetriebspraktikum Eltern, Lehrer, Unternehmen (PDF)<\/a><\/li>\n<li><a class=\"link1\" href=\"https:\/\/www.xn--hbs-frth-b6a.de\/wp-content\/uploads\/downloads\/Merkblatt.pdf\" target=\"_blank\" rel=\"noopener noreferrer\">Merkblatt zum Betriebspraktikum von Sch\u00fclerinnen und Sch\u00fclern (PDF)<\/a><\/li>\n<li><a href=\"https:\/\/www.xn--hbs-frth-b6a.de\/wp-content\/uploads\/2025\/05\/Praktikum-Jahrgang-8-2025_26.pdf\">Betriebspraktikum Jahrgang 8<\/a><\/li>\n<li><a href=\"https:\/\/www.xn--hbs-frth-b6a.de\/wp-content\/uploads\/2026\/02\/2025_26Praktikum9.pdf\" rel=\"attachment wp-att-19184\">Praktikum JG 9 2026<\/a><\/li>\n<li><a class=\"link1\" href=\"https:\/\/www.xn--hbs-frth-b6a.de\/wp-content\/uploads\/downloads\/fahrtkostenerstattung-praktikum.pdf\" target=\"_blank\" rel=\"noopener noreferrer\">Fahrtkostenerstattungsformular f\u00fcr das Betriebspraktikum (PDF)<\/a><\/li>\n<\/ul>\n<hr \/>\n<h2>Pr\u00fcfungen<\/h2>\n<ul class=\"mb-indent mobile-overpadded-left\">\n<li><a href=\"https:\/\/www.xn--hbs-frth-b6a.de\/wp-content\/uploads\/2025\/09\/2324Elternabend-Jahrgang-9.pptx\" rel=\"attachment wp-att-20566\">Aktuelles und Pr\u00fcfungen Jahrgang 9<\/a><\/li>\n<li><a href=\"https:\/\/www.xn--hbs-frth-b6a.de\/wp-content\/uploads\/2025\/09\/2324EAPRAeS10SIG.pptx\" rel=\"attachment wp-att-20567\">Aktuelles und Pr\u00fcfungen Jahrgang 10<\/a><\/li>\n<\/ul>\n<hr \/>\n<h2>Schulwechsel<\/h2>\n<ul class=\"mb-indent mobile-overpadded-left\">\n<li><a class=\"link1\" href=\"https:\/\/www.xn--hbs-frth-b6a.de\/wp-content\/uploads\/downloads\/AnmeldebogenSeiteneinsteiger.pdf\" target=\"_blank\" rel=\"noopener noreferrer\">Aufnahmeantrag f\u00fcr Seiteneinsteiger (PDF)<\/a><\/li>\n<li><a href=\"https:\/\/www.xn--hbs-frth-b6a.de\/wp-content\/uploads\/2026\/01\/Abmeldebogen.pdf\">Abmeldebogen f\u00fcr Schulwechsel PDF)<\/a><\/li>\n<\/ul>\n<hr \/>\n<h2>Sch\u00fcler-Tickets<\/h2>\n<div class=\"Preview_row__3Fkye row\">\n<div class=\"Preview_componentWrapper__2i4QI\" data-id=\"7F9323C3-3835-4189-AEE8-0167843E38AA\" data-kind=\"TEXT\">\n<div class=\"Preview_component__SbiKo text-align-null\" data-id=\"7F9323C3-3835-4189-AEE8-0167843E38AA\" data-kind=\"Component\" data-specific-kind=\"TEXT\">\n<div class=\"styles_contentContainer__lrPIa textnormal styles_text__3jGMu\" data-mve-font-change=\"0\">\n<ul>\n<li><a href=\"https:\/\/www.xn--hbs-frth-b6a.de\/wp-content\/uploads\/2023\/01\/Gebietskarte_MAXX-Ticket_Hessenticket_Karte.pdf\">Gebietskarte f\u00fcr MAXX-Ticket und Sch\u00fclerticket Hessen (Karte als pdf-Datei)<\/a><\/li>\n<li><a href=\"https:\/\/www.xn--hbs-frth-b6a.de\/wp-content\/uploads\/2025\/08\/Verlustmeldung_Deutschland-Ticket-und-Jugend-BW.pdf\" rel=\"attachment wp-att-20515\">Verlustmeldung_Deutschland-Ticket-und-Jugend-BW<\/a><\/li>\n<li><a class=\"link1\" href=\"https:\/\/www.xn--hbs-frth-b6a.de\/wp-content\/uploads\/downloads\/kontakte_schuelerbefoerderung.pdf\" target=\"_blank\" rel=\"noopener noreferrer\">Kontaktdaten zur Sch\u00fclerbef\u00f6rderung im Kreis (PDF)<\/a><\/li>\n<li><a href=\"https:\/\/www.xn--hbs-frth-b6a.de\/wp-content\/uploads\/2025\/08\/Schuelerticket-2526.pdf\" rel=\"attachment wp-att-20513\">Maxx-Ticket\/Hessen-Ticket Bestellformular \u00fcber die Schule f\u00fcr das Schuljahr 25\/26<\/a><\/li>\n<\/ul>\n<p>F\u00fcr den Wechsel vom MAXX-Ticket auf ein Sch\u00fclerticket Hessen bzw. umgekehrt ist ein \u00c4nderungsantrag wegen Ticketwechsel zu stellen. Sch\u00fclerinnen und Sch\u00fcler, die ihre Fahrkarte vom Kreis bekommen, k\u00f6nnen f\u00fcr das Schuljahr 2023\/24 einen Ticket-Wechselantrag (Bestellschein f\u00fcr Schuljahr 2023\/24) nur bis zum 28.02.2023 stellen.<\/p>\n<p>Die Antragsformulare m\u00fcssen vollst\u00e4ndig ausgef\u00fcllt (bei MAXX-Ticket mit Foto) bis zum 28.02.2023 im Sch\u00fclersekretariat vorliegen.<\/p>\n<\/div>\n<\/div>\n<\/div>\n<\/div>\n<hr \/>\n<h2>Sonstige Formulare<\/h2>\n<p><a href=\"https:\/\/www.xn--hbs-frth-b6a.de\/wp-content\/uploads\/2021\/01\/BMFSFJ_Musterbescheinigung_Kinderberteuung_Schule_Kita.pdf\">Musterbescheinigung: Nachweis \u00fcber Nicht-Inanspruchnahme von Kita\/Kindertagespflege\/Schule bei Beantragung von Kinderkrankengeld (pdf-datei)<\/a><\/p>\n<p><a href=\"https:\/\/www.xn--hbs-frth-b6a.de\/wp-content\/uploads\/2023\/10\/Beurlaubung_von_Schuelern.pdf\">Beurlaubung von Sch\u00fclerinnen und Sch\u00fclern (Achtung! Fristen beachten!)<\/a><\/p>\n<p><a href=\"https:\/\/www.xn--hbs-frth-b6a.de\/wp-content\/uploads\/2024\/11\/antrag_auf_aenderung_der_arbeitszeit_fuer_beamte_heppenheim.pdf\">Antrag auf Teilzeit (Beamte)<\/a><\/p>\n<p><a href=\"https:\/\/www.xn--hbs-frth-b6a.de\/wp-content\/uploads\/2024\/11\/antrag_auf_aenderung_der_arbeitszeit_fuer_tarifbeschaeftigte_heppenheim.pdf\">Antrag auf Teilzeit (Tarifbesch\u00e4ftigte)<\/a><\/p>\n<p><a href=\"https:\/\/www.xn--hbs-frth-b6a.de\/wp-content\/uploads\/2025\/03\/Antrag_Schuldeputat.docx\">Antrag auf Stunden aus dem Schuldeputat<\/a><\/p>\n<p>&nbsp;<\/p>\n<div class=\"Preview_row__3Fkye row\">\n<div class=\"Preview_componentWrapper__2i4QI\" data-id=\"7F9323C3-3835-4189-AEE8-0167843E38AA\" data-kind=\"TEXT\">\n<div class=\"Preview_component__SbiKo text-align-null\" data-id=\"7F9323C3-3835-4189-AEE8-0167843E38AA\" data-kind=\"Component\" data-specific-kind=\"TEXT\">\n<div class=\"styles_contentContainer__lrPIa textnormal styles_text__3jGMu\" data-mve-font-change=\"0\">\u00a0<\/div>\n<\/div>\n<\/div>\n<\/div>\n<p>[\/et_pb_text][\/et_pb_column][et_pb_column type=&#8220;1_4&#8243; _builder_version=&#8220;4.0.6&#8243;][et_pb_blog posts_number=&#8220;3&#8243; _builder_version=&#8220;4.0.6&#8243;][\/et_pb_blog][\/et_pb_column][\/et_pb_row][\/et_pb_section]<\/p>\n","protected":false},"excerpt":{"rendered":"<p>[et_pb_section fb_built=&#8220;1&#8243; _builder_version=&#8220;4.0.6&#8243;][et_pb_row _builder_version=&#8220;4.0.6&#8243;][et_pb_column type=&#8220;4_4&#8243; _builder_version=&#8220;4.0.6&#8243;][et_pb_text _builder_version=&#8220;4.0.6&#8243;] Der Download-Bereich [\/et_pb_text][et_pb_divider _builder_version=&#8220;4.0.6&#8243;][\/et_pb_divider][\/et_pb_column][\/et_pb_row][et_pb_row column_structure=&#8220;3_4,1_4&#8243; _builder_version=&#8220;4.0.6&#8243;][et_pb_column type=&#8220;3_4&#8243; _builder_version=&#8220;4.0.6&#8243;][et_pb_text _builder_version=&#8220;4.0.6&#8243; link_font=&#8220;||||on||||&#8220; hover_enabled=&#8220;0&#8243;] Aktuelles: Fahrplan\u00e4nderungen ab dem 22.04.2025: 4662_ab 22.04.2025\u00a0\/\/ 4663_ab 22.04.2025 \/\/\u00a04697_ab 22.04.2025\u00a0\/\/ 4698_ab 22.04.2025\u00a0\/\/ Linie_683H_2025-04-22\u00a0\/\/\u00a0Linie_683R_2025-04-22\u00a0\/\/\u00a0Linie_694H_2025-04-22\u00a0\/\/\u00a0Linie_681R_2025-04-22 \u00c4nderungen Linie 698 Ruftaxi Plan 1 Ruftaxi Plan 2 Ruftaxi Plan 3 &nbsp; Schulhundekonzept_HBS &nbsp; Termine 2025 f\u00fcr den \u00dcbergang von der Grundschule [&hellip;]<\/p>\n","protected":false},"author":2,"featured_media":0,"parent":0,"menu_order":0,"comment_status":"closed","ping_status":"closed","template":"","meta":{"_et_pb_use_builder":"on","_et_pb_old_content":"","footnotes":""},"class_list":["post-983","page","type-page","status-publish","hentry"],"_links":{"self":[{"href":"https:\/\/www.xn--hbs-frth-b6a.de\/index.php\/wp-json\/wp\/v2\/pages\/983","targetHints":{"allow":["GET"]}}],"collection":[{"href":"https:\/\/www.xn--hbs-frth-b6a.de\/index.php\/wp-json\/wp\/v2\/pages"}],"about":[{"href":"https:\/\/www.xn--hbs-frth-b6a.de\/index.php\/wp-json\/wp\/v2\/types\/page"}],"author":[{"embeddable":true,"href":"https:\/\/www.xn--hbs-frth-b6a.de\/index.php\/wp-json\/wp\/v2\/users\/2"}],"replies":[{"embeddable":true,"href":"https:\/\/www.xn--hbs-frth-b6a.de\/index.php\/wp-json\/wp\/v2\/comments?post=983"}],"version-history":[{"count":137,"href":"https:\/\/www.xn--hbs-frth-b6a.de\/index.php\/wp-json\/wp\/v2\/pages\/983\/revisions"}],"predecessor-version":[{"id":23390,"href":"https:\/\/www.xn--hbs-frth-b6a.de\/index.php\/wp-json\/wp\/v2\/pages\/983\/revisions\/23390"}],"wp:attachment":[{"href":"https:\/\/www.xn--hbs-frth-b6a.de\/index.php\/wp-json\/wp\/v2\/media?parent=983"}],"curies":[{"name":"wp","href":"https:\/\/api.w.org\/{rel}","templated":true}]}}