{"id":971,"date":"2019-11-18T11:50:58","date_gmt":"2019-11-18T10:50:58","guid":{"rendered":"http:\/\/5.189.168.161\/hbs-fuerth\/?page_id=971"},"modified":"2026-02-05T11:57:54","modified_gmt":"2026-02-05T10:57:54","slug":"ausbildung","status":"publish","type":"page","link":"https:\/\/www.xn--hbs-frth-b6a.de\/index.php\/ausbildung\/","title":{"rendered":"Ausbildung"},"content":{"rendered":"<p>[et_pb_section fb_built=&#8220;1&#8243; _builder_version=&#8220;4.0.6&#8243;][et_pb_row _builder_version=&#8220;4.0.6&#8243;][et_pb_column type=&#8220;4_4&#8243; _builder_version=&#8220;4.0.6&#8243;][et_pb_text _builder_version=&#8220;4.0.6&#8243;]<\/p>\n<h1>Links rund um die Ausbildung<\/h1>\n<p>[\/et_pb_text][et_pb_divider _builder_version=&#8220;4.0.6&#8243;][\/et_pb_divider][\/et_pb_column][\/et_pb_row][et_pb_row column_structure=&#8220;3_4,1_4&#8243; _builder_version=&#8220;4.0.6&#8243;][et_pb_column type=&#8220;3_4&#8243; _builder_version=&#8220;4.0.6&#8243;][et_pb_text _builder_version=&#8220;4.0.6&#8243; link_font=&#8220;||||on||||&#8220;]<\/p>\n<table class=\"Table_texttable__2GrpI\">\n<colgroup>\n<col width=\"250\" \/>\n<col width=\"250\" \/>\n<col width=\"250\" \/><\/colgroup>\n<tbody>\n<tr>\n<td class=\"cellnormal\">\n<div class=\"styles_contentContainer__lrPIa textnormal styles_text__3jGMu\">\n<p>Name<\/p>\n<\/div>\n<\/td>\n<td class=\"cellnormal\">\n<div class=\"styles_contentContainer__lrPIa textnormal styles_text__3jGMu\">\n<p>Adresse<\/p>\n<\/div>\n<\/td>\n<td class=\"cellnormal\">\n<div class=\"styles_contentContainer__lrPIa textnormal styles_text__3jGMu\">\n<p>Beschreibung<\/p>\n<\/div>\n<\/td>\n<\/tr>\n<tr>\n<td class=\"cellnormal\">\n<div class=\"styles_contentContainer__lrPIa textnormal styles_text__3jGMu\">\n<p>Bundesagentur f\u00fcr Arbeit<\/p>\n<\/div>\n<\/td>\n<td class=\"cellnormal\">\n<div class=\"styles_contentContainer__lrPIa textnormal styles_text__3jGMu\">\n<p><a class=\"link1\" href=\"http:\/\/www.arbeitsagentur.de\/\">http:\/\/www.arbeitsagentur.de\/<\/a><\/p>\n<\/div>\n<\/td>\n<td class=\"cellnormal\">\n<div class=\"styles_contentContainer__lrPIa textnormal styles_text__3jGMu\">\n<p>Die Bundesagentur ist die zentrale Institution f\u00fcr alle Fragen, die Arbeit und Ausbildung in der Bundesrepublik Deutschland betreffen.<\/p>\n<\/div>\n<\/td>\n<\/tr>\n<tr>\n<td class=\"cellnormal\">\n<div class=\"styles_contentContainer__lrPIa textnormal styles_text__3jGMu\">\n<p>Karl-K\u00fcbel-Schule<\/p>\n<\/div>\n<\/td>\n<td class=\"cellnormal\">\n<div class=\"styles_contentContainer__lrPIa textnormal styles_text__3jGMu\">\n<p><a class=\"link1\" href=\"http:\/\/www.karlkuebelschule.de\/\">http:\/\/www.karlkuebelschule.de\/<\/a><\/p>\n<\/div>\n<\/td>\n<td class=\"cellnormal\">\n<div class=\"styles_contentContainer__lrPIa textnormal styles_text__3jGMu\">\n<p>Die Karl-K\u00fcbel-Schule in Bensheim bietet viele interessante Bildungswege, die sich an einen Abschluss an der HBS anschlie\u00dfen k\u00f6nnen.<\/p>\n<\/div>\n<\/td>\n<\/tr>\n<tr>\n<td class=\"cellnormal\">\n<div class=\"styles_contentContainer__lrPIa textnormal styles_text__3jGMu\">\n<p>Heinrich-Metzendorf-Schule<\/p>\n<\/div>\n<\/td>\n<td class=\"cellnormal\">\n<div class=\"styles_contentContainer__lrPIa textnormal styles_text__3jGMu\">\n<p><a class=\"link1\" href=\"http:\/\/www.metzendorfschule.de\/\">http:\/\/www.metzendorfschule.de\/<\/a><\/p>\n<\/div>\n<\/td>\n<td class=\"cellnormal\">\n<div class=\"styles_contentContainer__lrPIa textnormal styles_text__3jGMu\">\n<p>Die Heinrich-Metzendorf-Schule in Bensheim bietet viele interessante Bildungswege, die sich an einen Abschluss an der HBS anschlie\u00dfen k\u00f6nnen.<\/p>\n<\/div>\n<\/td>\n<\/tr>\n<tr>\n<td class=\"cellnormal\">\n<div class=\"styles_contentContainer__lrPIa textnormal styles_text__3jGMu\">\n<p>Hessisches Kultusministerium<\/p>\n<\/div>\n<\/td>\n<td class=\"cellnormal\">\n<div class=\"styles_contentContainer__lrPIa textnormal styles_text__3jGMu\">\n<p><a class=\"link1\" href=\"http:\/\/www.kultusministerium.hessen.de\/\">http:\/\/www.kultusministerium.hessen.de\/<\/a><\/p>\n<\/div>\n<\/td>\n<td class=\"cellnormal\">\n<div class=\"styles_contentContainer__lrPIa textnormal styles_text__3jGMu\">\n<p>Das Hessische Kultusministerium ist die erste Adresse f\u00fcr Regelungen im Ausbildungs- und Bildungsbereich f\u00fcr das Bundesland.<\/p>\n<\/div>\n<\/td>\n<\/tr>\n<tr>\n<td class=\"cellnormal\">\n<div class=\"styles_contentContainer__lrPIa textnormal styles_text__3jGMu\">\n<p>IHK Lehrstellenb\u00f6rse<\/p>\n<\/div>\n<\/td>\n<td class=\"cellnormal\">\n<div class=\"styles_contentContainer__lrPIa textnormal styles_text__3jGMu\">\n<p><a class=\"link1\" href=\"http:\/\/www.ihk-lehrstellenboerse.de\/\">http:\/\/www.ihk-lehrstellenboerse.de\/<\/a><\/p>\n<\/div>\n<\/td>\n<td class=\"cellnormal\">\n<div class=\"styles_contentContainer__lrPIa textnormal styles_text__3jGMu\">\n<p>\u00dcber die Lehrstellenb\u00f6rse der Industrie- und Handwerkskammer lassen sich offene Ausbildungsstellen im Bereich Industrie, Handel und Dienstleistung regional suchen.<\/p>\n<\/div>\n<\/td>\n<\/tr>\n<tr>\n<td class=\"cellnormal\">\n<div class=\"styles_contentContainer__lrPIa textnormal styles_text__3jGMu\">\n<p>Jobcluster Ausbildungsportal<\/p>\n<\/div>\n<\/td>\n<td class=\"cellnormal\">\n<div class=\"styles_contentContainer__lrPIa textnormal styles_text__3jGMu\">\n<p><a class=\"link1\" href=\"http:\/\/control2.jobcluster.de\/JobPortal.php?id=691\">http:\/\/control2.jobcluster.de\/JobPortal.php?id=691<\/a><\/p>\n<\/div>\n<\/td>\n<td class=\"cellnormal\">\n<div class=\"styles_contentContainer__lrPIa textnormal styles_text__3jGMu\">\n<p>Regional ans\u00e4ssige Unternehmen ver\u00f6ffentlichen auf diesem vom hessischen Kultusministerium empfohlenen Portal Praktikantenstellen, Ausbildungsplatzangebote und Ferienjobangebote.<\/p>\n<\/div>\n<\/td>\n<\/tr>\n<\/tbody>\n<\/table>\n<p>[\/et_pb_text][\/et_pb_column][et_pb_column type=&#8220;1_4&#8243; _builder_version=&#8220;4.0.6&#8243;][et_pb_blog posts_number=&#8220;3&#8243; include_categories=&#8220;24,46&#8243; _builder_version=&#8220;4.0.6&#8243; hover_enabled=&#8220;0&#8243;][\/et_pb_blog][\/et_pb_column][\/et_pb_row][\/et_pb_section]<\/p>\n","protected":false},"excerpt":{"rendered":"<p>[et_pb_section fb_built=&#8220;1&#8243; _builder_version=&#8220;4.0.6&#8243;][et_pb_row _builder_version=&#8220;4.0.6&#8243;][et_pb_column type=&#8220;4_4&#8243; _builder_version=&#8220;4.0.6&#8243;][et_pb_text _builder_version=&#8220;4.0.6&#8243;] Links rund um die Ausbildung [\/et_pb_text][et_pb_divider _builder_version=&#8220;4.0.6&#8243;][\/et_pb_divider][\/et_pb_column][\/et_pb_row][et_pb_row column_structure=&#8220;3_4,1_4&#8243; _builder_version=&#8220;4.0.6&#8243;][et_pb_column type=&#8220;3_4&#8243; _builder_version=&#8220;4.0.6&#8243;][et_pb_text _builder_version=&#8220;4.0.6&#8243; link_font=&#8220;||||on||||&#8220;] Name Adresse Beschreibung Bundesagentur f\u00fcr Arbeit http:\/\/www.arbeitsagentur.de\/ Die Bundesagentur ist die zentrale Institution f\u00fcr alle Fragen, die Arbeit und Ausbildung in der Bundesrepublik Deutschland betreffen. Karl-K\u00fcbel-Schule http:\/\/www.karlkuebelschule.de\/ Die Karl-K\u00fcbel-Schule in Bensheim bietet viele interessante Bildungswege, [&hellip;]<\/p>\n","protected":false},"author":2,"featured_media":0,"parent":0,"menu_order":0,"comment_status":"closed","ping_status":"closed","template":"","meta":{"_et_pb_use_builder":"on","_et_pb_old_content":"","footnotes":""},"class_list":["post-971","page","type-page","status-publish","hentry"],"_links":{"self":[{"href":"https:\/\/www.xn--hbs-frth-b6a.de\/index.php\/wp-json\/wp\/v2\/pages\/971","targetHints":{"allow":["GET"]}}],"collection":[{"href":"https:\/\/www.xn--hbs-frth-b6a.de\/index.php\/wp-json\/wp\/v2\/pages"}],"about":[{"href":"https:\/\/www.xn--hbs-frth-b6a.de\/index.php\/wp-json\/wp\/v2\/types\/page"}],"author":[{"embeddable":true,"href":"https:\/\/www.xn--hbs-frth-b6a.de\/index.php\/wp-json\/wp\/v2\/users\/2"}],"replies":[{"embeddable":true,"href":"https:\/\/www.xn--hbs-frth-b6a.de\/index.php\/wp-json\/wp\/v2\/comments?post=971"}],"version-history":[{"count":10,"href":"https:\/\/www.xn--hbs-frth-b6a.de\/index.php\/wp-json\/wp\/v2\/pages\/971\/revisions"}],"predecessor-version":[{"id":22638,"href":"https:\/\/www.xn--hbs-frth-b6a.de\/index.php\/wp-json\/wp\/v2\/pages\/971\/revisions\/22638"}],"wp:attachment":[{"href":"https:\/\/www.xn--hbs-frth-b6a.de\/index.php\/wp-json\/wp\/v2\/media?parent=971"}],"curies":[{"name":"wp","href":"https:\/\/api.w.org\/{rel}","templated":true}]}}