{"id":919,"date":"2019-11-18T10:26:00","date_gmt":"2019-11-18T09:26:00","guid":{"rendered":"http:\/\/5.189.168.161\/hbs-fuerth\/?page_id=919"},"modified":"2026-02-05T11:58:28","modified_gmt":"2026-02-05T10:58:28","slug":"berufseinstiegsbegleitung","status":"publish","type":"page","link":"https:\/\/www.xn--hbs-frth-b6a.de\/index.php\/berufseinstiegsbegleitung\/","title":{"rendered":"BO-AaUndBerEb"},"content":{"rendered":"<p>[et_pb_section fb_built=&#8220;1&#8243; _builder_version=&#8220;4.0.6&#8243;][et_pb_row _builder_version=&#8220;4.0.6&#8243;][et_pb_column type=&#8220;4_4&#8243; _builder_version=&#8220;4.0.6&#8243;][et_pb_text admin_label=&#8220;Text&#8220; _builder_version=&#8220;4.0.6&#8243;]<\/p>\n<h1>Lehrkraft f\u00fcr Berufsorientierung<\/h1>\n<p>[\/et_pb_text][et_pb_divider _builder_version=&#8220;4.0.6&#8243;][\/et_pb_divider][\/et_pb_column][\/et_pb_row][et_pb_row column_structure=&#8220;3_4,1_4&#8243; _builder_version=&#8220;4.0.6&#8243;][et_pb_column type=&#8220;3_4&#8243; _builder_version=&#8220;4.0.6&#8243;][et_pb_text _builder_version=&#8220;4.0.6&#8243;]<\/p>\n<p>An der HBS wird Berufsorientierung gro\u00dfgeschrieben, daher gibt es seit August 2020 eine zus\u00e4tzliche Unterst\u00fctzung f\u00fcr alle Neunt- und Zehntkl\u00e4ssler.<\/p>\n<p><strong>Nicole Agostin-Spies<\/strong>, Lehrkraft f\u00fcr Berufsorientierung hilft bei der Findung von Praktikums- und Ausbildungspl\u00e4tzen (in enger Zusammenarbeit mit der Arbeitsagentur), analysiert gemeinsam mit den Sch\u00fclern deren St\u00e4rken und Schw\u00e4chen und steht bei der Anfertigung von Bewerbungsschreiben mit Rat und Tat zur Seite. Sie unterst\u00fctzt beim \u00dcbergang von der Schule in die berufliche Ausbildung, oder auf eine weiterf\u00fchrende Schule. Ein weiterer wichtiger Bestandteil ist die Vorbereitung auf bevorstehende Vorstellungsgespr\u00e4che.<\/p>\n<p>Zus\u00e4tzlich unterrichtet sie ab Jahrgang 8 im AL (Arbeitslehre) Unterricht verschiedene Themen, wie z.B. das Vorstellungsgespr\u00e4ch, der Ausbildungsknigge, Praktikum als Chance oder Was sind eigentlich Soft Skills?<\/p>\n<p>Beim \u00dcbergang in den Beruf stellen sich Jugendliche viele Fragen:<\/p>\n<ul>\n<li>Welchen Beruf will ich erlernen?<\/li>\n<li>Welche Voraussetzungen muss ich daf\u00fcr mitbringen?<\/li>\n<li>Was erwartet mich?<\/li>\n<\/ul>\n<p><strong>Nicole Agostin-Spies<\/strong> hilft die Antworten auf die o.g. Fragen zu finden und erg\u00e4nzt somit ein bereits bestehendes Angebot der Berufsorientierung und Berufswahlvorbereitung an der Heinrich-B\u00f6ll-Schule.<\/p>\n<p>Kontakt:\u00a0<span>Nicole.Agostin@hb.kbs.schule<\/span><\/p>\n<p>&nbsp;<\/p>\n<p>&nbsp;<\/p>\n<p>[\/et_pb_text][et_pb_text _builder_version=&#8220;4.0.6&#8243;]<\/p>\n<p><a title=\"Die Bundesagentur f\u00fcr Arbeit informiert und ber\u00e4t zu allen Fragen rund um die Themen Berufsausbildung und Studium an dieser Schule. Weitere Informationen dazu im Portal der Bundesagentur f\u00fcr Arbeit.\" href=\"https:\/\/www.arbeitsagentur.de\/vor-ort\/darmstadt\/heinrich-boell-schule\" data-wplink-edit=\"true\"><img loading=\"lazy\" decoding=\"async\" class=\"alignnone\" src=\"https:\/\/www.arbeitsagentur.de\/vor-ort\/darmstadt\/media\/l\/schul-bild-banner\" alt=\"Die Bundesagentur f\u00fcr Arbeit informiert und ber\u00e4t zu allen Fragen rund um die Themen Berufsausbildung und Studium an dieser Schule. Weitere Informationen dazu im Portal der Bundesagentur f\u00fcr Arbeit.\" width=\"1920\" height=\"731\" \/><\/a><\/p>\n<p>[\/et_pb_text][\/et_pb_column][et_pb_column type=&#8220;1_4&#8243; _builder_version=&#8220;4.0.6&#8243;][et_pb_blog posts_number=&#8220;3&#8243; include_categories=&#8220;24,7,26,46&#8243; _builder_version=&#8220;4.0.6&#8243; hover_enabled=&#8220;0&#8243;][\/et_pb_blog][\/et_pb_column][\/et_pb_row][\/et_pb_section]<\/p>\n","protected":false},"excerpt":{"rendered":"<p>[et_pb_section fb_built=&#8220;1&#8243; _builder_version=&#8220;4.0.6&#8243;][et_pb_row _builder_version=&#8220;4.0.6&#8243;][et_pb_column type=&#8220;4_4&#8243; _builder_version=&#8220;4.0.6&#8243;][et_pb_text admin_label=&#8220;Text&#8220; _builder_version=&#8220;4.0.6&#8243;] Lehrkraft f\u00fcr Berufsorientierung [\/et_pb_text][et_pb_divider _builder_version=&#8220;4.0.6&#8243;][\/et_pb_divider][\/et_pb_column][\/et_pb_row][et_pb_row column_structure=&#8220;3_4,1_4&#8243; _builder_version=&#8220;4.0.6&#8243;][et_pb_column type=&#8220;3_4&#8243; _builder_version=&#8220;4.0.6&#8243;][et_pb_text _builder_version=&#8220;4.0.6&#8243;] An der HBS wird Berufsorientierung gro\u00dfgeschrieben, daher gibt es seit August 2020 eine zus\u00e4tzliche Unterst\u00fctzung f\u00fcr alle Neunt- und Zehntkl\u00e4ssler. Nicole Agostin-Spies, Lehrkraft f\u00fcr Berufsorientierung hilft bei der Findung von Praktikums- und Ausbildungspl\u00e4tzen (in enger Zusammenarbeit mit [&hellip;]<\/p>\n","protected":false},"author":2,"featured_media":0,"parent":0,"menu_order":0,"comment_status":"closed","ping_status":"closed","template":"","meta":{"_et_pb_use_builder":"on","_et_pb_old_content":"","footnotes":""},"class_list":["post-919","page","type-page","status-publish","hentry"],"_links":{"self":[{"href":"https:\/\/www.xn--hbs-frth-b6a.de\/index.php\/wp-json\/wp\/v2\/pages\/919","targetHints":{"allow":["GET"]}}],"collection":[{"href":"https:\/\/www.xn--hbs-frth-b6a.de\/index.php\/wp-json\/wp\/v2\/pages"}],"about":[{"href":"https:\/\/www.xn--hbs-frth-b6a.de\/index.php\/wp-json\/wp\/v2\/types\/page"}],"author":[{"embeddable":true,"href":"https:\/\/www.xn--hbs-frth-b6a.de\/index.php\/wp-json\/wp\/v2\/users\/2"}],"replies":[{"embeddable":true,"href":"https:\/\/www.xn--hbs-frth-b6a.de\/index.php\/wp-json\/wp\/v2\/comments?post=919"}],"version-history":[{"count":19,"href":"https:\/\/www.xn--hbs-frth-b6a.de\/index.php\/wp-json\/wp\/v2\/pages\/919\/revisions"}],"predecessor-version":[{"id":22639,"href":"https:\/\/www.xn--hbs-frth-b6a.de\/index.php\/wp-json\/wp\/v2\/pages\/919\/revisions\/22639"}],"wp:attachment":[{"href":"https:\/\/www.xn--hbs-frth-b6a.de\/index.php\/wp-json\/wp\/v2\/media?parent=919"}],"curies":[{"name":"wp","href":"https:\/\/api.w.org\/{rel}","templated":true}]}}