{"id":897,"date":"2019-11-18T09:51:58","date_gmt":"2019-11-18T08:51:58","guid":{"rendered":"http:\/\/5.189.168.161\/hbs-fuerth\/?page_id=897"},"modified":"2022-11-24T16:32:42","modified_gmt":"2022-11-24T15:32:42","slug":"foerderverein","status":"publish","type":"page","link":"https:\/\/www.xn--hbs-frth-b6a.de\/index.php\/foerderverein\/","title":{"rendered":"F\u00f6rderverein"},"content":{"rendered":"<p>[et_pb_section fb_built=&#8220;1&#8243; _builder_version=&#8220;4.0.6&#8243;][et_pb_row _builder_version=&#8220;4.0.6&#8243;][et_pb_column type=&#8220;4_4&#8243; _builder_version=&#8220;4.0.6&#8243;][et_pb_text _builder_version=&#8220;4.0.6&#8243;]<\/p>\n<h1>Interessenkreis zur F\u00f6rderung der Heinrich-B\u00f6ll-Schule F\u00fcrth 1975 e.V.<\/h1>\n<p>[\/et_pb_text][et_pb_divider _builder_version=&#8220;4.0.6&#8243;][\/et_pb_divider][\/et_pb_column][\/et_pb_row][et_pb_row column_structure=&#8220;3_4,1_4&#8243; _builder_version=&#8220;4.0.6&#8243;][et_pb_column type=&#8220;3_4&#8243; _builder_version=&#8220;4.0.6&#8243;][et_pb_text _builder_version=&#8220;4.0.6&#8243;]<\/p>\n<h2>Vorstand<\/h2>\n<table style=\"height: 400px;\" width=\"800\">\n<tbody>\n<tr>\n<td><strong>Vorsitzender:<\/strong> Matthias Helfert<br \/><strong>Stellv. Vorsitzende:<\/strong> Silvia Hantke<br \/><strong>Kassenwart:<\/strong> Hans-Georg Respondek<br \/><strong>Schriftf\u00fchrerin:<\/strong> Karen Forwick<br \/><strong>Beisitzerin:<\/strong> Michaela Andrae<\/td>\n<td>\n<p><img loading=\"lazy\" decoding=\"async\" class=\"alignnone wp-image-4940 size-full\" src=\"https:\/\/www.xn--hbs-frth-b6a.de\/wp-content\/uploads\/2021\/11\/vorstand_web_klein.png\" alt=\"Foto vom Vorstand des F\u00f6rdervereins\" width=\"1000\" height=\"600\" \/><\/p>\n<p>von links: Ulli Ke\u00dfler, Suzana Cimerman, Matthias Helfert, Hans-Georg Respondek, Silvia Hantke, Michaela Andrae, Karen Forwick, Samire Burniki<\/p>\n<\/td>\n<\/tr>\n<\/tbody>\n<\/table>\n<h2>Eintrittserkl\u00e4rung<\/h2>\n<p>Wenn Sie Interesse daran haben, den F\u00f6rderverein zu unterst\u00fctzen, finden Sie hier die <a href=\"https:\/\/www.hbs-f\u00fcrth.de\/wp-content\/uploads\/2019\/11\/eintrittserklaerung.pdf\">Eintrittserkl\u00e4rung<\/a> als PDF-Dokument.<\/p>\n<p>[\/et_pb_text][et_pb_divider _builder_version=&#8220;4.0.6&#8243;][\/et_pb_divider][et_pb_text _builder_version=&#8220;4.0.6&#8243;]<\/p>\n<h2>Unser F\u00f6rderverein unterst\u00fctzt die Heinrich-B\u00f6ll-Schule &#8230;<\/h2>\n<p>[\/et_pb_text][et_pb_slider use_bg_overlay=&#8220;on&#8220; bg_overlay_color=&#8220;rgba(0,0,0,0)&#8220; _builder_version=&#8220;4.0.6&#8243; background_color=&#8220;#142864&#8243; background_image=&#8220;http:\/\/5.189.168.161\/hbs-fuerth\/wp-content\/uploads\/2019\/11\/schulhaus01.jpg&#8220; background_blend=&#8220;luminosity&#8220; animation_style=&#8220;fade&#8220; auto=&#8220;on&#8220;][et_pb_slide use_bg_overlay=&#8220;on&#8220; bg_overlay_color=&#8220;rgba(0,0,0,0)&#8220; _builder_version=&#8220;4.0.6&#8243; background_image=&#8220;https:\/\/www.xn--hbs-frth-b6a.de\/wp-content\/uploads\/2019\/12\/191201_Bio02.jpg&#8220; background_enable_image=&#8220;on&#8220; hover_enabled=&#8220;0&#8243;]<\/p>\n<p>&#8230; mit einem neuen Klassensatz an modernen Mikroskopen f\u00fcr den Einsatz im naturwissenschaftlichen Unterricht.<\/p>\n<p>[\/et_pb_slide][et_pb_slide _builder_version=&#8220;4.0.6&#8243; background_enable_color=&#8220;on&#8220; background_image=&#8220;https:\/\/www.xn--hbs-frth-b6a.de\/wp-content\/uploads\/2019\/12\/191201_Garten01.jpg&#8220; background_enable_image=&#8220;on&#8220;]<\/p>\n<p>&#8230; bei der Ausgestaltung unseres Schulgartens.<\/p>\n<p>[\/et_pb_slide][et_pb_slide _builder_version=&#8220;4.0.6&#8243; background_image=&#8220;https:\/\/www.xn--hbs-frth-b6a.de\/wp-content\/uploads\/2019\/12\/191201_Aussen01.jpg&#8220; background_enable_image=&#8220;on&#8220;]<\/p>\n<p>&#8230; bei der Anlage eines Schulteichs und der Unterhaltung.<\/p>\n<p>[\/et_pb_slide][et_pb_slide _builder_version=&#8220;4.0.6&#8243; background_image=&#8220;https:\/\/www.xn--hbs-frth-b6a.de\/wp-content\/uploads\/2019\/12\/191201_Mediothek04.jpg&#8220; background_enable_image=&#8220;on&#8220;]<\/p>\n<p>&#8230; durch regelm\u00e4\u00dfige finanzielle Unterst\u00fctzung unserer \u00f6ffentlichen Bibliothek und Mediathek.<\/p>\n<p>[\/et_pb_slide][et_pb_slide _builder_version=&#8220;4.0.6&#8243; background_image=&#8220;https:\/\/www.xn--hbs-frth-b6a.de\/wp-content\/uploads\/2019\/12\/191201_Musik03.jpg&#8220; background_enable_image=&#8220;on&#8220;]<\/p>\n<p>&#8230; bei der Anschaffung neuer Musikinstrumente.<\/p>\n<p>[\/et_pb_slide][et_pb_slide _builder_version=&#8220;4.0.6&#8243; background_image=&#8220;https:\/\/www.xn--hbs-frth-b6a.de\/wp-content\/uploads\/2019\/12\/191201_Informatik06.jpg&#8220; background_enable_image=&#8220;on&#8220;]<\/p>\n<p>&#8230; durch die Finanzierung moderner, zeitgem\u00e4\u00dfer Ausstattung der Informatik zur Programmierung von virtuellen Welten.<\/p>\n<p>[\/et_pb_slide][et_pb_slide _builder_version=&#8220;4.0.6&#8243; background_image=&#8220;https:\/\/www.xn--hbs-frth-b6a.de\/wp-content\/uploads\/2019\/12\/191201_Garten03.jpg&#8220; background_enable_image=&#8220;on&#8220;]<\/p>\n<p>&#8230;&#8230; bei der Anschaffung von Pflanzen f\u00fcr den Schulgarten.<\/p>\n<p>[\/et_pb_slide][et_pb_slide _builder_version=&#8220;4.0.6&#8243; background_image=&#8220;https:\/\/www.xn--hbs-frth-b6a.de\/wp-content\/uploads\/2019\/12\/191201_Aula01.jpg&#8220; background_enable_image=&#8220;on&#8220;]<\/p>\n<p>&#8230; bei der Finanzierung vieler Projekte zur Gestaltung des Schulgeb\u00e4udes.<\/p>\n<p>[\/et_pb_slide][et_pb_slide _builder_version=&#8220;4.0.6&#8243; background_image=&#8220;https:\/\/www.xn--hbs-frth-b6a.de\/wp-content\/uploads\/2019\/12\/191201_Kunst01.jpg&#8220; background_enable_image=&#8220;on&#8220;]<\/p>\n<p>&#8230; mit Beitr\u00e4gen zum Kunstunterricht.<\/p>\n<p>[\/et_pb_slide][et_pb_slide _builder_version=&#8220;4.0.6&#8243; background_image=&#8220;https:\/\/www.xn--hbs-frth-b6a.de\/wp-content\/uploads\/2019\/12\/191201_Aussen04.jpg&#8220; background_enable_image=&#8220;on&#8220;]<\/p>\n<p>&#8230; der Ausgestaltung unseres Au\u00dfengel\u00e4ndes mit Sportger\u00e4ten.<\/p>\n<p>[\/et_pb_slide][et_pb_slide _builder_version=&#8220;4.0.6&#8243; background_image=&#8220;https:\/\/www.xn--hbs-frth-b6a.de\/wp-content\/uploads\/2019\/12\/191201_Chemie02.jpg&#8220; background_enable_image=&#8220;on&#8220;]<\/p>\n<p>&#8230; mit der Finanzierung moderner, digitaler Endger\u00e4te f\u00fcr einen zeitgem\u00e4\u00dfen naturwissenschaftlichen Unterricht.<\/p>\n<p>[\/et_pb_slide][et_pb_slide _builder_version=&#8220;4.0.6&#8243; background_image=&#8220;https:\/\/www.xn--hbs-frth-b6a.de\/wp-content\/uploads\/2019\/12\/191201_Kueche02.jpg&#8220; background_enable_image=&#8220;on&#8220;]<\/p>\n<p>&#8230; durch regelm\u00e4\u00dfige Zuwendungen bei der Ausstattung unserer modernen Schulk\u00fcche.<\/p>\n<p>[\/et_pb_slide][et_pb_slide _builder_version=&#8220;4.0.6&#8243; background_image=&#8220;https:\/\/www.xn--hbs-frth-b6a.de\/wp-content\/uploads\/2019\/12\/191201_Aula01.jpg&#8220; background_enable_image=&#8220;on&#8220;]<\/p>\n<p>&#8230; mit Spenden f\u00fcr die Innenausstattung unseres Foyer.<\/p>\n<p>[\/et_pb_slide][et_pb_slide _builder_version=&#8220;4.0.6&#8243; background_image=&#8220;https:\/\/www.xn--hbs-frth-b6a.de\/wp-content\/uploads\/2019\/12\/191201_Drucker01.jpg&#8220; background_enable_image=&#8220;on&#8220;]<\/p>\n<p>&#8230; durch die Unterst\u00fctzung unseres Technik-Bereichs mit der Anschaffung eines 3D-Druckers.<\/p>\n<p>[\/et_pb_slide][et_pb_slide _builder_version=&#8220;4.0.6&#8243; background_image=&#8220;https:\/\/www.xn--hbs-frth-b6a.de\/wp-content\/uploads\/2019\/12\/191201_Mediothek04.jpg&#8220; background_enable_image=&#8220;on&#8220;]<\/p>\n<p>&#8230; die Finanzierung neuer Regalsysteme f\u00fcr die \u00f6ffentliche Bibliothek.<\/p>\n<p>[\/et_pb_slide][et_pb_slide _builder_version=&#8220;4.0.6&#8243; background_image=&#8220;https:\/\/www.xn--hbs-frth-b6a.de\/wp-content\/uploads\/2019\/12\/191201_Raum01.jpg&#8220; background_enable_image=&#8220;on&#8220;]<\/p>\n<p>&#8230; mit der Ausstattung der Klassenr\u00e4ume mit modernster Pr\u00e4sentationstechnik.<\/p>\n<p>[\/et_pb_slide][et_pb_slide _builder_version=&#8220;4.0.6&#8243; background_image=&#8220;https:\/\/www.xn--hbs-frth-b6a.de\/wp-content\/uploads\/2019\/12\/191201_Aussen01.jpg&#8220; background_enable_image=&#8220;on&#8220;]<\/p>\n<p>&#8230; mit der Finanzierung von Pflanzen und Ausstattungsgegenst\u00e4nden f\u00fcr unser Au\u00dfengel\u00e4nde.<\/p>\n<p>[\/et_pb_slide][et_pb_slide _builder_version=&#8220;4.0.6&#8243; background_image=&#8220;https:\/\/www.xn--hbs-frth-b6a.de\/wp-content\/uploads\/2019\/12\/191201_Bio03.jpg&#8220; background_enable_image=&#8220;on&#8220;]<\/p>\n<p>&#8230; regelm\u00e4\u00dfige Zuwendungen f\u00fcr die Ausstattung im naturwissenschaftlichen Bereich.<\/p>\n<p>[\/et_pb_slide][et_pb_slide _builder_version=&#8220;4.0.6&#8243; background_image=&#8220;https:\/\/www.xn--hbs-frth-b6a.de\/wp-content\/uploads\/2019\/12\/191201_Informatik05.jpg&#8220; background_enable_image=&#8220;on&#8220;]<\/p>\n<p>&#8230; die Anschaffung zahlreicher technischer Ger\u00e4te f\u00fcr den Einsatz in der Mechatronik, Technik und Informatik.<\/p>\n<p>[\/et_pb_slide][et_pb_slide _builder_version=&#8220;4.0.6&#8243; background_image=&#8220;https:\/\/www.xn--hbs-frth-b6a.de\/wp-content\/uploads\/2019\/12\/191201_Musik02.jpg&#8220; background_enable_image=&#8220;on&#8220;]<\/p>\n<p>&#8230; die Finanzierung eines Klassensatzes Keyboards zur Unterst\u00fctzung des musisch-k\u00fcnstlerischen Schwerpunkts.<\/p>\n<p>[\/et_pb_slide][et_pb_slide _builder_version=&#8220;4.0.6&#8243; background_image=&#8220;https:\/\/www.xn--hbs-frth-b6a.de\/wp-content\/uploads\/2019\/12\/191201_Mediothek02.jpg&#8220; background_enable_image=&#8220;on&#8220;]<\/p>\n<p>&#8230; durch die Anschaffung zahlreicher, aktueller Medien zur Ausleihe in unserer Mediothek.<\/p>\n<p>[\/et_pb_slide][\/et_pb_slider][et_pb_divider _builder_version=&#8220;4.0.6&#8243;][\/et_pb_divider][et_pb_text _builder_version=&#8220;4.0.6&#8243;]<\/p>\n<h2>Unser Flyer<\/h2>\n<p>[\/et_pb_text][et_pb_text _builder_version=&#8220;4.0.6&#8243; transform_scale_linked__hover=&#8220;off&#8220; transform_styles__hover_enabled=&#8220;on|hover&#8220; transform_scale__hover_enabled=&#8220;on|hover&#8220; transform_translate__hover_enabled=&#8220;on|desktop&#8220; transform_rotate__hover_enabled=&#8220;on|desktop&#8220; transform_skew__hover_enabled=&#8220;on|desktop&#8220; transform_origin__hover_enabled=&#8220;on|desktop&#8220; transform_scale__hover=&#8220;169%|169%&#8220; transform_translate__hover=&#8220;0px|71px&#8220;]<\/p>\n<p><a href=\"https:\/\/www.xn--hbs-frth-b6a.de\/wp-content\/uploads\/2021\/06\/FlyerFoerderverein.pdf\"><img loading=\"lazy\" decoding=\"async\" class=\"aligncenter wp-image-1492 size-medium\" src=\"https:\/\/www.xn--hbs-frth-b6a.de\/wp-content\/uploads\/2019\/12\/191201_Flyer-253x300.png\" alt=\"Bild vom Flyer des F\u00f6rdervereins\" width=\"253\" height=\"300\" \/><\/a><\/p>\n<p>[\/et_pb_text][\/et_pb_column][et_pb_column type=&#8220;1_4&#8243; _builder_version=&#8220;4.0.6&#8243;][et_pb_blog posts_number=&#8220;3&#8243; include_categories=&#8220;27,11,28&#8243; _builder_version=&#8220;4.0.6&#8243;][\/et_pb_blog][\/et_pb_column][\/et_pb_row][\/et_pb_section]<\/p>\n","protected":false},"excerpt":{"rendered":"<p>[et_pb_section fb_built=&#8220;1&#8243; _builder_version=&#8220;4.0.6&#8243;][et_pb_row _builder_version=&#8220;4.0.6&#8243;][et_pb_column type=&#8220;4_4&#8243; _builder_version=&#8220;4.0.6&#8243;][et_pb_text _builder_version=&#8220;4.0.6&#8243;] Interessenkreis zur F\u00f6rderung der Heinrich-B\u00f6ll-Schule F\u00fcrth 1975 e.V. [\/et_pb_text][et_pb_divider _builder_version=&#8220;4.0.6&#8243;][\/et_pb_divider][\/et_pb_column][\/et_pb_row][et_pb_row column_structure=&#8220;3_4,1_4&#8243; _builder_version=&#8220;4.0.6&#8243;][et_pb_column type=&#8220;3_4&#8243; _builder_version=&#8220;4.0.6&#8243;][et_pb_text _builder_version=&#8220;4.0.6&#8243;] Vorstand Vorsitzender: Matthias HelfertStellv. Vorsitzende: Silvia HantkeKassenwart: Hans-Georg RespondekSchriftf\u00fchrerin: Karen ForwickBeisitzerin: Michaela Andrae von links: Ulli Ke\u00dfler, Suzana Cimerman, Matthias Helfert, Hans-Georg Respondek, Silvia Hantke, Michaela Andrae, Karen Forwick, Samire Burniki Eintrittserkl\u00e4rung Wenn [&hellip;]<\/p>\n","protected":false},"author":2,"featured_media":0,"parent":0,"menu_order":0,"comment_status":"closed","ping_status":"closed","template":"","meta":{"_et_pb_use_builder":"on","_et_pb_old_content":"","footnotes":""},"class_list":["post-897","page","type-page","status-publish","hentry"],"_links":{"self":[{"href":"https:\/\/www.xn--hbs-frth-b6a.de\/index.php\/wp-json\/wp\/v2\/pages\/897","targetHints":{"allow":["GET"]}}],"collection":[{"href":"https:\/\/www.xn--hbs-frth-b6a.de\/index.php\/wp-json\/wp\/v2\/pages"}],"about":[{"href":"https:\/\/www.xn--hbs-frth-b6a.de\/index.php\/wp-json\/wp\/v2\/types\/page"}],"author":[{"embeddable":true,"href":"https:\/\/www.xn--hbs-frth-b6a.de\/index.php\/wp-json\/wp\/v2\/users\/2"}],"replies":[{"embeddable":true,"href":"https:\/\/www.xn--hbs-frth-b6a.de\/index.php\/wp-json\/wp\/v2\/comments?post=897"}],"version-history":[{"count":47,"href":"https:\/\/www.xn--hbs-frth-b6a.de\/index.php\/wp-json\/wp\/v2\/pages\/897\/revisions"}],"predecessor-version":[{"id":6041,"href":"https:\/\/www.xn--hbs-frth-b6a.de\/index.php\/wp-json\/wp\/v2\/pages\/897\/revisions\/6041"}],"wp:attachment":[{"href":"https:\/\/www.xn--hbs-frth-b6a.de\/index.php\/wp-json\/wp\/v2\/media?parent=897"}],"curies":[{"name":"wp","href":"https:\/\/api.w.org\/{rel}","templated":true}]}}