{"id":6284,"date":"2022-12-07T10:02:04","date_gmt":"2022-12-07T09:02:04","guid":{"rendered":"https:\/\/www.xn--hbs-frth-b6a.de\/?page_id=6284"},"modified":"2022-12-07T10:02:06","modified_gmt":"2022-12-07T09:02:06","slug":"informatik-ausstattung","status":"publish","type":"page","link":"https:\/\/www.xn--hbs-frth-b6a.de\/index.php\/informatik-ausstattung\/","title":{"rendered":"Informatik: Ausstattung"},"content":{"rendered":"<p>[et_pb_section fb_built=&#8220;1&#8243; _builder_version=&#8220;4.0.6&#8243;][et_pb_row column_structure=&#8220;3_4,1_4&#8243; _builder_version=&#8220;4.0.6&#8243;][et_pb_column type=&#8220;3_4&#8243; _builder_version=&#8220;4.0.6&#8243;][et_pb_text _builder_version=&#8220;4.0.6&#8243; hover_enabled=&#8220;0&#8243;]<\/p>\n<h1 class=\"textheading1\">Informatik:\u00a0Ausstattung<\/h1>\n<p>Die Heinrich-B\u00f6ll-Schule verf\u00fcgt \u00fcber drei Computerr\u00e4ume mit jeweils mindestens 20 Sch\u00fclerarbeitspl\u00e4tzen.<\/p>\n<p><img loading=\"lazy\" decoding=\"async\" class=\"alignnone wp-image-4056 size-large\" src=\"https:\/\/www.xn--hbs-frth-b6a.de\/wp-content\/uploads\/2021\/03\/informatik_cncraum-1024x311.png\" alt=\"Bild eines Computerraums\" width=\"1024\" height=\"311\" \/><\/p>\n<p>Zus\u00e4tzlich stehen mobile Einheiten in Klassensatzgr\u00f6\u00dfe zur Verf\u00fcgung.<\/p>\n<p><img loading=\"lazy\" decoding=\"async\" class=\"alignnone wp-image-4059 size-large\" src=\"https:\/\/www.xn--hbs-frth-b6a.de\/wp-content\/uploads\/2021\/03\/informatik_ipad_koffer-1024x376.png\" alt=\"Bild eines iPad-Koffers\" width=\"1024\" height=\"376\" \/><\/p>\n<p>&nbsp;<\/p>\n<p>[\/et_pb_text][\/et_pb_column][et_pb_column type=&#8220;1_4&#8243; _builder_version=&#8220;4.0.6&#8243;][et_pb_blog posts_number=&#8220;3&#8243; _builder_version=&#8220;4.0.6&#8243; hover_enabled=&#8220;0&#8243; include_categories=&#8220;10,7,26&#8243;][\/et_pb_blog][\/et_pb_column][\/et_pb_row][\/et_pb_section]<\/p>\n","protected":false},"excerpt":{"rendered":"<p>[et_pb_section fb_built=&#8220;1&#8243; _builder_version=&#8220;4.0.6&#8243;][et_pb_row column_structure=&#8220;3_4,1_4&#8243; _builder_version=&#8220;4.0.6&#8243;][et_pb_column type=&#8220;3_4&#8243; _builder_version=&#8220;4.0.6&#8243;][et_pb_text _builder_version=&#8220;4.0.6&#8243; hover_enabled=&#8220;0&#8243;] Informatik:\u00a0Ausstattung Die Heinrich-B\u00f6ll-Schule verf\u00fcgt \u00fcber drei Computerr\u00e4ume mit jeweils mindestens 20 Sch\u00fclerarbeitspl\u00e4tzen. Zus\u00e4tzlich stehen mobile Einheiten in Klassensatzgr\u00f6\u00dfe zur Verf\u00fcgung. &nbsp; [\/et_pb_text][\/et_pb_column][et_pb_column type=&#8220;1_4&#8243; _builder_version=&#8220;4.0.6&#8243;][et_pb_blog posts_number=&#8220;3&#8243; _builder_version=&#8220;4.0.6&#8243; hover_enabled=&#8220;0&#8243; include_categories=&#8220;10,7,26&#8243;][\/et_pb_blog][\/et_pb_column][\/et_pb_row][\/et_pb_section]<\/p>\n","protected":false},"author":1,"featured_media":0,"parent":0,"menu_order":0,"comment_status":"closed","ping_status":"closed","template":"","meta":{"_et_pb_use_builder":"on","_et_pb_old_content":"","footnotes":""},"class_list":["post-6284","page","type-page","status-publish","hentry"],"_links":{"self":[{"href":"https:\/\/www.xn--hbs-frth-b6a.de\/index.php\/wp-json\/wp\/v2\/pages\/6284","targetHints":{"allow":["GET"]}}],"collection":[{"href":"https:\/\/www.xn--hbs-frth-b6a.de\/index.php\/wp-json\/wp\/v2\/pages"}],"about":[{"href":"https:\/\/www.xn--hbs-frth-b6a.de\/index.php\/wp-json\/wp\/v2\/types\/page"}],"author":[{"embeddable":true,"href":"https:\/\/www.xn--hbs-frth-b6a.de\/index.php\/wp-json\/wp\/v2\/users\/1"}],"replies":[{"embeddable":true,"href":"https:\/\/www.xn--hbs-frth-b6a.de\/index.php\/wp-json\/wp\/v2\/comments?post=6284"}],"version-history":[{"count":2,"href":"https:\/\/www.xn--hbs-frth-b6a.de\/index.php\/wp-json\/wp\/v2\/pages\/6284\/revisions"}],"predecessor-version":[{"id":6287,"href":"https:\/\/www.xn--hbs-frth-b6a.de\/index.php\/wp-json\/wp\/v2\/pages\/6284\/revisions\/6287"}],"wp:attachment":[{"href":"https:\/\/www.xn--hbs-frth-b6a.de\/index.php\/wp-json\/wp\/v2\/media?parent=6284"}],"curies":[{"name":"wp","href":"https:\/\/api.w.org\/{rel}","templated":true}]}}