{"id":6197,"date":"2022-11-25T09:58:04","date_gmt":"2022-11-25T08:58:04","guid":{"rendered":"https:\/\/www.xn--hbs-frth-b6a.de\/?page_id=6197"},"modified":"2026-02-05T11:47:10","modified_gmt":"2026-02-05T10:47:10","slug":"mediothek","status":"publish","type":"page","link":"https:\/\/www.xn--hbs-frth-b6a.de\/index.php\/mediothek\/","title":{"rendered":"Mediothek"},"content":{"rendered":"<p>[et_pb_section fb_built=&#8220;1&#8243; _builder_version=&#8220;4.0.6&#8243;][et_pb_row _builder_version=&#8220;4.0.6&#8243;][et_pb_column type=&#8220;4_4&#8243; _builder_version=&#8220;4.0.6&#8243;][et_pb_text _builder_version=&#8220;4.0.6&#8243;]<\/p>\n<h1>Mediothek<\/h1>\n<p>[\/et_pb_text][et_pb_divider _builder_version=&#8220;4.0.6&#8243;][\/et_pb_divider][\/et_pb_column][\/et_pb_row][et_pb_row column_structure=&#8220;3_4,1_4&#8243; _builder_version=&#8220;4.0.6&#8243;][et_pb_column type=&#8220;3_4&#8243; _builder_version=&#8220;4.0.6&#8243;][et_pb_text _builder_version=&#8220;4.0.6&#8243; text_font=&#8220;||||||||&#8220; link_font=&#8220;||||on||||&#8220;]<\/p>\n<p>Als Schulgemeinde der HBS sind wir stolz auf unsere langj\u00e4hrige Jugendmediothek, die sich seit kurzem stark modernisiert pr\u00e4sentiert. Unsere neuen M\u00f6bel in apfelgr\u00fcn, blau und grau begeistern Sch\u00fclerInnen und Mitarbeiterinnen gleicherma\u00dfen und erm\u00f6glichen das Verweilen und Arbeiten in einer angenehmen und ansprechenden Umgebung.<\/p>\n<p>\u00a0<a href=\"https:\/\/www.xn--hbs-frth-b6a.de\/wp-content\/uploads\/2024\/06\/Homepage-NEU.pdf\" rel=\"attachment wp-att-13704\">Link zum Flyer mit Informationen rund um die Mediothek als pdf-Datei<\/a><\/p>\n<p><strong>\u00d6ffnungszeiten:<\/strong><br \/> (nicht w\u00e4hrend der Schulferien)<br \/> Montag \u2013 Donnerstag: 8.30 &#8211; 14.55 Uhr<br \/> Freitag: 8.00 &#8211; 12.00 Uhr<\/p>\n<p>[\/et_pb_text][\/et_pb_column][et_pb_column type=&#8220;1_4&#8243; _builder_version=&#8220;4.0.6&#8243;][et_pb_blog posts_number=&#8220;3&#8243; include_categories=&#8220;27,11,28&#8243; _builder_version=&#8220;4.0.6&#8243; hover_enabled=&#8220;0&#8243;][\/et_pb_blog][\/et_pb_column][\/et_pb_row][\/et_pb_section]<\/p>\n","protected":false},"excerpt":{"rendered":"<p>[et_pb_section fb_built=&#8220;1&#8243; _builder_version=&#8220;4.0.6&#8243;][et_pb_row _builder_version=&#8220;4.0.6&#8243;][et_pb_column type=&#8220;4_4&#8243; _builder_version=&#8220;4.0.6&#8243;][et_pb_text _builder_version=&#8220;4.0.6&#8243;] Mediothek [\/et_pb_text][et_pb_divider _builder_version=&#8220;4.0.6&#8243;][\/et_pb_divider][\/et_pb_column][\/et_pb_row][et_pb_row column_structure=&#8220;3_4,1_4&#8243; _builder_version=&#8220;4.0.6&#8243;][et_pb_column type=&#8220;3_4&#8243; _builder_version=&#8220;4.0.6&#8243;][et_pb_text _builder_version=&#8220;4.0.6&#8243; text_font=&#8220;||||||||&#8220; link_font=&#8220;||||on||||&#8220;] Als Schulgemeinde der HBS sind wir stolz auf unsere langj\u00e4hrige Jugendmediothek, die sich seit kurzem stark modernisiert pr\u00e4sentiert. Unsere neuen M\u00f6bel in apfelgr\u00fcn, blau und grau begeistern Sch\u00fclerInnen und Mitarbeiterinnen gleicherma\u00dfen und erm\u00f6glichen das Verweilen und Arbeiten in [&hellip;]<\/p>\n","protected":false},"author":1,"featured_media":0,"parent":0,"menu_order":0,"comment_status":"closed","ping_status":"closed","template":"","meta":{"_et_pb_use_builder":"on","_et_pb_old_content":"","footnotes":""},"class_list":["post-6197","page","type-page","status-publish","hentry"],"_links":{"self":[{"href":"https:\/\/www.xn--hbs-frth-b6a.de\/index.php\/wp-json\/wp\/v2\/pages\/6197","targetHints":{"allow":["GET"]}}],"collection":[{"href":"https:\/\/www.xn--hbs-frth-b6a.de\/index.php\/wp-json\/wp\/v2\/pages"}],"about":[{"href":"https:\/\/www.xn--hbs-frth-b6a.de\/index.php\/wp-json\/wp\/v2\/types\/page"}],"author":[{"embeddable":true,"href":"https:\/\/www.xn--hbs-frth-b6a.de\/index.php\/wp-json\/wp\/v2\/users\/1"}],"replies":[{"embeddable":true,"href":"https:\/\/www.xn--hbs-frth-b6a.de\/index.php\/wp-json\/wp\/v2\/comments?post=6197"}],"version-history":[{"count":7,"href":"https:\/\/www.xn--hbs-frth-b6a.de\/index.php\/wp-json\/wp\/v2\/pages\/6197\/revisions"}],"predecessor-version":[{"id":22635,"href":"https:\/\/www.xn--hbs-frth-b6a.de\/index.php\/wp-json\/wp\/v2\/pages\/6197\/revisions\/22635"}],"wp:attachment":[{"href":"https:\/\/www.xn--hbs-frth-b6a.de\/index.php\/wp-json\/wp\/v2\/media?parent=6197"}],"curies":[{"name":"wp","href":"https:\/\/api.w.org\/{rel}","templated":true}]}}