{"id":3987,"date":"2021-03-17T14:11:14","date_gmt":"2021-03-17T13:11:14","guid":{"rendered":"https:\/\/www.xn--hbs-frth-b6a.de\/?page_id=3987"},"modified":"2022-11-25T10:41:23","modified_gmt":"2022-11-25T09:41:23","slug":"schulprofil_technik","status":"publish","type":"page","link":"https:\/\/www.xn--hbs-frth-b6a.de\/index.php\/schulprofil_technik\/","title":{"rendered":"Schulprofil_Technik"},"content":{"rendered":"<p>[et_pb_section fb_built=&#8220;1&#8243; _builder_version=&#8220;4.0.6&#8243;][et_pb_row column_structure=&#8220;3_4,1_4&#8243; _builder_version=&#8220;4.0.6&#8243;][et_pb_column type=&#8220;3_4&#8243; _builder_version=&#8220;4.0.6&#8243;][et_pb_text _builder_version=&#8220;4.0.6&#8243; hover_enabled=&#8220;0&#8243;]<\/p>\n<h1><em>Schwerpunkt MINT (Technik)<\/em><\/h1>\n<p>Das Profil unserer Schule wird auch durch den <strong>Schwerpunkt MINT<\/strong>, also <strong>M<\/strong>athematik, <strong>I<\/strong>nformatik, <strong>N<\/strong>aturwissenschaft und <strong>T<\/strong>echnik wesentlich gepr\u00e4gt.<\/p>\n<p>Ziel des MINT-Bereichs Technik ist es unter anderem, die Sch\u00fcler auf den Besuch der Oberstufe vorzubereiten. Das Fach Technik wird an den Beruflichen Gymnasien auch in der Oberstufe angeboten und kann die Sch\u00fclerinnen und Sch\u00fcler bis ins Abitur begleiten.<\/p>\n<p>Im Technikunterricht erlernen die Sch\u00fcler nicht nur Arbeitstechniken und Werkstoffe kennen. Sie erfahren auch in welchen Bereichen diese F\u00e4higkeiten ben\u00f6tigt werden.<\/p>\n<p>Der Wahlpflichtbereich nimmt an unserer Gesamtschule eine bedeutende Stellung ein. Er bietet den Sch\u00fclerinnen und Sch\u00fclern die Gelegenheit zu individuellen Schwerpunktsetzungen und erm\u00f6glicht eine spezifische Profilbildung. Dar\u00fcber hinaus unterst\u00fctzt der Unterricht im Wahlpflichtfach durch seine praktischen Anteile die berufliche Orientierung der Sch\u00fclerinnen und Sch\u00fcler.<\/p>\n<p>Der Bereich Technik wird auch durch das Fach Arbeitslehre unterst\u00fctzt, und umfasst z.B. die F\u00e4cher Hauswirtschaft, Technik, Holz- und Metallbearbeitung. ln seiner Gesamtheit leistet es unter der Perspektive der allgemeinen Bildung einen vertiefenden Beitrag zur Entwicklung einer hauswirtschaftlichen, technischen und \u00f6konomischen Grundbildung. Es erm\u00f6glicht den Lernenden den sachgerechten Umgang mit Fachwissen, vermittelt fachspezifische Verfahrensweisen und bef\u00e4higt zum verantwortlichen Entscheiden und Handeln in arbeitsrelevanten Lebenssituationen. Damit tr\u00e4gt das Wahlpflichtfach zur bed\u00fcrfnisgerechten und sozialverantwortlichen Lebensgestaltung, zur gesellschaftlichen Teilhabe sowie zur Pers\u00f6nlichkeitsbildung und Entwicklung von M\u00fcndigkeit bei.<\/p>\n<p>An unserer Schule werden in den verschiedenen Jahrg\u00e4ngen u.a. folgende Themen unterrichtet:<\/p>\n<ul>\n<li>Holzbearbeitung<\/li>\n<li>Metallbearbeitung<\/li>\n<li>CAD<\/li>\n<li>Keramik<\/li>\n<li>Technisches Zeichnen<\/li>\n<\/ul>\n<p>[\/et_pb_text][\/et_pb_column][et_pb_column type=&#8220;1_4&#8243; _builder_version=&#8220;4.0.6&#8243;][et_pb_blog _builder_version=&#8220;4.0.6&#8243;][\/et_pb_blog][\/et_pb_column][\/et_pb_row][\/et_pb_section]<\/p>\n","protected":false},"excerpt":{"rendered":"<p>[et_pb_section fb_built=&#8220;1&#8243; _builder_version=&#8220;4.0.6&#8243;][et_pb_row column_structure=&#8220;3_4,1_4&#8243; _builder_version=&#8220;4.0.6&#8243;][et_pb_column type=&#8220;3_4&#8243; _builder_version=&#8220;4.0.6&#8243;][et_pb_text _builder_version=&#8220;4.0.6&#8243; hover_enabled=&#8220;0&#8243;] Schwerpunkt MINT (Technik) Das Profil unserer Schule wird auch durch den Schwerpunkt MINT, also Mathematik, Informatik, Naturwissenschaft und Technik wesentlich gepr\u00e4gt. Ziel des MINT-Bereichs Technik ist es unter anderem, die Sch\u00fcler auf den Besuch der Oberstufe vorzubereiten. Das Fach Technik wird an den Beruflichen Gymnasien auch [&hellip;]<\/p>\n","protected":false},"author":1,"featured_media":0,"parent":0,"menu_order":0,"comment_status":"closed","ping_status":"closed","template":"","meta":{"_et_pb_use_builder":"on","_et_pb_old_content":"","footnotes":""},"class_list":["post-3987","page","type-page","status-publish","hentry"],"_links":{"self":[{"href":"https:\/\/www.xn--hbs-frth-b6a.de\/index.php\/wp-json\/wp\/v2\/pages\/3987","targetHints":{"allow":["GET"]}}],"collection":[{"href":"https:\/\/www.xn--hbs-frth-b6a.de\/index.php\/wp-json\/wp\/v2\/pages"}],"about":[{"href":"https:\/\/www.xn--hbs-frth-b6a.de\/index.php\/wp-json\/wp\/v2\/types\/page"}],"author":[{"embeddable":true,"href":"https:\/\/www.xn--hbs-frth-b6a.de\/index.php\/wp-json\/wp\/v2\/users\/1"}],"replies":[{"embeddable":true,"href":"https:\/\/www.xn--hbs-frth-b6a.de\/index.php\/wp-json\/wp\/v2\/comments?post=3987"}],"version-history":[{"count":3,"href":"https:\/\/www.xn--hbs-frth-b6a.de\/index.php\/wp-json\/wp\/v2\/pages\/3987\/revisions"}],"predecessor-version":[{"id":6226,"href":"https:\/\/www.xn--hbs-frth-b6a.de\/index.php\/wp-json\/wp\/v2\/pages\/3987\/revisions\/6226"}],"wp:attachment":[{"href":"https:\/\/www.xn--hbs-frth-b6a.de\/index.php\/wp-json\/wp\/v2\/media?parent=3987"}],"curies":[{"name":"wp","href":"https:\/\/api.w.org\/{rel}","templated":true}]}}