{"id":3981,"date":"2021-03-17T13:59:14","date_gmt":"2021-03-17T12:59:14","guid":{"rendered":"https:\/\/www.xn--hbs-frth-b6a.de\/?page_id=3981"},"modified":"2022-12-07T10:13:27","modified_gmt":"2022-12-07T09:13:27","slug":"schulprofil_informatik","status":"publish","type":"page","link":"https:\/\/www.xn--hbs-frth-b6a.de\/index.php\/schulprofil_informatik\/","title":{"rendered":"Schulprofil_Informatik"},"content":{"rendered":"<p>[et_pb_section fb_built=&#8220;1&#8243; _builder_version=&#8220;4.0.6&#8243;][et_pb_row column_structure=&#8220;3_4,1_4&#8243; _builder_version=&#8220;4.0.6&#8243;][et_pb_column type=&#8220;3_4&#8243; _builder_version=&#8220;4.0.6&#8243;][et_pb_text _builder_version=&#8220;4.0.6&#8243; hover_enabled=&#8220;0&#8243;]<\/p>\n<h1><em>Schwerpunkt MINT (Informatik)<\/em><\/h1>\n<p>Das Profil unserer Schule wird auch durch den <strong>Schwerpunkt MINT<\/strong>, also <strong>M<\/strong>athematik, <strong>I<\/strong>nformatik, <strong>N<\/strong>aturwissenschaft und <strong>T<\/strong>echnik wesentlich gepr\u00e4gt.<\/p>\n<p>Informatik besch\u00e4ftigt sich mit automatisierter Verarbeitung von Informationen. Dieses Wissen hat l\u00e4ngst Einzug in unser Alltagsleben gehalten und ist aus diesem nicht mehr wegzudenken. T\u00e4glich nutzen wir Rechner (mit vielf\u00e4ltigen Prozessoren ausgestattete Ger\u00e4te), seien es PCs, Laptops, Tablets oder Handys, um damit zu arbeiten, zu kommunizieren, unser Leben zu organisieren oder um uns \u00fcber das Internet zu informieren. Diese Informationssysteme spielen in unserem t\u00e4glichen Leben eine immer gr\u00f6\u00dfere Rolle und ver\u00e4ndern zunehmend unsere Arbeits- und Lebensweise. Sie beeinflussen auch immer mehr unsere Gesellschaft.<\/p>\n<p><em>\u201eDer kompetente Umgang mit digitaler Information und mit Informatiksystemen stellt eine unverzichtbare Erg\u00e4nzung der traditionellen Kulturtechniken Lesen, Schreiben und Rechnen dar und ist wichtiger Bestandteil einer allgemeinen Studier- und Berufsf\u00e4higkeit.\u201c<\/em><\/p>\n<p><em>(Lehrplan Informatik 2010, Hessen)<\/em><\/p>\n<p>&nbsp;<\/p>\n<h2><strong>Informatik an der Heinrich-B\u00f6ll-Schule<\/strong><\/h2>\n<p>Die Heinrich-B\u00f6ll-Schule ein vielf\u00e4ltiges aufeinander aufbauendes Unterrichtskonzept im Wahlpflichtprogramm aufgebaut. Ab der Jahrgangsstufe 7 wird im Wahlpflichtunterricht durchg\u00e4ngig bis zur Jahrgangsstufe 10 Informatik angeboten. Das Angebot richtet sich an alle interessierten Sch\u00fclerinnen und Sch\u00fcler. Die Gestaltung des Informatikunterrichts in der Sekundarstufe I orientiert sich wir an den Empfehlungen der Gesellschaft f\u00fcr Informatik e.V. (GI) zu den Bildungsstandards Informatik f\u00fcr die Sekundarstufe I.<\/p>\n<p><a href=\"https:\/\/www.hbs-f\u00fcrth.de\/index.php\/informatik\">Link zur Informatik an der Heinrich-B\u00f6ll-Schule<\/a><\/p>\n<p>&nbsp;<\/p>\n<h2><strong>Ausstattung<\/strong><\/h2>\n<p>Unsere Schule verf\u00fcgt \u00fcber drei Rechnerr\u00e4ume. Zus\u00e4tzlich werden alle Klassenr\u00e4ume mit interaktiven Whiteboards mit Beamern und iPad-Koffern ausgestattet. Die Schule verf\u00fcgt \u00fcber ein fl\u00e4chendeckendes WLAN-Netz und einen Glasfaser-Anschluss an das Internet.<\/p>\n<p>Der Informatikunterricht in der Heinrich-B\u00f6ll-Schule verfolgt das Ziel der Ausbildung der Sach-, Methoden-, Sozial- und Selbstkompetenz im Umgang mit Informations- und Kommunikationssystemen. Damit sollen die Sch\u00fclerinnen und Sch\u00fcler bef\u00e4higt werden, kompetent und aktiv am gesellschaftlichen Leben teilzunehmen.<\/p>\n<p>Denn:<\/p>\n<p><em>\u201eDas Verstehen und das Anwenden allgemeiner informatischer Konzepte sind [\u2026] wichtiger f\u00fcr das weitere Leben der Sch\u00fclerinnen und Sch\u00fcler als kurzlebige Schulungen zum Umgang mit bestimmten Programmen oder die Reduktion des Computers auf seine Funktion als Medium.\u201c<\/em><\/p>\n<p><em>(https:\/\/www.gi.de\/themen\/informatik-in-der-schule.html)<\/em><\/p>\n<p><a href=\"https:\/\/www.hbs-f\u00fcrth.de\/index.php\/informatik-ausstattung\/\">Link zur Ausstattung<\/a><\/p>\n<p>&nbsp;<\/p>\n<h2><strong>Arbeitsgemeinschaften<\/strong><\/h2>\n<p>Im Nachmittagsbereich bieten wir f\u00fcr die Sch\u00fclerinnen und Sch\u00fcler naturwissenschaftlich ausgerichtete AGs an, die sich an den Interessen der Sch\u00fcler orientieren. Hier bieten wir unter anderem eine Roboter-AG, an der alle interessierten Sch\u00fclerinnen und Sch\u00fcler teilnehmen d\u00fcrfen. Des Weiteren finden ab der 5. Jahrgangsstufe Grundlagenkurse mit dem Office-Paket statt.<\/p>\n<p>&nbsp;<\/p>\n<h2><strong>Wettbewerbe<\/strong><\/h2>\n<p>Im Informatik-Bereich gibt es eine Vielzahl an Wettbewerben. So kann man sein K\u00f6nnen und Wissen beispielsweise beim Informatik-Biber, dem Jugendwettbewerb Informatik und dem Bundeswettbewerb Informatik sowie der Informatik-Olympiade unter Beweis stellen.<\/p>\n<p><a href=\"https:\/\/www.hbs-f\u00fcrth.de\/index.php\/informatik-wettbewerbe\/\">Link zu den Wettbewerben<\/a><\/p>\n<p>[\/et_pb_text][\/et_pb_column][et_pb_column type=&#8220;1_4&#8243; _builder_version=&#8220;4.0.6&#8243;][et_pb_blog posts_number=&#8220;5&#8243; include_categories=&#8220;10,24,9,7,26&#8243; _builder_version=&#8220;4.0.6&#8243;][\/et_pb_blog][\/et_pb_column][\/et_pb_row][\/et_pb_section]<\/p>\n","protected":false},"excerpt":{"rendered":"<p>[et_pb_section fb_built=&#8220;1&#8243; _builder_version=&#8220;4.0.6&#8243;][et_pb_row column_structure=&#8220;3_4,1_4&#8243; _builder_version=&#8220;4.0.6&#8243;][et_pb_column type=&#8220;3_4&#8243; _builder_version=&#8220;4.0.6&#8243;][et_pb_text _builder_version=&#8220;4.0.6&#8243; hover_enabled=&#8220;0&#8243;] Schwerpunkt MINT (Informatik) Das Profil unserer Schule wird auch durch den Schwerpunkt MINT, also Mathematik, Informatik, Naturwissenschaft und Technik wesentlich gepr\u00e4gt. Informatik besch\u00e4ftigt sich mit automatisierter Verarbeitung von Informationen. Dieses Wissen hat l\u00e4ngst Einzug in unser Alltagsleben gehalten und ist aus diesem nicht mehr wegzudenken. T\u00e4glich [&hellip;]<\/p>\n","protected":false},"author":1,"featured_media":0,"parent":0,"menu_order":0,"comment_status":"closed","ping_status":"closed","template":"","meta":{"_et_pb_use_builder":"on","_et_pb_old_content":"","footnotes":""},"class_list":["post-3981","page","type-page","status-publish","hentry"],"_links":{"self":[{"href":"https:\/\/www.xn--hbs-frth-b6a.de\/index.php\/wp-json\/wp\/v2\/pages\/3981","targetHints":{"allow":["GET"]}}],"collection":[{"href":"https:\/\/www.xn--hbs-frth-b6a.de\/index.php\/wp-json\/wp\/v2\/pages"}],"about":[{"href":"https:\/\/www.xn--hbs-frth-b6a.de\/index.php\/wp-json\/wp\/v2\/types\/page"}],"author":[{"embeddable":true,"href":"https:\/\/www.xn--hbs-frth-b6a.de\/index.php\/wp-json\/wp\/v2\/users\/1"}],"replies":[{"embeddable":true,"href":"https:\/\/www.xn--hbs-frth-b6a.de\/index.php\/wp-json\/wp\/v2\/comments?post=3981"}],"version-history":[{"count":13,"href":"https:\/\/www.xn--hbs-frth-b6a.de\/index.php\/wp-json\/wp\/v2\/pages\/3981\/revisions"}],"predecessor-version":[{"id":6300,"href":"https:\/\/www.xn--hbs-frth-b6a.de\/index.php\/wp-json\/wp\/v2\/pages\/3981\/revisions\/6300"}],"wp:attachment":[{"href":"https:\/\/www.xn--hbs-frth-b6a.de\/index.php\/wp-json\/wp\/v2\/media?parent=3981"}],"curies":[{"name":"wp","href":"https:\/\/api.w.org\/{rel}","templated":true}]}}