{"id":3961,"date":"2021-03-17T11:58:48","date_gmt":"2021-03-17T10:58:48","guid":{"rendered":"https:\/\/www.xn--hbs-frth-b6a.de\/?page_id=3961"},"modified":"2026-02-03T08:49:50","modified_gmt":"2026-02-03T07:49:50","slug":"schulprofil_schulprogramm","status":"publish","type":"page","link":"https:\/\/www.xn--hbs-frth-b6a.de\/index.php\/schulprofil_schulprogramm\/","title":{"rendered":"Schulprofil_Schulprogramm"},"content":{"rendered":"<p>[et_pb_section fb_built=&#8220;1&#8243; _builder_version=&#8220;4.0.6&#8243;][et_pb_row column_structure=&#8220;3_4,1_4&#8243; _builder_version=&#8220;4.0.6&#8243;][et_pb_column type=&#8220;3_4&#8243; _builder_version=&#8220;4.0.6&#8243;][et_pb_text _builder_version=&#8220;4.0.6&#8243;]<\/p>\n<h1>Das Schulprogramm<\/h1>\n<p>[\/et_pb_text][et_pb_divider _builder_version=&#8220;4.0.6&#8243;][\/et_pb_divider][et_pb_text _builder_version=&#8220;4.0.6&#8243; link_font=&#8220;||||on||||&#8220; hover_enabled=&#8220;0&#8243;]<\/p>\n<p>Mit unserem Schulprogramm soll eine Dokumentation erfolgen, in der wir unser Leitbild konkretisieren und mittel- bis langfristige Schwerpunkte der Qualit\u00e4tsentwicklung setzen.<\/p>\n<p>Die immer st\u00e4rkere Eigenverantwortung unserer Schule im Kontext anderer Bildungseinrichtungen setzt eine kontinuierliche Evaluation und Analyse der praktischen Umsetzung unserer geleisteten \u00a0Arbeit voraus.<\/p>\n<p>Das Schulprogramm wirkt damit als Orientierungshilfe im Prozess der Schulentwicklung und hat einen verbindlichen Charakter f\u00fcr alle Beteiligten in der Schulgemeinde. Sie alle b\u00fcndeln im Rahmen der Erarbeitung des Schulprogramms ihre Kr\u00e4fte und geben unserem Handeln eine Leitlinie und Arbeitsgrundlage vor dem Hintergrund der konkreten Bedingungen an unserer Schule.<\/p>\n<p>Die Einhaltung der beschlossenen Zielsetzungen kann damit von den Partnern eingefordert werden.<\/p>\n<p>Unser Schulprogramm ist damit ein Entwicklungsinstrument f\u00fcr unsere Schule und dient der regelm\u00e4\u00dfigen Evaluation der verabredeten Ziele.<\/p>\n<p><strong>Historie (absteigend)<\/strong><\/p>\n<ul>\n<li><a href=\"https:\/\/www.xn--hbs-frth-b6a.de\/wp-content\/uploads\/2026\/02\/260129_Schulprogramm_2025_Abschlussbericht.pdf\">HBS 2025: Abschlussbericht (Ergebnis der Schulentwicklungsgruppe als pdf-Datei)<\/a><\/li>\n<li><a href=\"https:\/\/www.xn--hbs-frth-b6a.de\/wp-content\/uploads\/2023\/11\/231122_Qualitaetskonzept.pdf\">Qualit\u00e4tskonzept der Heinrich-B\u00f6ll-Schule (pdf-Datei)<\/a><\/li>\n<li><a href=\"https:\/\/www.xn--hbs-frth-b6a.de\/wp-content\/uploads\/2023\/11\/230315_FortschreibungSchulprogramm2025.pdf\">HBS 2025: Fortschreibung des Schulprogramms<\/a><\/li>\n<li><a href=\"https:\/\/www.xn--hbs-frth-b6a.de\/wp-content\/uploads\/2022\/07\/210519_Medienbildungskonzept_klein.pdf\">Medien-Bildungskonzept: Erweiterung des Schulprogramms (2021-2025) (Link zu pdf-Datei)<\/a><\/li>\n<li><a href=\"https:\/\/www.xn--hbs-frth-b6a.de\/wp-content\/uploads\/2023\/11\/Muster_Medienbildungskonzept.docx\">Muster-Medienbildungskonzept als Vorlage (Word-Datei)<\/a><\/li>\n<li><a href=\"https:\/\/www.xn--hbs-frth-b6a.de\/wp-content\/uploads\/2021\/05\/210528_Schulprogramm_HBS_2020.pdf\">HBS 2020: Ergebnis der Schulentwicklung (Link zu pdf-Datei)<\/a><\/li>\n<li><a href=\"https:\/\/www.xn--hbs-frth-b6a.de\/wp-content\/uploads\/2021\/03\/170124_Auftrag_Schulentwicklung.pdf\">HBS 2020: Fortschreibung des Schulprogramms mit konkreten Aufgaben (Link zu pdf-Datei)<\/a><\/li>\n<li><a href=\"https:\/\/www.xn--hbs-frth-b6a.de\/wp-content\/uploads\/2021\/03\/Aushang_paedTag_160229.pdf\">P\u00e4dagogischer Tag 29.02.2016: Schulentwicklung\/Schulprogramm (Fortschreibung) (Link zu pdf-Datei)<\/a><\/li>\n<li><a href=\"https:\/\/www.xn--hbs-frth-b6a.de\/wp-content\/uploads\/2021\/03\/Aushang_Umfrage.pdf\">Umfrage zu Schulentwicklungsthemen 15.10.2014 (Link zu pdf-Datei)<\/a><\/li>\n<li><a href=\"https:\/\/www.xn--hbs-frth-b6a.de\/wp-content\/uploads\/2021\/03\/Aushang_paedTag_150423.pdf\">P\u00e4dagogischer Tag 23.04.14: Schulentwicklung\/Schulprogramm (Fortschreibung) (Link zu pdf-Datei)<\/a><\/li>\n<li>Konstituierung Steuergruppe Schulentwicklung<\/li>\n<li>Schulprogramm 2013 (Rohfassung)<\/li>\n<li><a href=\"https:\/\/www.xn--hbs-frth-b6a.de\/wp-content\/uploads\/2021\/03\/010619_schulprogramm_gesamt.pdf\">Schulprogramm 2001 (Link zu pdf-Datei)<\/a><\/li>\n<\/ul>\n<p>[\/et_pb_text][\/et_pb_column][et_pb_column type=&#8220;1_4&#8243; _builder_version=&#8220;4.0.6&#8243;][et_pb_blog _builder_version=&#8220;4.0.6&#8243;][\/et_pb_blog][\/et_pb_column][\/et_pb_row][\/et_pb_section]<\/p>\n","protected":false},"excerpt":{"rendered":"<p>[et_pb_section fb_built=&#8220;1&#8243; _builder_version=&#8220;4.0.6&#8243;][et_pb_row column_structure=&#8220;3_4,1_4&#8243; _builder_version=&#8220;4.0.6&#8243;][et_pb_column type=&#8220;3_4&#8243; _builder_version=&#8220;4.0.6&#8243;][et_pb_text _builder_version=&#8220;4.0.6&#8243;] Das Schulprogramm [\/et_pb_text][et_pb_divider _builder_version=&#8220;4.0.6&#8243;][\/et_pb_divider][et_pb_text _builder_version=&#8220;4.0.6&#8243; link_font=&#8220;||||on||||&#8220; hover_enabled=&#8220;0&#8243;] Mit unserem Schulprogramm soll eine Dokumentation erfolgen, in der wir unser Leitbild konkretisieren und mittel- bis langfristige Schwerpunkte der Qualit\u00e4tsentwicklung setzen. Die immer st\u00e4rkere Eigenverantwortung unserer Schule im Kontext anderer Bildungseinrichtungen setzt eine kontinuierliche Evaluation und Analyse der praktischen Umsetzung [&hellip;]<\/p>\n","protected":false},"author":1,"featured_media":0,"parent":0,"menu_order":0,"comment_status":"closed","ping_status":"closed","template":"","meta":{"_et_pb_use_builder":"on","_et_pb_old_content":"","footnotes":""},"class_list":["post-3961","page","type-page","status-publish","hentry"],"_links":{"self":[{"href":"https:\/\/www.xn--hbs-frth-b6a.de\/index.php\/wp-json\/wp\/v2\/pages\/3961","targetHints":{"allow":["GET"]}}],"collection":[{"href":"https:\/\/www.xn--hbs-frth-b6a.de\/index.php\/wp-json\/wp\/v2\/pages"}],"about":[{"href":"https:\/\/www.xn--hbs-frth-b6a.de\/index.php\/wp-json\/wp\/v2\/types\/page"}],"author":[{"embeddable":true,"href":"https:\/\/www.xn--hbs-frth-b6a.de\/index.php\/wp-json\/wp\/v2\/users\/1"}],"replies":[{"embeddable":true,"href":"https:\/\/www.xn--hbs-frth-b6a.de\/index.php\/wp-json\/wp\/v2\/comments?post=3961"}],"version-history":[{"count":25,"href":"https:\/\/www.xn--hbs-frth-b6a.de\/index.php\/wp-json\/wp\/v2\/pages\/3961\/revisions"}],"predecessor-version":[{"id":22455,"href":"https:\/\/www.xn--hbs-frth-b6a.de\/index.php\/wp-json\/wp\/v2\/pages\/3961\/revisions\/22455"}],"wp:attachment":[{"href":"https:\/\/www.xn--hbs-frth-b6a.de\/index.php\/wp-json\/wp\/v2\/media?parent=3961"}],"curies":[{"name":"wp","href":"https:\/\/api.w.org\/{rel}","templated":true}]}}