{"id":3618,"date":"2021-01-06T13:57:24","date_gmt":"2021-01-06T12:57:24","guid":{"rendered":"https:\/\/www.xn--hbs-frth-b6a.de\/?page_id=3618"},"modified":"2026-01-30T15:36:14","modified_gmt":"2026-01-30T14:36:14","slug":"bo-praktika","status":"publish","type":"page","link":"https:\/\/www.xn--hbs-frth-b6a.de\/index.php\/bo-praktika\/","title":{"rendered":"BO-Praktika"},"content":{"rendered":"<p>[et_pb_section fb_built=&#8220;1&#8243; _builder_version=&#8220;4.0.6&#8243;][et_pb_row column_structure=&#8220;3_4,1_4&#8243; _builder_version=&#8220;4.0.6&#8243;][et_pb_column type=&#8220;3_4&#8243; _builder_version=&#8220;4.0.6&#8243;][et_pb_text _builder_version=&#8220;4.0.6&#8243; hover_enabled=&#8220;0&#8243;]<\/p>\n<h2><em>Praktika<\/em><\/h2>\n<p>Die Betriebspraktika werden an der HBS im Jahrgang 8 (zwei Wochen vor den Osterferien) und Jahrgang 9 (zwei Wochen nach den Herbstferien) im Rahmen des Arbeitslehre-Unterrichts angeboten. Dabei sollen die beiden Praktika unterschiedliche Fragestellungen verfolgen und die Praktikumspl\u00e4tze in unterschiedlichen Berufs- bzw. T\u00e4tigkeitsfeldern angesiedelt sein. Die Praktika dauern jeweils zwei Wochen. Die Praktikumsbetriebe sollen vom Wohnort der Sch\u00fclerinnen bzw. Sch\u00fcler in zumutbarer Entfernung liegen, so dass sie mit \u00f6ffentlichen Verkehrsmitteln erreicht werden k\u00f6nnen. Die Betriebspraktika werden von der Lehrkraft vorbereitet, durchgef\u00fchrt und im Unterricht nachbereitet. Die Sch\u00fclerinnen und Sch\u00fcler bewerben sich in Eigenverantwortung um einen Praktikumsplatz. Dazu werden ihnen von der Schule Bewerbungsunterlagen zur Verf\u00fcgung gestellt:<\/p>\n<ul class=\"mb-indent mobile-overpadded-left\">\n<li>Anschreiben an den Praktikumsbetrieb<\/li>\n<li>Beauftragung des Betriebs<\/li>\n<li>Best\u00e4tigung des Betriebs<\/li>\n<li>Merkblatt zum Betriebspraktikum von Sch\u00fclerinnen und Sch\u00fclern.<\/li>\n<\/ul>\n<p>Weitere Materialien zum Thema Praktikum finden sich im\u00a0<a class=\"link1\" href=\"https:\/\/www.hbs-f\u00fcrth.de\/index.php\/download\/\" target=\"_blank\" rel=\"noopener noreferrer\">Downloadbereich<\/a>.<\/p>\n<p><strong>Das Praktikum f\u00fcr den Jahrgang 8 findet im M\u00e4rz des jeweiligen Schuljahres statt.<br \/> <\/strong><\/p>\n<p><strong>Das Praktikum f\u00fcr den Jahrgang 9 findet im Herbst des jeweiligen Schuljahres statt.<\/strong><\/p>\n<p>[\/et_pb_text][\/et_pb_column][et_pb_column type=&#8220;1_4&#8243; _builder_version=&#8220;4.0.6&#8243;][et_pb_blog posts_number=&#8220;3&#8243; _builder_version=&#8220;4.0.6&#8243;][\/et_pb_blog][\/et_pb_column][\/et_pb_row][\/et_pb_section]<\/p>\n","protected":false},"excerpt":{"rendered":"<p>[et_pb_section fb_built=&#8220;1&#8243; _builder_version=&#8220;4.0.6&#8243;][et_pb_row column_structure=&#8220;3_4,1_4&#8243; _builder_version=&#8220;4.0.6&#8243;][et_pb_column type=&#8220;3_4&#8243; _builder_version=&#8220;4.0.6&#8243;][et_pb_text _builder_version=&#8220;4.0.6&#8243; hover_enabled=&#8220;0&#8243;] Praktika Die Betriebspraktika werden an der HBS im Jahrgang 8 (zwei Wochen vor den Osterferien) und Jahrgang 9 (zwei Wochen nach den Herbstferien) im Rahmen des Arbeitslehre-Unterrichts angeboten. Dabei sollen die beiden Praktika unterschiedliche Fragestellungen verfolgen und die Praktikumspl\u00e4tze in unterschiedlichen Berufs- bzw. T\u00e4tigkeitsfeldern angesiedelt sein. [&hellip;]<\/p>\n","protected":false},"author":6,"featured_media":0,"parent":0,"menu_order":0,"comment_status":"closed","ping_status":"closed","template":"","meta":{"_et_pb_use_builder":"on","_et_pb_old_content":"","footnotes":""},"class_list":["post-3618","page","type-page","status-publish","hentry"],"_links":{"self":[{"href":"https:\/\/www.xn--hbs-frth-b6a.de\/index.php\/wp-json\/wp\/v2\/pages\/3618","targetHints":{"allow":["GET"]}}],"collection":[{"href":"https:\/\/www.xn--hbs-frth-b6a.de\/index.php\/wp-json\/wp\/v2\/pages"}],"about":[{"href":"https:\/\/www.xn--hbs-frth-b6a.de\/index.php\/wp-json\/wp\/v2\/types\/page"}],"author":[{"embeddable":true,"href":"https:\/\/www.xn--hbs-frth-b6a.de\/index.php\/wp-json\/wp\/v2\/users\/6"}],"replies":[{"embeddable":true,"href":"https:\/\/www.xn--hbs-frth-b6a.de\/index.php\/wp-json\/wp\/v2\/comments?post=3618"}],"version-history":[{"count":10,"href":"https:\/\/www.xn--hbs-frth-b6a.de\/index.php\/wp-json\/wp\/v2\/pages\/3618\/revisions"}],"predecessor-version":[{"id":22355,"href":"https:\/\/www.xn--hbs-frth-b6a.de\/index.php\/wp-json\/wp\/v2\/pages\/3618\/revisions\/22355"}],"wp:attachment":[{"href":"https:\/\/www.xn--hbs-frth-b6a.de\/index.php\/wp-json\/wp\/v2\/media?parent=3618"}],"curies":[{"name":"wp","href":"https:\/\/api.w.org\/{rel}","templated":true}]}}