{"id":3604,"date":"2021-01-06T13:56:39","date_gmt":"2021-01-06T12:56:39","guid":{"rendered":"https:\/\/www.xn--hbs-frth-b6a.de\/?page_id=3604"},"modified":"2024-05-23T16:02:28","modified_gmt":"2024-05-23T14:02:28","slug":"bo-girlsundboysday","status":"publish","type":"page","link":"https:\/\/www.xn--hbs-frth-b6a.de\/index.php\/bo-girlsundboysday\/","title":{"rendered":"BO-GirlsUndBoysday"},"content":{"rendered":"<p>[et_pb_section fb_built=&#8220;1&#8243; _builder_version=&#8220;4.0.6&#8243;][et_pb_row column_structure=&#8220;3_4,1_4&#8243; _builder_version=&#8220;4.0.6&#8243;][et_pb_column type=&#8220;3_4&#8243; _builder_version=&#8220;4.0.6&#8243;][et_pb_text _builder_version=&#8220;4.0.6&#8243;]<\/p>\n<h2><em>Girlsday &amp; Boysday<br \/> <\/em><\/h2>\n<p>Am Girls- und Boysday nehmen alle Sch\u00fclerinnen und Sch\u00fcler der Heinrich-B\u00f6ll-Schule teil. Dieser Tag bildet eine wichtige Orientierung f\u00fcr die folgenden Praktikas und bietet den Sch\u00fclern die M\u00f6glichkeit einmal in ganz andere Bereiche zu blicken. So ist der Tag daf\u00fcr gedacht, dass die M\u00e4dchen einmal in &#8222;typisch m\u00e4nnliche&#8220; Berufsfelder schnuppern k\u00f6nnen und die Jungen in &#8222;typisch weibliche&#8220; Berufsfelder. Dieser Tag wird im Unterricht vor- und nachbereitet und wird im Berufswahlpass dokumentiert.<\/p>\n<p><strong>N\u00e4chster Boys&amp;Girlsday: April 2025<\/strong><\/p>\n<p><a href=\"https:\/\/www.girls-day.de\/vertretungen\/bundeslaender\/regelungen-der-bundeslaender\/hessen\">https:\/\/www.girls-day.de\/vertretungen\/bundeslaender\/regelungen-der-bundeslaender\/hessen<\/a><\/p>\n<p><a href=\"https:\/\/www.boys-day.de\/vertretungen\/bundeslaender\/regelungen-der-bundeslaender\/hessen\">https:\/\/www.boys-day.de\/vertretungen\/bundeslaender\/regelungen-der-bundeslaender\/hessen<\/a><\/p>\n<p>[\/et_pb_text][\/et_pb_column][et_pb_column type=&#8220;1_4&#8243; _builder_version=&#8220;4.0.6&#8243;][et_pb_blog _builder_version=&#8220;4.0.6&#8243;][\/et_pb_blog][\/et_pb_column][\/et_pb_row][\/et_pb_section]<\/p>\n","protected":false},"excerpt":{"rendered":"<p>[et_pb_section fb_built=&#8220;1&#8243; _builder_version=&#8220;4.0.6&#8243;][et_pb_row column_structure=&#8220;3_4,1_4&#8243; _builder_version=&#8220;4.0.6&#8243;][et_pb_column type=&#8220;3_4&#8243; _builder_version=&#8220;4.0.6&#8243;][et_pb_text _builder_version=&#8220;4.0.6&#8243;] Girlsday &amp; Boysday Am Girls- und Boysday nehmen alle Sch\u00fclerinnen und Sch\u00fcler der Heinrich-B\u00f6ll-Schule teil. Dieser Tag bildet eine wichtige Orientierung f\u00fcr die folgenden Praktikas und bietet den Sch\u00fclern die M\u00f6glichkeit einmal in ganz andere Bereiche zu blicken. So ist der Tag daf\u00fcr gedacht, dass die M\u00e4dchen [&hellip;]<\/p>\n","protected":false},"author":6,"featured_media":0,"parent":0,"menu_order":0,"comment_status":"closed","ping_status":"closed","template":"","meta":{"_et_pb_use_builder":"on","_et_pb_old_content":"","footnotes":""},"class_list":["post-3604","page","type-page","status-publish","hentry"],"_links":{"self":[{"href":"https:\/\/www.xn--hbs-frth-b6a.de\/index.php\/wp-json\/wp\/v2\/pages\/3604","targetHints":{"allow":["GET"]}}],"collection":[{"href":"https:\/\/www.xn--hbs-frth-b6a.de\/index.php\/wp-json\/wp\/v2\/pages"}],"about":[{"href":"https:\/\/www.xn--hbs-frth-b6a.de\/index.php\/wp-json\/wp\/v2\/types\/page"}],"author":[{"embeddable":true,"href":"https:\/\/www.xn--hbs-frth-b6a.de\/index.php\/wp-json\/wp\/v2\/users\/6"}],"replies":[{"embeddable":true,"href":"https:\/\/www.xn--hbs-frth-b6a.de\/index.php\/wp-json\/wp\/v2\/comments?post=3604"}],"version-history":[{"count":7,"href":"https:\/\/www.xn--hbs-frth-b6a.de\/index.php\/wp-json\/wp\/v2\/pages\/3604\/revisions"}],"predecessor-version":[{"id":13148,"href":"https:\/\/www.xn--hbs-frth-b6a.de\/index.php\/wp-json\/wp\/v2\/pages\/3604\/revisions\/13148"}],"wp:attachment":[{"href":"https:\/\/www.xn--hbs-frth-b6a.de\/index.php\/wp-json\/wp\/v2\/media?parent=3604"}],"curies":[{"name":"wp","href":"https:\/\/api.w.org\/{rel}","templated":true}]}}