{"id":3598,"date":"2021-01-06T13:56:29","date_gmt":"2021-01-06T12:56:29","guid":{"rendered":"https:\/\/www.xn--hbs-frth-b6a.de\/?page_id=3598"},"modified":"2021-01-06T13:56:31","modified_gmt":"2021-01-06T12:56:31","slug":"bo-berufswahlpass","status":"publish","type":"page","link":"https:\/\/www.xn--hbs-frth-b6a.de\/index.php\/bo-berufswahlpass\/","title":{"rendered":"BO-Berufswahlpass"},"content":{"rendered":"<p>[et_pb_section fb_built=&#8220;1&#8243; _builder_version=&#8220;4.0.6&#8243;][et_pb_row column_structure=&#8220;3_4,1_4&#8243; _builder_version=&#8220;4.0.6&#8243;][et_pb_column type=&#8220;3_4&#8243; _builder_version=&#8220;4.0.6&#8243;][et_pb_text _builder_version=&#8220;4.0.6&#8243;]<\/p>\n<h2><em>Berufswahlpass<\/em><\/h2>\n<p>Der Berufswahlpass ist fester Bestandteil der beruflichen Orientierung an der Heinrich-B\u00f6ll-Schule und wird in Klasse 7 eingef\u00fchrt. Dieser unterst\u00fctzt die Sch\u00fcler bei der Aufbewahrung von Ergebnissen aus dem Unterricht und dar\u00fcber hinaus zur Ausgestaltung der Berufswahl (z.B. zu St\u00e4rken, Interessen, Berufsw\u00fcnschen, Bewerbungen). Weitere Akteure, wie beispielsweise die Berufsberatung, Unternehmen und Bildungstr\u00e4ger unterst\u00fctzen und nutzen diesen ebenfalls.<\/p>\n<p>&nbsp;<\/p>\n<p><a href=\"https:\/\/www.berufswahlpass.de\/\">https:\/\/www.berufswahlpass.de\/<\/a><br \/>\n[\/et_pb_text][et_pb_blurb image=&#8220;https:\/\/www.xn--hbs-frth-b6a.de\/wp-content\/uploads\/2019\/09\/An-der-HBS-konnten-die-Sch\u00fcler-verschiedenen-Berufen-mal-ganz-nah-kommen..jpg&#8220; _builder_version=&#8220;4.0.6&#8243;]<\/p>\n<p style=\"text-align: center;\"><em>An der HBS k\u00f6nnen die Sch\u00fcler verschiedenen Berufen mal ganz nah kommen.<\/em><\/p>\n<p>[\/et_pb_blurb][et_pb_blurb image=&#8220;https:\/\/www.xn--hbs-frth-b6a.de\/wp-content\/uploads\/2019\/09\/Der-Forstbetrieb-Sattler-hatte-schweres-Gesch\u00fctz-aufgefahren..jpg&#8220; _builder_version=&#8220;4.0.6&#8243;]<\/p>\n<p style=\"text-align: center;\"><em>Der Forstbetrieb Sattler wird sich u.a. vorstellen.<\/em><\/p>\n<p>[\/et_pb_blurb][\/et_pb_column][et_pb_column type=&#8220;1_4&#8243; _builder_version=&#8220;4.0.6&#8243;][et_pb_blog _builder_version=&#8220;4.0.6&#8243;][\/et_pb_blog][\/et_pb_column][\/et_pb_row][\/et_pb_section]<\/p>\n","protected":false},"excerpt":{"rendered":"<p>[et_pb_section fb_built=&#8220;1&#8243; _builder_version=&#8220;4.0.6&#8243;][et_pb_row column_structure=&#8220;3_4,1_4&#8243; _builder_version=&#8220;4.0.6&#8243;][et_pb_column type=&#8220;3_4&#8243; _builder_version=&#8220;4.0.6&#8243;][et_pb_text _builder_version=&#8220;4.0.6&#8243;] Berufswahlpass Der Berufswahlpass ist fester Bestandteil der beruflichen Orientierung an der Heinrich-B\u00f6ll-Schule und wird in Klasse 7 eingef\u00fchrt. Dieser unterst\u00fctzt die Sch\u00fcler bei der Aufbewahrung von Ergebnissen aus dem Unterricht und dar\u00fcber hinaus zur Ausgestaltung der Berufswahl (z.B. zu St\u00e4rken, Interessen, Berufsw\u00fcnschen, Bewerbungen). Weitere Akteure, wie beispielsweise [&hellip;]<\/p>\n","protected":false},"author":6,"featured_media":0,"parent":0,"menu_order":0,"comment_status":"closed","ping_status":"closed","template":"","meta":{"_et_pb_use_builder":"on","_et_pb_old_content":"","footnotes":""},"class_list":["post-3598","page","type-page","status-publish","hentry"],"_links":{"self":[{"href":"https:\/\/www.xn--hbs-frth-b6a.de\/index.php\/wp-json\/wp\/v2\/pages\/3598","targetHints":{"allow":["GET"]}}],"collection":[{"href":"https:\/\/www.xn--hbs-frth-b6a.de\/index.php\/wp-json\/wp\/v2\/pages"}],"about":[{"href":"https:\/\/www.xn--hbs-frth-b6a.de\/index.php\/wp-json\/wp\/v2\/types\/page"}],"author":[{"embeddable":true,"href":"https:\/\/www.xn--hbs-frth-b6a.de\/index.php\/wp-json\/wp\/v2\/users\/6"}],"replies":[{"embeddable":true,"href":"https:\/\/www.xn--hbs-frth-b6a.de\/index.php\/wp-json\/wp\/v2\/comments?post=3598"}],"version-history":[{"count":6,"href":"https:\/\/www.xn--hbs-frth-b6a.de\/index.php\/wp-json\/wp\/v2\/pages\/3598\/revisions"}],"predecessor-version":[{"id":6055,"href":"https:\/\/www.xn--hbs-frth-b6a.de\/index.php\/wp-json\/wp\/v2\/pages\/3598\/revisions\/6055"}],"wp:attachment":[{"href":"https:\/\/www.xn--hbs-frth-b6a.de\/index.php\/wp-json\/wp\/v2\/media?parent=3598"}],"curies":[{"name":"wp","href":"https:\/\/api.w.org\/{rel}","templated":true}]}}