{"id":3430,"date":"2020-12-11T09:05:08","date_gmt":"2020-12-11T08:05:08","guid":{"rendered":"https:\/\/www.xn--hbs-frth-b6a.de\/?page_id=3430"},"modified":"2022-11-24T16:44:12","modified_gmt":"2022-11-24T15:44:12","slug":"tdot-hbs-virtuell","status":"publish","type":"page","link":"https:\/\/www.xn--hbs-frth-b6a.de\/index.php\/tdot-hbs-virtuell\/","title":{"rendered":"TdoT: HBS-Virtuell"},"content":{"rendered":"<p>[et_pb_section fb_built=&#8220;1&#8243; _builder_version=&#8220;4.0.6&#8243;][et_pb_row column_structure=&#8220;3_4,1_4&#8243; _builder_version=&#8220;4.0.6&#8243;][et_pb_column type=&#8220;3_4&#8243; _builder_version=&#8220;4.0.6&#8243;][et_pb_text _builder_version=&#8220;4.0.6&#8243;]<\/p>\n<h2>3D-Welten an der Heinrich-B\u00f6ll-Schule<\/h2>\n<hr \/>\n<p>&nbsp;<\/p>\n<p>[\/et_pb_text][et_pb_text _builder_version=&#8220;4.0.6&#8243;]<\/p>\n<p><strong>3D-Welten<\/strong><\/p>\n<p><img loading=\"lazy\" decoding=\"async\" class=\"alignnone wp-image-3493 size-large\" src=\"https:\/\/www.xn--hbs-frth-b6a.de\/wp-content\/uploads\/2020\/12\/cnc-raum-1024x275.png\" alt=\"Bild zu einem virtuellen Rundgang\" width=\"1024\" height=\"275\" \/><\/p>\n<p>Im Wahlpflicht-Unterricht der Heinrich-B\u00f6ll-Schule werden aktuelle Themen rund um Virtual- und Augmented &#8211; Reality thematisiert. Im Rahmen des Informatik-Unterrichts sind eine Reihe von Projekten entstanden, die sich mit der Virtuellen Schule besch\u00e4ftigen. F\u00fcr einen Rundgang durch die Virtuelle HBS einfach auf den Link unten klicken. Mit Smartphone sollte auch das Anschauen mit 3D-Brillen m\u00f6glich sein.<\/p>\n<p>Viel Vergn\u00fcgen!<\/p>\n<p><a href=\"https:\/\/edu.cospaces.io\/NBG-ZKF\">Link zur virtuellen HBS<\/a><\/p>\n<p>&nbsp;<\/p>\n<p><strong>HBS mit Minetest<\/strong><\/p>\n<p><img loading=\"lazy\" decoding=\"async\" class=\"alignnone wp-image-3497 size-large\" src=\"https:\/\/www.xn--hbs-frth-b6a.de\/wp-content\/uploads\/2020\/12\/minecraft-hbs-1024x325.png\" alt=\"Bild zur Minetest-Welt\" width=\"1024\" height=\"325\" \/><\/p>\n<p>Wer kennt sie nicht, die kreativen Projekte mit Minecraft oder der freien Variante Minetest? An der Heinrich-B\u00f6ll-Schule werden im Wahlpflicht-Unterricht und in AGs auch Projekte mit der virtuellen Lego-Variante umgesetzt. Ein Beispiel daf\u00fcr ist ein Nachbau der Heinrich-B\u00f6ll-Schule, der sich aber noch mitten in der Bauphase befindet. Um sich die Fortschritte anschauen zu k\u00f6nnen oder auch eigene Welten zu bauen, ben\u00f6tigt man allerdings zun\u00e4chst die Minetest Software.<\/p>\n<p>Die Software ist zum Beispiel unter <a href=\"http:\/\/minetest.net\/download\">www.minetest.net<\/a> erh\u00e4ltlich. Nach der Installation wird die Software gestartet. Dann muss man sich mit einem Server verbinden und auch eine Portadresse angeben. Einen Benutzername kann man frei w\u00e4hlen. F\u00fcr den Zugang ben\u00f6tigt man au\u00dferdem ein Passwort. Die entsprechenden Daten sind unten angegeben.<\/p>\n<p><img loading=\"lazy\" decoding=\"async\" class=\"aligncenter wp-image-3520 size-medium\" src=\"https:\/\/www.xn--hbs-frth-b6a.de\/wp-content\/uploads\/2020\/12\/eintrag_pwd-239x300.png\" alt=\"Bild zu Anmeldefenster Minetest\" width=\"239\" height=\"300\" \/><\/p>\n<p>HBS-Nachbau: Hier bitte nichts mutwillig zerst\u00f6ren!<\/p>\n<ul>\n<li>Serveradresse: 62.171.175.123<\/li>\n<li>Portnummer: 30005<\/li>\n<li>Passwort: hbs<\/li>\n<\/ul>\n<p>&nbsp;<\/p>\n<p>Freie Welt zum Ausprobieren:<\/p>\n<ul>\n<li>Serveradresse:62.171.175.123<\/li>\n<li>Portnummer: 30001<\/li>\n<li>Passwort: hbs<\/li>\n<\/ul>\n<p>Der Name kann frei gew\u00e4hlt werden. Keine Leerzeichen.<\/p>\n<p>[\/et_pb_text][et_pb_text admin_label=&#8220;Text&#8220; _builder_version=&#8220;4.0.6&#8243; hover_enabled=&#8220;0&#8243;]<\/p>\n<hr \/>\n<p>&nbsp;<\/p>\n<p>[\/et_pb_text][\/et_pb_column][et_pb_column type=&#8220;1_4&#8243; _builder_version=&#8220;4.0.6&#8243;][et_pb_blog posts_number=&#8220;3&#8243; show_author=&#8220;off&#8220; _builder_version=&#8220;4.0.6&#8243;][\/et_pb_blog][\/et_pb_column][\/et_pb_row][et_pb_row column_structure=&#8220;1_3,1_3,1_3&#8243; _builder_version=&#8220;4.0.6&#8243;][et_pb_column type=&#8220;1_3&#8243; _builder_version=&#8220;4.0.6&#8243;][et_pb_button button_url=&#8220;https:\/\/www.hbs-f\u00fcrth.de\/index.php\/tdot-imagefilm\/&#8220; button_text=&#8220;Image-Film&#8220; _builder_version=&#8220;4.0.6&#8243;][\/et_pb_button][\/et_pb_column][et_pb_column type=&#8220;1_3&#8243; _builder_version=&#8220;4.0.6&#8243;][et_pb_button button_url=&#8220;https:\/\/www.hbs-f\u00fcrth.de\/index.php\/tdot-videobeitraege\/&#8220; button_text=&#8220;Videobeitr\u00e4ge&#8220; _builder_version=&#8220;4.0.6&#8243;][\/et_pb_button][\/et_pb_column][et_pb_column type=&#8220;1_3&#8243; _builder_version=&#8220;4.0.6&#8243;][et_pb_button button_url=&#8220;https:\/\/www.hbs-f\u00fcrth.de\/index.php\/tdot-videokonferenzen\/&#8220; button_text=&#8220;Video-Konferenzen&#8220; _builder_version=&#8220;4.0.6&#8243;][\/et_pb_button][\/et_pb_column][\/et_pb_row][\/et_pb_section]<\/p>\n","protected":false},"excerpt":{"rendered":"<p>[et_pb_section fb_built=&#8220;1&#8243; _builder_version=&#8220;4.0.6&#8243;][et_pb_row column_structure=&#8220;3_4,1_4&#8243; _builder_version=&#8220;4.0.6&#8243;][et_pb_column type=&#8220;3_4&#8243; _builder_version=&#8220;4.0.6&#8243;][et_pb_text _builder_version=&#8220;4.0.6&#8243;] 3D-Welten an der Heinrich-B\u00f6ll-Schule &nbsp; [\/et_pb_text][et_pb_text _builder_version=&#8220;4.0.6&#8243;] 3D-Welten Im Wahlpflicht-Unterricht der Heinrich-B\u00f6ll-Schule werden aktuelle Themen rund um Virtual- und Augmented &#8211; Reality thematisiert. Im Rahmen des Informatik-Unterrichts sind eine Reihe von Projekten entstanden, die sich mit der Virtuellen Schule besch\u00e4ftigen. F\u00fcr einen Rundgang durch die Virtuelle HBS [&hellip;]<\/p>\n","protected":false},"author":1,"featured_media":0,"parent":0,"menu_order":0,"comment_status":"closed","ping_status":"closed","template":"","meta":{"_et_pb_use_builder":"on","_et_pb_old_content":"","footnotes":""},"class_list":["post-3430","page","type-page","status-publish","hentry"],"_links":{"self":[{"href":"https:\/\/www.xn--hbs-frth-b6a.de\/index.php\/wp-json\/wp\/v2\/pages\/3430","targetHints":{"allow":["GET"]}}],"collection":[{"href":"https:\/\/www.xn--hbs-frth-b6a.de\/index.php\/wp-json\/wp\/v2\/pages"}],"about":[{"href":"https:\/\/www.xn--hbs-frth-b6a.de\/index.php\/wp-json\/wp\/v2\/types\/page"}],"author":[{"embeddable":true,"href":"https:\/\/www.xn--hbs-frth-b6a.de\/index.php\/wp-json\/wp\/v2\/users\/1"}],"replies":[{"embeddable":true,"href":"https:\/\/www.xn--hbs-frth-b6a.de\/index.php\/wp-json\/wp\/v2\/comments?post=3430"}],"version-history":[{"count":16,"href":"https:\/\/www.xn--hbs-frth-b6a.de\/index.php\/wp-json\/wp\/v2\/pages\/3430\/revisions"}],"predecessor-version":[{"id":6050,"href":"https:\/\/www.xn--hbs-frth-b6a.de\/index.php\/wp-json\/wp\/v2\/pages\/3430\/revisions\/6050"}],"wp:attachment":[{"href":"https:\/\/www.xn--hbs-frth-b6a.de\/index.php\/wp-json\/wp\/v2\/media?parent=3430"}],"curies":[{"name":"wp","href":"https:\/\/api.w.org\/{rel}","templated":true}]}}