{"id":2495,"date":"2020-03-20T09:24:32","date_gmt":"2020-03-20T08:24:32","guid":{"rendered":"https:\/\/www.xn--hbs-frth-b6a.de\/?page_id=2495"},"modified":"2020-03-20T09:30:58","modified_gmt":"2020-03-20T08:30:58","slug":"edudocs-anmelden","status":"publish","type":"page","link":"https:\/\/www.xn--hbs-frth-b6a.de\/index.php\/edudocs-anmelden\/","title":{"rendered":"Edudocs: Anmelden"},"content":{"rendered":"<p>[et_pb_section fb_built=&#8220;1&#8243; _builder_version=&#8220;4.0.6&#8243;][et_pb_row _builder_version=&#8220;4.0.6&#8243;][et_pb_column type=&#8220;4_4&#8243; _builder_version=&#8220;4.0.6&#8243;][et_pb_text _builder_version=&#8220;4.0.6&#8243;]<\/p>\n<h1>Anleitung: Anmelden beim online-Office<\/h1>\n<p>[\/et_pb_text][et_pb_divider _builder_version=&#8220;4.0.6&#8243;][\/et_pb_divider][\/et_pb_column][\/et_pb_row][et_pb_row column_structure=&#8220;3_4,1_4&#8243; _builder_version=&#8220;4.0.6&#8243;][et_pb_column type=&#8220;3_4&#8243; _builder_version=&#8220;4.0.6&#8243;][et_pb_text _builder_version=&#8220;4.0.6&#8243; hover_enabled=&#8220;0&#8243;]<\/p>\n<p><strong>Zugang \u00fcber das Schulportal<\/strong><\/p>\n<p>Wenn man das online-Office verwenden m\u00f6chten, kann man sich \u00fcber das Schulportal anmelden. In der Kategorie &#8222;Programme&#8220; befindet sich eine gr\u00fcne Kachel mit der Aufschrift &#8222;onlineOffice&#8220;. Klickt man diese an, \u00f6ffnet sich ein Link zu unserem Office-Angebot von Nextcloud.<\/p>\n<p><img loading=\"lazy\" decoding=\"async\" class=\"wp-image-2353 alignnone size-full\" src=\"https:\/\/www.xn--hbs-frth-b6a.de\/wp-content\/uploads\/2020\/03\/schritt03_ueberblick.png\" alt=\"Ueberblick\" width=\"917\" height=\"846\" \/><\/p>\n<p><strong>Zugang \u00fcber die Homepage<\/strong><\/p>\n<p>Auch \u00fcber unsere Homepage finden man einen entsprechende Link im Men\u00fc &#8222;Unterricht&#8220;<\/p>\n<p><img loading=\"lazy\" decoding=\"async\" class=\"wp-image-2498 alignnone size-full\" src=\"https:\/\/www.xn--hbs-frth-b6a.de\/wp-content\/uploads\/2020\/03\/00_Homepage_menu.png\" alt=\"Menu\" width=\"810\" height=\"381\" \/><\/p>\n<p><strong>Direktllink<\/strong><\/p>\n<p>Das online-Office kann auch direkt \u00fcber einen Browser gestartet werden. Der entsprechende Link f\u00fchrt direkt zur Webseite:\u00a0<a href=\"https:\/\/edudocs.de\/hbs-fuerth\/\">https:\/\/edudocs.de\/hbs-fuerth\/<\/a><\/p>\n<p><strong>Anmeldung \u00fcber Schulportal<\/strong><\/p>\n<p>Alle Sch\u00fclerinnen und Sch\u00fcler sowie Kolleginnen und Kollegen haben einen Zugang \u00fcber das Schulportal. Daher kann man auf der Anmeldeseite einfach die Option &#8222;Login \u00fcber Schulportal Hessen&#8220; anw\u00e4hlen.<\/p>\n<p><img loading=\"lazy\" decoding=\"async\" class=\"wp-image-2505 alignnone size-full\" src=\"https:\/\/www.xn--hbs-frth-b6a.de\/wp-content\/uploads\/2020\/03\/00_Schulportal.png\" alt=\"Portal\" width=\"373\" height=\"399\" \/><\/p>\n<p>[\/et_pb_text][\/et_pb_column][et_pb_column type=&#8220;1_4&#8243; _builder_version=&#8220;4.0.6&#8243;][et_pb_blog posts_number=&#8220;3&#8243; include_categories=&#8220;1,24,26,7&#8243; _builder_version=&#8220;4.0.6&#8243;][\/et_pb_blog][\/et_pb_column][\/et_pb_row][\/et_pb_section]<\/p>\n","protected":false},"excerpt":{"rendered":"<p>[et_pb_section fb_built=&#8220;1&#8243; _builder_version=&#8220;4.0.6&#8243;][et_pb_row _builder_version=&#8220;4.0.6&#8243;][et_pb_column type=&#8220;4_4&#8243; _builder_version=&#8220;4.0.6&#8243;][et_pb_text _builder_version=&#8220;4.0.6&#8243;] Anleitung: Anmelden beim online-Office [\/et_pb_text][et_pb_divider _builder_version=&#8220;4.0.6&#8243;][\/et_pb_divider][\/et_pb_column][\/et_pb_row][et_pb_row column_structure=&#8220;3_4,1_4&#8243; _builder_version=&#8220;4.0.6&#8243;][et_pb_column type=&#8220;3_4&#8243; _builder_version=&#8220;4.0.6&#8243;][et_pb_text _builder_version=&#8220;4.0.6&#8243; hover_enabled=&#8220;0&#8243;] Zugang \u00fcber das Schulportal Wenn man das online-Office verwenden m\u00f6chten, kann man sich \u00fcber das Schulportal anmelden. In der Kategorie &#8222;Programme&#8220; befindet sich eine gr\u00fcne Kachel mit der Aufschrift &#8222;onlineOffice&#8220;. Klickt man diese an, \u00f6ffnet sich [&hellip;]<\/p>\n","protected":false},"author":1,"featured_media":0,"parent":0,"menu_order":0,"comment_status":"closed","ping_status":"closed","template":"","meta":{"_et_pb_use_builder":"on","_et_pb_old_content":"","footnotes":""},"class_list":["post-2495","page","type-page","status-publish","hentry"],"_links":{"self":[{"href":"https:\/\/www.xn--hbs-frth-b6a.de\/index.php\/wp-json\/wp\/v2\/pages\/2495","targetHints":{"allow":["GET"]}}],"collection":[{"href":"https:\/\/www.xn--hbs-frth-b6a.de\/index.php\/wp-json\/wp\/v2\/pages"}],"about":[{"href":"https:\/\/www.xn--hbs-frth-b6a.de\/index.php\/wp-json\/wp\/v2\/types\/page"}],"author":[{"embeddable":true,"href":"https:\/\/www.xn--hbs-frth-b6a.de\/index.php\/wp-json\/wp\/v2\/users\/1"}],"replies":[{"embeddable":true,"href":"https:\/\/www.xn--hbs-frth-b6a.de\/index.php\/wp-json\/wp\/v2\/comments?post=2495"}],"version-history":[{"count":4,"href":"https:\/\/www.xn--hbs-frth-b6a.de\/index.php\/wp-json\/wp\/v2\/pages\/2495\/revisions"}],"predecessor-version":[{"id":2506,"href":"https:\/\/www.xn--hbs-frth-b6a.de\/index.php\/wp-json\/wp\/v2\/pages\/2495\/revisions\/2506"}],"wp:attachment":[{"href":"https:\/\/www.xn--hbs-frth-b6a.de\/index.php\/wp-json\/wp\/v2\/media?parent=2495"}],"curies":[{"name":"wp","href":"https:\/\/api.w.org\/{rel}","templated":true}]}}