{"id":2420,"date":"2020-03-17T16:54:22","date_gmt":"2020-03-17T15:54:22","guid":{"rendered":"https:\/\/www.xn--hbs-frth-b6a.de\/?page_id=2420"},"modified":"2022-11-24T18:04:35","modified_gmt":"2022-11-24T17:04:35","slug":"moodle-starten","status":"publish","type":"page","link":"https:\/\/www.xn--hbs-frth-b6a.de\/index.php\/moodle-starten\/","title":{"rendered":"Moodle starten"},"content":{"rendered":"<p>[et_pb_section fb_built=&#8220;1&#8243; _builder_version=&#8220;4.0.6&#8243;][et_pb_row _builder_version=&#8220;4.0.6&#8243;][et_pb_column type=&#8220;4_4&#8243; _builder_version=&#8220;4.0.6&#8243;][et_pb_text _builder_version=&#8220;4.0.6&#8243;]<\/p>\n<h1>Anleitung: Moodle starten und verwenden<\/h1>\n<p>[\/et_pb_text][et_pb_divider _builder_version=&#8220;4.0.6&#8243;][\/et_pb_divider][\/et_pb_column][\/et_pb_row][et_pb_row column_structure=&#8220;3_4,1_4&#8243; _builder_version=&#8220;4.0.6&#8243;][et_pb_column type=&#8220;3_4&#8243; _builder_version=&#8220;4.0.6&#8243;][et_pb_text _builder_version=&#8220;4.0.6&#8243; hover_enabled=&#8220;0&#8243; link_font=&#8220;||||on||||&#8220;]<\/p>\n<p><strong>Direkter Link<\/strong><\/p>\n<p>Da Moodle auf einem eigenen Server l\u00e4uft, ist das Starten von Moodle auch grunds\u00e4tzlich ohne den Umweg \u00fcber das Schulportal m\u00f6glich. Der Link zum Moodle der Heinrich-B\u00f6ll-Schule lautet:\u00a0<a href=\"https:\/\/mo6018.schule.hessen.de\/\">https:\/\/mo6018.schule.hessen.de\/<\/a> Durch Anklicken sollte sich Moodle \u00f6ffnen. Um sich erstmals an Moodle anzumelden erfolgt allerdings eine Authentifizierung \u00fcber das Schulportal. Sollte dieses aktuell \u00fcberlastet sein, kann es hier trotzdem zu Fehlern bei der Anmeldung kommen. <strong>Achtung:<\/strong> Der Zugriff auf Moodle funktioniert nur mit einem g\u00fcltigen Sch\u00fcleraccount!<\/p>\n<p>&nbsp;<\/p>\n<p><strong>Men\u00fc unserer Homepage<\/strong><\/p>\n<p>Dieser Link befindet sich auch im Men\u00fc unserer Homepage unter dem Men\u00fc &#8222;Unterricht&#8220; &#8211;&gt; &#8222;Moodle.<\/p>\n<p><img loading=\"lazy\" decoding=\"async\" class=\"alignnone wp-image-2423 size-full\" src=\"https:\/\/www.xn--hbs-frth-b6a.de\/wp-content\/uploads\/2020\/03\/schritt06_moodle.png\" alt=\"Bildschirmfoto Hauptmen\u00fc der Startseite zu Moodle\" width=\"825\" height=\"460\" \/><\/p>\n<p><strong>\u00dcber das Schulportal<\/strong><\/p>\n<p>Im Schulportal gibt es eine reihe von bunten Rechtecken (Kacheln), die jeweils ein Programm symbolisieren. In der Kategorie &#8222;Programme&#8220; befindet sich die Kachel &#8222;SchulMoodle&#8220;. Ein Klick auf diese Kachel sollte die Lernplattform &#8222;Moodle&#8220; \u00f6ffnen.<\/p>\n<p><img loading=\"lazy\" decoding=\"async\" class=\"alignnone wp-image-2353 size-full\" src=\"https:\/\/www.xn--hbs-frth-b6a.de\/wp-content\/uploads\/2020\/03\/schritt03_ueberblick.png\" alt=\"Bildschirmfoto \u00dcbersicht Schulportal\" width=\"917\" height=\"846\" \/><\/p>\n<p><strong>Unterrichtsmaterial finden<\/strong><\/p>\n<p>Sobald die Lernplattform ge\u00f6ffnet ist, finden man dort einen Bereich in dem der Zugang zu den Kursen m\u00f6glich ist. Bitte w\u00e4hlen Sie f\u00fcr die Unterrichtsmaterialien den Link &#8222;Unterricht&#8220; aus. Wie man mit Moodle eigene Kurse erstellen kann und Unterrichtsmaterialien zur Verf\u00fcgung stellt, kann man im Kurs &#8222;Moodle &#8211; Einsteigerseminar&#8220; finden. Dieser Kurs f\u00fcr Kolleginnen und Kollegen befindet sich im Bereich &#8222;Unterricht&#8220;, &#8222;Hauptmann&#8220;, &#8222;Fortbildung&#8220;.<\/p>\n<p><img loading=\"lazy\" decoding=\"async\" class=\"alignnone wp-image-2428 size-full\" src=\"https:\/\/www.xn--hbs-frth-b6a.de\/wp-content\/uploads\/2020\/03\/schritt07_startseiteMoodle.png\" alt=\"Bildschirmfoto Auswahlmen\u00fc in Moodle\" width=\"740\" height=\"545\" \/><\/p>\n<p><strong>Kollegin oder Kollegen ausw\u00e4hlen<\/strong><\/p>\n<p>Auf der n\u00e4chsten Seite finden sich ein Auflistung des Kollegiums unserer Schule. Auf jeder Seite sind etwa 20 Eintragungen zu finden. Im oberen Bereich findet sich ein Register (1-4), mit dem man zu den entsprechenden Seiten umschalten kann. W\u00e4hlen Sie die gesuchte Fachkraft durch Anklicken aus.<\/p>\n<p><img loading=\"lazy\" decoding=\"async\" class=\"alignnone wp-image-2429 size-full\" src=\"https:\/\/www.xn--hbs-frth-b6a.de\/wp-content\/uploads\/2020\/03\/schritt08_kollege.png\" alt=\"Bildschirmfoto Auswahlmen\u00fc Kollegen\" width=\"850\" height=\"393\" \/><\/p>\n<p><strong>Kurse finden<\/strong><\/p>\n<p>Auf der Seite der jeweiligen Fachkraft finden sich entweder weitere Unterverzeichnisse (kleines Dreieck) oder Kurse (Buchsymbol). W\u00e4hlen Sie das gew\u00fcnschte Verzeichnis oder den Kurs durch Anklicken aus. Meistens sind die Bezeichnung aussagekr\u00e4ftig genug. Einige enthalten noch eine kurze Beschreibung. Falls ein Schl\u00fcsselsymbol aufgef\u00fchrt ist, ben\u00f6tigt man noch einen Einschreibeschl\u00fcssel (Passwort), das einem von der jeweiligen Lehrkraft zur Verf\u00fcgung gestellt werden muss.<\/p>\n<p><img loading=\"lazy\" decoding=\"async\" class=\"alignnone wp-image-2431 size-full\" src=\"https:\/\/www.xn--hbs-frth-b6a.de\/wp-content\/uploads\/2020\/03\/schritt09_kurse.png\" alt=\"Bildschirmfoto \u00dcbersicht zu Kursen in Moodle\" width=\"1140\" height=\"531\" \/><\/p>\n<p>&nbsp;<\/p>\n<p>&nbsp;<\/p>\n<p>[\/et_pb_text][et_pb_text _builder_version=&#8220;4.0.6&#8243; hover_enabled=&#8220;0&#8243; link_font=&#8220;||||on||||&#8220;]<\/p>\n<h2>Anleitung zur Anmeldung<\/h2>\n<div class=\"lyte-wrapper\" style=\"width:640px;max-width:100%;margin:5px auto;\"><div class=\"lyMe\" id=\"WYL_CpzH3h5ijUI\"><div id=\"lyte_CpzH3h5ijUI\" data-src=\"\/\/i.ytimg.com\/vi\/CpzH3h5ijUI\/hqdefault.jpg\" class=\"pL\"><div class=\"tC\"><div class=\"tT\"><\/div><\/div><div class=\"play\"><\/div><div class=\"ctrl\"><div class=\"Lctrl\"><\/div><div class=\"Rctrl\"><\/div><\/div><\/div><noscript><a href=\"https:\/\/youtu.be\/CpzH3h5ijUI\" rel=\"nofollow\"><img loading=\"lazy\" decoding=\"async\" src=\"https:\/\/i.ytimg.com\/vi\/CpzH3h5ijUI\/0.jpg\" alt=\"YouTube-Video-Vorschaubild\" width=\"640\" height=\"340\" \/><br \/>Dieses Video auf YouTube ansehen<\/a><\/noscript><\/div><\/div><div class=\"lL\" style=\"max-width:100%;width:640px;margin:5px auto;\"><br\/><span class=\"lyte_disclaimer\">Datenschutzhinweis: Mit Anklicken des Videos wird eine Verbindung zu YouTube aufgebaut und personenbezogen Daten, wie z.B. die IP-Adresse werden \u00fcbertragen.<\/span><\/div><\/p>\n<p>[\/et_pb_text][\/et_pb_column][et_pb_column type=&#8220;1_4&#8243; _builder_version=&#8220;4.0.6&#8243;][et_pb_blog posts_number=&#8220;3&#8243; include_categories=&#8220;1,24,26,7&#8243; _builder_version=&#8220;4.0.6&#8243;][\/et_pb_blog][\/et_pb_column][\/et_pb_row][\/et_pb_section]<\/p>\n","protected":false},"excerpt":{"rendered":"<p>[et_pb_section fb_built=&#8220;1&#8243; _builder_version=&#8220;4.0.6&#8243;][et_pb_row _builder_version=&#8220;4.0.6&#8243;][et_pb_column type=&#8220;4_4&#8243; _builder_version=&#8220;4.0.6&#8243;][et_pb_text _builder_version=&#8220;4.0.6&#8243;] Anleitung: Moodle starten und verwenden [\/et_pb_text][et_pb_divider _builder_version=&#8220;4.0.6&#8243;][\/et_pb_divider][\/et_pb_column][\/et_pb_row][et_pb_row column_structure=&#8220;3_4,1_4&#8243; _builder_version=&#8220;4.0.6&#8243;][et_pb_column type=&#8220;3_4&#8243; _builder_version=&#8220;4.0.6&#8243;][et_pb_text _builder_version=&#8220;4.0.6&#8243; hover_enabled=&#8220;0&#8243; link_font=&#8220;||||on||||&#8220;] Direkter Link Da Moodle auf einem eigenen Server l\u00e4uft, ist das Starten von Moodle auch grunds\u00e4tzlich ohne den Umweg \u00fcber das Schulportal m\u00f6glich. Der Link zum Moodle der Heinrich-B\u00f6ll-Schule lautet:\u00a0https:\/\/mo6018.schule.hessen.de\/ Durch Anklicken sollte sich [&hellip;]<\/p>\n","protected":false},"author":1,"featured_media":0,"parent":0,"menu_order":0,"comment_status":"closed","ping_status":"closed","template":"","meta":{"_et_pb_use_builder":"on","_et_pb_old_content":"","footnotes":""},"class_list":["post-2420","page","type-page","status-publish","hentry"],"_links":{"self":[{"href":"https:\/\/www.xn--hbs-frth-b6a.de\/index.php\/wp-json\/wp\/v2\/pages\/2420","targetHints":{"allow":["GET"]}}],"collection":[{"href":"https:\/\/www.xn--hbs-frth-b6a.de\/index.php\/wp-json\/wp\/v2\/pages"}],"about":[{"href":"https:\/\/www.xn--hbs-frth-b6a.de\/index.php\/wp-json\/wp\/v2\/types\/page"}],"author":[{"embeddable":true,"href":"https:\/\/www.xn--hbs-frth-b6a.de\/index.php\/wp-json\/wp\/v2\/users\/1"}],"replies":[{"embeddable":true,"href":"https:\/\/www.xn--hbs-frth-b6a.de\/index.php\/wp-json\/wp\/v2\/comments?post=2420"}],"version-history":[{"count":17,"href":"https:\/\/www.xn--hbs-frth-b6a.de\/index.php\/wp-json\/wp\/v2\/pages\/2420\/revisions"}],"predecessor-version":[{"id":6111,"href":"https:\/\/www.xn--hbs-frth-b6a.de\/index.php\/wp-json\/wp\/v2\/pages\/2420\/revisions\/6111"}],"wp:attachment":[{"href":"https:\/\/www.xn--hbs-frth-b6a.de\/index.php\/wp-json\/wp\/v2\/media?parent=2420"}],"curies":[{"name":"wp","href":"https:\/\/api.w.org\/{rel}","templated":true}]}}