{"id":239,"date":"2019-11-09T22:16:22","date_gmt":"2019-11-09T21:16:22","guid":{"rendered":"http:\/\/5.189.168.161\/hbs-fuerth\/?page_id=239"},"modified":"2022-11-14T13:15:04","modified_gmt":"2022-11-14T12:15:04","slug":"anfahrt","status":"publish","type":"page","link":"https:\/\/www.xn--hbs-frth-b6a.de\/index.php\/anfahrt\/","title":{"rendered":"Anfahrt"},"content":{"rendered":"<p>[et_pb_section fb_built=&#8220;1&#8243; _builder_version=&#8220;3.22&#8243;][et_pb_row _builder_version=&#8220;4.0.6&#8243;][et_pb_column type=&#8220;4_4&#8243; _builder_version=&#8220;4.0.6&#8243;][et_pb_text _builder_version=&#8220;4.0.6&#8243;]<\/p>\n<h1>So kommen Sie zu unserer Schule<\/h1>\n<p>[\/et_pb_text][et_pb_divider _builder_version=&#8220;4.0.6&#8243;][\/et_pb_divider][\/et_pb_column][\/et_pb_row][et_pb_row column_structure=&#8220;3_4,1_4&#8243; _builder_version=&#8220;3.25&#8243; background_size=&#8220;initial&#8220; background_position=&#8220;top_left&#8220; background_repeat=&#8220;repeat&#8220;][et_pb_column type=&#8220;3_4&#8243; _builder_version=&#8220;3.25&#8243; custom_padding=&#8220;|||&#8220; custom_padding__hover=&#8220;|||&#8220;][et_pb_text _builder_version=&#8220;4.0.6&#8243; background_size=&#8220;initial&#8220; background_position=&#8220;top_left&#8220; background_repeat=&#8220;repeat&#8220;]<\/p>\n<p><span style=\"font-size: 14px;\">F\u00fcrth im Odenwald erreichen Sie \u00fcber die Bundesstra\u00dfen 460 und 38. In der Ortsmitte an der katholischen Kirche geht die Steinbacher Stra\u00dfe ab. An der dritten Abzweigung nach rechts in die Schulstra\u00dfe abbiegen. Die Heinrich-B\u00f6ll-Schule befindet sich in der Schulstra\u00dfe 10. <\/span><\/p>\n<p><span style=\"font-size: 14px;\">Die genaue Lage l\u00e4sst sich auch z.B. \u00fcber GoogleMaps der entsprechenden Karte entnehmen.<\/span><\/p>\n<p>[\/et_pb_text][et_pb_code _builder_version=&#8220;4.0.6&#8243;]<!--<!-- [et_pb_line_break_holder] --><iframe loading=\"lazy\" src=\"https:\/\/www.google.com\/maps\/embed?pb=!1m18!1m12!1m3!1d2583.421681980236!2d8.78086595135437!3d49.6463534527538!2m3!1f0!2f0!3f0!3m2!1i1024!2i768!4f13.1!3m3!1m2!1s0x4797df0025302b01%3A0xd5a1ea70f7b3ad43!2sHeinrich-B%C3%B6ll-Schule!5e0!3m2!1sde!2sde!4v1573820345770!5m2!1sde!2sde\" width=\"100%\" height=\"450\" frameborder=\"0\" style=\"border:0;\" allowfullscreen=\"\"><\/iframe><!-- [et_pb_line_break_holder] --><!-- [et_pb_line_break_holder] -->&#8211;>[\/et_pb_code][\/et_pb_column][et_pb_column type=&#8220;1_4&#8243; _builder_version=&#8220;3.25&#8243; custom_padding=&#8220;|||&#8220; custom_padding__hover=&#8220;|||&#8220;][et_pb_blog posts_number=&#8220;3&#8243; _builder_version=&#8220;4.0.6&#8243;][\/et_pb_blog][\/et_pb_column][\/et_pb_row][\/et_pb_section]<\/p>\n","protected":false},"excerpt":{"rendered":"<p>[et_pb_section fb_built=&#8220;1&#8243; _builder_version=&#8220;3.22&#8243;][et_pb_row _builder_version=&#8220;4.0.6&#8243;][et_pb_column type=&#8220;4_4&#8243; _builder_version=&#8220;4.0.6&#8243;][et_pb_text _builder_version=&#8220;4.0.6&#8243;] So kommen Sie zu unserer Schule [\/et_pb_text][et_pb_divider _builder_version=&#8220;4.0.6&#8243;][\/et_pb_divider][\/et_pb_column][\/et_pb_row][et_pb_row column_structure=&#8220;3_4,1_4&#8243; _builder_version=&#8220;3.25&#8243; background_size=&#8220;initial&#8220; background_position=&#8220;top_left&#8220; background_repeat=&#8220;repeat&#8220;][et_pb_column type=&#8220;3_4&#8243; _builder_version=&#8220;3.25&#8243; custom_padding=&#8220;|||&#8220; custom_padding__hover=&#8220;|||&#8220;][et_pb_text _builder_version=&#8220;4.0.6&#8243; background_size=&#8220;initial&#8220; background_position=&#8220;top_left&#8220; background_repeat=&#8220;repeat&#8220;] F\u00fcrth im Odenwald erreichen Sie \u00fcber die Bundesstra\u00dfen 460 und 38. In der Ortsmitte an der katholischen Kirche geht die Steinbacher Stra\u00dfe ab. An der dritten Abzweigung [&hellip;]<\/p>\n","protected":false},"author":1,"featured_media":0,"parent":0,"menu_order":0,"comment_status":"closed","ping_status":"closed","template":"","meta":{"_et_pb_use_builder":"on","_et_pb_old_content":"<!-- wp:paragraph -->\r\n<p>F\u00fcrth im Odenwald erreichen Sie \u00fcber die Bundesstra\u00dfen 460 und 38. Die Heinrich-B\u00f6ll-Schule befindet sich in der Schulstra\u00dfe 10. Die genaue Lage l\u00e4sst sich der Karte entnehmen.<\/p>\r\n<!-- \/wp:paragraph --><!-- wp:image -->\r\n<figure class=\"wp-block-image\"><img src=\"http:\/\/www.hbs-fuerth.de\/____impro\/1\/onewebmedia\/lageplan.jpg?etag=W%2F%22a542-59061a44%22&sourceContentType=image%2Fjpeg&ignoreAspectRatio&resize=499%2B385&extract=0%2B0%2B498%2B332&quality=85\" alt=\"\" \/><\/figure>\r\n<!-- \/wp:image -->","footnotes":""},"class_list":["post-239","page","type-page","status-publish","hentry"],"_links":{"self":[{"href":"https:\/\/www.xn--hbs-frth-b6a.de\/index.php\/wp-json\/wp\/v2\/pages\/239","targetHints":{"allow":["GET"]}}],"collection":[{"href":"https:\/\/www.xn--hbs-frth-b6a.de\/index.php\/wp-json\/wp\/v2\/pages"}],"about":[{"href":"https:\/\/www.xn--hbs-frth-b6a.de\/index.php\/wp-json\/wp\/v2\/types\/page"}],"author":[{"embeddable":true,"href":"https:\/\/www.xn--hbs-frth-b6a.de\/index.php\/wp-json\/wp\/v2\/users\/1"}],"replies":[{"embeddable":true,"href":"https:\/\/www.xn--hbs-frth-b6a.de\/index.php\/wp-json\/wp\/v2\/comments?post=239"}],"version-history":[{"count":13,"href":"https:\/\/www.xn--hbs-frth-b6a.de\/index.php\/wp-json\/wp\/v2\/pages\/239\/revisions"}],"predecessor-version":[{"id":5962,"href":"https:\/\/www.xn--hbs-frth-b6a.de\/index.php\/wp-json\/wp\/v2\/pages\/239\/revisions\/5962"}],"wp:attachment":[{"href":"https:\/\/www.xn--hbs-frth-b6a.de\/index.php\/wp-json\/wp\/v2\/media?parent=239"}],"curies":[{"name":"wp","href":"https:\/\/api.w.org\/{rel}","templated":true}]}}