{"id":23459,"date":"2026-05-11T16:49:16","date_gmt":"2026-05-11T14:49:16","guid":{"rendered":"https:\/\/www.xn--hbs-frth-b6a.de\/?page_id=23459"},"modified":"2026-05-11T17:12:22","modified_gmt":"2026-05-11T15:12:22","slug":"erasmus","status":"publish","type":"page","link":"https:\/\/www.xn--hbs-frth-b6a.de\/index.php\/schulprofil_schwerpunkte\/erasmus\/","title":{"rendered":"Erasmus+"},"content":{"rendered":"<p>[et_pb_section fb_built=&#8220;1&#8243; _builder_version=&#8220;4.0.6&#8243;][et_pb_row column_structure=&#8220;3_4,1_4&#8243; _builder_version=&#8220;4.0.6&#8243;][et_pb_column type=&#8220;3_4&#8243; _builder_version=&#8220;4.0.6&#8243;][et_pb_text _builder_version=&#8220;4.0.6&#8243; hover_enabled=&#8220;0&#8243;]<\/p>\n<h2><img loading=\"lazy\" decoding=\"async\" src=\"https:\/\/www.xn--hbs-frth-b6a.de\/wp-content\/uploads\/2024\/03\/Erasmus_with_baseline-left_pos_RGB_EN-1024x351.png\" width=\"411\" height=\"141\" alt=\"\" class=\"wp-image-12611 aligncenter size-large\" style=\"display: block; margin-left: auto; margin-right: auto;\" \/><\/h2>\n<h2>Die Heinrich-B\u00f6ll-Schule F\u00fcrth baut ihre internationalen Kontakte weiter aus und setzt dabei verst\u00e4rkt auf Programme im Rahmen von Erasmus+<\/h2>\n<p>Das EU-Programm f\u00f6rdert die Zusammenarbeit zwischen Schulen in Europa und erm\u00f6glicht Sch\u00fclerinnen und Sch\u00fclern, andere L\u00e4nder, Kulturen und Bildungssysteme kennenzulernen. Neben Austauschprojekten stehen dabei auch Sprachf\u00f6rderung, interkulturelles Lernen und pers\u00f6nliche Entwicklung im Mittelpunkt.<\/p>\n<p>&nbsp;<\/p>\n<p><strong>Ein fester Bestandteil des Erasmus+-Engagements der Schule ist die Parisfahrt im Jahrgang 10, an der die Franz\u00f6sischkurse teilnehmen.<\/strong><\/p>\n<p>Vor Ort besuchten die Sch\u00fclerinnen und Sch\u00fcler das \u201eColl\u00e8ge Ren\u00e9 Descartes\u201c und erhielten Einblicke in den franz\u00f6sischen Schulalltag. Die Reise bietet den Jugendlichen die Gelegenheit, ihre Sprachkenntnisse direkt anzuwenden und die franz\u00f6sische Kultur hautnah zu erleben.<\/p>\n<p><img loading=\"lazy\" decoding=\"async\" src=\"https:\/\/www.xn--hbs-frth-b6a.de\/wp-content\/uploads\/2026\/04\/WhatsApp-Image-2026-02-18-at-20.02.09-1024x688.jpeg\" width=\"644\" height=\"433\" alt=\"\" class=\"wp-image-23354 aligncenter size-large\" \/><\/p>\n<p>&nbsp;<\/p>\n<p><strong>Erstmals konnte die Schule in diesem Jahr zudem ein Projekt mit Italien realisieren:<\/strong><\/p>\n<p>Eine Fahrt nach Palermo erm\u00f6glichte den Teilnehmenden spannende Einblicke in das Leben und Lernen auf Sizilien. Dabei wurde das \u201eIstituto Comprensivo Statale Karol Wojtyla \u2013 Arenella\u201c besucht, und die Sch\u00fclerinnen und Sch\u00fcler nahmen aktiv am Unterricht teil. Diese unmittelbare Erfahrung des italienischen Schulalltags machte das Projekt besonders wertvoll.<\/p>\n<p><img loading=\"lazy\" decoding=\"async\" src=\"https:\/\/www.xn--hbs-frth-b6a.de\/wp-content\/uploads\/2026\/05\/IMG-20260428-WA0000-1024x768.jpg\" width=\"649\" height=\"487\" alt=\"Sch\u00fcler\/innen am Strand in Italien\" class=\"wp-image-23454 aligncenter size-large\" \/><\/p>\n<p>Langfristig ist geplant, aus diesen Begegnungen feste Schulpartnerschaften zu entwickeln und regelm\u00e4\u00dfige Austauschprogramme zu etablieren. Ein weiterer wichtiger Schritt steht bereits fest: Ab 2027 soll auch Vereinigtes K\u00f6nigreich wieder Teil der Erasmus+-Aktivit\u00e4ten der Schule sein. Geplant ist eine Fahrt nach Whitby, bei der die Sch\u00fclerinnen und Sch\u00fcler ihre Englischkenntnisse im direkten Austausch vertiefen k\u00f6nnen.<\/p>\n<p>Mit ihrem Engagement im Erasmus+-Programm setzt die Heinrich-B\u00f6ll-Schule F\u00fcrth ein klares Zeichen f\u00fcr gelebtes Europa und internationale Zusammenarbeit im Bildungsbereich.<\/p>\n<p>&nbsp;<\/p>\n<div class=\"lyte-wrapper\" style=\"width:640px;max-width:100%;margin:5px auto;\"><div class=\"lyMe\" id=\"WYL_weT5cNJ3_fg\"><div id=\"lyte_weT5cNJ3_fg\" data-src=\"\/\/i.ytimg.com\/vi\/weT5cNJ3_fg\/hqdefault.jpg\" class=\"pL\"><div class=\"tC\"><div class=\"tT\"><\/div><\/div><div class=\"play\"><\/div><div class=\"ctrl\"><div class=\"Lctrl\"><\/div><div class=\"Rctrl\"><\/div><\/div><\/div><noscript><a href=\"https:\/\/youtu.be\/weT5cNJ3_fg\" rel=\"nofollow\"><img loading=\"lazy\" decoding=\"async\" src=\"https:\/\/i.ytimg.com\/vi\/weT5cNJ3_fg\/0.jpg\" alt=\"YouTube-Video-Vorschaubild\" width=\"640\" height=\"340\" \/><br \/>Dieses Video auf YouTube ansehen<\/a><\/noscript><\/div><\/div><div class=\"lL\" style=\"max-width:100%;width:640px;margin:5px auto;\"><br\/><span class=\"lyte_disclaimer\">Datenschutzhinweis: Mit Anklicken des Videos wird eine Verbindung zu YouTube aufgebaut und personenbezogen Daten, wie z.B. die IP-Adresse werden \u00fcbertragen.<\/span><\/div><\/p>\n<p>[\/et_pb_text][\/et_pb_column][et_pb_column type=&#8220;1_4&#8243; _builder_version=&#8220;4.0.6&#8243;][et_pb_blog posts_number=&#8220;3&#8243; include_categories=&#8220;16,8,15&#8243; _builder_version=&#8220;4.0.6&#8243;][\/et_pb_blog][\/et_pb_column][\/et_pb_row][\/et_pb_section]<\/p>\n","protected":false},"excerpt":{"rendered":"<p>[et_pb_section fb_built=&#8220;1&#8243; _builder_version=&#8220;4.0.6&#8243;][et_pb_row column_structure=&#8220;3_4,1_4&#8243; _builder_version=&#8220;4.0.6&#8243;][et_pb_column type=&#8220;3_4&#8243; _builder_version=&#8220;4.0.6&#8243;][et_pb_text _builder_version=&#8220;4.0.6&#8243; hover_enabled=&#8220;0&#8243;] Die Heinrich-B\u00f6ll-Schule F\u00fcrth baut ihre internationalen Kontakte weiter aus und setzt dabei verst\u00e4rkt auf Programme im Rahmen von Erasmus+ Das EU-Programm f\u00f6rdert die Zusammenarbeit zwischen Schulen in Europa und erm\u00f6glicht Sch\u00fclerinnen und Sch\u00fclern, andere L\u00e4nder, Kulturen und Bildungssysteme kennenzulernen. Neben Austauschprojekten stehen dabei auch Sprachf\u00f6rderung, interkulturelles [&hellip;]<\/p>\n","protected":false},"author":8,"featured_media":0,"parent":3976,"menu_order":0,"comment_status":"closed","ping_status":"closed","template":"","meta":{"_et_pb_use_builder":"on","_et_pb_old_content":"","footnotes":""},"class_list":["post-23459","page","type-page","status-publish","hentry"],"_links":{"self":[{"href":"https:\/\/www.xn--hbs-frth-b6a.de\/index.php\/wp-json\/wp\/v2\/pages\/23459","targetHints":{"allow":["GET"]}}],"collection":[{"href":"https:\/\/www.xn--hbs-frth-b6a.de\/index.php\/wp-json\/wp\/v2\/pages"}],"about":[{"href":"https:\/\/www.xn--hbs-frth-b6a.de\/index.php\/wp-json\/wp\/v2\/types\/page"}],"author":[{"embeddable":true,"href":"https:\/\/www.xn--hbs-frth-b6a.de\/index.php\/wp-json\/wp\/v2\/users\/8"}],"replies":[{"embeddable":true,"href":"https:\/\/www.xn--hbs-frth-b6a.de\/index.php\/wp-json\/wp\/v2\/comments?post=23459"}],"version-history":[{"count":6,"href":"https:\/\/www.xn--hbs-frth-b6a.de\/index.php\/wp-json\/wp\/v2\/pages\/23459\/revisions"}],"predecessor-version":[{"id":23480,"href":"https:\/\/www.xn--hbs-frth-b6a.de\/index.php\/wp-json\/wp\/v2\/pages\/23459\/revisions\/23480"}],"up":[{"embeddable":true,"href":"https:\/\/www.xn--hbs-frth-b6a.de\/index.php\/wp-json\/wp\/v2\/pages\/3976"}],"wp:attachment":[{"href":"https:\/\/www.xn--hbs-frth-b6a.de\/index.php\/wp-json\/wp\/v2\/media?parent=23459"}],"curies":[{"name":"wp","href":"https:\/\/api.w.org\/{rel}","templated":true}]}}