{"id":2337,"date":"2020-03-14T14:32:40","date_gmt":"2020-03-14T13:32:40","guid":{"rendered":"https:\/\/www.xn--hbs-frth-b6a.de\/?page_id=2337"},"modified":"2022-11-25T10:50:45","modified_gmt":"2022-11-25T09:50:45","slug":"automatisch-gespeicherter-entwurf","status":"publish","type":"page","link":"https:\/\/www.xn--hbs-frth-b6a.de\/index.php\/automatisch-gespeicherter-entwurf\/","title":{"rendered":"Anleitung Login"},"content":{"rendered":"<p>[et_pb_section fb_built=&#8220;1&#8243; _builder_version=&#8220;4.0.6&#8243;][et_pb_row _builder_version=&#8220;4.0.6&#8243;][et_pb_column type=&#8220;4_4&#8243; _builder_version=&#8220;4.0.6&#8243;][et_pb_text _builder_version=&#8220;4.0.6&#8243;]<\/p>\n<h1>Anleitung: Zugang zum Schulportal<\/h1>\n<p>[\/et_pb_text][et_pb_divider _builder_version=&#8220;4.0.6&#8243;][\/et_pb_divider][\/et_pb_column][\/et_pb_row][et_pb_row column_structure=&#8220;3_4,1_4&#8243; _builder_version=&#8220;4.0.6&#8243;][et_pb_column type=&#8220;3_4&#8243; _builder_version=&#8220;4.0.6&#8243;][et_pb_text _builder_version=&#8220;4.0.6&#8243; text_font=&#8220;||||||||&#8220; hover_enabled=&#8220;0&#8243; link_font=&#8220;||||on||||&#8220;]<\/p>\n<p><strong>\u00d6ffnen des Schulportals:<\/strong><\/p>\n<p>Grunds\u00e4tzlich ist das Schulportal \u00fcber den Link\u00a0<a href=\"https:\/\/login.bildung.hessen.de\/?i=6018\">https:\/\/login.bildung.hessen.de\/?i=6018<\/a> erreichbar. Manchmal kommt es beim \u00d6ffnen zu Problemen, z.B. bei der Verwendung von Lesezeichen. Der Weg \u00fcber unsere Homepage und den Link im Men\u00fc &#8222;Unterricht&#8220; funktioniert in der Regel immer.<\/p>\n<p><img loading=\"lazy\" decoding=\"async\" class=\"alignnone wp-image-2340 size-large\" src=\"https:\/\/www.xn--hbs-frth-b6a.de\/wp-content\/uploads\/2020\/03\/schritt01_Link-1024x369.png\" alt=\"Foto Menue der Homepage\" width=\"1024\" height=\"369\" \/><\/p>\n<p>&nbsp;<\/p>\n<p><strong>Anmeldung im Schulportal:<\/strong><\/p>\n<p>Die Anmeldung am Schulportal funktioniert nur, wenn die korrekte Schule ausgew\u00e4hlt wird. Stellen Sie sicher, dass im oberen Bereich der Hinweis auf die Heinrich-B\u00f6ll-Schule steht. Dies ist bei Aufruf \u00fcber unserer Homepage gew\u00e4hrleistet. Ansonsten gibt es im unteren Bereich die M\u00f6glichkeit die Schule auszusuchen (Kreis Bergstra\u00dfe, Heinrich-B\u00f6ll-Schule).<\/p>\n<p><img loading=\"lazy\" decoding=\"async\" class=\"alignnone wp-image-2343 size-full\" src=\"https:\/\/www.xn--hbs-frth-b6a.de\/wp-content\/uploads\/2020\/03\/schritt02_login.png\" alt=\"Foto der Login-Seite des Schulportals\" width=\"938\" height=\"788\" \/><\/p>\n<p>Tragen Sie im Feld &#8222;Benutzer&#8220; den Anmeldenamen und im Feld &#8222;Passwort&#8220; das entsprechende Passwort ein. Diese Daten haben Sie in der Regel\u00a0 \u00fcber unsere Schule erhalten. Beim ersten Login muss das Passwort ge\u00e4ndert werden. Ein g\u00fcltiges Passwort muss 8 Zeichen lang sein und muss mindestens einen Gro\u00dfbuchstaben enthalten.<\/p>\n<p>&nbsp;<\/p>\n<p>[\/et_pb_text][\/et_pb_column][et_pb_column type=&#8220;1_4&#8243; _builder_version=&#8220;4.0.6&#8243;][et_pb_blog posts_number=&#8220;3&#8243; include_categories=&#8220;1,24,26,7&#8243; _builder_version=&#8220;4.0.6&#8243;][\/et_pb_blog][\/et_pb_column][\/et_pb_row][\/et_pb_section]<\/p>\n","protected":false},"excerpt":{"rendered":"<p>[et_pb_section fb_built=&#8220;1&#8243; _builder_version=&#8220;4.0.6&#8243;][et_pb_row _builder_version=&#8220;4.0.6&#8243;][et_pb_column type=&#8220;4_4&#8243; _builder_version=&#8220;4.0.6&#8243;][et_pb_text _builder_version=&#8220;4.0.6&#8243;] Anleitung: Zugang zum Schulportal [\/et_pb_text][et_pb_divider _builder_version=&#8220;4.0.6&#8243;][\/et_pb_divider][\/et_pb_column][\/et_pb_row][et_pb_row column_structure=&#8220;3_4,1_4&#8243; _builder_version=&#8220;4.0.6&#8243;][et_pb_column type=&#8220;3_4&#8243; _builder_version=&#8220;4.0.6&#8243;][et_pb_text _builder_version=&#8220;4.0.6&#8243; text_font=&#8220;||||||||&#8220; hover_enabled=&#8220;0&#8243; link_font=&#8220;||||on||||&#8220;] \u00d6ffnen des Schulportals: Grunds\u00e4tzlich ist das Schulportal \u00fcber den Link\u00a0https:\/\/login.bildung.hessen.de\/?i=6018 erreichbar. Manchmal kommt es beim \u00d6ffnen zu Problemen, z.B. bei der Verwendung von Lesezeichen. Der Weg \u00fcber unsere Homepage und den Link im Men\u00fc [&hellip;]<\/p>\n","protected":false},"author":1,"featured_media":0,"parent":0,"menu_order":0,"comment_status":"closed","ping_status":"closed","template":"","meta":{"_et_pb_use_builder":"on","_et_pb_old_content":"","footnotes":""},"class_list":["post-2337","page","type-page","status-publish","hentry"],"_links":{"self":[{"href":"https:\/\/www.xn--hbs-frth-b6a.de\/index.php\/wp-json\/wp\/v2\/pages\/2337","targetHints":{"allow":["GET"]}}],"collection":[{"href":"https:\/\/www.xn--hbs-frth-b6a.de\/index.php\/wp-json\/wp\/v2\/pages"}],"about":[{"href":"https:\/\/www.xn--hbs-frth-b6a.de\/index.php\/wp-json\/wp\/v2\/types\/page"}],"author":[{"embeddable":true,"href":"https:\/\/www.xn--hbs-frth-b6a.de\/index.php\/wp-json\/wp\/v2\/users\/1"}],"replies":[{"embeddable":true,"href":"https:\/\/www.xn--hbs-frth-b6a.de\/index.php\/wp-json\/wp\/v2\/comments?post=2337"}],"version-history":[{"count":8,"href":"https:\/\/www.xn--hbs-frth-b6a.de\/index.php\/wp-json\/wp\/v2\/pages\/2337\/revisions"}],"predecessor-version":[{"id":6233,"href":"https:\/\/www.xn--hbs-frth-b6a.de\/index.php\/wp-json\/wp\/v2\/pages\/2337\/revisions\/6233"}],"wp:attachment":[{"href":"https:\/\/www.xn--hbs-frth-b6a.de\/index.php\/wp-json\/wp\/v2\/media?parent=2337"}],"curies":[{"name":"wp","href":"https:\/\/api.w.org\/{rel}","templated":true}]}}