{"id":232,"date":"2019-11-09T22:12:26","date_gmt":"2019-11-09T21:12:26","guid":{"rendered":"http:\/\/5.189.168.161\/hbs-fuerth\/?page_id=232"},"modified":"2022-11-25T10:55:39","modified_gmt":"2022-11-25T09:55:39","slug":"informationen-von-a-bis-z","status":"publish","type":"page","link":"https:\/\/www.xn--hbs-frth-b6a.de\/index.php\/informationen-von-a-bis-z\/","title":{"rendered":"Infos  von A bis Z"},"content":{"rendered":"[et_pb_section fb_built=&#8220;1&#8243; _builder_version=&#8220;3.22&#8243;][et_pb_row _builder_version=&#8220;4.0.6&#8243;][et_pb_column type=&#8220;4_4&#8243; _builder_version=&#8220;4.0.6&#8243;][et_pb_text _builder_version=&#8220;4.0.6&#8243;]<h1>Infos von A bis Z<\/h1>[\/et_pb_text][et_pb_divider _builder_version=&#8220;4.0.6&#8243;][\/et_pb_divider][\/et_pb_column][\/et_pb_row][et_pb_row column_structure=&#8220;3_4,1_4&#8243; _builder_version=&#8220;3.25&#8243; background_size=&#8220;initial&#8220; background_position=&#8220;top_left&#8220; background_repeat=&#8220;repeat&#8220;][et_pb_column type=&#8220;3_4&#8243; _builder_version=&#8220;3.25&#8243; custom_padding=&#8220;|||&#8220; custom_padding__hover=&#8220;|||&#8220;][et_pb_text _builder_version=&#8220;4.0.6&#8243; link_font=&#8220;||||on||||&#8220; background_size=&#8220;initial&#8220; background_position=&#8220;top_left&#8220; background_repeat=&#8220;repeat&#8220; hover_enabled=&#8220;0&#8243;]<p><\/p>\n<h2 class=\"wp-block-heading\">Bus und Bahn<\/h2>\n<p>Fahrpl\u00e4ne der Schulbusse und der Bahn finden Sie auf den\u00a0<a href=\"https:\/\/www.vrn.de\/\">Seiten des Verkehrsverbund Rhein-Neckar (VRN)<\/a><\/p>\n<p>&nbsp;<\/p>\n<h2>Rechtliches<\/h2>\n<p>Rechtliches findet man auf<a href=\"https:\/\/kultusministerium.hessen.de\/schulsystem\/schulrecht\/schulrecht-nach-stichworten\">\u00a0dieser \u00dcbersichtsseite des Kultusministeriums.<\/a><\/p>\n<p>&nbsp;<\/p>\n<h2>Ostercamp<\/h2>\n<p>Die HBS hat bereits zum achten Mal an einem Ostercamp teilgenommen.<\/p>\n<p>Angesprochen sind alle Sch\u00fclerinnen und Sch\u00fcler der Jahrgangsstufen 9 und 10, die sich auf die Abschlusspr\u00fcfungen vorbereiten oder Wissensl\u00fccken in den F\u00e4chern Deutsch, Englisch oder Mathematik schlie\u00dfen wollen.<\/p>\n<p>Der Unterricht fand wie in den letzten Jahren in der ersten Woche der Osterferien statt &#8211; jeweils zwischen 8.00 Uhr und 13.00 Uhr. Die Gruppengr\u00f6\u00dfe lag zwischen 10 und 20 Sch\u00fclerinnen und Sch\u00fclern.<\/p>\n<p>Jede Sch\u00fclerin \/ jeder Sch\u00fcler hat bei der F\u00f6rderung im Ostercamp die Wahl, welche F\u00e4cher sie \/ er belegen m\u00f6chte. Inhalte sind die Wiederholung der Lehrpl\u00e4ne und gezielte \u00dcbungen f\u00fcr die Abschlusspr\u00fcfungen. Au\u00dferdem k\u00f6nnen Lern- und Methodentraining und bei Bedarf Musik- oder Kunstkurse angeboten werden. Nach den Unterrichtsblocks sind gemeinsame Fr\u00fchst\u00fcckspausen m\u00f6glich.<\/p>\n<p>Die teilnehmenden Schulen werden f\u00fcr die Organisation durch das Hessische Kultusministerium unterst\u00fctzt, deshalb entstehen f\u00fcr die Eltern keine Kosten. Allerdings ist jeder Teilnehmer f\u00fcr den Schulweg und die Verpflegung selbst verantwortlich.<\/p>\n<p>Als Kursleiter\/innen konnten in den letzten Jahren Lehrkr\u00e4fte der HBS, Referendare, Lehramtsstudierende im h\u00f6heren Semester und Vertretungslehrkr\u00e4fte gewonnen werden.<\/p>\n<p>Die Heinrich-B\u00f6ll-Schule plant auch im aktuellen Schuljahr wieder ein Ostercamp anzubieten, soweit das hessische Kultusministerium diese M\u00f6glichkeit der F\u00f6rderung &#8222;f\u00fcr abschlussgef\u00e4hrdete Sch\u00fclerinnen und Sch\u00fcler der Bildungsg\u00e4nge der Haupt- und Realschulen&#8220; wieder unterst\u00fctzt. Der F\u00f6rderunterricht soll dann in der ersten Woche der Osterferien stattfinden.<\/p>\n<p><a href=\"http:\/\/www.hbs-fuerth.de\/onewebmedia\/ostercamp-anmeldung.pdf\" target=\"_blank\" rel=\"noreferrer noopener\">Link zum Anmeldeformular als pdf-Datei<\/a><\/p>\n<p>&nbsp;<\/p>\n<h2>Patenprojekt<\/h2>\n<p>Im Rahmen von \u00d6ffnung von Schule und zur Verbesserung der Ausbildungschancen unserer Schulabg\u00e4nger gibt es seit einigen Jahren ein Patenmodell an der HBS. Es richtet sich an Sch\u00fclerinnen und Sch\u00fcler ab Jahrgangsstufe 7, deren Leistungen oder Wille, sich um eine Ausbildungsstelle zu bem\u00fchen, der Hilfe bed\u00fcrfen. Unsere Patinnen und Paten unterst\u00fctzen die Jugendlichen in schulischen Belangen, aber ebenso bei Bewerbungen und der Vorstellung in Betrieben sowie bei der Suche nach geeigneten weiterf\u00fchrenden Schulen. Ihre T\u00e4tigkeit ist ebenso freiwillig wie die Inanspruchnahme durch die Sch\u00fclerinnen und Sch\u00fcler.<\/p>\n<p>Auch in diesem Schuljahr bed\u00fcrfen wieder einige Sch\u00fclerinnen und Sch\u00fcler der Unterst\u00fctzung. Das Patenteam kann evtl. nicht alle Jugendlichen betreuen und w\u00fcrde sich deshalb \u00fcber neue ehrenamtliche Mitstreiter freuen.<\/p>\n<p>&nbsp;<\/p>\n<h2>Wahlpflichtunterricht (WPU)<\/h2>\n<p>Mit dem Wechsel in die Jahrgangsstufe 7 k\u00f6nnen die Sch\u00fcler die zweite Fremdsprache Franz\u00f6sisch erlernen oder zwei Wahlpflichtkurse belegen.<\/p>\n<p>Das Wahlpflichtangebot ist umfassend. Zun\u00e4chst gibt es Angebote aus dem klassischen Wahlpflichtunterricht wie Arbeiten mit Holz, Metall und Keramik sowie Ern\u00e4hrungslehre. Au\u00dferdem sind diverse Kurse wie Sport, Trainingslehre, Textiles Gestalten, naturwissenschaftliches Experimentieren, English Conversation, k\u00fcnstlerisches Gestalten, Musik, Tanz \u2026. m\u00f6glich. Selbstverst\u00e4ndlich gibt es die M\u00f6glichkeit das Arbeiten am Computer und an einer computergesteuerten CNC &#8211; Maschine zu erlernen.<\/p>\n<p>Zu Beginn des Schuljahres bekommen die Sch\u00fclerinnen und Sch\u00fcler eine \u00dcbersicht \u00fcber die angebotenen Kurse. Die Einwahl in die WPU-Kurse erfolgt jeweils in der ersten Unterrichtsstunde. Die unterrichtenden Kollegen geben Thema und eine kurze Beschreibung der Unterrichtsinhalte bekannt und stehen den Sch\u00fclern f\u00fcr Fragen zur Verf\u00fcgung. Anschlie\u00dfend erfolgt die Einwahl per Handzeichen. Dies gilt auch f\u00fcr den zweiten. Die Kurse laufen in der Regel ein Schuljahr lang.<\/p>\n<p>Das Wahlpflicht-Angebot erstreckt sich in allen Jahrg\u00e4ngen auf vier Stunden &#8211; zwei Kurse \u00e0 zwei Stunden.<\/p>\n<p>&nbsp;<\/p>\n<h2>Weihnachtsp\u00e4ckchen-Aktion<\/h2>\n<p>Seit 1998 organisiert die Fachschaft Religion eine Spendenaktion zugunsten bed\u00fcrftiger Kinder. Dabei verpacken die Sch\u00fcler und Sch\u00fclerinnen der Heinrich-B\u00f6ll-Schule liebevoll ausgew\u00e4hlte Geschenke, um bed\u00fcrftigen Kindern zu Weihnachten eine Freude zu bereiten.<\/p>\n<p>Zun\u00e4chst fand die Aktion gemeinsam mit der Rudolf-Walter-Stiftung statt. Die P\u00e4ckchen gingen nach Osteuropa. Danach wurden die Geschenke, im Rahmen des \u201eProjektes Portugal\u201c der Kolpingfamilie Rimbach, nach Nordportugal gebracht. Nachdem der Transport nach Portugal seit 2015 nicht mehr stattfinden kann wurden die Weihnachtsgeschenke in diesem Jahr an bed\u00fcrftige Kinder in F\u00fcrth verteilt. Letztes Jahr gingen die P\u00e4ckchen \u00fcber die \u201eStiftung Kinderzukunft\u201c nach Osteuropa.<\/p>\n<p>Die HBS wird auch dieses Jahr wieder eine Weihnachtsp\u00e4ckchen-Aktion durchf\u00fchren. Gedacht ist an kleine Weihnachtsgeschenke f\u00fcr Kinder und Jugendliche im Alter von 3 Jahren bis 14 Jahren. Nach den Herbstferien werden die Sch\u00fclerinnen und Sch\u00fcler von den Religionslehrern gebeten, ein Weihnachtsp\u00e4ckchen f\u00fcr ein Kind zu packen. Die P\u00e4ckchen gehen wieder \u00fcber die \u201eStiftung Kinderzukunft\u201c nach Osteuropa.<\/p>\n<p>Die Sch\u00fcler der HBS wollen mit dieser Aktion ihre Solidarit\u00e4t mit Kindern in Not ausdr\u00fccken und ihnen zeigen, dass sie nicht vergessen sind.<\/p>\n<p><\/p>\n[\/et_pb_text][\/et_pb_column][et_pb_column type=&#8220;1_4&#8243; _builder_version=&#8220;3.25&#8243; custom_padding=&#8220;|||&#8220; custom_padding__hover=&#8220;|||&#8220;][et_pb_blog posts_number=&#8220;3&#8243; _builder_version=&#8220;4.0.6&#8243;][\/et_pb_blog][\/et_pb_column][\/et_pb_row][\/et_pb_section]","protected":false},"excerpt":{"rendered":"<p>[et_pb_section fb_built=&#8220;1&#8243; _builder_version=&#8220;3.22&#8243;][et_pb_row _builder_version=&#8220;4.0.6&#8243;][et_pb_column type=&#8220;4_4&#8243; _builder_version=&#8220;4.0.6&#8243;][et_pb_text _builder_version=&#8220;4.0.6&#8243;] Infos von A bis Z [\/et_pb_text][et_pb_divider _builder_version=&#8220;4.0.6&#8243;][\/et_pb_divider][\/et_pb_column][\/et_pb_row][et_pb_row column_structure=&#8220;3_4,1_4&#8243; _builder_version=&#8220;3.25&#8243; background_size=&#8220;initial&#8220; background_position=&#8220;top_left&#8220; background_repeat=&#8220;repeat&#8220;][et_pb_column type=&#8220;3_4&#8243; _builder_version=&#8220;3.25&#8243; custom_padding=&#8220;|||&#8220; custom_padding__hover=&#8220;|||&#8220;][et_pb_text _builder_version=&#8220;4.0.6&#8243; link_font=&#8220;||||on||||&#8220; background_size=&#8220;initial&#8220; background_position=&#8220;top_left&#8220; background_repeat=&#8220;repeat&#8220; hover_enabled=&#8220;0&#8243;] Im Rahmen von \u00d6ffnung von Schule und zur Verbesserung der Ausbildungschancen unserer Schulabg\u00e4nger gibt es seit einigen Jahren ein Patenmodell an der HBS. Es richtet sich [&hellip;]<\/p>\n","protected":false},"author":1,"featured_media":0,"parent":0,"menu_order":0,"comment_status":"closed","ping_status":"closed","template":"","meta":{"_et_pb_use_builder":"on","_et_pb_old_content":"<!-- wp:heading -->\r\n<h2>Bus und Bahn<\/h2>\r\n<!-- \/wp:heading --><!-- wp:paragraph -->\r\n<p>Fahrpl\u00e4ne der Schulbusse und der Bahn finden Sie auf den\u00a0<a href=\"https:\/\/www.vrn.de\/\">Seiten des Verkehrsverbund Rhein-Neckar (VRN)<\/a><\/p>\r\n<!-- \/wp:paragraph --><!-- wp:heading -->\r\n<h2>Rechtliches<\/h2>\r\n<!-- \/wp:heading --><!-- wp:paragraph -->\r\n<p>Rechtliches findet man auf<a href=\"https:\/\/kultusministerium.hessen.de\/schulsystem\/schulrecht\/schulrecht-nach-stichworten\">\u00a0dieser \u00dcbersichtsseite des Kultusministeriums.<\/a><\/p>\r\n<!-- \/wp:paragraph --><!-- wp:heading -->\r\n<h2>Ostercamp<\/h2>\r\n<!-- \/wp:heading --><!-- wp:paragraph -->\r\n<p>Die HBS hat bereits zum achten Mal an einem Ostercamp teilgenommen.<\/p>\r\n<!-- \/wp:paragraph --><!-- wp:paragraph -->\r\n<p>Angesprochen sind alle Sch\u00fclerinnen und Sch\u00fcler der Jahrgangsstufen 9 und 10, die sich auf die Abschlusspr\u00fcfungen vorbereiten oder Wissensl\u00fccken in den F\u00e4chern Deutsch, Englisch oder Mathematik schlie\u00dfen wollen.<\/p>\r\n<!-- \/wp:paragraph --><!-- wp:paragraph -->\r\n<p>Der Unterricht fand wie in den letzten Jahren in der ersten Woche der Osterferien statt - jeweils zwischen 8.00 Uhr und 13.00 Uhr. Die Gruppengr\u00f6\u00dfe lag zwischen 10 und 20 Sch\u00fclerinnen und Sch\u00fclern.<\/p>\r\n<!-- \/wp:paragraph --><!-- wp:paragraph -->\r\n<p>Jede Sch\u00fclerin \/ jeder Sch\u00fcler hat bei der F\u00f6rderung im Ostercamp die Wahl, welche F\u00e4cher sie \/ er belegen m\u00f6chte. Inhalte sind die Wiederholung der Lehrpl\u00e4ne und gezielte \u00dcbungen f\u00fcr die Abschlusspr\u00fcfungen. Au\u00dferdem k\u00f6nnen Lern- und Methodentraining und bei Bedarf Musik- oder Kunstkurse angeboten werden. Nach den Unterrichtsblocks sind gemeinsame Fr\u00fchst\u00fcckspausen m\u00f6glich.<\/p>\r\n<!-- \/wp:paragraph --><!-- wp:paragraph -->\r\n<p>Die teilnehmenden Schulen werden f\u00fcr die Organisation durch das Hessische Kultusministerium unterst\u00fctzt, deshalb entstehen f\u00fcr die Eltern keine Kosten. Allerdings ist jeder Teilnehmer f\u00fcr den Schulweg und die Verpflegung selbst verantwortlich.<\/p>\r\n<!-- \/wp:paragraph --><!-- wp:paragraph -->\r\n<p>Als Kursleiter\/innen konnten in den letzten Jahren Lehrkr\u00e4fte der HBS, Referendare, Lehramtsstudierende im h\u00f6heren Semester und Vertretungslehrkr\u00e4fte gewonnen werden.<\/p>\r\n<!-- \/wp:paragraph --><!-- wp:paragraph -->\r\n<p>Die Heinrich-B\u00f6ll-Schule plant auch im aktuellen Schuljahr wieder ein Ostercamp anzubieten, soweit das hessische Kultusministerium diese M\u00f6glichkeit der F\u00f6rderung \"f\u00fcr abschlussgef\u00e4hrdete Sch\u00fclerinnen und Sch\u00fcler der Bildungsg\u00e4nge der Haupt- und Realschulen\" wieder unterst\u00fctzt. Der F\u00f6rderunterricht soll dann in der ersten Woche der Osterferien stattfinden.<\/p>\r\n<!-- \/wp:paragraph --><!-- wp:paragraph -->\r\n<p><a href=\"http:\/\/www.hbs-fuerth.de\/onewebmedia\/ostercamp-anmeldung.pdf\" target=\"_blank\" rel=\"noreferrer noopener\">zum Anmeldeformular<\/a><\/p>\r\n<!-- \/wp:paragraph --><!-- wp:heading -->\r\n<h2>Patenprojekt<\/h2>\r\n<!-- \/wp:heading --><!-- wp:paragraph -->\r\n<p>Im Rahmen von \u00d6ffnung von Schule und zur Verbesserung der Ausbildungschancen unserer Schulabg\u00e4nger gibt es seit einigen Jahren ein Patenmodell an der HBS. Es richtet sich an Sch\u00fclerinnen und Sch\u00fcler ab Jahrgangsstufe 7, deren Leistungen oder Wille, sich um eine Ausbildungsstelle zu bem\u00fchen, der Hilfe bed\u00fcrfen. Unsere Patinnen und Paten unterst\u00fctzen die Jugendlichen in schulischen Belangen, aber ebenso bei Bewerbungen und der Vorstellung in Betrieben sowie bei der Suche nach geeigneten weiterf\u00fchrenden Schulen. Ihre T\u00e4tigkeit ist ebenso freiwillig wie die Inanspruchnahme durch die Sch\u00fclerinnen und Sch\u00fcler.<\/p>\r\n<!-- \/wp:paragraph --><!-- wp:paragraph -->\r\n<p>Auch in diesem Schuljahr bed\u00fcrfen wieder einige Sch\u00fclerinnen und Sch\u00fcler der Unterst\u00fctzung. Das Patenteam kann evtl. nicht alle Jugendlichen betreuen und w\u00fcrde sich deshalb \u00fcber neue ehrenamtliche Mitstreiter freuen.<\/p>\r\n<!-- \/wp:paragraph --><!-- wp:heading -->\r\n<h2>Wahlpflichtunterricht (WPU)<\/h2>\r\n<!-- \/wp:heading --><!-- wp:paragraph -->\r\n<p>Mit dem Wechsel in die Jahrgangsstufe 7 k\u00f6nnen die Sch\u00fcler die zweite Fremdsprache Franz\u00f6sisch erlernen oder zwei Wahlpflichtkurse belegen.<\/p>\r\n<!-- \/wp:paragraph --><!-- wp:paragraph -->\r\n<p>Das Wahlpflichtangebot ist umfassend. Zun\u00e4chst gibt es Angebote aus dem klassischen Wahlpflichtunterricht wie Arbeiten mit Holz, Metall und Keramik sowie Ern\u00e4hrungslehre. Au\u00dferdem sind diverse Kurse wie Sport, Trainingslehre, Textiles Gestalten, naturwissenschaftliches Experimentieren, English Conversation, k\u00fcnstlerisches Gestalten, Musik, Tanz \u2026. m\u00f6glich. Selbstverst\u00e4ndlich gibt es die M\u00f6glichkeit das Arbeiten am Computer und an einer computergesteuerten CNC - Maschine zu erlernen.<\/p>\r\n<!-- \/wp:paragraph --><!-- wp:paragraph -->\r\n<p>Zu Beginn des Schuljahres bekommen die Sch\u00fclerinnen und Sch\u00fcler eine \u00dcbersicht \u00fcber die angebotenen Kurse. Die Einwahl in die WPU-Kurse erfolgt jeweils in der ersten Unterrichtsstunde. Die unterrichtenden Kollegen geben Thema und eine kurze Beschreibung der Unterrichtsinhalte bekannt und stehen den Sch\u00fclern f\u00fcr Fragen zur Verf\u00fcgung. Anschlie\u00dfend erfolgt die Einwahl per Handzeichen. Dies gilt auch f\u00fcr den zweiten. Die Kurse laufen in der Regel ein Schuljahr lang.<\/p>\r\n<!-- \/wp:paragraph --><!-- wp:paragraph -->\r\n<p>Das Wahlpflicht-Angebot erstreckt sich in allen Jahrg\u00e4ngen auf vier Stunden - zwei Kurse \u00e0 zwei Stunden.<\/p>\r\n<!-- \/wp:paragraph --><!-- wp:heading -->\r\n<h2>Weihnachtsp\u00e4ckchen-Aktion<\/h2>\r\n<!-- \/wp:heading --><!-- wp:paragraph -->\r\n<p>Seit 1998 organisiert die Fachschaft Religion eine Spendenaktion zugunsten bed\u00fcrftiger Kinder. Dabei verpacken die Sch\u00fcler und Sch\u00fclerinnen der Heinrich-B\u00f6ll-Schule liebevoll ausgew\u00e4hlte Geschenke, um bed\u00fcrftigen Kindern zu Weihnachten eine Freude zu bereiten.<\/p>\r\n<!-- \/wp:paragraph --><!-- wp:paragraph -->\r\n<p>Zun\u00e4chst fand die Aktion gemeinsam mit der Rudolf-Walter-Stiftung statt. Die P\u00e4ckchen gingen nach Osteuropa. Danach wurden die Geschenke, im Rahmen des \u201eProjektes Portugal\u201c der Kolpingfamilie Rimbach, nach Nordportugal gebracht. Nachdem der Transport nach Portugal seit 2015 nicht mehr stattfinden kann wurden die Weihnachtsgeschenke in diesem Jahr an bed\u00fcrftige Kinder in F\u00fcrth verteilt. Letztes Jahr gingen die P\u00e4ckchen \u00fcber die \u201eStiftung Kinderzukunft\u201c nach Osteuropa.<\/p>\r\n<!-- \/wp:paragraph --><!-- wp:paragraph -->\r\n<p>Die HBS wird auch dieses Jahr wieder eine Weihnachtsp\u00e4ckchen-Aktion durchf\u00fchren. Gedacht ist an kleine Weihnachtsgeschenke f\u00fcr Kinder und Jugendliche im Alter von 3 Jahren bis 14 Jahren. Nach den Herbstferien werden die Sch\u00fclerinnen und Sch\u00fcler von den Religionslehrern gebeten, ein Weihnachtsp\u00e4ckchen f\u00fcr ein Kind zu packen. Die P\u00e4ckchen gehen wieder \u00fcber die \u201eStiftung Kinderzukunft\u201c nach Osteuropa.<\/p>\r\n<!-- \/wp:paragraph --><!-- wp:paragraph -->\r\n<p>Die Sch\u00fcler der HBS wollen mit dieser Aktion ihre Solidarit\u00e4t mit Kindern in Not ausdr\u00fccken und ihnen zeigen, dass sie nicht vergessen sind.<\/p>\r\n<!-- \/wp:paragraph -->","footnotes":""},"class_list":["post-232","page","type-page","status-publish","hentry"],"_links":{"self":[{"href":"https:\/\/www.xn--hbs-frth-b6a.de\/index.php\/wp-json\/wp\/v2\/pages\/232","targetHints":{"allow":["GET"]}}],"collection":[{"href":"https:\/\/www.xn--hbs-frth-b6a.de\/index.php\/wp-json\/wp\/v2\/pages"}],"about":[{"href":"https:\/\/www.xn--hbs-frth-b6a.de\/index.php\/wp-json\/wp\/v2\/types\/page"}],"author":[{"embeddable":true,"href":"https:\/\/www.xn--hbs-frth-b6a.de\/index.php\/wp-json\/wp\/v2\/users\/1"}],"replies":[{"embeddable":true,"href":"https:\/\/www.xn--hbs-frth-b6a.de\/index.php\/wp-json\/wp\/v2\/comments?post=232"}],"version-history":[{"count":12,"href":"https:\/\/www.xn--hbs-frth-b6a.de\/index.php\/wp-json\/wp\/v2\/pages\/232\/revisions"}],"predecessor-version":[{"id":6237,"href":"https:\/\/www.xn--hbs-frth-b6a.de\/index.php\/wp-json\/wp\/v2\/pages\/232\/revisions\/6237"}],"wp:attachment":[{"href":"https:\/\/www.xn--hbs-frth-b6a.de\/index.php\/wp-json\/wp\/v2\/media?parent=232"}],"curies":[{"name":"wp","href":"https:\/\/api.w.org\/{rel}","templated":true}]}}