{"id":230,"date":"2019-11-09T22:11:37","date_gmt":"2019-11-09T21:11:37","guid":{"rendered":"http:\/\/5.189.168.161\/hbs-fuerth\/?page_id=230"},"modified":"2022-11-25T10:52:52","modified_gmt":"2022-11-25T09:52:52","slug":"auszeitraum","status":"publish","type":"page","link":"https:\/\/www.xn--hbs-frth-b6a.de\/index.php\/auszeitraum\/","title":{"rendered":"Auszeitraum"},"content":{"rendered":"[et_pb_section fb_built=&#8220;1&#8243; _builder_version=&#8220;3.22&#8243;][et_pb_row _builder_version=&#8220;4.0.6&#8243;][et_pb_column type=&#8220;4_4&#8243; _builder_version=&#8220;4.0.6&#8243;][et_pb_text _builder_version=&#8220;4.0.6&#8243;]<h1>Unser Auszeitraum<\/h1>[\/et_pb_text][et_pb_divider _builder_version=&#8220;4.0.6&#8243;][\/et_pb_divider][\/et_pb_column][\/et_pb_row][et_pb_row column_structure=&#8220;3_4,1_4&#8243; _builder_version=&#8220;3.25&#8243; background_size=&#8220;initial&#8220; background_position=&#8220;top_left&#8220; background_repeat=&#8220;repeat&#8220;][et_pb_column type=&#8220;3_4&#8243; _builder_version=&#8220;3.25&#8243; custom_padding=&#8220;|||&#8220; custom_padding__hover=&#8220;|||&#8220;][et_pb_text _builder_version=&#8220;4.0.6&#8243; background_size=&#8220;initial&#8220; background_position=&#8220;top_left&#8220; background_repeat=&#8220;repeat&#8220; hover_enabled=&#8220;0&#8243;]<h2>Umgang mit Unterrichtsst\u00f6rungen (Klare Regeln, klare Konsequenzen)<\/h2>\n<p>&nbsp;<\/p>\n<h3>1. Ziele:<!-- \/wp:post-content --><!-- wp:list --><\/h3>\n<ul>\n<li>Lernwillige Sch\u00fcler sollen gesch\u00fctzt werden.<\/li>\n<li>Lehrer sollen ungest\u00f6rt unterrichten k\u00f6nnen.<\/li>\n<li>Rahmenbedingungen f\u00fcr einen ungest\u00f6rten Unterricht sollen geschaffen werden.<\/li>\n<li>Es m\u00fcssen konkrete Hilfen f\u00fcr h\u00e4ufig st\u00f6rende Sch\u00fcler angeboten werden, die zur Verbesserung des Verhaltens f\u00fchren.<\/li>\n<\/ul>\n<p>&nbsp;<\/p>\n<h3>2. Leitlinien:<!-- wp:list \/--><\/h3>\n<ul>\n<li>Der Auszeitraum ist kein \u201eStrafma\u00dfnahmeraum\u201c!<\/li>\n<li>Die Grundidee von Eigenverantwortung: Jeder ist f\u00fcr sein eigenes Tun verantwortlich.<\/li>\n<li>Es gilt ein respektvoller Umgang miteinander.<\/li>\n<\/ul>\n<p>&nbsp;<\/p>\n<h3>3. Grundregeln (h\u00e4ngt als Plakat in jedem Klassenraum):<!-- wp:list \/--><\/h3>\n<ul>\n<li>Verantwortungs\u00fcbernahme bedeutet auch Anerkennung des Gebots, dass Lehrer und Sch\u00fcler sowohl Rechte als auch Pflichten haben.<\/li>\n<li>Jeder Sch\u00fcler hat das Recht, ungest\u00f6rt zu lernen!<\/li>\n<li>Jeder Lehrer hat das Recht, ungest\u00f6rt zu unterrichten!<\/li>\n<li>Die Rechte des anderen m\u00fcssen geachtet und respektiert werden!<\/li>\n<li>Die drei Grundregeln des Auszeitmodells werden als elementare Unterrichtsregeln in allen Klassen der HBS eingef\u00fchrt (verantwortlich ist der Klassenlehrer) und medial festgehalten!<\/li>\n<li>Das Leitbild der HBS wird in diesem Zusammenhang vorgestellt, besprochen und in jedem Klassenraum aufgeh\u00e4ngt.<\/li>\n<\/ul>\n<p>&nbsp;<\/p>\n<h3>4. Vor der Auszeit<!-- wp:list \/--><\/h3>\n<ul>\n<li>Jeder Lehrer \u00fcberpr\u00fcft genau, ob es sich tats\u00e4chlich um eine Unterrichtsst\u00f6rung handelt (Material, Hausaufgaben oder Sportsachen vergessen ist kein Grund). o Der Sch\u00fcler wird zuerst vom Lehrer ermahnt und an die Grundregeln erinnert.<\/li>\n<li>Es gibt nur eine Ermahnung, die Sch\u00fcler kennen die Regeln und m\u00fcssen nicht mehrmals darauf hingewiesen werden.<\/li>\n<li>Die Verantwortung liegt jetzt beim Sch\u00fcler, der sich selbst entscheiden muss, entweder den Unterricht zu verlassen, wenn er nicht ohne weitere St\u00f6rungen daran teilnehmen kann oder nicht weiter zu st\u00f6ren und im Unterricht zu bleiben. Die Lehrkraft muss nicht bestimmen, diskutieren, er\u00f6rtern, nachweisen oder erkl\u00e4ren.<\/li>\n<li>\u00c4ndert der Sch\u00fcler sein Verhalten nicht, bekommt er einen Laufzettel und geht in den Auszeitraum.<\/li>\n<\/ul>\n<p>&nbsp;<\/p>\n<h3>5. \u201eFreiwilliger\u201c Besuch im Auszeitraum:<!-- wp:list \/--><\/h3>\n<ul>\n<li>Sch\u00fcler k\u00f6nnen\u00a0<strong>nach Absprache mit dem Lehrer<\/strong> den Auszeitraum besuchen, um in\u00a0 Ruhe Arbeiten zu erledigen<\/li>\n<li>der Fachlehrer entscheidet \u00fcber den Sinn dieser Ma\u00dfnahme und notiert dies auf dem Laufzettel.<\/li>\n<li>Arbeitsmaterialien sind selbstverst\u00e4ndlich vorhanden.<\/li>\n<li>Ein freiwilliger Besuch wird nicht im gr\u00fcnen Heft oder in der Moodle-Liste eingetragen.<\/li>\n<\/ul>\n<p>&nbsp;<\/p>\n<h3>6. Im Auszeitraum<!-- wp:list \/--><\/h3>\n<ul>\n<li>Wenn der Sch\u00fcler oder die Sch\u00fclerin den Raum betritt, sollte er\/sie ruhig und freundlich empfangen werden.<\/li>\n<li>Je nachdem, in welchen emotionalen Zustand der Sch\u00fcler den Raum betritt, sollte man ihm die M\u00f6glichkeit geben seiner Wut und Aufregung Raum zu geben und gemeinsam L\u00f6sungen bzw. Alternativen f\u00fcr sein Verhalten zu finden.<\/li>\n<li>Unsere Aufgabe im Auszeitraum ist es, den Sch\u00fclern die M\u00f6glichkeit zu geben, angeh\u00f6rt zu werden, evtl. den Grund des Verhaltens herauszufinden und mit den Sch\u00fclern zu besprechen, wie sie in Zukunft ein solches Verhalten vermeiden k\u00f6nnen bzw. an wen sie sich wenden k\u00f6nnen, wenn sie Hilfe brauchen.<\/li>\n<li>Respektloses Verhalten und Grenz\u00fcberschreitungen werden nicht akzeptiert, sie sollen thematisiert werden und \u2013 wenn m\u00f6glich \u2013 sollen gemeinsam Alternativen erarbeitet werden. Es ist sehr hilfreich, wenn sich die Gespr\u00e4che nicht am \u201eProblem\u201c aufh\u00e4ngen, sondern wenn wir versuchen, L\u00f6sungsans\u00e4tze zu finden und gemeinsam mit dem Sch\u00fcler Strategien zu erarbeiten, anstatt zu ma\u00dfregeln und zu verbieten.<\/li>\n<li>Ist der Sch\u00fcler emotional in der Lage sich einzulassen, sollte man ihn zum konzentrierten Arbeiten motivieren (Ausf\u00fcllen des Reflexionsbogens, Bearbeiten der Aufgaben und Materialien).<\/li>\n<\/ul>\n<p>&nbsp;<\/p>\n<h3>7.R\u00fcckkehr in den Unterricht<!-- wp:list \/--><\/h3>\n<ul>\n<li>Nach dem Auszeitraumbesuch ist es die Verantwortung der Sch\u00fclerinnen und Sch\u00fcler, mit dem Fachlehrer in Kontakt zu treten und den unterschriebenen Laufzettel zu zeigen (der Auszeitlehrer entl\u00e4sst den Sch\u00fcler ca. 5 Minuten vor Stundenende).<\/li>\n<li>Der Reflexionsbogen, wird von dem Sch\u00fcler und dem Auszeitraumlehrer ausgef\u00fcllt und sollte als Basis f\u00fcr das anschlie\u00dfende Gespr\u00e4ch genommen werden. Dieser bleibt im Auszeitraum und wird \u00fcber Herrn Pohen an den Klassenlehrer weitergeleitet, damit er\/sie informiert ist und ihn in der Sch\u00fclerakte abheften kann.<\/li>\n<\/ul>\n<p>&nbsp;<\/p>\n<h3>8.Konsequenzen:<!-- \/wp:list --><!-- wp:list --><\/h3>\n<ul>\n<li>Es wird eine Liste gef\u00fchrt, die regelm\u00e4\u00dfig ausgewertet wird. Diese Liste wird alle 3 Monate \u201egenullt\u201c, d.h. die Besuche im Auszeitraum werden dann nicht mehr gez\u00e4hlt.<\/li>\n<li>Wenn ein Sch\u00fcler innerhalb dieser drei Monate 3x den Auszeitraum besuchen musste, wird er\/sie ein Gespr\u00e4ch mit der P\u00e4dagogischen Leiterin f\u00fchren, in dem evtl. weitere Ma\u00dfnahmen festgelegt werden (Trainingseinheiten, Coaching, Sozialstunden \u2026), au\u00dferdem werden die Eltern informiert.<\/li>\n<li>Nach 6 Besuchen im Auszeitraum werden die Eltern und der Sch\u00fcler von der\u00a0 P\u00e4dagogischen Leiterin zu einem Gespr\u00e4ch in die Schule eingeladen.<\/li>\n<li>H\u00e4ufige Besuche im Auszeitraum k\u00f6nnen Anlass daf\u00fcr sein, die \u201eHandlungskette bei Regelverst\u00f6\u00dfen\u201c (Stufe 1) zu nutzen.<\/li>\n<\/ul>\n<p>&nbsp;<\/p>\n<h3>9. Materialien:<!-- wp:list \/--><\/h3>\n<ul>\n<li>Im Auszeitraum befindet sich ein Ordner mit Kopien, die von den Sch\u00fclern bearbeitet werden k\u00f6nnen (das sind z.T. kreative M\u00f6glichkeiten, um konkrete St\u00f6rungen zu reflektieren, aber auch Abschreibtexte, R\u00e4tsel etc.).<\/li>\n<li>Es werden Notebooks mit Apps versehen, an denen Sch\u00fcler arbeiten k\u00f6nnen.<\/li>\n<li>Es wird eine Linkliste zusammengestellt, anhand derer die Sch\u00fcler Aufgaben im Internet bearbeiten k\u00f6nnen (z.B.\u00a0<a href=\"http:\/\/www.englisch-hilfen.de\/\">www.englisch-hilfen.de<\/a>), alternativ dazu k\u00f6nnen auch Materialien in Ordnern als Kopiervorlage abgelegt werden.<\/li>\n<\/ul>\n<p><!-- \/wp:list --><\/p>\n[\/et_pb_text][\/et_pb_column][et_pb_column type=&#8220;1_4&#8243; _builder_version=&#8220;3.25&#8243; custom_padding=&#8220;|||&#8220; custom_padding__hover=&#8220;|||&#8220;][et_pb_blog posts_number=&#8220;3&#8243; _builder_version=&#8220;4.0.6&#8243;][\/et_pb_blog][\/et_pb_column][\/et_pb_row][\/et_pb_section]","protected":false},"excerpt":{"rendered":"<p>[et_pb_section fb_built=&#8220;1&#8243; _builder_version=&#8220;3.22&#8243;][et_pb_row _builder_version=&#8220;4.0.6&#8243;][et_pb_column type=&#8220;4_4&#8243; _builder_version=&#8220;4.0.6&#8243;][et_pb_text _builder_version=&#8220;4.0.6&#8243;]Unser Auszeitraum[\/et_pb_text][et_pb_divider _builder_version=&#8220;4.0.6&#8243;][\/et_pb_divider][\/et_pb_column][\/et_pb_row][et_pb_row column_structure=&#8220;3_4,1_4&#8243; _builder_version=&#8220;3.25&#8243; background_size=&#8220;initial&#8220; background_position=&#8220;top_left&#8220; background_repeat=&#8220;repeat&#8220;][et_pb_column type=&#8220;3_4&#8243; _builder_version=&#8220;3.25&#8243; custom_padding=&#8220;|||&#8220; custom_padding__hover=&#8220;|||&#8220;][et_pb_text _builder_version=&#8220;4.0.6&#8243; background_size=&#8220;initial&#8220; background_position=&#8220;top_left&#8220; background_repeat=&#8220;repeat&#8220; hover_enabled=&#8220;0&#8243;]Umgang mit Unterrichtsst\u00f6rungen (Klare Regeln, klare Konsequenzen) &nbsp; 1. Ziele: Lernwillige Sch\u00fcler sollen gesch\u00fctzt werden. Lehrer sollen ungest\u00f6rt unterrichten k\u00f6nnen. Rahmenbedingungen f\u00fcr einen ungest\u00f6rten Unterricht sollen geschaffen werden. Es m\u00fcssen konkrete Hilfen f\u00fcr [&hellip;]<\/p>\n","protected":false},"author":1,"featured_media":0,"parent":0,"menu_order":0,"comment_status":"closed","ping_status":"closed","template":"","meta":{"_et_pb_use_builder":"on","_et_pb_old_content":"<!-- wp:heading -->\r\n<h2>Umgang mit Unterrichtsst\u00f6rungen<\/h2>\r\n<!-- \/wp:heading --><!-- wp:heading -->\r\n<h2>Klare Regeln, klare Konsequenzen<\/h2>\r\n<!-- \/wp:heading --><!-- wp:heading -->\r\n<h2>1. Ziele:\u00a0<\/h2>\r\n<!-- \/wp:heading --><!-- wp:list -->\r\n<ul>\r\n<li>Lernwillige Sch\u00fcler sollen gesch\u00fctzt werden. o Lehrer sollen ungest\u00f6rt unterrichten k\u00f6nnen. o Rahmenbedingungen f\u00fcr einen ungest\u00f6rten Unterricht sollen geschaffen werden. o Es m\u00fcssen konkrete Hilfen f\u00fcr h\u00e4ufig st\u00f6rende Sch\u00fcler angeboten werden, die zur Verbesserung des Verhaltens f\u00fchren.<\/li>\r\n<\/ul>\r\n<!-- \/wp:list --><!-- wp:heading -->\r\n<h2>2. Leitlinien:\u00a0<\/h2>\r\n<!-- \/wp:heading --><!-- wp:list -->\r\n<ul>\r\n<li>Der Auszeitraum ist kein \u201eStrafma\u00dfnahmeraum\u201c!<\/li>\r\n<li>Die Grundidee von Eigenverantwortung: Jeder ist f\u00fcr sein eigenes Tun verantwortlich.<\/li>\r\n<li>Es gilt ein respektvoller Umgang miteinander.<\/li>\r\n<\/ul>\r\n<!-- \/wp:list --><!-- wp:heading -->\r\n<h2>3. Grundregeln (h\u00e4ngt als Plakat in jedem Klassenraum):<\/h2>\r\n<!-- \/wp:heading --><!-- wp:list -->\r\n<ul>\r\n<li>Verantwortungs\u00fcbernahme bedeutet auch Anerkennung des Gebots, dass Lehrer und Sch\u00fcler sowohl Rechte als auch Pflichten haben.<\/li>\r\n<li><strong>Jeder Sch\u00fcler hat das Recht, ungest\u00f6rt zu lernen!<\/strong><\/li>\r\n<li><strong>Jeder Lehrer hat das Recht, ungest\u00f6rt zu unterrichten!<\/strong><\/li>\r\n<li><strong>Die Rechte des anderen m\u00fcssen geachtet und respektiert werden!\u00a0<\/strong><\/li>\r\n<\/ul>\r\n<!-- \/wp:list --><!-- wp:heading {\"level\":3} -->\r\n<h3>Die drei Grundregeln des Auszeitmodells werden als elementare Unterrichtsregeln in allen Klassen der HBS eingef\u00fchrt (verantwortlich ist der Klassenlehrer) und medial festgehalten! Das Leitbild der HBS wird in diesem Zusammenhang vorgestellt, besprochen und in jedem Klassenraum aufgeh\u00e4ngt.<\/h3>\r\n<!-- \/wp:heading --><!-- wp:heading -->\r\n<h2>4. Vor der Auszeit<\/h2>\r\n<!-- \/wp:heading --><!-- wp:list -->\r\n<ul>\r\n<li>Jeder Lehrer \u00fcberpr\u00fcft genau, ob es sich tats\u00e4chlich um eine Unterrichtsst\u00f6rung handelt (Material, Hausaufgaben oder Sportsachen vergessen ist kein Grund). o Der Sch\u00fcler wird zuerst vom Lehrer ermahnt und an die Grundregeln erinnert.<\/li>\r\n<li>Es gibt nur eine Ermahnung, die Sch\u00fcler kennen die Regeln und m\u00fcssen nicht mehrmals darauf hingewiesen werden.<\/li>\r\n<li>Die Verantwortung liegt jetzt beim Sch\u00fcler, der sich selbst entscheiden muss, entweder den Unterricht zu verlassen, wenn er nicht ohne weitere St\u00f6rungen daran teilnehmen kann oder nicht weiter zu st\u00f6ren und im Unterricht zu bleiben. Die Lehrkraft muss nicht bestimmen, diskutieren, er\u00f6rtern, nachweisen oder erkl\u00e4ren.<\/li>\r\n<li>\u00c4ndert der Sch\u00fcler sein Verhalten nicht, bekommt er einen Laufzettel und geht in den Auszeitraum.\u00a0 \u00a0<\/li>\r\n<\/ul>\r\n<!-- \/wp:list --><!-- wp:heading -->\r\n<h2>5. \u201eFreiwilliger\u201c Besuch im Auszeitraum:<\/h2>\r\n<!-- \/wp:heading --><!-- wp:list -->\r\n<ul>\r\n<li>Sch\u00fcler k\u00f6nnen\u00a0<strong>nach Absprache mit dem Lehrer<\/strong>\u00a0den Auszeitraum besuchen, um in\u00a0 Ruhe Arbeiten zu erledigen - der Fachlehrer entscheidet \u00fcber den Sinn dieser Ma\u00dfnahme und notiert dies auf dem Laufzettel. Arbeitsmaterialien sind selbstverst\u00e4ndlich vorhanden. Ein freiwilliger Besuch wird nicht im gr\u00fcnen Heft oder in der Moodle-Liste eingetragen.<\/li>\r\n<\/ul>\r\n<!-- \/wp:list --><!-- wp:heading -->\r\n<h2>6. Im Auszeitraum<\/h2>\r\n<!-- \/wp:heading --><!-- wp:list -->\r\n<ul>\r\n<li>Wenn der Sch\u00fcler oder die Sch\u00fclerin den Raum betritt, sollte er\/sie ruhig und freundlich empfangen werden.<\/li>\r\n<li>Je nachdem, in welchen emotionalen Zustand der Sch\u00fcler den Raum betritt, sollte man ihm die M\u00f6glichkeit geben seiner Wut und Aufregung Raum zu geben und gemeinsam L\u00f6sungen bzw. Alternativen f\u00fcr sein Verhalten zu finden.<\/li>\r\n<li>Unsere Aufgabe im Auszeitraum ist es, den Sch\u00fclern die M\u00f6glichkeit zu geben, angeh\u00f6rt zu werden, evtl. den Grund des Verhaltens herauszufinden und mit den Sch\u00fclern zu besprechen, wie sie in Zukunft ein solches Verhalten vermeiden k\u00f6nnen bzw. an wen sie sich wenden k\u00f6nnen, wenn sie Hilfe brauchen.\u00a0<\/li>\r\n<li>Respektloses Verhalten und Grenz\u00fcberschreitungen werden nicht akzeptiert, sie sollen thematisiert werden und \u2013 wenn m\u00f6glich \u2013 sollen gemeinsam Alternativen erarbeitet werden. Es ist sehr hilfreich, wenn sich die Gespr\u00e4che nicht am \u201eProblem\u201c aufh\u00e4ngen, sondern wenn wir versuchen, L\u00f6sungsans\u00e4tze zu finden und gemeinsam mit dem Sch\u00fcler Strategien zu erarbeiten, anstatt zu ma\u00dfregeln und zu verbieten.<\/li>\r\n<li>Ist der Sch\u00fcler emotional in der Lage sich einzulassen, sollte man ihn zum konzentrierten Arbeiten motivieren (Ausf\u00fcllen des Reflexionsbogens, Bearbeiten der Aufgaben und Materialien).<\/li>\r\n<\/ul>\r\n<!-- \/wp:list --><!-- wp:heading -->\r\n<h2>7.R\u00fcckkehr in den Unterricht<\/h2>\r\n<!-- \/wp:heading --><!-- wp:list -->\r\n<ul>\r\n<li>Nach dem Auszeitraumbesuch ist es die Verantwortung der Sch\u00fclerinnen und Sch\u00fcler, mit dem Fachlehrer in Kontakt zu treten und den unterschriebenen Laufzettel zu zeigen (der Auszeitlehrer entl\u00e4sst den Sch\u00fcler ca. 5 Minuten vor Stundenende).<\/li>\r\n<li>Der Reflexionsbogen, wird von dem Sch\u00fcler und dem Auszeitraumlehrer ausgef\u00fcllt und sollte als Basis f\u00fcr das anschlie\u00dfende Gespr\u00e4ch genommen werden. Dieser bleibt im Auszeitraum und wird \u00fcber Herrn Pohen an den Klassenlehrer weitergeleitet, damit er\/sie informiert ist und ihn in der Sch\u00fclerakte abheften kann.<\/li>\r\n<\/ul>\r\n<!-- \/wp:list --><!-- wp:heading -->\r\n<h2>8.Konsequenzen:<\/h2>\r\n<!-- \/wp:heading --><!-- wp:list -->\r\n<ul>\r\n<li>Es wird eine Liste gef\u00fchrt, die regelm\u00e4\u00dfig ausgewertet wird. Diese Liste wird alle 3 Monate \u201egenullt\u201c, d.h. die Besuche im Auszeitraum werden dann nicht mehr gez\u00e4hlt.<\/li>\r\n<li>Wenn ein Sch\u00fcler innerhalb dieser drei Monate 3x den Auszeitraum besuchen musste, wird er\/sie ein Gespr\u00e4ch mit der P\u00e4dagogischen Leiterin f\u00fchren, in dem evtl. weitere Ma\u00dfnahmen festgelegt werden (Trainingseinheiten, Coaching, Sozialstunden \u2026), au\u00dferdem werden die Eltern informiert.<\/li>\r\n<li>Nach 6 Besuchen im Auszeitraum werden die Eltern und der Sch\u00fcler von der\u00a0 P\u00e4dagogischen Leiterin zu einem Gespr\u00e4ch in die Schule eingeladen.<\/li>\r\n<li>H\u00e4ufige Besuche im Auszeitraum k\u00f6nnen Anlass daf\u00fcr sein, die \u201eHandlungskette bei Regelverst\u00f6\u00dfen\u201c (Stufe 1) zu nutzen.<\/li>\r\n<\/ul>\r\n<!-- \/wp:list --><!-- wp:heading -->\r\n<h2>9. Materialien:<\/h2>\r\n<!-- \/wp:heading --><!-- wp:list -->\r\n<ul>\r\n<li>Im Auszeitraum befindet sich ein Ordner mit Kopien, die von den Sch\u00fclern bearbeitet werden k\u00f6nnen (das sind z.T. kreative M\u00f6glichkeiten, um konkrete St\u00f6rungen zu reflektieren, aber auch Abschreibtexte, R\u00e4tsel etc.).<\/li>\r\n<li>Es werden Notebooks mit Apps versehen, an denen Sch\u00fcler arbeiten k\u00f6nnen.\u00a0<\/li>\r\n<li>Es wird eine Linkliste zusammengestellt, anhand derer die Sch\u00fcler Aufgaben im Internet bearbeiten k\u00f6nnen (z.B.\u00a0<a href=\"http:\/\/www.englisch-hilfen.de\/\">www.englisch-hilfen.de<\/a>), alternativ dazu k\u00f6nnen auch Materialien in Ordnern als Kopiervorlage abgelegt werden.<\/li>\r\n<\/ul>\r\n<!-- \/wp:list -->","footnotes":""},"class_list":["post-230","page","type-page","status-publish","hentry"],"_links":{"self":[{"href":"https:\/\/www.xn--hbs-frth-b6a.de\/index.php\/wp-json\/wp\/v2\/pages\/230","targetHints":{"allow":["GET"]}}],"collection":[{"href":"https:\/\/www.xn--hbs-frth-b6a.de\/index.php\/wp-json\/wp\/v2\/pages"}],"about":[{"href":"https:\/\/www.xn--hbs-frth-b6a.de\/index.php\/wp-json\/wp\/v2\/types\/page"}],"author":[{"embeddable":true,"href":"https:\/\/www.xn--hbs-frth-b6a.de\/index.php\/wp-json\/wp\/v2\/users\/1"}],"replies":[{"embeddable":true,"href":"https:\/\/www.xn--hbs-frth-b6a.de\/index.php\/wp-json\/wp\/v2\/comments?post=230"}],"version-history":[{"count":13,"href":"https:\/\/www.xn--hbs-frth-b6a.de\/index.php\/wp-json\/wp\/v2\/pages\/230\/revisions"}],"predecessor-version":[{"id":6235,"href":"https:\/\/www.xn--hbs-frth-b6a.de\/index.php\/wp-json\/wp\/v2\/pages\/230\/revisions\/6235"}],"wp:attachment":[{"href":"https:\/\/www.xn--hbs-frth-b6a.de\/index.php\/wp-json\/wp\/v2\/media?parent=230"}],"curies":[{"name":"wp","href":"https:\/\/api.w.org\/{rel}","templated":true}]}}