{"id":22610,"date":"2026-02-05T10:30:54","date_gmt":"2026-02-05T09:30:54","guid":{"rendered":"https:\/\/www.xn--hbs-frth-b6a.de\/?page_id=22610"},"modified":"2026-02-05T10:31:15","modified_gmt":"2026-02-05T09:31:15","slug":"fahrplaene_hbs","status":"publish","type":"page","link":"https:\/\/www.xn--hbs-frth-b6a.de\/index.php\/fahrplaene_hbs\/","title":{"rendered":"Fahrpl\u00e4ne_HBS"},"content":{"rendered":"<p>[et_pb_section fb_built=&#8220;1&#8243; _builder_version=&#8220;4.0.6&#8243;][et_pb_row _builder_version=&#8220;4.0.6&#8243;][et_pb_column type=&#8220;4_4&#8243; _builder_version=&#8220;4.0.6&#8243;][et_pb_text _builder_version=&#8220;4.0.6&#8243;]<\/p>\n<h3 align=\"justify\"><strong>Hinweise zu Fahrplan\u00e4nderungen<\/strong><\/h3>\n<p>[\/et_pb_text][et_pb_divider _builder_version=&#8220;4.0.6&#8243;][\/et_pb_divider][\/et_pb_column][\/et_pb_row][et_pb_row column_structure=&#8220;3_4,1_4&#8243; _builder_version=&#8220;4.0.6&#8243;][et_pb_column type=&#8220;3_4&#8243; _builder_version=&#8220;4.0.6&#8243;][et_pb_text _builder_version=&#8220;4.0.6&#8243; link_font=&#8220;||||on||||&#8220;]<\/p>\n<div class=\"et_pb_with_border et_pb_row et_pb_row_1 et_pb_row_3-4_1-4\">\n<div class=\"et_pb_column et_pb_column_3_4 et_pb_column_1  et_pb_css_mix_blend_mode_passthrough\">\n<div class=\"et_pb_module et_pb_text et_pb_text_4 et_pb_bg_layout_light  et_pb_text_align_left\">\n<div class=\"et_pb_text_inner\">\n<div align=\"justify\">Im \u00f6ffentlichen Personennahverkehr kommt es ab Montag, den 20. Oktober 2025, zu Anpassungen des Fahrplans auf folgenden Linien:<\/div>\n<div align=\"justify\">\u00a0<\/div>\n<div align=\"justify\">\u00a0<\/div>\n<div align=\"justify\"><b>Linie 683 (Heppenheim \u2013 M\u00f6rlenbach \u2013 Wald-Michelbach)<\/b><\/div>\n<div align=\"justify\">\u00b7\u00a0\u00a0\u00a0\u00a0\u00a0\u00a0\u00a0Auf der Linie 683 wird die Fahrt 988 entfallen, da hier kapazit\u00e4tsm\u00e4\u00dfig ein Bus ausreicht<\/div>\n<div align=\"justify\">\u00b7\u00a0\u00a0\u00a0\u00a0\u00a0\u00a0\u00a0Zuk\u00fcnftig findet nur noch die Fahrt 974 von Kreidach Unterdorf Abfahrt 7:24 Uhr in Richtung Schulzentrum Wald-Michelbach statt<\/div>\n<div align=\"justify\">\u00a0<\/div>\n<div align=\"justify\"><b>Linie 681 (Weinheim \u2013 Gorxheimertal \u2013\u00a0 Wald-Michelbach \u2013 Gras-Ellenbach)<\/b><\/div>\n<div align=\"justify\">\u00b7\u00a0\u00a0\u00a0\u00a0\u00a0\u00a0\u00a0Der frei werdende Bus der Linie 683 wird auf der Linie 681 eingesetzt<\/div>\n<div align=\"justify\">\u00b7\u00a0\u00a0\u00a0\u00a0\u00a0\u00a0\u00a0Zus\u00e4tzliche Fahrt von Unter-Abtsteinach zum Schulzentrum Wald-Michelbach (Fahrt 906)<\/div>\n<div align=\"justify\">\u00b7\u00a0\u00a0\u00a0\u00a0\u00a0\u00a0\u00a0\u00a0Abfahrt um 07:26 Uhr am Ersatzhalt Wendeplatz in Unter-Abtsteinach<\/div>\n<div align=\"justify\">\u00a0<\/div>\n<div align=\"justify\"><b>Linie 692 (Birkenau\/M\u00f6rlenbach \u2013 Reisen \u2013 Hornbach \u2013 Geisenbach)<\/b><\/div>\n<div align=\"justify\">\u00b7\u00a0\u00a0\u00a0\u00a0\u00a0\u00a0\u00a0die Haltestelle Birkenau Schwimmbad wird bei 2 Fahrten wieder mit angedient:<\/div>\n<div align=\"justify\">\u00b7\u00a0\u00a0\u00a0\u00a0\u00a0\u00a0\u00a0bei Fahrt 902 entf\u00e4llt der Halt Reisen Bahnhof, daf\u00fcr wird die Haltestelle Reisen Br\u00fccke und danach Birkenau Schwimmbad um 6:46 Uhr angedient<\/div>\n<div align=\"justify\">\u00b7\u00a0\u00a0\u00a0\u00a0\u00a0\u00a0\u00a0\u00a0bei Fahrt 918 um 15:00 Uhr ab M\u00f6rlenbach Schulzentrum wird zus\u00e4tzlich die Haltestelle Birkenau Schwimmbad angedient<\/div>\n<\/div>\n<\/div>\n<\/div>\n<\/div>\n<p>[\/et_pb_text][\/et_pb_column][et_pb_column type=&#8220;1_4&#8243; _builder_version=&#8220;4.0.6&#8243;][et_pb_blog posts_number=&#8220;3&#8243; _builder_version=&#8220;4.0.6&#8243;][\/et_pb_blog][\/et_pb_column][\/et_pb_row][\/et_pb_section]<\/p>\n","protected":false},"excerpt":{"rendered":"<p>[et_pb_section fb_built=&#8220;1&#8243; _builder_version=&#8220;4.0.6&#8243;][et_pb_row _builder_version=&#8220;4.0.6&#8243;][et_pb_column type=&#8220;4_4&#8243; _builder_version=&#8220;4.0.6&#8243;][et_pb_text _builder_version=&#8220;4.0.6&#8243;] Hinweise zu Fahrplan\u00e4nderungen [\/et_pb_text][et_pb_divider _builder_version=&#8220;4.0.6&#8243;][\/et_pb_divider][\/et_pb_column][\/et_pb_row][et_pb_row column_structure=&#8220;3_4,1_4&#8243; _builder_version=&#8220;4.0.6&#8243;][et_pb_column type=&#8220;3_4&#8243; _builder_version=&#8220;4.0.6&#8243;][et_pb_text _builder_version=&#8220;4.0.6&#8243; link_font=&#8220;||||on||||&#8220;] Im \u00f6ffentlichen Personennahverkehr kommt es ab Montag, den 20. Oktober 2025, zu Anpassungen des Fahrplans auf folgenden Linien: \u00a0 \u00a0 Linie 683 (Heppenheim \u2013 M\u00f6rlenbach \u2013 Wald-Michelbach) \u00b7\u00a0\u00a0\u00a0\u00a0\u00a0\u00a0\u00a0Auf der Linie 683 wird die Fahrt 988 entfallen, da [&hellip;]<\/p>\n","protected":false},"author":1,"featured_media":0,"parent":0,"menu_order":0,"comment_status":"closed","ping_status":"closed","template":"","meta":{"_et_pb_use_builder":"on","_et_pb_old_content":"","footnotes":""},"class_list":["post-22610","page","type-page","status-publish","hentry"],"_links":{"self":[{"href":"https:\/\/www.xn--hbs-frth-b6a.de\/index.php\/wp-json\/wp\/v2\/pages\/22610","targetHints":{"allow":["GET"]}}],"collection":[{"href":"https:\/\/www.xn--hbs-frth-b6a.de\/index.php\/wp-json\/wp\/v2\/pages"}],"about":[{"href":"https:\/\/www.xn--hbs-frth-b6a.de\/index.php\/wp-json\/wp\/v2\/types\/page"}],"author":[{"embeddable":true,"href":"https:\/\/www.xn--hbs-frth-b6a.de\/index.php\/wp-json\/wp\/v2\/users\/1"}],"replies":[{"embeddable":true,"href":"https:\/\/www.xn--hbs-frth-b6a.de\/index.php\/wp-json\/wp\/v2\/comments?post=22610"}],"version-history":[{"count":3,"href":"https:\/\/www.xn--hbs-frth-b6a.de\/index.php\/wp-json\/wp\/v2\/pages\/22610\/revisions"}],"predecessor-version":[{"id":22616,"href":"https:\/\/www.xn--hbs-frth-b6a.de\/index.php\/wp-json\/wp\/v2\/pages\/22610\/revisions\/22616"}],"wp:attachment":[{"href":"https:\/\/www.xn--hbs-frth-b6a.de\/index.php\/wp-json\/wp\/v2\/media?parent=22610"}],"curies":[{"name":"wp","href":"https:\/\/api.w.org\/{rel}","templated":true}]}}