{"id":224,"date":"2019-11-09T22:06:44","date_gmt":"2019-11-09T21:06:44","guid":{"rendered":"http:\/\/5.189.168.161\/hbs-fuerth\/?page_id=224"},"modified":"2024-03-22T12:36:15","modified_gmt":"2024-03-22T11:36:15","slug":"schulsozialarbeit","status":"publish","type":"page","link":"https:\/\/www.xn--hbs-frth-b6a.de\/index.php\/schulsozialarbeit\/","title":{"rendered":"Schulsozialarbeit"},"content":{"rendered":"[et_pb_section fb_built=&#8220;1&#8243; _builder_version=&#8220;3.22&#8243;][et_pb_row _builder_version=&#8220;4.0.6&#8243;][et_pb_column type=&#8220;4_4&#8243; _builder_version=&#8220;4.0.6&#8243;][et_pb_text _builder_version=&#8220;4.0.6&#8243;]<h1>Soziale Arbeit in der Schule<\/h1>[\/et_pb_text][et_pb_divider _builder_version=&#8220;4.0.6&#8243;][\/et_pb_divider][\/et_pb_column][\/et_pb_row][et_pb_row column_structure=&#8220;3_4,1_4&#8243; _builder_version=&#8220;3.25&#8243; background_size=&#8220;initial&#8220; background_position=&#8220;top_left&#8220; background_repeat=&#8220;repeat&#8220;][et_pb_column type=&#8220;3_4&#8243; _builder_version=&#8220;3.25&#8243; custom_padding=&#8220;|||&#8220; custom_padding__hover=&#8220;|||&#8220;][et_pb_text _builder_version=&#8220;4.0.6&#8243; background_size=&#8220;initial&#8220; background_position=&#8220;top_left&#8220; background_repeat=&#8220;repeat&#8220; hover_enabled=&#8220;0&#8243;]<p><\/p>\n<h2 class=\"wp-block-heading\">HELP<\/h2>\n<p>Liebe Eltern, Sorgeberechtigte und Sch\u00fcler*innen,<\/p>\n<p>wir haben zum Ziel, bei Bedarf eine sozialp\u00e4dagogische Unterst\u00fctzung f\u00fcr die Schule und auch f\u00fcr Sie\/Euch bereitzustellen. Wir stehen bei Fragen, besonderen Problemlagen und Sorgen, die die Sch\u00fcler*innen pers\u00f6nlich betreffen, gerne zur Verf\u00fcgung.<\/p>\n<p>Wir bieten an:<\/p>\n<ul>\n<li>Beratung in Erziehungsfragen in und au\u00dferhalb der Schule<\/li>\n<li>Sch\u00fcler*innenberatung und Gespr\u00e4che im Schulrahmen<\/li>\n<li>Information \u00fcber au\u00dferschulische Angebote<\/li>\n<li>Vernetzung mit weiteren Unterst\u00fctzungs- und Hilfesystemen<\/li>\n<li>Informationstransfer in die Schule<\/li>\n<li>Teilnahme an Elterngespr\u00e4chen in der Schule<\/li>\n<li>Begleitung der Sch\u00fcler*innen durch gezielte Einzelarbeit<\/li>\n<li>Unterst\u00fctzung in Konflikt- und Notf\u00e4llen<\/li>\n<\/ul>\n<p><strong>Sebastian Siegler<\/strong><br \/> Tel.: 0151 \/ 16335977<br \/> sebastian.siegler@purzel.de<\/p>\n<p>&nbsp;<\/p>\n<p>&nbsp;<\/p>\n<h2>Ansprechpersonen sexualisierte Gewalt<\/h2>\n<p>Unser Ziel ist es, dass es dir gutgeht. Dabei ist es ganz besonders wichtig, dass alle akzeptieren, dass jeder Mensch einen pers\u00f6nlichen Raum hat, der nur ihm geh\u00f6rt. Es kommt aber auch hin und wieder zu Grenzverletzungen, wenn z.B. jemand etwas mit dir macht, das du nicht willst. Wenn dir in der Schule oder zuhause etwas passiert ist, das du so nicht wolltest, kannst du dich jederzeit an uns wenden. Du kannst uns entweder einen Zettel einwerfen in den Briefkasten vor dem B\u00fcro von Herrn Brenneis im Verwaltungstrakt, uns direkt ansprechen oder schreib uns \u00fcber Lanis an. Wir h\u00f6ren dir zu.<\/p>\n<p><img loading=\"lazy\" decoding=\"async\" class=\"alignnone wp-image-3259 size-thumbnail\" src=\"https:\/\/www.xn--hbs-frth-b6a.de\/wp-content\/uploads\/2020\/11\/HolzapfelBarbara-150x150.jpg\" alt=\"Foto von Frau Holzapfel-Hesselmann\" width=\"150\" height=\"150\" \/><img loading=\"lazy\" decoding=\"async\" class=\"alignright wp-image-3258 size-thumbnail\" src=\"https:\/\/www.xn--hbs-frth-b6a.de\/wp-content\/uploads\/2020\/11\/BrenneisSebastian-150x150.jpg\" alt=\"Foto von Herrn Brenneis\" width=\"150\" height=\"150\" \/><\/p>\n<p style=\"text-align: center;\">Barbara Holzapfel-Hesselmann und Sebastian Brenneis<\/p>\n<h2>UBUS-Kraft<\/h2>\n<p><span>Zurzeit\u00a0haben wir an der HBS\u00a0<\/span><span>zwei\u00a0Schulsozialarbeiter.\u00a0Die UBUS-Fachkr\u00e4fte unterst\u00fctzen die Sch\u00fclerinnen und Sch\u00fcler in ihrer allgemeinen und schulischen Entwicklung, in der St\u00e4rkung ihrer sozialen Kompetenzen und f\u00f6rdern sie individuell.<\/span><\/p>\n<p><span>Weiterhin unterst\u00fctzen sie Lehrkr\u00e4fte im Unterricht und sind bei der Koordination mit au\u00dferschulischen Einrichtungen behilflich. Den multiprofessionellen Teams aus Lehrkr\u00e4ften und UBUS-Fachkr\u00e4ften ist es so m\u00f6glich, Sch\u00fclerinnen und Sch\u00fcler zu f\u00f6rdern und auf ihre unterschiedlichen Ausgangsbedingungen einzugehen. Zus\u00e4tzlich k\u00f6nnen schulische Teamarbeit und unterrichtsbegleitende Prozesse unterst\u00fctzt oder gef\u00f6rdert werden.<\/span><\/p>\n<p>T\u00e4tigkeits\u00fcbersicht:<\/p>\n<p><span>&#8211; Ansprechpersonen f\u00fcr Klassenlehrkr\u00e4fte und Schulleitung bei p\u00e4dagogischen Themen<\/span><span><\/span><\/p>\n<p><span>&#8211; Ansprechperson f\u00fcr Sch<\/span><span>\u00fclerInnen<\/span><span>\u00a0bei allt\u00e4glichen Belangen im Schulalltag am Vormittag<\/span><\/p>\n<p><span>&#8211; Durchf\u00fchrung von Sozialtrainings am Nachmittag zu den Themen (Cyber-)Mobbing, Schul\u2013 und Klassenklima, Konfliktmanagement<\/span><\/p>\n<p><span>&#8211; Koordination Sozialstunden an der HBS<\/span><span><\/span><\/p>\n<p><span>&#8211; Aufsicht \u00fcber den Auszeitraum<\/span><span><\/span><\/p>\n<p><span>&#8211; Bedarfsorientierte Klassentrainings in allen Jahrgangsstufen, z.B. zur St\u00e4rkung des Klassenzusammenhalts<\/span><span><\/span><\/p>\n<p><span>&#8211; Vernetzung und Kontaktherstellung mit weitergreifenden schulischen Unterst\u00fctzungsangeboten wie HELP\/Schulseelsorge<\/span><span><\/span><\/p>\n<p><span>&#8211; Unterst\u00fctzung am Nachmittag bei der Hausaufgabenbetreuung<\/span><span><\/span><\/p>\n<p><span>\u00a0<\/span><\/p>\n<p><span>Kontaktaufnahme \u00fcber das Sektreteriat oder das Schulleitungsteam<\/span><\/p>\n<p style=\"text-align: center;\"><span><img loading=\"lazy\" decoding=\"async\" src=\"https:\/\/www.xn--hbs-frth-b6a.de\/wp-content\/uploads\/2024\/03\/Moekep-240x300.jpg\" width=\"240\" height=\"300\" alt=\"Portrait von Philipp M\u00f6ke\" class=\"wp-image-12626 aligncenter size-medium\" \/>Philip M\u00f6ke Schulsozialarbeiter\u00a0<\/span><span>\u00a0<br \/><\/span><span><a href=\"mailto:philip.moeke@hb.kbs.schule\" onclick=\"parent.window.phx.iac.notify('mail_compose', {'to':['philip.moeke@hb.kbs.schule']}); return false;\" target=\"_blank\" rel=\"noopener\">philip.moeke@hb.kbs.schule<\/a><\/span><\/p>\n<p class=\"elementtoproof\" style=\"text-align: center;\"><span>_______________________<\/span><\/p>\n<p class=\"elementtoproof\" style=\"text-align: center;\"><span><img loading=\"lazy\" decoding=\"async\" src=\"https:\/\/www.xn--hbs-frth-b6a.de\/wp-content\/uploads\/2024\/03\/Pohent-204x300.jpg\" width=\"240\" height=\"353\" alt=\"Portrait von Christian Pohen\" class=\"wp-image-12627 aligncenter size-medium\" \/>Christian Pohen Schulsozialarbeiter<br \/><\/span><span><a href=\"mailto:christian.pohen@hb.kbs.schule\" onclick=\"parent.window.phx.iac.notify('mail_compose', {'to':['christian.pohen@hb.kbs.schule']}); return false;\" target=\"_blank\" rel=\"noopener\">christian.pohen@hb.kbs.schule<\/a><\/span><\/p>\n<h2>Sozialtraining an der HBS<\/h2>\n<p><strong>Inhalt:<\/strong><\/p>\n<p>1. AntiRassismusmaterialien nach Jahrg\u00e4ngen geordnet<br \/> 2. Klassentraining gegen Sexuellen Missbrauch<br \/> 3. Umgang mit einander- Esel &#8211; Selbsterkenntnis<br \/> 4. Sozialtraining \/ 5. Jhg. ( ganzt\u00e4gig)<br \/> 5. Klassentage \/ 7. Jhg. ( 3 Tage)<br \/> 6. Friedensf\u00fc\u00dfe<br \/> 7. Sch\u00fclerpatenschaft<br \/> 8. Kurs zum Selbstwert<br \/> 9. Toleranztage \/ 7. Jhg<br \/> 10. Zeitzeugen<br \/> 11. Streitschlichter<\/p>\n<p><a href=\"https:\/\/www.xn--hbs-frth-b6a.de\/wp-content\/uploads\/2022\/03\/Sozialtraining-an-der-HBS.pdf\" target=\"_blank\" rel=\"attachment noopener wp-att-5344\">Download Sozialtraining an der HBS als pdf-Datei<\/a><br \/> <img loading=\"lazy\" decoding=\"async\" class=\"aligncenter wp-image-5347 size-large\" src=\"https:\/\/www.xn--hbs-frth-b6a.de\/wp-content\/uploads\/2022\/03\/Sozialtraining-eine-Uebersicht-1024x614.jpg\" alt=\"Foto zu den Themen Sozialtraining\" width=\"1024\" height=\"614\" \/><\/p>\n<p><strong>Auszeichnungen<\/strong><\/p>\n<p><img loading=\"lazy\" decoding=\"async\" class=\"alignnone wp-image-5954 size-medium\" src=\"https:\/\/www.xn--hbs-frth-b6a.de\/wp-content\/uploads\/2022\/11\/221111_Integrationspreis-213x300.png\" alt=\"Foto zum Teilnahmezertifikat des Integrationspreises 2022\" width=\"213\" height=\"300\" \/><\/p>\n<p><\/p>\n<p><\/p>\n<p><\/p>\n[\/et_pb_text][\/et_pb_column][et_pb_column type=&#8220;1_4&#8243; _builder_version=&#8220;3.25&#8243; custom_padding=&#8220;|||&#8220; custom_padding__hover=&#8220;|||&#8220;][et_pb_blog posts_number=&#8220;3&#8243; include_categories=&#8220;11&#8243; _builder_version=&#8220;4.0.6&#8243;][\/et_pb_blog][\/et_pb_column][\/et_pb_row][\/et_pb_section]","protected":false},"excerpt":{"rendered":"<p>[et_pb_section fb_built=&#8220;1&#8243; _builder_version=&#8220;3.22&#8243;][et_pb_row _builder_version=&#8220;4.0.6&#8243;][et_pb_column type=&#8220;4_4&#8243; _builder_version=&#8220;4.0.6&#8243;][et_pb_text _builder_version=&#8220;4.0.6&#8243;] Soziale Arbeit in der Schule [\/et_pb_text][et_pb_divider _builder_version=&#8220;4.0.6&#8243;][\/et_pb_divider][\/et_pb_column][\/et_pb_row][et_pb_row column_structure=&#8220;3_4,1_4&#8243; _builder_version=&#8220;3.25&#8243; background_size=&#8220;initial&#8220; background_position=&#8220;top_left&#8220; background_repeat=&#8220;repeat&#8220;][et_pb_column type=&#8220;3_4&#8243; _builder_version=&#8220;3.25&#8243; custom_padding=&#8220;|||&#8220; custom_padding__hover=&#8220;|||&#8220;][et_pb_text _builder_version=&#8220;4.0.6&#8243; background_size=&#8220;initial&#8220; background_position=&#8220;top_left&#8220; background_repeat=&#8220;repeat&#8220; hover_enabled=&#8220;0&#8243;] HELP Liebe Eltern, Sorgeberechtigte und Sch\u00fcler*innen, wir haben zum Ziel, bei Bedarf eine sozialp\u00e4dagogische Unterst\u00fctzung f\u00fcr die Schule und auch f\u00fcr Sie\/Euch bereitzustellen. Wir stehen bei Fragen, [&hellip;]<\/p>\n","protected":false},"author":1,"featured_media":0,"parent":0,"menu_order":0,"comment_status":"closed","ping_status":"closed","template":"","meta":{"_et_pb_use_builder":"on","_et_pb_old_content":"<!-- wp:heading {\"level\":1} -->\r\n<h1>Beratung in Schule<\/h1>\r\n<!-- \/wp:heading --><!-- wp:paragraph -->\r\n<p>Die Beratungsstelle f\u00fcr Eltern, Kinder und Jugendliche Heppenheim f\u00fchrt seit November 2006 das BiS-Projekt auch an der Heinrich- B\u00f6ll-Schule durch. Sowohl f\u00fcr Sch\u00fcler, Lehrer und Eltern wird die dreist\u00fcndige Sprechstunde mittwochs - und seit Januar 2012 auch freitags - von 9:15 - 12:15 Uhr angeboten. In Absprache k\u00f6nnen Beratungen oder andere Aktivit\u00e4ten (z.B. Mitwirkung an Elternabenden, Workshops mit Schulklassen) auch au\u00dferhalb dieses Zeitraumes stattfinden.<\/p>\r\n<!-- \/wp:paragraph --><!-- wp:paragraph -->\r\n<p>Die Gespr\u00e4che sind kostenfrei, freiwillig und unterliegen der Schweigepflicht. Erhard Bauer (Dipl.-Psych.) und Maria Jungmann (Dipl.-Psych.) sind als Mitarbeiter der Beratungsstelle an der Schule vor Ort.<\/p>\r\n<!-- \/wp:paragraph --><!-- wp:paragraph -->\r\n<p>Terminvereinbarungen sind direkt in der Sprechstunde sowie telefonisch unter 06252 990118 (Bauer) bzw. 06253 80615412 (Jungmann) m\u00f6glich. Die Beratungsstelle f\u00fcr Eltern, Kinder und Jugendliche Heppenheim ist eine Einrichtung des Caritasverbandes Darmstadt e.V.<\/p>\r\n<!-- \/wp:paragraph --><!-- wp:paragraph -->\r\n<p>Den Flyer der Projekts gib es hier als<a href=\"http:\/\/www.hbs-fuerth.de\/onewebmedia\/bis-flyer14-15.pdf\">\u00a0PDF-Dokument.<\/a><\/p>\r\n<!-- \/wp:paragraph --><!-- wp:heading {\"level\":1} -->\r\n<h1>HELP<\/h1>\r\n<!-- \/wp:heading --><!-- wp:heading {\"level\":1} -->\r\n<h1>UBUS-Kraft<\/h1>\r\n<!-- \/wp:heading -->","footnotes":""},"class_list":["post-224","page","type-page","status-publish","hentry"],"_links":{"self":[{"href":"https:\/\/www.xn--hbs-frth-b6a.de\/index.php\/wp-json\/wp\/v2\/pages\/224","targetHints":{"allow":["GET"]}}],"collection":[{"href":"https:\/\/www.xn--hbs-frth-b6a.de\/index.php\/wp-json\/wp\/v2\/pages"}],"about":[{"href":"https:\/\/www.xn--hbs-frth-b6a.de\/index.php\/wp-json\/wp\/v2\/types\/page"}],"author":[{"embeddable":true,"href":"https:\/\/www.xn--hbs-frth-b6a.de\/index.php\/wp-json\/wp\/v2\/users\/1"}],"replies":[{"embeddable":true,"href":"https:\/\/www.xn--hbs-frth-b6a.de\/index.php\/wp-json\/wp\/v2\/comments?post=224"}],"version-history":[{"count":28,"href":"https:\/\/www.xn--hbs-frth-b6a.de\/index.php\/wp-json\/wp\/v2\/pages\/224\/revisions"}],"predecessor-version":[{"id":12628,"href":"https:\/\/www.xn--hbs-frth-b6a.de\/index.php\/wp-json\/wp\/v2\/pages\/224\/revisions\/12628"}],"wp:attachment":[{"href":"https:\/\/www.xn--hbs-frth-b6a.de\/index.php\/wp-json\/wp\/v2\/media?parent=224"}],"curies":[{"name":"wp","href":"https:\/\/api.w.org\/{rel}","templated":true}]}}