{"id":221,"date":"2019-11-09T22:04:52","date_gmt":"2019-11-09T21:04:52","guid":{"rendered":"http:\/\/5.189.168.161\/hbs-fuerth\/?page_id=221"},"modified":"2019-12-01T16:37:43","modified_gmt":"2019-12-01T15:37:43","slug":"steuergruppe","status":"publish","type":"page","link":"https:\/\/www.xn--hbs-frth-b6a.de\/index.php\/steuergruppe\/","title":{"rendered":"Steuergruppe"},"content":{"rendered":"[et_pb_section fb_built=&#8220;1&#8243; _builder_version=&#8220;3.22&#8243;][et_pb_row _builder_version=&#8220;4.0.6&#8243;][et_pb_column type=&#8220;4_4&#8243; _builder_version=&#8220;4.0.6&#8243;][et_pb_text _builder_version=&#8220;4.0.6&#8243;]<h1 class=\"textheading1\">Unsere Steuergruppe<\/h1>[\/et_pb_text][et_pb_divider _builder_version=&#8220;4.0.6&#8243;][\/et_pb_divider][\/et_pb_column][\/et_pb_row][et_pb_row column_structure=&#8220;3_4,1_4&#8243; _builder_version=&#8220;3.25&#8243; background_size=&#8220;initial&#8220; background_position=&#8220;top_left&#8220; background_repeat=&#8220;repeat&#8220;][et_pb_column type=&#8220;3_4&#8243; _builder_version=&#8220;3.25&#8243; custom_padding=&#8220;|||&#8220; custom_padding__hover=&#8220;|||&#8220;][et_pb_text _builder_version=&#8220;4.0.6&#8243; background_size=&#8220;initial&#8220; background_position=&#8220;top_left&#8220; background_repeat=&#8220;repeat&#8220;]<p>Schulentwicklung und die Steigerung der Unterrichtsqualit\u00e4t genie\u00dfen auf der Agenda jeder Schule h\u00f6chste Priorit\u00e4t. Ziel ist es, die Schule fit zu machen f\u00fcr die Herausforderungen der Gegenwart und den Unterricht derart zu gestalten, dass die Sch\u00fcler wichtige Kompetenzen erlernen und nachhaltiges Wissen erwerben.<\/p>\n<p><\/p>\n<p>Dabei richtet sich der Blick schon in die Zukunft: Es gilt Perspektiven aufzuzeigen und Probleme fr\u00fchzeitig zu erkennen, um darauf punktgenau reagieren zu k\u00f6nnen. Eine Schulgemeinde, das sollte jedem bewusst sein, ist ein sich ver\u00e4ndernder Organismus. Sch\u00fcler der Gegenwart kommen mit anderen Voraussetzungen in die Schule als Sch\u00fcler von vor zwanzig Jahren. Wer nur agiert und verwaltet, l\u00e4sst einen gro\u00dfen Gestaltungsspielraum unber\u00fccksichtigt und ger\u00e4t unweigerlich ins Abseits. Zudem gilt es, das Profil der Schule zu sch\u00e4rfen und Schwerpunkte zu setzen.<\/p>\n<p><\/p>\n<p>An der Heinrich-B\u00f6ll-Schule hat sich deshalb eine Projektgruppe konstituiert, die sich vordringlich mit der Unterrichtsentwicklung besch\u00e4ftigt. Unterst\u00fctzt wird die achtk\u00f6pfige Gruppe von zwei Beratern des staatlichen Schulamtes, die eine moderierende Funktion innehaben.<\/p>\n<p><\/p>\n<p>Die Ergebnisse der Steuergruppe lassen sich sehen: F\u00fcr die F\u00e4cher Deutsch und Gesellschaftslehre wurden neue Lehrmethoden im Jahrgang 5 erarbeitet, erprobt und evaluiert &#8211; mit Erfolg. Darauf k\u00f6nnen die Kollegen im neuen Schuljahr zur\u00fcckgreifen. In Zukunft m\u00f6chte die Steuergruppe weitere Prozesse auf diesem Gebiet initiieren und die Teamarbeit im Kollegium forcieren.<\/p>\n<p><\/p>\n<p>Stichwort &#8222;Schul- und Profilentwicklung&#8220;: Auch hier soll eine Steuergruppe &#8211; bestehend aus Lehrern, Eltern und Schulleitung &#8211; ein Profil f\u00fcr die Schule entwickeln, das den Weg ebnet hin zu einer &#8222;selbstst\u00e4ndigen Schule&#8220;. Die Profilentwicklung muss dazu f\u00fchren, dass die Schule sich mit ihrem p\u00e4dagogischen Leitbild und ihren St\u00e4rken in der Bergstr\u00e4\u00dfer Schullandschaft auch in der Zukunft positionieren kann.<\/p>\n<p><\/p>[\/et_pb_text][\/et_pb_column][et_pb_column type=&#8220;1_4&#8243; _builder_version=&#8220;3.25&#8243; custom_padding=&#8220;|||&#8220; custom_padding__hover=&#8220;|||&#8220;][et_pb_blog posts_number=&#8220;3&#8243; _builder_version=&#8220;4.0.6&#8243; hover_enabled=&#8220;0&#8243; include_categories=&#8220;1,current&#8220;][\/et_pb_blog][\/et_pb_column][\/et_pb_row][\/et_pb_section]","protected":false},"excerpt":{"rendered":"<p>[et_pb_section fb_built=&#8220;1&#8243; _builder_version=&#8220;3.22&#8243;][et_pb_row _builder_version=&#8220;4.0.6&#8243;][et_pb_column type=&#8220;4_4&#8243; _builder_version=&#8220;4.0.6&#8243;][et_pb_text _builder_version=&#8220;4.0.6&#8243;] Unsere Steuergruppe [\/et_pb_text][et_pb_divider _builder_version=&#8220;4.0.6&#8243;][\/et_pb_divider][\/et_pb_column][\/et_pb_row][et_pb_row column_structure=&#8220;3_4,1_4&#8243; _builder_version=&#8220;3.25&#8243; background_size=&#8220;initial&#8220; background_position=&#8220;top_left&#8220; background_repeat=&#8220;repeat&#8220;][et_pb_column type=&#8220;3_4&#8243; _builder_version=&#8220;3.25&#8243; custom_padding=&#8220;|||&#8220; custom_padding__hover=&#8220;|||&#8220;][et_pb_text _builder_version=&#8220;4.0.6&#8243; background_size=&#8220;initial&#8220; background_position=&#8220;top_left&#8220; background_repeat=&#8220;repeat&#8220;] Schulentwicklung und die Steigerung der Unterrichtsqualit\u00e4t genie\u00dfen auf der Agenda jeder Schule h\u00f6chste Priorit\u00e4t. Ziel ist es, die Schule fit zu machen f\u00fcr die Herausforderungen der Gegenwart und den Unterricht derart [&hellip;]<\/p>\n","protected":false},"author":1,"featured_media":0,"parent":0,"menu_order":0,"comment_status":"closed","ping_status":"closed","template":"","meta":{"_et_pb_use_builder":"on","_et_pb_old_content":"<!-- wp:paragraph -->\r\n<p>Schulentwicklung und die Steigerung der Unterrichtsqualit\u00e4t genie\u00dfen auf der Agenda jeder Schule h\u00f6chste Priorit\u00e4t. Ziel ist es, die Schule fit zu machen f\u00fcr die Herausforderungen der Gegenwart und den Unterricht derart zu gestalten, dass die Sch\u00fcler wichtige Kompetenzen erlernen und nachhaltiges Wissen erwerben.<\/p>\r\n<!-- \/wp:paragraph --><!-- wp:paragraph -->\r\n<p>Dabei richtet sich der Blick schon in die Zukunft: Es gilt Perspektiven aufzuzeigen und Probleme fr\u00fchzeitig zu erkennen, um darauf punktgenau reagieren zu k\u00f6nnen. Eine Schulgemeinde, das sollte jedem bewusst sein, ist ein sich ver\u00e4ndernder Organismus. Sch\u00fcler der Gegenwart kommen mit anderen Voraussetzungen in die Schule als Sch\u00fcler von vor zwanzig Jahren. Wer nur agiert und verwaltet, l\u00e4sst einen gro\u00dfen Gestaltungsspielraum unber\u00fccksichtigt und ger\u00e4t unweigerlich ins Abseits. Zudem gilt es, das Profil der Schule zu sch\u00e4rfen und Schwerpunkte zu setzen.<\/p>\r\n<!-- \/wp:paragraph --><!-- wp:paragraph -->\r\n<p>An der Heinrich-B\u00f6ll-Schule hat sich deshalb eine Projektgruppe konstituiert, die sich vordringlich mit der Unterrichtsentwicklung besch\u00e4ftigt. Unterst\u00fctzt wird die achtk\u00f6pfige Gruppe von zwei Beratern des staatlichen Schulamtes, die eine moderierende Funktion innehaben.<\/p>\r\n<!-- \/wp:paragraph --><!-- wp:paragraph -->\r\n<p>Die Ergebnisse der Steuergruppe lassen sich sehen: F\u00fcr die F\u00e4cher Deutsch und Gesellschaftslehre wurden neue Lehrmethoden im Jahrgang 5 erarbeitet, erprobt und evaluiert - mit Erfolg. Darauf k\u00f6nnen die Kollegen im neuen Schuljahr zur\u00fcckgreifen. In Zukunft m\u00f6chte die Steuergruppe weitere Prozesse auf diesem Gebiet initiieren und die Teamarbeit im Kollegium forcieren.<\/p>\r\n<!-- \/wp:paragraph --><!-- wp:paragraph -->\r\n<p>Stichwort \"Schul- und Profilentwicklung\": Auch hier soll eine Steuergruppe - bestehend aus Lehrern, Eltern und Schulleitung - ein Profil f\u00fcr die Schule entwickeln, das den Weg ebnet hin zu einer \"selbstst\u00e4ndigen Schule\". Die Profilentwicklung muss dazu f\u00fchren, dass die Schule sich mit ihrem p\u00e4dagogischen Leitbild und ihren St\u00e4rken in der Bergstr\u00e4\u00dfer Schullandschaft auch in der Zukunft positionieren kann.<\/p>\r\n<!-- \/wp:paragraph -->","footnotes":""},"class_list":["post-221","page","type-page","status-publish","hentry"],"_links":{"self":[{"href":"https:\/\/www.xn--hbs-frth-b6a.de\/index.php\/wp-json\/wp\/v2\/pages\/221","targetHints":{"allow":["GET"]}}],"collection":[{"href":"https:\/\/www.xn--hbs-frth-b6a.de\/index.php\/wp-json\/wp\/v2\/pages"}],"about":[{"href":"https:\/\/www.xn--hbs-frth-b6a.de\/index.php\/wp-json\/wp\/v2\/types\/page"}],"author":[{"embeddable":true,"href":"https:\/\/www.xn--hbs-frth-b6a.de\/index.php\/wp-json\/wp\/v2\/users\/1"}],"replies":[{"embeddable":true,"href":"https:\/\/www.xn--hbs-frth-b6a.de\/index.php\/wp-json\/wp\/v2\/comments?post=221"}],"version-history":[{"count":6,"href":"https:\/\/www.xn--hbs-frth-b6a.de\/index.php\/wp-json\/wp\/v2\/pages\/221\/revisions"}],"predecessor-version":[{"id":1530,"href":"https:\/\/www.xn--hbs-frth-b6a.de\/index.php\/wp-json\/wp\/v2\/pages\/221\/revisions\/1530"}],"wp:attachment":[{"href":"https:\/\/www.xn--hbs-frth-b6a.de\/index.php\/wp-json\/wp\/v2\/media?parent=221"}],"curies":[{"name":"wp","href":"https:\/\/api.w.org\/{rel}","templated":true}]}}