{"id":217,"date":"2019-11-09T22:02:33","date_gmt":"2019-11-09T21:02:33","guid":{"rendered":"http:\/\/5.189.168.161\/hbs-fuerth\/?page_id=217"},"modified":"2025-09-09T23:52:58","modified_gmt":"2025-09-09T21:52:58","slug":"paedagogische-mittagsbetreuung","status":"publish","type":"page","link":"https:\/\/www.xn--hbs-frth-b6a.de\/index.php\/paedagogische-mittagsbetreuung\/","title":{"rendered":"Mittagsbetreuung"},"content":{"rendered":"[et_pb_section fb_built=&#8220;1&#8243; _builder_version=&#8220;3.22&#8243;][et_pb_row _builder_version=&#8220;4.0.6&#8243;][et_pb_column type=&#8220;4_4&#8243; _builder_version=&#8220;4.0.6&#8243;][et_pb_text _builder_version=&#8220;4.0.6&#8243;]<h1>Die P\u00e4dagogische Mittagsbetreuung<\/h1>[\/et_pb_text][et_pb_divider _builder_version=&#8220;4.0.6&#8243;][\/et_pb_divider][\/et_pb_column][\/et_pb_row][et_pb_row column_structure=&#8220;3_4,1_4&#8243; _builder_version=&#8220;3.25&#8243; background_size=&#8220;initial&#8220; background_position=&#8220;top_left&#8220; background_repeat=&#8220;repeat&#8220;][et_pb_column type=&#8220;3_4&#8243; _builder_version=&#8220;3.25&#8243; custom_padding=&#8220;|||&#8220; custom_padding__hover=&#8220;|||&#8220;][et_pb_text _builder_version=&#8220;4.0.6&#8243; link_font=&#8220;||||on||||&#8220; background_size=&#8220;initial&#8220; background_position=&#8220;top_left&#8220; background_repeat=&#8220;repeat&#8220; hover_enabled=&#8220;0&#8243;]<p><!-- \/wp:post-content --><\/p>\n<p><!-- wp:paragraph -->Das Nachmittagsangebot f\u00fcr die Jahrg\u00e4nge 5 und 6 findet von Montag bis Freitag bis um 16.00 Uhr statt.<\/p>\n<p><!-- \/wp:paragraph --><\/p>\n<p><!-- wp:paragraph -->\u2022 kostenfrei &#8211;\u00a0einzig die Ausleihe eines Instrumentes \u00fcber die Bl\u00e4sergruppe oder Verbrauchsmaterialien in Arbeitsgemeinschaften wie Kochen oder Basteln verursachen Kosten<\/p>\n<p><!-- \/wp:paragraph --><\/p>\n<p><!-- wp:paragraph -->\u2022 individuell \u2013 jeder Sch\u00fcler und jede Sch\u00fclerin kann entscheiden, ob und an wie vielen Tagen sie teilnehmen m\u00f6chte.<\/p>\n<p><!-- \/wp:paragraph --><\/p>\n<p><!-- wp:paragraph -->\u2022 variabel \u2013 die Teilnehmer w\u00e4hlen, ob sie bis um 15.00 oder bis um 16.00 teilnehmen m\u00f6chten.<\/p>\n<p><!-- \/wp:paragraph --><\/p>\n<p><!-- wp:paragraph -->Sie erreichen die Nachmittagsbetreuung via Email unter:<\/p>\n<p><!-- \/wp:paragraph --><\/p>\n<p><!-- wp:paragraph --><a href=\"mailto:hausaufgabenbetreuung@hbs-fuerth.de\"><strong>hausaufgabenbetreuung@hbs-fuerth.de<\/strong><\/a><\/p>\n<p><!-- \/wp:paragraph --><\/p>\n<p><!-- \/wp:paragraph --><\/p>\n<p><!-- wp:heading --><\/p>\n<h2>Das Angebot sich aus folgenden Elementen zusammen:<\/h2>\n<p><!-- \/wp:heading --><\/p>\n<p><!-- wp:paragraph -->&#8211; Die Hausaufgabenbetreuung findet Montag bis Freitag von 13.25 bis 14.55 statt.\u00a0Die Kinder erledigen zun\u00e4chst in festen Gruppen ihre Hausaufgaben und k\u00f6nnen anschlie\u00dfend spielen, basteln oder die Mediothek nutzen.<\/p>\n<p><!-- \/wp:paragraph --><\/p>\n<p><!-- wp:paragraph -->&#8211; AG Kurse zu den Themen Computer, Fu\u00dfball, Theater, Bl\u00e4sergruppe, Band, Holzbearbeitung, HipHop, Kreatives Gestalten stehen f\u00fcr die Kinder zur Auswahl. Die Einwahl ist f\u00fcr das Schuljahr verbindlich.<\/p>\n<p><!-- \/wp:paragraph --><\/p>\n<p><!-- wp:paragraph -->&#8211; In der 7. und 8. Stunde werden verschiedene Arbeitsgemeinschaften angeboten. Es ist m\u00f6glich, zun\u00e4chst die Hausaufgabenbetreuung zu besuchen und anschlie\u00dfend an einer Arbeitsgemeinschaft teilzunehmen.<\/p>\n<p><!-- \/wp:paragraph --><\/p>\n<p><!-- wp:paragraph -->&#8211; Die Betreuungsgruppe findet in der Zeit zwischen 15.00 und 16.00 statt.<\/p>\n<p><!-- \/wp:paragraph --><\/p>\n<p><!-- wp:paragraph -->Sollte es zu vorzeitigem Unterrichtsschluss, wie z. B. Hitzefrei, kommen, werden die Kinder, die in der festen Betreuung angemeldet sind, verl\u00e4sslich betreut.\u00a0Lediglich vor Beginn der Ferien, wenn der Unterricht nach der 3. Stunde endet, findet keine Betreuung statt.<\/p>\n<p>&nbsp;<\/p>\n<p><!-- \/wp:paragraph --><\/p>\n<p><!-- \/wp:paragraph --><\/p>\n<p>Sie m\u00f6chten ihr Kind f\u00fcr die Hausaufgabenbetreuung anmelden?\u00a0Hier finden Sie die\u00a0<a href=\"https:\/\/www.xn--hbs-frth-b6a.de\/wp-content\/uploads\/2023\/01\/Anmeldung-HAB.pdf\" rel=\"attachment wp-att-6422\">Anmeldung HAB als pdf-Datei<\/a><\/p>\n<p><!-- \/wp:paragraph --><\/p>\n<p><!-- wp:paragraph -->Sie m\u00f6chten ihr Kind aus der Nachmittagsbetreuung abmelden?\u00a0<a href=\"http:\/\/www.hbs-fuerth.de\/wp-content\/uploads\/downloads\/HAB-Abmeldezettel.pdf\">Hier finden Sie das Abmeldeformular als pdf-Datei<\/a><\/p>\n<p><!-- \/wp:paragraph --><\/p>\n[\/et_pb_text][\/et_pb_column][et_pb_column type=&#8220;1_4&#8243; _builder_version=&#8220;3.25&#8243; custom_padding=&#8220;|||&#8220; custom_padding__hover=&#8220;|||&#8220;][et_pb_blog posts_number=&#8220;4&#8243; include_categories=&#8220;1&#8243; _builder_version=&#8220;4.0.6&#8243;][\/et_pb_blog][\/et_pb_column][\/et_pb_row][\/et_pb_section]","protected":false},"excerpt":{"rendered":"<p>[et_pb_section fb_built=&#8220;1&#8243; _builder_version=&#8220;3.22&#8243;][et_pb_row _builder_version=&#8220;4.0.6&#8243;][et_pb_column type=&#8220;4_4&#8243; _builder_version=&#8220;4.0.6&#8243;][et_pb_text _builder_version=&#8220;4.0.6&#8243;]Die P\u00e4dagogische Mittagsbetreuung[\/et_pb_text][et_pb_divider _builder_version=&#8220;4.0.6&#8243;][\/et_pb_divider][\/et_pb_column][\/et_pb_row][et_pb_row column_structure=&#8220;3_4,1_4&#8243; _builder_version=&#8220;3.25&#8243; background_size=&#8220;initial&#8220; background_position=&#8220;top_left&#8220; background_repeat=&#8220;repeat&#8220;][et_pb_column type=&#8220;3_4&#8243; _builder_version=&#8220;3.25&#8243; custom_padding=&#8220;|||&#8220; custom_padding__hover=&#8220;|||&#8220;][et_pb_text _builder_version=&#8220;4.0.6&#8243; link_font=&#8220;||||on||||&#8220; background_size=&#8220;initial&#8220; background_position=&#8220;top_left&#8220; background_repeat=&#8220;repeat&#8220; hover_enabled=&#8220;0&#8243;] Das Nachmittagsangebot f\u00fcr die Jahrg\u00e4nge 5 und 6 findet von Montag bis Freitag bis um 16.00 Uhr statt. \u2022 kostenfrei &#8211;\u00a0einzig die Ausleihe eines Instrumentes \u00fcber die Bl\u00e4sergruppe oder Verbrauchsmaterialien [&hellip;]<\/p>\n","protected":false},"author":1,"featured_media":0,"parent":0,"menu_order":0,"comment_status":"closed","ping_status":"closed","template":"","meta":{"_et_pb_use_builder":"on","_et_pb_old_content":"<!-- wp:paragraph -->\r\n<p>Als Schule mit GTA 2 - Profil bieten wir eine\u00a0<strong>Betreuung bis 16:00<\/strong>\u00a0an.<\/p>\r\n<!-- \/wp:paragraph --><!-- wp:paragraph -->\r\n<p>Das Nachmittagsangebot f\u00fcr die Jahrg\u00e4nge 5 und 6 findet von Montag bis Freitag bis um 16.00 Uhr statt.<\/p>\r\n<!-- \/wp:paragraph --><!-- wp:paragraph -->\r\n<p>\u2022 kostenfrei -\u00a0einzig die Ausleihe eines Instrumentes \u00fcber die Bl\u00e4sergruppe oder Verbrauchsmaterialien in Arbeitsgemeinschaften wie Kochen oder Basteln verursachen Kosten<\/p>\r\n<!-- \/wp:paragraph --><!-- wp:paragraph -->\r\n<p>\u2022 individuell \u2013 jeder Sch\u00fcler und jede Sch\u00fclerin kann entscheiden, ob und an wie vielen Tagen sie teilnehmen m\u00f6chte.<\/p>\r\n<!-- \/wp:paragraph --><!-- wp:paragraph -->\r\n<p>\u2022 variabel \u2013 die Teilnehmer w\u00e4hlen, ob sie bis um 15.00 oder bis um 16.00 teilnehmen m\u00f6chten.<\/p>\r\n<!-- \/wp:paragraph --><!-- wp:paragraph -->\r\n<p>Sie erreichen die Nachmittagsbetreuung via Email oder telefonisch unter:<\/p>\r\n<!-- \/wp:paragraph --><!-- wp:paragraph -->\r\n<p><a href=\"mailto:hausaufgabenbetreuung@hbs-fuerth.de\"><strong>hausaufgabenbetreuung@hbs-fuerth.de<\/strong><\/a><\/p>\r\n<!-- \/wp:paragraph --><!-- wp:paragraph -->\r\n<p><strong>06253 -\u00a0 8708225 (13.30-15.00)<\/strong><\/p>\r\n<!-- \/wp:paragraph --><!-- wp:heading -->\r\n<h2>Das Angebot sich aus folgenden Elementen zusammen:<\/h2>\r\n<!-- \/wp:heading --><!-- wp:paragraph -->\r\n<p>- Die Hausaufgabenbetreuung findet Montag bis Freitag von 13.25 bis 14.55 in der Mediothek statt. Hier betreuen Erwachsene und Sch\u00fcler der Jahrg\u00e4nge 9 und 10 die Kinder.<\/p>\r\n<!-- \/wp:paragraph --><!-- wp:paragraph -->\r\n<p>- AG Kurse zu den Themen Computer, Fu\u00dfball, Theater, Bl\u00e4sergruppe, Band, Holzbearbeitung, HipHop, Kreatives Gestalten stehen f\u00fcr die Kinder zur Auswahl. Die Einwahl ist f\u00fcr das Schuljahr verbindlich.<\/p>\r\n<!-- \/wp:paragraph --><!-- wp:paragraph -->\r\n<p>- Die Mediothek ist Montag bis Donnerstag in der Mittagspause und der 7. und 8. Stunde f\u00fcr alle Sch\u00fcler ge\u00f6ffnet.<\/p>\r\n<!-- \/wp:paragraph --><!-- wp:paragraph -->\r\n<p>- Die Bewegungsgruppe findet in der Zeit zwischen 15.00 und 16.00 statt.<\/p>\r\n<!-- \/wp:paragraph --><!-- wp:paragraph -->\r\n<p>Sollte es zu vorzeitigem Unterrichtsschluss kommen, werden die Kinder, die in der festen Betreuung angemeldet sind, verl\u00e4sslich betreut.<\/p>\r\n<!-- \/wp:paragraph --><!-- wp:paragraph -->\r\n<p>Die Informationen, an welchen Tagen die Stundenzeiten ver\u00e4ndert sind,<a href=\"http:\/\/www.hbs-fuerth.de\/onewebmedia\/Tage%20mit%20vom%20Regelstundenplan%20abweichenden%20Stundenzeiten.pdf\" target=\"_blank\" rel=\"noreferrer noopener\">\u00a0finden Sie hier.<\/a><\/p>\r\n<!-- \/wp:paragraph --><!-- wp:paragraph -->\r\n<p>Der Einwahlbogen f\u00fcr die P\u00e4dagogische Mittagsbetreuung kann<a href=\"http:\/\/www.hbs-fuerth.de\/onewebmedia\/HAB-Einwahlzettel.pdf\">\u00a0hier heruntergeladen werden.<\/a><\/p>\r\n<!-- \/wp:paragraph --><!-- wp:paragraph -->\r\n<p>Sie m\u00f6chten ihr Kind aus der Nachmittagsbetreuung abmelden?\u00a0<a href=\"http:\/\/www.hbs-fuerth.de\/onewebmedia\/HAB-Abmeldezettel.pdf\">Hier finden Sie das Abmeldeformular.<\/a><\/p>\r\n<!-- \/wp:paragraph -->","footnotes":""},"class_list":["post-217","page","type-page","status-publish","hentry"],"_links":{"self":[{"href":"https:\/\/www.xn--hbs-frth-b6a.de\/index.php\/wp-json\/wp\/v2\/pages\/217","targetHints":{"allow":["GET"]}}],"collection":[{"href":"https:\/\/www.xn--hbs-frth-b6a.de\/index.php\/wp-json\/wp\/v2\/pages"}],"about":[{"href":"https:\/\/www.xn--hbs-frth-b6a.de\/index.php\/wp-json\/wp\/v2\/types\/page"}],"author":[{"embeddable":true,"href":"https:\/\/www.xn--hbs-frth-b6a.de\/index.php\/wp-json\/wp\/v2\/users\/1"}],"replies":[{"embeddable":true,"href":"https:\/\/www.xn--hbs-frth-b6a.de\/index.php\/wp-json\/wp\/v2\/comments?post=217"}],"version-history":[{"count":16,"href":"https:\/\/www.xn--hbs-frth-b6a.de\/index.php\/wp-json\/wp\/v2\/pages\/217\/revisions"}],"predecessor-version":[{"id":20646,"href":"https:\/\/www.xn--hbs-frth-b6a.de\/index.php\/wp-json\/wp\/v2\/pages\/217\/revisions\/20646"}],"wp:attachment":[{"href":"https:\/\/www.xn--hbs-frth-b6a.de\/index.php\/wp-json\/wp\/v2\/media?parent=217"}],"curies":[{"name":"wp","href":"https:\/\/api.w.org\/{rel}","templated":true}]}}