{"id":213,"date":"2019-11-09T22:00:13","date_gmt":"2019-11-09T21:00:13","guid":{"rendered":"http:\/\/5.189.168.161\/hbs-fuerth\/?page_id=213"},"modified":"2022-11-24T16:34:49","modified_gmt":"2022-11-24T15:34:49","slug":"leitbild","status":"publish","type":"page","link":"https:\/\/www.xn--hbs-frth-b6a.de\/index.php\/leitbild\/","title":{"rendered":"Leitbild"},"content":{"rendered":"[et_pb_section fb_built=&#8220;1&#8243; _builder_version=&#8220;3.22&#8243;][et_pb_row _builder_version=&#8220;4.0.6&#8243;][et_pb_column type=&#8220;4_4&#8243; _builder_version=&#8220;4.0.6&#8243;][et_pb_text _builder_version=&#8220;4.0.6&#8243;]<h1>Das Leitbild unserer Schule<\/h1>[\/et_pb_text][et_pb_divider _builder_version=&#8220;4.0.6&#8243;][\/et_pb_divider][\/et_pb_column][\/et_pb_row][et_pb_row column_structure=&#8220;3_4,1_4&#8243; _builder_version=&#8220;4.0.6&#8243; background_size=&#8220;initial&#8220; background_position=&#8220;top_left&#8220; background_repeat=&#8220;repeat&#8220; custom_padding=&#8220;0px||||false|false&#8220; border_radii=&#8220;on|10px|10px|10px|10px&#8220;][et_pb_column type=&#8220;3_4&#8243; _builder_version=&#8220;3.25&#8243; custom_padding=&#8220;|||&#8220; custom_padding__hover=&#8220;|||&#8220;][et_pb_text admin_label=&#8220;Text&#8220; _builder_version=&#8220;4.0.6&#8243; background_size=&#8220;initial&#8220; background_position=&#8220;top_left&#8220; background_repeat=&#8220;repeat&#8220; custom_padding=&#8220;|10px||10px|false|true&#8220;]<p><\/p>\n<p>An der HBS soll jeder Sch\u00fcler die Bildung erhalten, die zu seinen F\u00e4higkeiten passt (Individualit\u00e4t),<\/p>\n<p>als auch zu einem verantwortungsvollen Umgang mit seinen Mitmenschen und seiner Umwelt f\u00fchrt (Gemeinschaft).<\/p>\n<p>Wir wollen den Sch\u00fclern helfen, die Balance zwischen\u00a0<strong>Individualit\u00e4t<\/strong>\u00a0und\u00a0<strong>Gemeinschaft<\/strong>\u00a0zu finden.<\/p>\n<p><\/p>[\/et_pb_text][et_pb_text _builder_version=&#8220;4.0.6&#8243; background_size=&#8220;initial&#8220; background_position=&#8220;top_left&#8220; background_repeat=&#8220;repeat&#8220; custom_padding=&#8220;|10px|58px|10px|false|true&#8220;]<p><\/p>\n<p>&nbsp;<\/p>\n<table>\n<tbody>\n<tr>\n<td>\n<h2>Individualit\u00e4t<\/h2>\n<ul>\n<li>Pers\u00f6nlichkeitsbildung<\/li>\n<li>Selbstverwirklichung<\/li>\n<li>Selbstt\u00e4tigkeit<\/li>\n<li>Leistungsf\u00e4higkeit<\/li>\n<li>Leistungsbereitschaft<\/li>\n<li>Kritikf\u00e4higkeit<\/li>\n<\/ul>\n<\/td>\n<td>\n<h2>Gemeinschaft<\/h2>\n<ul>\n<li>Respekt, Toleranz und Fairness<\/li>\n<li>Teamf\u00e4higkeit<\/li>\n<li>Demokratiebewusstsein<\/li>\n<li>Kommunikationsf\u00e4higkeit<\/li>\n<li>Konfliktf\u00e4higkeit<\/li>\n<\/ul>\n<\/td>\n<\/tr>\n<\/tbody>\n<\/table>\n<p>&nbsp;<\/p>[\/et_pb_text][et_pb_text _builder_version=&#8220;4.0.6&#8243; background_size=&#8220;initial&#8220; background_position=&#8220;top_left&#8220; background_repeat=&#8220;repeat&#8220; custom_padding=&#8220;|10px||10px|false|true&#8220; hover_enabled=&#8220;0&#8243;]<figure class=\"wp-block-image\"><img loading=\"lazy\" decoding=\"async\" class=\"aligncenter wp-image-1816 size-full\" src=\"https:\/\/www.xn--hbs-frth-b6a.de\/wp-content\/uploads\/2019\/12\/Wippe_anim10.gif\" alt=\"Grafik zum Leitbild der Schule\" width=\"713\" height=\"414\" \/><\/figure>\n<p><\/p>\n<p><\/p>\n<p>Wichtig dabei sind\u00a0<strong>Leichtigkeit, Neugierde, Freude<\/strong>\u00a0und<strong>\u00a0Humor<\/strong>.<\/p>\n<p><\/p>\n[\/et_pb_text][\/et_pb_column][et_pb_column type=&#8220;1_4&#8243; _builder_version=&#8220;3.25&#8243; custom_padding=&#8220;|||&#8220; custom_padding__hover=&#8220;|||&#8220;][et_pb_blog posts_number=&#8220;3&#8243; include_categories=&#8220;1&#8243; _builder_version=&#8220;4.0.6&#8243; custom_padding=&#8220;15px|||10px|false|false&#8220; box_shadow_style=&#8220;preset2&#8243;][\/et_pb_blog][\/et_pb_column][\/et_pb_row][\/et_pb_section]","protected":false},"excerpt":{"rendered":"<p>[et_pb_section fb_built=&#8220;1&#8243; _builder_version=&#8220;3.22&#8243;][et_pb_row _builder_version=&#8220;4.0.6&#8243;][et_pb_column type=&#8220;4_4&#8243; _builder_version=&#8220;4.0.6&#8243;][et_pb_text _builder_version=&#8220;4.0.6&#8243;] Das Leitbild unserer Schule [\/et_pb_text][et_pb_divider _builder_version=&#8220;4.0.6&#8243;][\/et_pb_divider][\/et_pb_column][\/et_pb_row][et_pb_row column_structure=&#8220;3_4,1_4&#8243; _builder_version=&#8220;4.0.6&#8243; background_size=&#8220;initial&#8220; background_position=&#8220;top_left&#8220; background_repeat=&#8220;repeat&#8220; custom_padding=&#8220;0px||||false|false&#8220; border_radii=&#8220;on|10px|10px|10px|10px&#8220;][et_pb_column type=&#8220;3_4&#8243; _builder_version=&#8220;3.25&#8243; custom_padding=&#8220;|||&#8220; custom_padding__hover=&#8220;|||&#8220;][et_pb_text admin_label=&#8220;Text&#8220; _builder_version=&#8220;4.0.6&#8243; background_size=&#8220;initial&#8220; background_position=&#8220;top_left&#8220; background_repeat=&#8220;repeat&#8220; custom_padding=&#8220;|10px||10px|false|true&#8220;] An der HBS soll jeder Sch\u00fcler die Bildung erhalten, die zu seinen F\u00e4higkeiten passt (Individualit\u00e4t), als auch zu einem verantwortungsvollen Umgang mit seinen Mitmenschen und [&hellip;]<\/p>\n","protected":false},"author":1,"featured_media":0,"parent":0,"menu_order":0,"comment_status":"closed","ping_status":"closed","template":"","meta":{"_et_pb_use_builder":"on","_et_pb_old_content":"<!-- wp:paragraph -->\r\n<p>An der HBS soll jeder Sch\u00fcler die Bildung erhalten, die zu seinen F\u00e4higkeiten passt (Individualit\u00e4t),<\/p>\r\n<!-- \/wp:paragraph -->\r\n\r\n<!-- wp:paragraph -->\r\n<p>als auch zu einem verantwortungsvollen Umgang mit seinen Mitmenschen und seiner Umwelt f\u00fchrt (Gemeinschaft).<\/p>\r\n<!-- \/wp:paragraph -->\r\n\r\n<!-- wp:paragraph -->\r\n<p>Wir wollen den Sch\u00fclern helfen, die Balance zwischen\u00a0<strong>Individualit\u00e4t<\/strong>\u00a0und\u00a0<strong>Gemeinschaft<\/strong>\u00a0zu finden.<\/p>\r\n<!-- \/wp:paragraph -->\r\n\r\n<!-- wp:heading -->\r\n<h2>Individualit\u00e4t<\/h2>\r\n<!-- \/wp:heading -->\r\n\r\n<!-- wp:list -->\r\n<ul>\r\n<li>Pers\u00f6nlichkeitsbildung<\/li>\r\n<li>Selbstverwirklichung<\/li>\r\n<li>Selbstt\u00e4tigkeit<\/li>\r\n<li>Leistungsf\u00e4higkeit<\/li>\r\n<li>Leistungsbereitschaft<\/li>\r\n<li>Kritikf\u00e4higkeit<\/li>\r\n<\/ul>\r\n<!-- \/wp:list -->\r\n\r\n<!-- wp:heading -->\r\n<h2>Gemeinschaft<\/h2>\r\n<!-- \/wp:heading -->\r\n\r\n<!-- wp:list -->\r\n<ul>\r\n<li>Respekt, Toleranz und Fairness<\/li>\r\n<li>Teamf\u00e4higkeit<\/li>\r\n<li>Demokratiebewusstsein<\/li>\r\n<li>Kommunikationsf\u00e4higkeit<\/li>\r\n<li>Konfliktf\u00e4higkeit<\/li>\r\n<\/ul>\r\n<!-- \/wp:list -->\r\n\r\n<!-- wp:image -->\r\n<figure class=\"wp-block-image\"><img src=\"http:\/\/www.hbs-fuerth.de\/____impro\/1\/onewebmedia\/Wippe_anim10.gif?etag=W%2F%225bbb-59d53818%22&sourceContentType=image%2Fgif&ignoreAspectRatio&resize=715%2B414&extract=0%2B0%2B713%2B414\" alt=\"\" \/><\/figure>\r\n<!-- \/wp:image -->\r\n\r\n<!-- wp:paragraph -->\r\n<p>Wichtig dabei sind\u00a0<strong>Leichtigkeit, Neugierde, Freude<\/strong>\u00a0und<strong>\u00a0Humor<\/strong>.<\/p>\r\n<!-- \/wp:paragraph -->","footnotes":""},"class_list":["post-213","page","type-page","status-publish","hentry"],"_links":{"self":[{"href":"https:\/\/www.xn--hbs-frth-b6a.de\/index.php\/wp-json\/wp\/v2\/pages\/213","targetHints":{"allow":["GET"]}}],"collection":[{"href":"https:\/\/www.xn--hbs-frth-b6a.de\/index.php\/wp-json\/wp\/v2\/pages"}],"about":[{"href":"https:\/\/www.xn--hbs-frth-b6a.de\/index.php\/wp-json\/wp\/v2\/types\/page"}],"author":[{"embeddable":true,"href":"https:\/\/www.xn--hbs-frth-b6a.de\/index.php\/wp-json\/wp\/v2\/users\/1"}],"replies":[{"embeddable":true,"href":"https:\/\/www.xn--hbs-frth-b6a.de\/index.php\/wp-json\/wp\/v2\/comments?post=213"}],"version-history":[{"count":25,"href":"https:\/\/www.xn--hbs-frth-b6a.de\/index.php\/wp-json\/wp\/v2\/pages\/213\/revisions"}],"predecessor-version":[{"id":6042,"href":"https:\/\/www.xn--hbs-frth-b6a.de\/index.php\/wp-json\/wp\/v2\/pages\/213\/revisions\/6042"}],"wp:attachment":[{"href":"https:\/\/www.xn--hbs-frth-b6a.de\/index.php\/wp-json\/wp\/v2\/media?parent=213"}],"curies":[{"name":"wp","href":"https:\/\/api.w.org\/{rel}","templated":true}]}}