{"id":16974,"date":"2024-09-25T10:10:25","date_gmt":"2024-09-25T08:10:25","guid":{"rendered":"https:\/\/www.xn--hbs-frth-b6a.de\/?page_id=16974"},"modified":"2024-09-25T10:50:44","modified_gmt":"2024-09-25T08:50:44","slug":"heisser-draht","status":"publish","type":"page","link":"https:\/\/www.xn--hbs-frth-b6a.de\/index.php\/digitale-welt\/computer-ueberall\/heisser-draht\/","title":{"rendered":"Hei\u00dfer Draht"},"content":{"rendered":"<p>[et_pb_section fb_built=&#8220;1&#8243; _builder_version=&#8220;4.0.6&#8243;][et_pb_row column_structure=&#8220;3_4,1_4&#8243; _builder_version=&#8220;4.0.6&#8243;][et_pb_column type=&#8220;3_4&#8243; _builder_version=&#8220;4.0.6&#8243;][et_pb_text _builder_version=&#8220;4.0.6&#8243;]<\/p>\n<h1>Hei\u00dfer Draht<\/h1>\n<p><img loading=\"lazy\" decoding=\"async\" class=\"wp-image-16979 size-medium alignright\" src=\"https:\/\/www.xn--hbs-frth-b6a.de\/wp-content\/uploads\/2024\/09\/Heisser-Draht-Beispielbild-300x209.jpg\" alt=\"\" width=\"300\" height=\"209\" \/><\/p>\n<p>&nbsp;<\/p>\n<p>Spielen und lernen verbindet auch die Herstellung des Spieles Hei\u00dfer Draht mit Hilfe des <a href=\"https:\/\/calliope.cc\/\">Calliope Mini<\/a>. Die Sch\u00fclerinnen und Sch\u00fcler bauen dabei in einem ersten Schritt angeleitet den Draht und erstellen die Programmierung. Nachdem sie nun ausreichend das Spiel und verschiedenen Schwierigkeiten (je nach unterschiedlicher Formung des Drahtes) gespielt haben, eignet es sich wunderbar als Anschauungsobjekt oder zur Vertiefung des EVA-Prinzips:<\/p>\n<ul>\n<li>E wie Eingabe: Der hei\u00dfe Draht ist das Eingabeobjekt. Wenn sich die Drahtelemente ber\u00fchren, entsteht ein Stromkreis und es wird eine Eingabe get\u00e4tigt.<\/li>\n<li>V wie Verarbeitung: Der eigentliche Programmcode. Wenn es zur Eingabe an Pin 1 kommt, dann spiele den bestimmten Ton.<\/li>\n<li>A wie Ausgabe: Der laut h\u00f6rbare Ton beim Kontakt.<\/li>\n<\/ul>\n<p>Dies durchbricht gleichzeitig eventuelle vorherige Missverst\u00e4ndnisse, dass Eingaben sich nur auf die Tastatur beziehen und Ausgaben auf etwas am Bildschirm angezeigtes. Ben\u00f6tigt werden ausreichend Calliope Mini, leitf\u00e4higer Draht, eine Drahtschere oder Drahtschneider und Kartonst\u00fccke &#8211; wobei letztere wohl in ausreichender Zahl an einer Schule als M\u00fcll anfallen d\u00fcrften. Als Lehrkraft m\u00fcssen vorher schon die Drahtelemente in passende L\u00e4nge geschnitten und einige F\u00fchrungselemente (Kellen) vorbereitet werden. Alles weitere konnten beim Schulbesuchstag an unserer Schule bereits Viertkl\u00e4ssler.<\/p>\n<p>Genutzte Materialien:<\/p>\n<ul>\n<li>PDF: \u00a0<a href=\"https:\/\/www.xn--hbs-frth-b6a.de\/wp-content\/uploads\/2024\/09\/HBS-Calliope-Kurzeinfuehrung.pdf\" rel=\"attachment wp-att-16981\">HBS &#8211; Calliope Kurzeinf\u00fchrung<\/a><\/li>\n<li>Docx: <a href=\"https:\/\/www.xn--hbs-frth-b6a.de\/wp-content\/uploads\/2024\/09\/HBS-Calliope-Kurzeinfuehrung.docx\" rel=\"attachment wp-att-16980\">HBS &#8211; Calliope Kurzeinf\u00fchrung<\/a><\/li>\n<li>PDF: <a href=\"https:\/\/www.xn--hbs-frth-b6a.de\/wp-content\/uploads\/2024\/09\/HBS-Heisser-Draht.pdf\" rel=\"attachment wp-att-16983\">HBS &#8211; Hei\u00dfer Draht<\/a><\/li>\n<li>Docx:\u00a0<a href=\"https:\/\/www.xn--hbs-frth-b6a.de\/wp-content\/uploads\/2024\/09\/HBS-Heisser-Draht.docx\" rel=\"attachment wp-att-16982\">HBS &#8211; Hei\u00dfer Draht<\/a><\/li>\n<\/ul>\n<p>&nbsp;<\/p>\n<p>[\/et_pb_text][\/et_pb_column][et_pb_column type=&#8220;1_4&#8243; _builder_version=&#8220;4.0.6&#8243;][et_pb_blog include_categories=&#8220;10&#8243; _builder_version=&#8220;4.0.6&#8243;][\/et_pb_blog][\/et_pb_column][\/et_pb_row][\/et_pb_section]<\/p>\n","protected":false},"excerpt":{"rendered":"<p>[et_pb_section fb_built=&#8220;1&#8243; _builder_version=&#8220;4.0.6&#8243;][et_pb_row column_structure=&#8220;3_4,1_4&#8243; _builder_version=&#8220;4.0.6&#8243;][et_pb_column type=&#8220;3_4&#8243; _builder_version=&#8220;4.0.6&#8243;][et_pb_text _builder_version=&#8220;4.0.6&#8243;] Hei\u00dfer Draht &nbsp; Spielen und lernen verbindet auch die Herstellung des Spieles Hei\u00dfer Draht mit Hilfe des Calliope Mini. Die Sch\u00fclerinnen und Sch\u00fcler bauen dabei in einem ersten Schritt angeleitet den Draht und erstellen die Programmierung. Nachdem sie nun ausreichend das Spiel und verschiedenen Schwierigkeiten (je nach [&hellip;]<\/p>\n","protected":false},"author":12,"featured_media":0,"parent":16425,"menu_order":0,"comment_status":"closed","ping_status":"closed","template":"","meta":{"_et_pb_use_builder":"on","_et_pb_old_content":"","footnotes":""},"class_list":["post-16974","page","type-page","status-publish","hentry"],"_links":{"self":[{"href":"https:\/\/www.xn--hbs-frth-b6a.de\/index.php\/wp-json\/wp\/v2\/pages\/16974","targetHints":{"allow":["GET"]}}],"collection":[{"href":"https:\/\/www.xn--hbs-frth-b6a.de\/index.php\/wp-json\/wp\/v2\/pages"}],"about":[{"href":"https:\/\/www.xn--hbs-frth-b6a.de\/index.php\/wp-json\/wp\/v2\/types\/page"}],"author":[{"embeddable":true,"href":"https:\/\/www.xn--hbs-frth-b6a.de\/index.php\/wp-json\/wp\/v2\/users\/12"}],"replies":[{"embeddable":true,"href":"https:\/\/www.xn--hbs-frth-b6a.de\/index.php\/wp-json\/wp\/v2\/comments?post=16974"}],"version-history":[{"count":6,"href":"https:\/\/www.xn--hbs-frth-b6a.de\/index.php\/wp-json\/wp\/v2\/pages\/16974\/revisions"}],"predecessor-version":[{"id":17000,"href":"https:\/\/www.xn--hbs-frth-b6a.de\/index.php\/wp-json\/wp\/v2\/pages\/16974\/revisions\/17000"}],"up":[{"embeddable":true,"href":"https:\/\/www.xn--hbs-frth-b6a.de\/index.php\/wp-json\/wp\/v2\/pages\/16425"}],"wp:attachment":[{"href":"https:\/\/www.xn--hbs-frth-b6a.de\/index.php\/wp-json\/wp\/v2\/media?parent=16974"}],"curies":[{"name":"wp","href":"https:\/\/api.w.org\/{rel}","templated":true}]}}