{"id":16944,"date":"2024-09-25T09:27:57","date_gmt":"2024-09-25T07:27:57","guid":{"rendered":"https:\/\/www.xn--hbs-frth-b6a.de\/?page_id=16944"},"modified":"2024-09-25T09:43:36","modified_gmt":"2024-09-25T07:43:36","slug":"algorithmen-entdecken","status":"publish","type":"page","link":"https:\/\/www.xn--hbs-frth-b6a.de\/index.php\/digitale-welt\/grundlagen-der-programmierung\/algorithmen-entdecken\/","title":{"rendered":"Algorithmen entdecken"},"content":{"rendered":"<p>[et_pb_section fb_built=&#8220;1&#8243; _builder_version=&#8220;4.0.6&#8243;][et_pb_row column_structure=&#8220;3_4,1_4&#8243; _builder_version=&#8220;4.0.6&#8243;][et_pb_column type=&#8220;3_4&#8243; _builder_version=&#8220;4.0.6&#8243;][et_pb_text _builder_version=&#8220;4.0.6&#8243; hover_enabled=&#8220;0&#8243;]<\/p>\n<h1>Algorithmen entdecken<\/h1>\n<p>Ein niedrigschwelliges Spiel zum Erlenen der Grundlagen der Programmierung. Zus\u00e4tzlich werden erste Fachbegriffe (&#8222;Algorithmus&#8220;) eingef\u00fchrt und anhand von Beispielen n\u00e4hergebracht.\u00a0<\/p>\n<p>Genutzte Materialien:<\/p>\n<ul>\n<li>PDF: <a href=\"https:\/\/www.xn--hbs-frth-b6a.de\/wp-content\/uploads\/2024\/09\/HBS-Algorithmen-entdecken.pdf\" rel=\"attachment wp-att-16959\">HBS &#8211; Algorithmen entdecken<\/a><\/li>\n<li>Docx: <a href=\"https:\/\/www.xn--hbs-frth-b6a.de\/wp-content\/uploads\/2024\/09\/HBS-Algorithmen-entdecken.docx\" rel=\"attachment wp-att-16960\">HBS &#8211; Algorithmen entdecken<\/a><\/li>\n<\/ul>\n<p>&nbsp;<\/p>\n<p>&nbsp;<\/p>\n<p>[\/et_pb_text][\/et_pb_column][et_pb_column type=&#8220;1_4&#8243; _builder_version=&#8220;4.0.6&#8243;][et_pb_blog include_categories=&#8220;10&#8243; _builder_version=&#8220;4.0.6&#8243;][\/et_pb_blog][\/et_pb_column][\/et_pb_row][\/et_pb_section]<\/p>\n","protected":false},"excerpt":{"rendered":"<p>[et_pb_section fb_built=&#8220;1&#8243; _builder_version=&#8220;4.0.6&#8243;][et_pb_row column_structure=&#8220;3_4,1_4&#8243; _builder_version=&#8220;4.0.6&#8243;][et_pb_column type=&#8220;3_4&#8243; _builder_version=&#8220;4.0.6&#8243;][et_pb_text _builder_version=&#8220;4.0.6&#8243; hover_enabled=&#8220;0&#8243;] Algorithmen entdecken Ein niedrigschwelliges Spiel zum Erlenen der Grundlagen der Programmierung. Zus\u00e4tzlich werden erste Fachbegriffe (&#8222;Algorithmus&#8220;) eingef\u00fchrt und anhand von Beispielen n\u00e4hergebracht.\u00a0 Genutzte Materialien: PDF: HBS &#8211; Algorithmen entdecken Docx: HBS &#8211; Algorithmen entdecken &nbsp; &nbsp; [\/et_pb_text][\/et_pb_column][et_pb_column type=&#8220;1_4&#8243; _builder_version=&#8220;4.0.6&#8243;][et_pb_blog include_categories=&#8220;10&#8243; _builder_version=&#8220;4.0.6&#8243;][\/et_pb_blog][\/et_pb_column][\/et_pb_row][\/et_pb_section]<\/p>\n","protected":false},"author":12,"featured_media":0,"parent":16437,"menu_order":0,"comment_status":"closed","ping_status":"closed","template":"","meta":{"_et_pb_use_builder":"on","_et_pb_old_content":"","footnotes":""},"class_list":["post-16944","page","type-page","status-publish","hentry"],"_links":{"self":[{"href":"https:\/\/www.xn--hbs-frth-b6a.de\/index.php\/wp-json\/wp\/v2\/pages\/16944","targetHints":{"allow":["GET"]}}],"collection":[{"href":"https:\/\/www.xn--hbs-frth-b6a.de\/index.php\/wp-json\/wp\/v2\/pages"}],"about":[{"href":"https:\/\/www.xn--hbs-frth-b6a.de\/index.php\/wp-json\/wp\/v2\/types\/page"}],"author":[{"embeddable":true,"href":"https:\/\/www.xn--hbs-frth-b6a.de\/index.php\/wp-json\/wp\/v2\/users\/12"}],"replies":[{"embeddable":true,"href":"https:\/\/www.xn--hbs-frth-b6a.de\/index.php\/wp-json\/wp\/v2\/comments?post=16944"}],"version-history":[{"count":3,"href":"https:\/\/www.xn--hbs-frth-b6a.de\/index.php\/wp-json\/wp\/v2\/pages\/16944\/revisions"}],"predecessor-version":[{"id":16961,"href":"https:\/\/www.xn--hbs-frth-b6a.de\/index.php\/wp-json\/wp\/v2\/pages\/16944\/revisions\/16961"}],"up":[{"embeddable":true,"href":"https:\/\/www.xn--hbs-frth-b6a.de\/index.php\/wp-json\/wp\/v2\/pages\/16437"}],"wp:attachment":[{"href":"https:\/\/www.xn--hbs-frth-b6a.de\/index.php\/wp-json\/wp\/v2\/media?parent=16944"}],"curies":[{"name":"wp","href":"https:\/\/api.w.org\/{rel}","templated":true}]}}