{"id":16644,"date":"2024-09-19T20:45:50","date_gmt":"2024-09-19T18:45:50","guid":{"rendered":"https:\/\/www.xn--hbs-frth-b6a.de\/?page_id=16644"},"modified":"2024-09-25T09:48:25","modified_gmt":"2024-09-25T07:48:25","slug":"algorithmenspiel","status":"publish","type":"page","link":"https:\/\/www.xn--hbs-frth-b6a.de\/index.php\/digitale-welt\/grundlagen-der-programmierung\/algorithmenspiel\/","title":{"rendered":"Algorithmenspiel"},"content":{"rendered":"<p>[et_pb_section fb_built=&#8220;1&#8243; _builder_version=&#8220;4.0.6&#8243;][et_pb_row column_structure=&#8220;3_4,1_4&#8243; _builder_version=&#8220;4.0.6&#8243;][et_pb_column type=&#8220;3_4&#8243; _builder_version=&#8220;4.0.6&#8243;][et_pb_text _builder_version=&#8220;4.0.6&#8243; hover_enabled=&#8220;0&#8243;]<\/p>\n<h1>Algorithmen Spiel<\/h1>\n<p>Ein kleiner Wettkampf zur Festigung des Verst\u00e4ndnisses von Algorithmen. Die Aufgaben nutzen dabei sowohl verschiedene Aufgabentypen (z.B. Hin- und R\u00fcckaufgabe) als auch das EIS-Prinzip. Die erste Durchf\u00fchrung des Wettkampfes ist meist noch mit etwas Widerstand \/ Unmut bei den Sch\u00fclerinnen und Sch\u00fclern, da es schwierig, neu und vor den anderen ist, aber sobald sie sich darauf eingelassen haben, l\u00e4uft es super und sie haben dabei viel Spa\u00df. Kann auch angepasst zum Stundenende als Festigung genutzt werden, wie in anderen F\u00e4chern das Eckenrechnen, Vokabelfragen oder dergleichen.<\/p>\n<p>Genutzte Materialien:<\/p>\n<ul>\n<li>PDF:<a href=\"https:\/\/www.xn--hbs-frth-b6a.de\/wp-content\/uploads\/2024\/09\/HBS-Algorithmen-Wettkampf.pdf\" rel=\"attachment wp-att-16963\">HBS &#8211; Algorithmen Wettkampf<\/a><\/li>\n<li>Docx: <a href=\"https:\/\/www.xn--hbs-frth-b6a.de\/wp-content\/uploads\/2024\/09\/HBS-Algorithmen-Wettkampf.docx\" rel=\"attachment wp-att-16964\">HBS &#8211; Algorithmen Wettkampf<\/a><\/li>\n<\/ul>\n<p>[\/et_pb_text][\/et_pb_column][et_pb_column type=&#8220;1_4&#8243; _builder_version=&#8220;4.0.6&#8243;][et_pb_blog posts_number=&#8220;3&#8243; include_categories=&#8220;24,28,10,9,7,26&#8243; _builder_version=&#8220;4.0.6&#8243;][\/et_pb_blog][\/et_pb_column][\/et_pb_row][\/et_pb_section]<\/p>\n","protected":false},"excerpt":{"rendered":"<p>[et_pb_section fb_built=&#8220;1&#8243; _builder_version=&#8220;4.0.6&#8243;][et_pb_row column_structure=&#8220;3_4,1_4&#8243; _builder_version=&#8220;4.0.6&#8243;][et_pb_column type=&#8220;3_4&#8243; _builder_version=&#8220;4.0.6&#8243;][et_pb_text _builder_version=&#8220;4.0.6&#8243; hover_enabled=&#8220;0&#8243;] Algorithmen Spiel Ein kleiner Wettkampf zur Festigung des Verst\u00e4ndnisses von Algorithmen. Die Aufgaben nutzen dabei sowohl verschiedene Aufgabentypen (z.B. Hin- und R\u00fcckaufgabe) als auch das EIS-Prinzip. Die erste Durchf\u00fchrung des Wettkampfes ist meist noch mit etwas Widerstand \/ Unmut bei den Sch\u00fclerinnen und Sch\u00fclern, da es [&hellip;]<\/p>\n","protected":false},"author":12,"featured_media":0,"parent":16437,"menu_order":0,"comment_status":"closed","ping_status":"closed","template":"","meta":{"_et_pb_use_builder":"on","_et_pb_old_content":"","footnotes":""},"class_list":["post-16644","page","type-page","status-publish","hentry"],"_links":{"self":[{"href":"https:\/\/www.xn--hbs-frth-b6a.de\/index.php\/wp-json\/wp\/v2\/pages\/16644","targetHints":{"allow":["GET"]}}],"collection":[{"href":"https:\/\/www.xn--hbs-frth-b6a.de\/index.php\/wp-json\/wp\/v2\/pages"}],"about":[{"href":"https:\/\/www.xn--hbs-frth-b6a.de\/index.php\/wp-json\/wp\/v2\/types\/page"}],"author":[{"embeddable":true,"href":"https:\/\/www.xn--hbs-frth-b6a.de\/index.php\/wp-json\/wp\/v2\/users\/12"}],"replies":[{"embeddable":true,"href":"https:\/\/www.xn--hbs-frth-b6a.de\/index.php\/wp-json\/wp\/v2\/comments?post=16644"}],"version-history":[{"count":3,"href":"https:\/\/www.xn--hbs-frth-b6a.de\/index.php\/wp-json\/wp\/v2\/pages\/16644\/revisions"}],"predecessor-version":[{"id":16966,"href":"https:\/\/www.xn--hbs-frth-b6a.de\/index.php\/wp-json\/wp\/v2\/pages\/16644\/revisions\/16966"}],"up":[{"embeddable":true,"href":"https:\/\/www.xn--hbs-frth-b6a.de\/index.php\/wp-json\/wp\/v2\/pages\/16437"}],"wp:attachment":[{"href":"https:\/\/www.xn--hbs-frth-b6a.de\/index.php\/wp-json\/wp\/v2\/media?parent=16644"}],"curies":[{"name":"wp","href":"https:\/\/api.w.org\/{rel}","templated":true}]}}