{"id":16640,"date":"2024-09-19T20:44:53","date_gmt":"2024-09-19T18:44:53","guid":{"rendered":"https:\/\/www.xn--hbs-frth-b6a.de\/?page_id=16640"},"modified":"2024-09-25T10:45:51","modified_gmt":"2024-09-25T08:45:51","slug":"makeymakey","status":"publish","type":"page","link":"https:\/\/www.xn--hbs-frth-b6a.de\/index.php\/digitale-welt\/computer-ueberall\/makeymakey\/","title":{"rendered":"MakeyMakey"},"content":{"rendered":"<p>[et_pb_section fb_built=&#8220;1&#8243; _builder_version=&#8220;4.0.6&#8243;][et_pb_row column_structure=&#8220;3_4,1_4&#8243; _builder_version=&#8220;4.0.6&#8243;][et_pb_column type=&#8220;3_4&#8243; _builder_version=&#8220;4.0.6&#8243;][et_pb_text _builder_version=&#8220;4.0.6&#8243; hover_enabled=&#8220;0&#8243;]<\/p>\n<h1>Interaktive Poster mit dem MakeyMakey<\/h1>\n<p>Indem man in ein Poster mit dem MakeyMakey interaktive Elemente einbaut, kann das Verst\u00e4ndnis der EVA-Prinzips vertieft und gleichzeitig die Kreativit\u00e4t der Sch\u00fclerinnen und Sch\u00fcler gef\u00f6rdert werden. Ob Alufolie, weiche Bleistifte, B\u00fcroklammern, Musterklammern oder gewisse Farben &#8211; es gibt viele leitf\u00e4hige Stoffe in unserem Alltag, welche man benutzen kann um einem Poster durch interaktive Elemente das gewisse Extra zu geben.<\/p>\n<p>[\/et_pb_text][\/et_pb_column][et_pb_column type=&#8220;1_4&#8243; _builder_version=&#8220;4.0.6&#8243;][et_pb_blog posts_number=&#8220;3&#8243; include_categories=&#8220;24,28,10,9,7,26&#8243; _builder_version=&#8220;4.0.6&#8243;][\/et_pb_blog][\/et_pb_column][\/et_pb_row][\/et_pb_section]<\/p>\n","protected":false},"excerpt":{"rendered":"<p>[et_pb_section fb_built=&#8220;1&#8243; _builder_version=&#8220;4.0.6&#8243;][et_pb_row column_structure=&#8220;3_4,1_4&#8243; _builder_version=&#8220;4.0.6&#8243;][et_pb_column type=&#8220;3_4&#8243; _builder_version=&#8220;4.0.6&#8243;][et_pb_text _builder_version=&#8220;4.0.6&#8243; hover_enabled=&#8220;0&#8243;] Interaktive Poster mit dem MakeyMakey Indem man in ein Poster mit dem MakeyMakey interaktive Elemente einbaut, kann das Verst\u00e4ndnis der EVA-Prinzips vertieft und gleichzeitig die Kreativit\u00e4t der Sch\u00fclerinnen und Sch\u00fcler gef\u00f6rdert werden. Ob Alufolie, weiche Bleistifte, B\u00fcroklammern, Musterklammern oder gewisse Farben &#8211; es gibt viele leitf\u00e4hige [&hellip;]<\/p>\n","protected":false},"author":12,"featured_media":0,"parent":16425,"menu_order":0,"comment_status":"closed","ping_status":"closed","template":"","meta":{"_et_pb_use_builder":"on","_et_pb_old_content":"","footnotes":""},"class_list":["post-16640","page","type-page","status-publish","hentry"],"_links":{"self":[{"href":"https:\/\/www.xn--hbs-frth-b6a.de\/index.php\/wp-json\/wp\/v2\/pages\/16640","targetHints":{"allow":["GET"]}}],"collection":[{"href":"https:\/\/www.xn--hbs-frth-b6a.de\/index.php\/wp-json\/wp\/v2\/pages"}],"about":[{"href":"https:\/\/www.xn--hbs-frth-b6a.de\/index.php\/wp-json\/wp\/v2\/types\/page"}],"author":[{"embeddable":true,"href":"https:\/\/www.xn--hbs-frth-b6a.de\/index.php\/wp-json\/wp\/v2\/users\/12"}],"replies":[{"embeddable":true,"href":"https:\/\/www.xn--hbs-frth-b6a.de\/index.php\/wp-json\/wp\/v2\/comments?post=16640"}],"version-history":[{"count":3,"href":"https:\/\/www.xn--hbs-frth-b6a.de\/index.php\/wp-json\/wp\/v2\/pages\/16640\/revisions"}],"predecessor-version":[{"id":16999,"href":"https:\/\/www.xn--hbs-frth-b6a.de\/index.php\/wp-json\/wp\/v2\/pages\/16640\/revisions\/16999"}],"up":[{"embeddable":true,"href":"https:\/\/www.xn--hbs-frth-b6a.de\/index.php\/wp-json\/wp\/v2\/pages\/16425"}],"wp:attachment":[{"href":"https:\/\/www.xn--hbs-frth-b6a.de\/index.php\/wp-json\/wp\/v2\/media?parent=16640"}],"curies":[{"name":"wp","href":"https:\/\/api.w.org\/{rel}","templated":true}]}}