{"id":16636,"date":"2024-09-19T20:43:50","date_gmt":"2024-09-19T18:43:50","guid":{"rendered":"https:\/\/www.xn--hbs-frth-b6a.de\/?page_id=16636"},"modified":"2024-11-05T18:54:45","modified_gmt":"2024-11-05T17:54:45","slug":"medientagebuch","status":"publish","type":"page","link":"https:\/\/www.xn--hbs-frth-b6a.de\/index.php\/digitale-welt\/computer-ueberall\/medientagebuch\/","title":{"rendered":"Medientagebuch"},"content":{"rendered":"<p>[et_pb_section fb_built=&#8220;1&#8243; _builder_version=&#8220;4.0.6&#8243;][et_pb_row column_structure=&#8220;3_4,1_4&#8243; _builder_version=&#8220;4.0.6&#8243;][et_pb_column type=&#8220;3_4&#8243; _builder_version=&#8220;4.0.6&#8243;][et_pb_text _builder_version=&#8220;4.0.6&#8243; hover_enabled=&#8220;0&#8243;]<\/p>\n<h1>Medientagebuch<\/h1>\n<p>Das Medientagebuch soll den Sch\u00fclerinnen und Sch\u00fclern dabei helfen, ihre eigene Bildschirmzeit zu kontrollieren und am Ende zu reflektieren. Wof\u00fcr wird wieviel Zeit genutzt? Ist die Bildschirmzeit gut oder schlecht, mit welcher Begr\u00fcndung?<\/p>\n<p>(In \u00dcberarbeitung)<\/p>\n<p>Material:<\/p>\n<p>[\/et_pb_text][\/et_pb_column][et_pb_column type=&#8220;1_4&#8243; _builder_version=&#8220;4.0.6&#8243;][et_pb_blog posts_number=&#8220;3&#8243; include_categories=&#8220;24,28,10,9,7,26&#8243; _builder_version=&#8220;4.0.6&#8243;][\/et_pb_blog][\/et_pb_column][\/et_pb_row][\/et_pb_section]<\/p>\n","protected":false},"excerpt":{"rendered":"<p>[et_pb_section fb_built=&#8220;1&#8243; _builder_version=&#8220;4.0.6&#8243;][et_pb_row column_structure=&#8220;3_4,1_4&#8243; _builder_version=&#8220;4.0.6&#8243;][et_pb_column type=&#8220;3_4&#8243; _builder_version=&#8220;4.0.6&#8243;][et_pb_text _builder_version=&#8220;4.0.6&#8243; hover_enabled=&#8220;0&#8243;] Medientagebuch Das Medientagebuch soll den Sch\u00fclerinnen und Sch\u00fclern dabei helfen, ihre eigene Bildschirmzeit zu kontrollieren und am Ende zu reflektieren. Wof\u00fcr wird wieviel Zeit genutzt? Ist die Bildschirmzeit gut oder schlecht, mit welcher Begr\u00fcndung? (In \u00dcberarbeitung) Material: [\/et_pb_text][\/et_pb_column][et_pb_column type=&#8220;1_4&#8243; _builder_version=&#8220;4.0.6&#8243;][et_pb_blog posts_number=&#8220;3&#8243; include_categories=&#8220;24,28,10,9,7,26&#8243; _builder_version=&#8220;4.0.6&#8243;][\/et_pb_blog][\/et_pb_column][\/et_pb_row][\/et_pb_section]<\/p>\n","protected":false},"author":12,"featured_media":0,"parent":16425,"menu_order":0,"comment_status":"closed","ping_status":"closed","template":"","meta":{"_et_pb_use_builder":"on","_et_pb_old_content":"","footnotes":""},"class_list":["post-16636","page","type-page","status-publish","hentry"],"_links":{"self":[{"href":"https:\/\/www.xn--hbs-frth-b6a.de\/index.php\/wp-json\/wp\/v2\/pages\/16636","targetHints":{"allow":["GET"]}}],"collection":[{"href":"https:\/\/www.xn--hbs-frth-b6a.de\/index.php\/wp-json\/wp\/v2\/pages"}],"about":[{"href":"https:\/\/www.xn--hbs-frth-b6a.de\/index.php\/wp-json\/wp\/v2\/types\/page"}],"author":[{"embeddable":true,"href":"https:\/\/www.xn--hbs-frth-b6a.de\/index.php\/wp-json\/wp\/v2\/users\/12"}],"replies":[{"embeddable":true,"href":"https:\/\/www.xn--hbs-frth-b6a.de\/index.php\/wp-json\/wp\/v2\/comments?post=16636"}],"version-history":[{"count":6,"href":"https:\/\/www.xn--hbs-frth-b6a.de\/index.php\/wp-json\/wp\/v2\/pages\/16636\/revisions"}],"predecessor-version":[{"id":17458,"href":"https:\/\/www.xn--hbs-frth-b6a.de\/index.php\/wp-json\/wp\/v2\/pages\/16636\/revisions\/17458"}],"up":[{"embeddable":true,"href":"https:\/\/www.xn--hbs-frth-b6a.de\/index.php\/wp-json\/wp\/v2\/pages\/16425"}],"wp:attachment":[{"href":"https:\/\/www.xn--hbs-frth-b6a.de\/index.php\/wp-json\/wp\/v2\/media?parent=16636"}],"curies":[{"name":"wp","href":"https:\/\/api.w.org\/{rel}","templated":true}]}}