{"id":16598,"date":"2024-09-19T10:54:36","date_gmt":"2024-09-19T08:54:36","guid":{"rendered":"https:\/\/www.xn--hbs-frth-b6a.de\/?page_id=16598"},"modified":"2024-09-24T19:42:31","modified_gmt":"2024-09-24T17:42:31","slug":"pixelgrafiken","status":"publish","type":"page","link":"https:\/\/www.xn--hbs-frth-b6a.de\/index.php\/digitale-welt\/information-daten\/pixelgrafiken\/","title":{"rendered":"Pixelgrafiken"},"content":{"rendered":"<p>[et_pb_section fb_built=&#8220;1&#8243; _builder_version=&#8220;4.0.6&#8243;][et_pb_row column_structure=&#8220;3_4,1_4&#8243; _builder_version=&#8220;4.0.6&#8243;][et_pb_column type=&#8220;3_4&#8243; _builder_version=&#8220;4.0.6&#8243;][et_pb_text _builder_version=&#8220;4.0.6&#8243; hover_enabled=&#8220;0&#8243;]<\/p>\n<h1>Pixelgrafiken<\/h1>\n<p><a href=\"https:\/\/www.xn--hbs-frth-b6a.de\/wp-content\/uploads\/2024\/09\/HBS-Pixelgrafiken.png\"><img loading=\"lazy\" decoding=\"async\" class=\"alignright wp-image-16910 size-medium\" src=\"https:\/\/www.xn--hbs-frth-b6a.de\/wp-content\/uploads\/2024\/09\/HBS-Pixelgrafiken-211x300.png\" alt=\"\" width=\"211\" height=\"300\" \/><\/a>Nachdem die Sch\u00fclerinnen und Sch\u00fcler mit den Bin\u00e4rzahlen einen Einstieg in die Repr\u00e4sentation von Informationen aus Sicht des Computers hatten, bieten die Pixelgrafiken nun eine visuelle Komponente. Die Sch\u00fclerinnen und Sch\u00fcler beginnen mit der Erstellung eines Smileys, \u00fcbertragen dies in eine (vereinfachte) Codierung. Nach einer Reflexion \u00fcber die Zahlen und Vorarbeit auf dem Papier vertiefen die Sch\u00fclerinnen und Sch\u00fcler in Excel die Erstellung von Pixelbildern. Beispiele und Vorlagen finden sich am Ende.<\/p>\n<p><img loading=\"lazy\" decoding=\"async\" class=\"wp-image-16887 alignnone size-medium\" src=\"https:\/\/www.xn--hbs-frth-b6a.de\/wp-content\/uploads\/2024\/09\/Ausgefuellt-300x147.png\" alt=\"\" width=\"300\" height=\"147\" \/><\/p>\n<p>Genutzte Materialien:<\/p>\n<ul>\n<li>Docx: <a href=\"https:\/\/www.xn--hbs-frth-b6a.de\/wp-content\/uploads\/2024\/09\/HBS-Pixelgrafiken.docx\" rel=\"attachment wp-att-16888\">HBS &#8211; Pixelgrafiken<\/a><\/li>\n<li>PDF: <a href=\"https:\/\/www.xn--hbs-frth-b6a.de\/wp-content\/uploads\/2024\/09\/HBS-Pixelgrafiken.pdf\" rel=\"attachment wp-att-16883\">HBS &#8211; Pixelgrafiken<\/a><\/li>\n<li>Beispielbild zur Demonstration: <a href=\"https:\/\/www.xn--hbs-frth-b6a.de\/wp-content\/uploads\/2024\/09\/Pixelgrafik-Beispielbild-gross.xlsx\" rel=\"attachment wp-att-16884\">Pixelgrafik Beispielbild gro\u00df<\/a><\/li>\n<li>Vorlage f\u00fcr Pixelbilder in Excel: <a href=\"https:\/\/www.xn--hbs-frth-b6a.de\/wp-content\/uploads\/2024\/09\/Vorlage-Pixelgrafik.xlsx\" rel=\"attachment wp-att-16886\">Vorlage Pixelgrafik<\/a><\/li>\n<li>Ausgef\u00fcllte Vorlage der Pixelbilder als Beispiel: <a href=\"https:\/\/www.xn--hbs-frth-b6a.de\/wp-content\/uploads\/2024\/09\/Pixelgrafik-Beispielbild.xlsx\" rel=\"attachment wp-att-16885\">Pixelgrafik Beispielbild<\/a><\/li>\n<\/ul>\n<p>[\/et_pb_text][\/et_pb_column][et_pb_column type=&#8220;1_4&#8243; _builder_version=&#8220;4.0.6&#8243;][et_pb_blog posts_number=&#8220;3&#8243; include_categories=&#8220;24,28,10,9,7,26&#8243; _builder_version=&#8220;4.0.6&#8243;][\/et_pb_blog][\/et_pb_column][\/et_pb_row][\/et_pb_section]<\/p>\n","protected":false},"excerpt":{"rendered":"<p>[et_pb_section fb_built=&#8220;1&#8243; _builder_version=&#8220;4.0.6&#8243;][et_pb_row column_structure=&#8220;3_4,1_4&#8243; _builder_version=&#8220;4.0.6&#8243;][et_pb_column type=&#8220;3_4&#8243; _builder_version=&#8220;4.0.6&#8243;][et_pb_text _builder_version=&#8220;4.0.6&#8243; hover_enabled=&#8220;0&#8243;] Pixelgrafiken Nachdem die Sch\u00fclerinnen und Sch\u00fcler mit den Bin\u00e4rzahlen einen Einstieg in die Repr\u00e4sentation von Informationen aus Sicht des Computers hatten, bieten die Pixelgrafiken nun eine visuelle Komponente. Die Sch\u00fclerinnen und Sch\u00fcler beginnen mit der Erstellung eines Smileys, \u00fcbertragen dies in eine (vereinfachte) Codierung. Nach einer [&hellip;]<\/p>\n","protected":false},"author":12,"featured_media":0,"parent":16433,"menu_order":0,"comment_status":"closed","ping_status":"closed","template":"","meta":{"_et_pb_use_builder":"on","_et_pb_old_content":"","footnotes":""},"class_list":["post-16598","page","type-page","status-publish","hentry"],"_links":{"self":[{"href":"https:\/\/www.xn--hbs-frth-b6a.de\/index.php\/wp-json\/wp\/v2\/pages\/16598","targetHints":{"allow":["GET"]}}],"collection":[{"href":"https:\/\/www.xn--hbs-frth-b6a.de\/index.php\/wp-json\/wp\/v2\/pages"}],"about":[{"href":"https:\/\/www.xn--hbs-frth-b6a.de\/index.php\/wp-json\/wp\/v2\/types\/page"}],"author":[{"embeddable":true,"href":"https:\/\/www.xn--hbs-frth-b6a.de\/index.php\/wp-json\/wp\/v2\/users\/12"}],"replies":[{"embeddable":true,"href":"https:\/\/www.xn--hbs-frth-b6a.de\/index.php\/wp-json\/wp\/v2\/comments?post=16598"}],"version-history":[{"count":5,"href":"https:\/\/www.xn--hbs-frth-b6a.de\/index.php\/wp-json\/wp\/v2\/pages\/16598\/revisions"}],"predecessor-version":[{"id":16914,"href":"https:\/\/www.xn--hbs-frth-b6a.de\/index.php\/wp-json\/wp\/v2\/pages\/16598\/revisions\/16914"}],"up":[{"embeddable":true,"href":"https:\/\/www.xn--hbs-frth-b6a.de\/index.php\/wp-json\/wp\/v2\/pages\/16433"}],"wp:attachment":[{"href":"https:\/\/www.xn--hbs-frth-b6a.de\/index.php\/wp-json\/wp\/v2\/media?parent=16598"}],"curies":[{"name":"wp","href":"https:\/\/api.w.org\/{rel}","templated":true}]}}