{"id":16425,"date":"2024-09-11T19:31:20","date_gmt":"2024-09-11T17:31:20","guid":{"rendered":"https:\/\/www.xn--hbs-frth-b6a.de\/?page_id=16425"},"modified":"2024-09-25T10:52:20","modified_gmt":"2024-09-25T08:52:20","slug":"computer-ueberall","status":"publish","type":"page","link":"https:\/\/www.xn--hbs-frth-b6a.de\/index.php\/digitale-welt\/computer-ueberall\/","title":{"rendered":"Computer \u00dcberall"},"content":{"rendered":"<p>[et_pb_section fb_built=&#8220;1&#8243; _builder_version=&#8220;4.0.6&#8243;][et_pb_row column_structure=&#8220;3_4,1_4&#8243; _builder_version=&#8220;4.0.6&#8243;][et_pb_column type=&#8220;3_4&#8243; _builder_version=&#8220;4.0.6&#8243;][et_pb_text _builder_version=&#8220;4.0.6&#8243;]<\/p>\n<h1>Computer \u00dcberall<\/h1>\n<p>In unserem Alltag sind Computer mittlerweile nicht mehr weg zu denken. Aber was genau ist ein Computer? Wo stecken \u00fcberall Computer drinnen? Wer ist diese mysteri\u00f6se EVA und warum sollten mich ihre Prinzipien interessieren?!?<\/p>\n<p>In diesem Themenfeld lernen die Sch\u00fclerinnen und Sch\u00fcler ihren eigenen Medienkonsum zu beobachten und reflektieren, sammeln erste Erfahrungen mit dem EVA-Prinzip und der Herstellung von computergest\u00fctzten Elementen.<\/p>\n<p>Weiterlesen:<\/p>\n<ul>\n<li><a href=\"https:\/\/www.hbs-f\u00fcrth.de\/index.php\/digitale-welt\/computer-ueberall\/medientagebuch\/\">Medientagebuch<\/a><\/li>\n<li><a href=\"https:\/\/www.hbs-f\u00fcrth.de\/index.php\/digitale-welt\/computer-ueberall\/heisser-draht\/\">Hei\u00dfer Draht mit dem Calliope Mini<\/a><\/li>\n<li><a href=\"https:\/\/www.hbs-f\u00fcrth.de\/index.php\/digitale-welt\/computer-ueberall\/makeymakey\/\">Interaktive Poster mit dem MakeyMakey<\/a><\/li>\n<\/ul>\n<p>[\/et_pb_text][\/et_pb_column][et_pb_column type=&#8220;1_4&#8243; _builder_version=&#8220;4.0.6&#8243;][et_pb_blog posts_number=&#8220;3&#8243; include_categories=&#8220;24,28,10,9,7,26&#8243; _builder_version=&#8220;4.0.6&#8243;][\/et_pb_blog][\/et_pb_column][\/et_pb_row][\/et_pb_section]<\/p>\n","protected":false},"excerpt":{"rendered":"<p>[et_pb_section fb_built=&#8220;1&#8243; _builder_version=&#8220;4.0.6&#8243;][et_pb_row column_structure=&#8220;3_4,1_4&#8243; _builder_version=&#8220;4.0.6&#8243;][et_pb_column type=&#8220;3_4&#8243; _builder_version=&#8220;4.0.6&#8243;][et_pb_text _builder_version=&#8220;4.0.6&#8243;] Computer \u00dcberall In unserem Alltag sind Computer mittlerweile nicht mehr weg zu denken. Aber was genau ist ein Computer? Wo stecken \u00fcberall Computer drinnen? Wer ist diese mysteri\u00f6se EVA und warum sollten mich ihre Prinzipien interessieren?!? In diesem Themenfeld lernen die Sch\u00fclerinnen und Sch\u00fcler ihren eigenen Medienkonsum [&hellip;]<\/p>\n","protected":false},"author":12,"featured_media":0,"parent":16408,"menu_order":0,"comment_status":"closed","ping_status":"closed","template":"","meta":{"_et_pb_use_builder":"on","_et_pb_old_content":"","footnotes":""},"class_list":["post-16425","page","type-page","status-publish","hentry"],"_links":{"self":[{"href":"https:\/\/www.xn--hbs-frth-b6a.de\/index.php\/wp-json\/wp\/v2\/pages\/16425","targetHints":{"allow":["GET"]}}],"collection":[{"href":"https:\/\/www.xn--hbs-frth-b6a.de\/index.php\/wp-json\/wp\/v2\/pages"}],"about":[{"href":"https:\/\/www.xn--hbs-frth-b6a.de\/index.php\/wp-json\/wp\/v2\/types\/page"}],"author":[{"embeddable":true,"href":"https:\/\/www.xn--hbs-frth-b6a.de\/index.php\/wp-json\/wp\/v2\/users\/12"}],"replies":[{"embeddable":true,"href":"https:\/\/www.xn--hbs-frth-b6a.de\/index.php\/wp-json\/wp\/v2\/comments?post=16425"}],"version-history":[{"count":8,"href":"https:\/\/www.xn--hbs-frth-b6a.de\/index.php\/wp-json\/wp\/v2\/pages\/16425\/revisions"}],"predecessor-version":[{"id":17003,"href":"https:\/\/www.xn--hbs-frth-b6a.de\/index.php\/wp-json\/wp\/v2\/pages\/16425\/revisions\/17003"}],"up":[{"embeddable":true,"href":"https:\/\/www.xn--hbs-frth-b6a.de\/index.php\/wp-json\/wp\/v2\/pages\/16408"}],"wp:attachment":[{"href":"https:\/\/www.xn--hbs-frth-b6a.de\/index.php\/wp-json\/wp\/v2\/media?parent=16425"}],"curies":[{"name":"wp","href":"https:\/\/api.w.org\/{rel}","templated":true}]}}