{"id":12595,"date":"2024-03-20T09:20:20","date_gmt":"2024-03-20T08:20:20","guid":{"rendered":"https:\/\/www.xn--hbs-frth-b6a.de\/?page_id=12595"},"modified":"2026-02-09T11:33:18","modified_gmt":"2026-02-09T10:33:18","slug":"schulpsychologie","status":"publish","type":"page","link":"https:\/\/www.xn--hbs-frth-b6a.de\/index.php\/schulpsychologie\/","title":{"rendered":"Schulpsychologie"},"content":{"rendered":"<p>[et_pb_section fb_built=&#8220;1&#8243; _builder_version=&#8220;3.22&#8243;][et_pb_row _builder_version=&#8220;4.0.6&#8243;][et_pb_column type=&#8220;4_4&#8243; _builder_version=&#8220;4.0.6&#8243;][et_pb_text _builder_version=&#8220;4.0.6&#8243;]<\/p>\n<h1><b><span>Schulpsychologische Beratung und Pr\u00e4vention<\/span><\/b><\/h1>\n<p>[\/et_pb_text][et_pb_divider _builder_version=&#8220;4.0.6&#8243;][\/et_pb_divider][\/et_pb_column][\/et_pb_row][et_pb_row column_structure=&#8220;3_4,1_4&#8243; _builder_version=&#8220;3.25&#8243; background_size=&#8220;initial&#8220; background_position=&#8220;top_left&#8220; background_repeat=&#8220;repeat&#8220;][et_pb_column type=&#8220;3_4&#8243; _builder_version=&#8220;3.25&#8243; custom_padding=&#8220;|||&#8220; custom_padding__hover=&#8220;|||&#8220;][et_pb_text _builder_version=&#8220;4.0.6&#8243; background_size=&#8220;initial&#8220; background_position=&#8220;top_left&#8220; background_repeat=&#8220;repeat&#8220; hover_enabled=&#8220;0&#8243;]<\/p>\n<p style=\"font-weight: 400;\">Die Schulpsychologinnen und Schulpsychologen der Staatlichen Schul\u00e4mter bieten Schulen, Lehrkr\u00e4ften, Eltern sowie Sch\u00fclerinnen und Sch\u00fclern ein vielf\u00e4ltiges Beratungsspektrum an.<\/p>\n<p style=\"font-weight: 400;\">Dabei spielt sowohl die psychologische Beratung von Schulen, Lehrkr\u00e4ften, Eltern sowie Sch\u00fclerinnen und Sch\u00fclern als auch die pr\u00e4ventive und systembezogene Beratung eine wichtige Rolle.<\/p>\n<p style=\"font-weight: 400;\">Schulpsychologische Beratungen sind\u00a0<strong>freiwillig<\/strong>,\u00a0<strong>kostenfrei<\/strong>\u00a0und\u00a0<strong>vertraulich<\/strong>. In der Beratung werden die Ratsuchenden darin unterst\u00fctzt, den jeweils f\u00fcr sie passenden L\u00f6sungsweg zu finden und auftretende Probleme in eigener Verantwortung zu bew\u00e4ltigen.<\/p>\n<p style=\"font-weight: 400;\">Schulpsychologinnen und Schulpsychologen k\u00f6nnen von Schulleitungen, Lehrkr\u00e4ften, Eltern, Sch\u00fclerinnen und Sch\u00fclern als auch amtsintern angefragt werden. Ratsuchende wenden sich mit ihrer Anfrage an die f\u00fcr ihre Schule zust\u00e4ndigen Schulpsychologinnen und Schulpsychologen.<\/p>\n<p style=\"font-weight: 400;\">Sch\u00fclerinnen und Sch\u00fclern unter 14 Jahren bieten wir ein einmaliges vertrauliches Beratungsgespr\u00e4ch auch ohne Wissen der Eltern an. Sollen dar\u00fcber hinaus weitere Beratungen stattfinden, muss zuvor das Einverst\u00e4ndnis der Eltern bzw. der Sorgeberechtigten eingeholt werden.<\/p>\n<p style=\"font-weight: 400;\">Ab dem vollendeten 14. Lebensjahr k\u00f6nnen Sch\u00fclerinnen und Sch\u00fcler schulpsychologische Beratungen eigenst\u00e4ndig in Anspruch nehmen. Die Sorgeberechtigten werden durch die beratende Schulpsychologin oder den beratenden Schulpsychologen \u00fcber die Beratung informiert, es sei denn, es gibt gewichtige Gr\u00fcnden, die dagegensprechen. Vollj\u00e4hrige Sch\u00fclerinnen und Sch\u00fcler werden unabh\u00e4ngig vom Wissen oder der Zustimmung ihrer Eltern schulpsychologisch beraten.<\/p>\n<p style=\"font-weight: 400;\">Zust\u00e4ndige Schulpsychologin f\u00fcr die Heinrich-B\u00f6ll-Schule F\u00fcrth ist:<\/p>\n<p style=\"font-weight: 400;\"><strong>Alexandra Treffehn<\/strong><\/p>\n<p style=\"font-weight: 400;\">Schulpsychologin<\/p>\n<p style=\"font-weight: 400;\">Staatliches Schulamt f\u00fcr den Landkreis Bergstra\u00dfe und den Odenwaldkreis<\/p>\n<p style=\"font-weight: 400;\">Weiherhausstra\u00dfe 8c<\/p>\n<p style=\"font-weight: 400;\">64646 Heppenheim<\/p>\n<p style=\"font-weight: 400;\">Tel.: +49 6252 9964-118<\/p>\n<p style=\"font-weight: 400;\">Mail: Alexandra.Treffehn@kultus.hessen.de<\/p>\n<p style=\"font-weight: 400;\"><strong><a href=\"https:\/\/www.xn--hbs-frth-b6a.de\/wp-content\/uploads\/2024\/03\/Netzwerk-Soziale-Beratung-an-der-HBS-Maerz-2024.pdf\" target=\"_blank\" rel=\"noopener noreferrer\">Flyer schulpsychologische Beratung<\/a><\/strong><\/p>\n<p style=\"font-weight: 400;\"><strong><a href=\"https:\/\/hessendante.hessen.de\/forms\/findform?shortname=Schulpsychologie&amp;formtecid=3&amp;areashortname=HKM&amp;needSB=1\" target=\"_blank\" rel=\"noopener noreferrer\">Anmeldung schulpsychologische Beratung<\/a><\/strong><\/p>\n<p>[\/et_pb_text][\/et_pb_column][et_pb_column type=&#8220;1_4&#8243; _builder_version=&#8220;3.25&#8243; custom_padding=&#8220;|||&#8220; custom_padding__hover=&#8220;|||&#8220;][et_pb_blog posts_number=&#8220;3&#8243; include_categories=&#8220;all&#8220; _builder_version=&#8220;4.0.6&#8243;][\/et_pb_blog][\/et_pb_column][\/et_pb_row][\/et_pb_section]<\/p>\n","protected":false},"excerpt":{"rendered":"<p>[et_pb_section fb_built=&#8220;1&#8243; _builder_version=&#8220;3.22&#8243;][et_pb_row _builder_version=&#8220;4.0.6&#8243;][et_pb_column type=&#8220;4_4&#8243; _builder_version=&#8220;4.0.6&#8243;][et_pb_text _builder_version=&#8220;4.0.6&#8243;] Schulpsychologische Beratung und Pr\u00e4vention [\/et_pb_text][et_pb_divider _builder_version=&#8220;4.0.6&#8243;][\/et_pb_divider][\/et_pb_column][\/et_pb_row][et_pb_row column_structure=&#8220;3_4,1_4&#8243; _builder_version=&#8220;3.25&#8243; background_size=&#8220;initial&#8220; background_position=&#8220;top_left&#8220; background_repeat=&#8220;repeat&#8220;][et_pb_column type=&#8220;3_4&#8243; _builder_version=&#8220;3.25&#8243; custom_padding=&#8220;|||&#8220; custom_padding__hover=&#8220;|||&#8220;][et_pb_text _builder_version=&#8220;4.0.6&#8243; background_size=&#8220;initial&#8220; background_position=&#8220;top_left&#8220; background_repeat=&#8220;repeat&#8220; hover_enabled=&#8220;0&#8243;] Die Schulpsychologinnen und Schulpsychologen der Staatlichen Schul\u00e4mter bieten Schulen, Lehrkr\u00e4ften, Eltern sowie Sch\u00fclerinnen und Sch\u00fclern ein vielf\u00e4ltiges Beratungsspektrum an. Dabei spielt sowohl die psychologische Beratung von Schulen, Lehrkr\u00e4ften, [&hellip;]<\/p>\n","protected":false},"author":8,"featured_media":0,"parent":0,"menu_order":0,"comment_status":"closed","ping_status":"closed","template":"","meta":{"_et_pb_use_builder":"on","_et_pb_old_content":"","footnotes":""},"class_list":["post-12595","page","type-page","status-publish","hentry"],"_links":{"self":[{"href":"https:\/\/www.xn--hbs-frth-b6a.de\/index.php\/wp-json\/wp\/v2\/pages\/12595","targetHints":{"allow":["GET"]}}],"collection":[{"href":"https:\/\/www.xn--hbs-frth-b6a.de\/index.php\/wp-json\/wp\/v2\/pages"}],"about":[{"href":"https:\/\/www.xn--hbs-frth-b6a.de\/index.php\/wp-json\/wp\/v2\/types\/page"}],"author":[{"embeddable":true,"href":"https:\/\/www.xn--hbs-frth-b6a.de\/index.php\/wp-json\/wp\/v2\/users\/8"}],"replies":[{"embeddable":true,"href":"https:\/\/www.xn--hbs-frth-b6a.de\/index.php\/wp-json\/wp\/v2\/comments?post=12595"}],"version-history":[{"count":7,"href":"https:\/\/www.xn--hbs-frth-b6a.de\/index.php\/wp-json\/wp\/v2\/pages\/12595\/revisions"}],"predecessor-version":[{"id":22742,"href":"https:\/\/www.xn--hbs-frth-b6a.de\/index.php\/wp-json\/wp\/v2\/pages\/12595\/revisions\/22742"}],"wp:attachment":[{"href":"https:\/\/www.xn--hbs-frth-b6a.de\/index.php\/wp-json\/wp\/v2\/media?parent=12595"}],"curies":[{"name":"wp","href":"https:\/\/api.w.org\/{rel}","templated":true}]}}