{"id":1049,"date":"2019-11-18T14:02:31","date_gmt":"2019-11-18T13:02:31","guid":{"rendered":"http:\/\/5.189.168.161\/hbs-fuerth\/?page_id=1049"},"modified":"2021-07-03T09:40:05","modified_gmt":"2021-07-03T07:40:05","slug":"wahlpflicht","status":"publish","type":"page","link":"https:\/\/www.xn--hbs-frth-b6a.de\/index.php\/wahlpflicht\/","title":{"rendered":"Wahlpflicht"},"content":{"rendered":"<p>[et_pb_section fb_built=&#8220;1&#8243; _builder_version=&#8220;4.0.6&#8243;][et_pb_row column_structure=&#8220;3_4,1_4&#8243; _builder_version=&#8220;4.0.6&#8243;][et_pb_column type=&#8220;3_4&#8243; _builder_version=&#8220;4.0.6&#8243;][et_pb_text _builder_version=&#8220;4.0.6&#8243;]<\/p>\n<h1 class=\"textheading1\">Wahlpflichtunterricht<\/h1>\n<p>Mit dem Wechsel in die Jahrgangsstufe 7 k\u00f6nnen die Sch\u00fcler die zweite Fremdsprache Franz\u00f6sisch erlernen oder zwei Wahlpflichtkurse belegen.<\/p>\n<p>Das Wahlpflichtangebot ist umfassend. Zun\u00e4chst gibt es Angebote aus dem klassischen Wahlpflichtunterricht wie Arbeiten mit Holz, Metall und Keramik sowie Ern\u00e4hrungslehre. Au\u00dferdem sind diverse Kurse wie Sport, Trainingslehre, Textiles Gestalten, naturwissenschaftliches Experimentieren, English Conversation, k\u00fcnstlerisches Gestalten, Musik, Tanz \u2026. m\u00f6glich. Selbstverst\u00e4ndlich gibt es die M\u00f6glichkeit das Arbeiten am Computer und an einer computergesteuerten CNC &#8211; Maschine zu erlernen.<\/p>\n<p>Zu Beginn des Schuljahres bekommen die Sch\u00fclerinnen und Sch\u00fcler eine \u00dcbersicht \u00fcber die angebotenen Kurse.<\/p>\n<p>Die Kurse laufen in der Regel ein Schuljahr.<\/p>\n<p>Das Wahlpflicht-Angebot erstreckt sich in allen Jahrg\u00e4ngen auf vier Stunden &#8211; zwei Kurse \u00e0 zwei Stunden.<\/p>\n<p>[\/et_pb_text][et_pb_divider _builder_version=&#8220;4.0.6&#8243; hover_enabled=&#8220;0&#8243;][\/et_pb_divider][et_pb_text _builder_version=&#8220;4.0.6&#8243; hover_enabled=&#8220;0&#8243;]<\/p>\n<h2>Naturwissenschaften<\/h2>\n<p>WPU &#8211; Seifenherstellung 2021 in der 10. Jahrgangsstufe: <a href=\"https:\/\/www.hbs-f\u00fcrth.de\/index.php\/wpu-seifenherstellung\/\">Link zur Seite<\/a><\/p>\n<p>[\/et_pb_text][\/et_pb_column][et_pb_column type=&#8220;1_4&#8243; _builder_version=&#8220;4.0.6&#8243;][et_pb_blog posts_number=&#8220;3&#8243; _builder_version=&#8220;4.0.6&#8243;][\/et_pb_blog][\/et_pb_column][\/et_pb_row][\/et_pb_section]<\/p>\n","protected":false},"excerpt":{"rendered":"<p>[et_pb_section fb_built=&#8220;1&#8243; _builder_version=&#8220;4.0.6&#8243;][et_pb_row column_structure=&#8220;3_4,1_4&#8243; _builder_version=&#8220;4.0.6&#8243;][et_pb_column type=&#8220;3_4&#8243; _builder_version=&#8220;4.0.6&#8243;][et_pb_text _builder_version=&#8220;4.0.6&#8243;] Wahlpflichtunterricht Mit dem Wechsel in die Jahrgangsstufe 7 k\u00f6nnen die Sch\u00fcler die zweite Fremdsprache Franz\u00f6sisch erlernen oder zwei Wahlpflichtkurse belegen. Das Wahlpflichtangebot ist umfassend. Zun\u00e4chst gibt es Angebote aus dem klassischen Wahlpflichtunterricht wie Arbeiten mit Holz, Metall und Keramik sowie Ern\u00e4hrungslehre. Au\u00dferdem sind diverse Kurse wie Sport, [&hellip;]<\/p>\n","protected":false},"author":2,"featured_media":0,"parent":0,"menu_order":0,"comment_status":"closed","ping_status":"closed","template":"","meta":{"_et_pb_use_builder":"on","_et_pb_old_content":"","footnotes":""},"class_list":["post-1049","page","type-page","status-publish","hentry"],"_links":{"self":[{"href":"https:\/\/www.xn--hbs-frth-b6a.de\/index.php\/wp-json\/wp\/v2\/pages\/1049","targetHints":{"allow":["GET"]}}],"collection":[{"href":"https:\/\/www.xn--hbs-frth-b6a.de\/index.php\/wp-json\/wp\/v2\/pages"}],"about":[{"href":"https:\/\/www.xn--hbs-frth-b6a.de\/index.php\/wp-json\/wp\/v2\/types\/page"}],"author":[{"embeddable":true,"href":"https:\/\/www.xn--hbs-frth-b6a.de\/index.php\/wp-json\/wp\/v2\/users\/2"}],"replies":[{"embeddable":true,"href":"https:\/\/www.xn--hbs-frth-b6a.de\/index.php\/wp-json\/wp\/v2\/comments?post=1049"}],"version-history":[{"count":6,"href":"https:\/\/www.xn--hbs-frth-b6a.de\/index.php\/wp-json\/wp\/v2\/pages\/1049\/revisions"}],"predecessor-version":[{"id":4634,"href":"https:\/\/www.xn--hbs-frth-b6a.de\/index.php\/wp-json\/wp\/v2\/pages\/1049\/revisions\/4634"}],"wp:attachment":[{"href":"https:\/\/www.xn--hbs-frth-b6a.de\/index.php\/wp-json\/wp\/v2\/media?parent=1049"}],"curies":[{"name":"wp","href":"https:\/\/api.w.org\/{rel}","templated":true}]}}