{"id":1046,"date":"2019-11-18T14:01:36","date_gmt":"2019-11-18T13:01:36","guid":{"rendered":"http:\/\/5.189.168.161\/hbs-fuerth\/?page_id=1046"},"modified":"2026-02-15T12:24:40","modified_gmt":"2026-02-15T11:24:40","slug":"sport","status":"publish","type":"page","link":"https:\/\/www.xn--hbs-frth-b6a.de\/index.php\/sport\/","title":{"rendered":"Sport"},"content":{"rendered":"<p>[et_pb_section fb_built=&#8220;1&#8243; _builder_version=&#8220;4.0.6&#8243;][et_pb_row column_structure=&#8220;3_4,1_4&#8243; _builder_version=&#8220;4.0.6&#8243;][et_pb_column type=&#8220;3_4&#8243; _builder_version=&#8220;4.0.6&#8243;][et_pb_text _builder_version=&#8220;4.0.6&#8243; hover_enabled=&#8220;0&#8243;]<\/p>\n<p>&nbsp;<\/p>\n<h2><strong>Sport an der Heinrich-B\u00f6ll-Schule \u2013 Gemeinsam in Bewegung<\/strong><\/h2>\n<p>Die Sportfachschaft der Heinrich-B\u00f6ll-Schule blickt auf ein ereignisreiches und bewegtes Schuljahr zur\u00fcck und freut sich auf kommende. \u00a0Mit zahlreichen Projekten und Veranstaltungen k\u00f6nnen Sch\u00fclerinnen und Sch\u00fcler unterschiedlichster Jahrg\u00e4nge sportliche Erfahrungen sammeln, Teamgeist entwickeln und Freude an Bewegung erleben.<\/p>\n<p><strong>Skifreizeit in der Wildsch\u00f6nau<\/strong><br \/> Ein besonderes Highlight ist die Skifreizeit des gesamten 7. Jahrgangs. Fast 100 Kinder erlernen in \u00d6sterreich das Skifahren und wachsen bei gemeinsamen Erlebnissen als Gruppe zusammen. Ziel der Woche: Spa\u00df am Skifahren vermitteln, neue Bewegungsformen kennenlernen und als Jahrgang zusammenwachsen. Viele stehen zum ersten Mal auf Skiern \u2013 doch mit Unterst\u00fctzung der engagierten Lehrkr\u00e4fte und gegenseitiger Motivation k\u00f6nnen am Ende fast alle sicher die Pisten hinunterfahren.<\/p>\n<div class=\"lyte-wrapper\" style=\"width:640px;max-width:100%;margin:5px auto;\"><div class=\"lyMe\" id=\"WYL_-Vcirpl38DA\"><div id=\"lyte_-Vcirpl38DA\" data-src=\"\/\/i.ytimg.com\/vi\/-Vcirpl38DA\/hqdefault.jpg\" class=\"pL\"><div class=\"tC\"><div class=\"tT\"><\/div><\/div><div class=\"play\"><\/div><div class=\"ctrl\"><div class=\"Lctrl\"><\/div><div class=\"Rctrl\"><\/div><\/div><\/div><noscript><a href=\"https:\/\/youtu.be\/-Vcirpl38DA\" rel=\"nofollow\"><img loading=\"lazy\" decoding=\"async\" src=\"https:\/\/i.ytimg.com\/vi\/-Vcirpl38DA\/0.jpg\" alt=\"YouTube-Video-Vorschaubild\" width=\"640\" height=\"340\" \/><br \/>Dieses Video auf YouTube ansehen<\/a><\/noscript><\/div><\/div><div class=\"lL\" style=\"max-width:100%;width:640px;margin:5px auto;\"><br\/><span class=\"lyte_disclaimer\">Datenschutzhinweis: Mit Anklicken des Videos wird eine Verbindung zu YouTube aufgebaut und personenbezogen Daten, wie z.B. die IP-Adresse werden \u00fcbertragen.<\/span><\/div><\/p>\n<p><strong>\u201eJugend trainiert f\u00fcr Olympia\u201c<\/strong><br \/> In den Disziplinen V\u00f6lkerball, Ringen und Orientierungslauf vertreten unsere Teams die Schule mit gro\u00dfem Engagement und sportlichem Ehrgeiz.<\/p>\n<p><strong>Turniere und Wettbewerbe<\/strong><br \/> Das V\u00f6lkerballturnier der Jahrg\u00e4nge 5 und 6, das Basketballturnier in Jahrgang 6 und 7, sowie der HBS-Pokal im Fu\u00dfball f\u00fcr die Jahrg\u00e4nge 9 und 10 sorgen f\u00fcr spannende Wettk\u00e4mpfe, Fairplay und tolle Stimmung.<\/p>\n<p><strong>Klassiker im Schuljahr<\/strong><br \/> Die Bundesjugendspiele und das Deutsche Sportabzeichen fordern und f\u00f6rdern die sportlichen F\u00e4higkeiten aller Sch\u00fcler \u2013 viele k\u00f6nnen sich \u00fcber Urkunden und Abzeichen freuen.<\/p>\n<p><strong>Schwimmunterricht in Jahrgang 5<\/strong><br \/> Alle F\u00fcnftkl\u00e4ssler nehmen am Schwimmunterricht im Hallenbad Weschnitz teil \u2013 eine wichtige Ma\u00dfnahme f\u00fcr Sicherheit und Bewegungskompetenz im Wasser.<\/p>\n<p><strong>Sportunterricht, der bewegt<\/strong><\/p>\n<p>Die Lehrerinnen und Lehrer der Heinrich-B\u00f6ll-Schule setzen auf vielf\u00e4ltigen und zeitgem\u00e4\u00dfen Sportunterricht:<br \/> Neben klassischen Disziplinen werden auch Trendsportarten wie Parcours, Outdoorsportarten und amerikanische Sportarten wie Basketball, Baseball, Inlineskates oder Flag Football angeboten.<\/p>\n<p>Auch das WPU-Angebot (Wahlpflichtunterricht) im Bereich Sport zeigt die Vielseitigkeit unseres Fachbereichs: Von sportlicher Selbstverteidigung \u00fcber Fitness bis hin zu projektorientierten Kursen mit Bewegungsanalyse oder Teambuilding ist f\u00fcr jede und jeden etwas dabei.<br \/> Gerade in einer Zeit zunehmender Bewegungsarmut ist vielseitiger und motivierender Sportunterricht wichtiger denn je. Die Lehrkr\u00e4fte der HBS setzen auf moderne, innovative Konzepte, um Kindern und Jugendlichen Freude an Bewegung und ein gesundes K\u00f6rperbewusstsein zu vermitteln.<br \/> Ob im Schnee, in der Halle oder auf dem Sportplatz \u2013 Sport verbindet, begeistert und st\u00e4rkt.<\/p>\n<div class=\"lyte-wrapper\" style=\"width:640px;max-width:100%;margin:5px auto;\"><div class=\"lyMe\" id=\"WYL_34EQ42kDVko\"><div id=\"lyte_34EQ42kDVko\" data-src=\"\/\/i.ytimg.com\/vi\/34EQ42kDVko\/hqdefault.jpg\" class=\"pL\"><div class=\"tC\"><div class=\"tT\"><\/div><\/div><div class=\"play\"><\/div><div class=\"ctrl\"><div class=\"Lctrl\"><\/div><div class=\"Rctrl\"><\/div><\/div><\/div><noscript><a href=\"https:\/\/youtu.be\/34EQ42kDVko\" rel=\"nofollow\"><img loading=\"lazy\" decoding=\"async\" src=\"https:\/\/i.ytimg.com\/vi\/34EQ42kDVko\/0.jpg\" alt=\"YouTube-Video-Vorschaubild\" width=\"640\" height=\"340\" \/><br \/>Dieses Video auf YouTube ansehen<\/a><\/noscript><\/div><\/div><div class=\"lL\" style=\"max-width:100%;width:640px;margin:5px auto;\"><br\/><span class=\"lyte_disclaimer\">Datenschutzhinweis: Mit Anklicken des Videos wird eine Verbindung zu YouTube aufgebaut und personenbezogen Daten, wie z.B. die IP-Adresse werden \u00fcbertragen.<\/span><\/div><\/p>\n<p>[\/et_pb_text][\/et_pb_column][et_pb_column type=&#8220;1_4&#8243; _builder_version=&#8220;4.0.6&#8243;][et_pb_blog posts_number=&#8220;3&#8243; include_categories=&#8220;13&#8243; _builder_version=&#8220;4.0.6&#8243;][\/et_pb_blog][\/et_pb_column][\/et_pb_row][\/et_pb_section]<\/p>\n","protected":false},"excerpt":{"rendered":"<p>[et_pb_section fb_built=&#8220;1&#8243; _builder_version=&#8220;4.0.6&#8243;][et_pb_row column_structure=&#8220;3_4,1_4&#8243; _builder_version=&#8220;4.0.6&#8243;][et_pb_column type=&#8220;3_4&#8243; _builder_version=&#8220;4.0.6&#8243;][et_pb_text _builder_version=&#8220;4.0.6&#8243; hover_enabled=&#8220;0&#8243;] &nbsp; Sport an der Heinrich-B\u00f6ll-Schule \u2013 Gemeinsam in Bewegung Die Sportfachschaft der Heinrich-B\u00f6ll-Schule blickt auf ein ereignisreiches und bewegtes Schuljahr zur\u00fcck und freut sich auf kommende. \u00a0Mit zahlreichen Projekten und Veranstaltungen k\u00f6nnen Sch\u00fclerinnen und Sch\u00fcler unterschiedlichster Jahrg\u00e4nge sportliche Erfahrungen sammeln, Teamgeist entwickeln und Freude an Bewegung [&hellip;]<\/p>\n","protected":false},"author":2,"featured_media":0,"parent":0,"menu_order":0,"comment_status":"closed","ping_status":"closed","template":"","meta":{"_et_pb_use_builder":"on","_et_pb_old_content":"","footnotes":""},"class_list":["post-1046","page","type-page","status-publish","hentry"],"_links":{"self":[{"href":"https:\/\/www.xn--hbs-frth-b6a.de\/index.php\/wp-json\/wp\/v2\/pages\/1046","targetHints":{"allow":["GET"]}}],"collection":[{"href":"https:\/\/www.xn--hbs-frth-b6a.de\/index.php\/wp-json\/wp\/v2\/pages"}],"about":[{"href":"https:\/\/www.xn--hbs-frth-b6a.de\/index.php\/wp-json\/wp\/v2\/types\/page"}],"author":[{"embeddable":true,"href":"https:\/\/www.xn--hbs-frth-b6a.de\/index.php\/wp-json\/wp\/v2\/users\/2"}],"replies":[{"embeddable":true,"href":"https:\/\/www.xn--hbs-frth-b6a.de\/index.php\/wp-json\/wp\/v2\/comments?post=1046"}],"version-history":[{"count":13,"href":"https:\/\/www.xn--hbs-frth-b6a.de\/index.php\/wp-json\/wp\/v2\/pages\/1046\/revisions"}],"predecessor-version":[{"id":22814,"href":"https:\/\/www.xn--hbs-frth-b6a.de\/index.php\/wp-json\/wp\/v2\/pages\/1046\/revisions\/22814"}],"wp:attachment":[{"href":"https:\/\/www.xn--hbs-frth-b6a.de\/index.php\/wp-json\/wp\/v2\/media?parent=1046"}],"curies":[{"name":"wp","href":"https:\/\/api.w.org\/{rel}","templated":true}]}}