{"id":1042,"date":"2019-11-18T14:01:02","date_gmt":"2019-11-18T13:01:02","guid":{"rendered":"http:\/\/5.189.168.161\/hbs-fuerth\/?page_id=1042"},"modified":"2019-12-04T21:52:59","modified_gmt":"2019-12-04T20:52:59","slug":"religion","status":"publish","type":"page","link":"https:\/\/www.xn--hbs-frth-b6a.de\/index.php\/religion\/","title":{"rendered":"Religion"},"content":{"rendered":"<p>[et_pb_section fb_built=&#8220;1&#8243; _builder_version=&#8220;4.0.6&#8243;][et_pb_row column_structure=&#8220;3_4,1_4&#8243; _builder_version=&#8220;4.0.6&#8243;][et_pb_column type=&#8220;3_4&#8243; _builder_version=&#8220;4.0.6&#8243;][et_pb_text _builder_version=&#8220;4.0.6&#8243;]<\/p>\n<h1 class=\"textheading1\">Fachschaft Religion<\/h1>\n<p>Das Fach Religion wird in jedem Jahrgang zweist\u00fcndig pro Woche unterrichtet. Die Sch\u00fcler werden nach ihren Konfessionen getrennt oder k\u00f6nnen alternativ am Ethikunterricht teilnehmen.<\/p>\n<p>Seit dem Schuljahr 2015\/16 wird im 9.\/10. Schuljahr Religion\/ Ethik im Klassenunterricht erteilt unter dem Titel HBS ( Hintergrunde- Blickpunkte-Spuren)<\/p>\n<p>&nbsp;<\/p>\n<p>Seit Sommer 2009 wird das Fach durch die Schulpfarrerin Holzapfel-Hesselmann unterst\u00fctzt. Sie ist mit einer ganzen Stelle angestellt. Neben dem Unterricht richtet sie ihr Augenmerk darauf<\/p>\n<ul class=\"mb-indent mobile-overpadded-left\">\n<li>soziale Projekte f\u00fcr Sch\u00fcler anzubieten ( Sozialtraining f\u00fcr 5.\/6. Klasse;\u00a0 Selbstbewusstseinstraining in Zusammenarbeit mit einem Psychologen),<\/li>\n<li>ihnen als Gespr\u00e4chspartnerin zur Verf\u00fcgung zu stehen,<\/li>\n<li>mit Sch\u00fclern Gottesdienste zu feiern;<\/li>\n<\/ul>\n<p>&nbsp;<\/p>\n<p>Folgende Angebote gibt es an der Schule:<\/p>\n<ul class=\"mb-indent mobile-overpadded-left\">\n<li>Schulanfangsgottesdienst ( 5.Klasse);<\/li>\n<li>Reformationsgottesdienst ( 5.Klasse);<\/li>\n<li>Weihnachtsgottesdienste (5.\/6.Klasse);<\/li>\n<li>Passions- und Ostergottesdienste (5.\/6. Klasse);<\/li>\n<li>Toleranztage ( 2 Tage , 7. Klasse);<\/li>\n<li>Besinnungstag (10. Klasse);<\/li>\n<li>Begegnung mit Zeitzeugen im Kloster H\u00f6chst ( 10. Klasse);<\/li>\n<li>Unterst\u00fctzung des Patenkindes in Vietnam: Bastelaktion in der Adventszeit und auf freiwilliger Basis \/ 10 Cent pro Sch\u00fcler\/ Religionsstunde in der Passions- bzw. Fastenzeit;<\/li>\n<li>der Kolpingfamilie in der Adventszeit: Auf freiwilliger Basis packt jeder Sch\u00fcler ein Weihnachtspaket f\u00fcr ein Waisenhaus in Portugal;<\/li>\n<\/ul>\n<p>Einen Link zum Weihnachtsfilm finden Sie\u00a0<a class=\"link1\" href=\"https:\/\/heinrichboellschule-my.sharepoint.com\/:v:\/g\/personal\/daniel_kennig_hb_kbs_schule\/EV130QWVdylAhmzpxGdAm64BNHOlzV6S2bCjbR9wzpCeWQ?e=4mhkNZ\">hier.<\/a>\u00a0Die Fachschaft Religion w\u00fcnscht ein frohes Fest!<\/p>\n<p>[\/et_pb_text][\/et_pb_column][et_pb_column type=&#8220;1_4&#8243; _builder_version=&#8220;4.0.6&#8243;][et_pb_blog posts_number=&#8220;3&#8243; _builder_version=&#8220;4.0.6&#8243; hover_enabled=&#8220;0&#8243;][\/et_pb_blog][\/et_pb_column][\/et_pb_row][\/et_pb_section]<\/p>\n","protected":false},"excerpt":{"rendered":"<p>[et_pb_section fb_built=&#8220;1&#8243; _builder_version=&#8220;4.0.6&#8243;][et_pb_row column_structure=&#8220;3_4,1_4&#8243; _builder_version=&#8220;4.0.6&#8243;][et_pb_column type=&#8220;3_4&#8243; _builder_version=&#8220;4.0.6&#8243;][et_pb_text _builder_version=&#8220;4.0.6&#8243;] Fachschaft Religion Das Fach Religion wird in jedem Jahrgang zweist\u00fcndig pro Woche unterrichtet. Die Sch\u00fcler werden nach ihren Konfessionen getrennt oder k\u00f6nnen alternativ am Ethikunterricht teilnehmen. Seit dem Schuljahr 2015\/16 wird im 9.\/10. Schuljahr Religion\/ Ethik im Klassenunterricht erteilt unter dem Titel HBS ( Hintergrunde- Blickpunkte-Spuren) &nbsp; [&hellip;]<\/p>\n","protected":false},"author":2,"featured_media":0,"parent":0,"menu_order":0,"comment_status":"closed","ping_status":"closed","template":"","meta":{"_et_pb_use_builder":"on","_et_pb_old_content":"","footnotes":""},"class_list":["post-1042","page","type-page","status-publish","hentry"],"_links":{"self":[{"href":"https:\/\/www.xn--hbs-frth-b6a.de\/index.php\/wp-json\/wp\/v2\/pages\/1042","targetHints":{"allow":["GET"]}}],"collection":[{"href":"https:\/\/www.xn--hbs-frth-b6a.de\/index.php\/wp-json\/wp\/v2\/pages"}],"about":[{"href":"https:\/\/www.xn--hbs-frth-b6a.de\/index.php\/wp-json\/wp\/v2\/types\/page"}],"author":[{"embeddable":true,"href":"https:\/\/www.xn--hbs-frth-b6a.de\/index.php\/wp-json\/wp\/v2\/users\/2"}],"replies":[{"embeddable":true,"href":"https:\/\/www.xn--hbs-frth-b6a.de\/index.php\/wp-json\/wp\/v2\/comments?post=1042"}],"version-history":[{"count":3,"href":"https:\/\/www.xn--hbs-frth-b6a.de\/index.php\/wp-json\/wp\/v2\/pages\/1042\/revisions"}],"predecessor-version":[{"id":1771,"href":"https:\/\/www.xn--hbs-frth-b6a.de\/index.php\/wp-json\/wp\/v2\/pages\/1042\/revisions\/1771"}],"wp:attachment":[{"href":"https:\/\/www.xn--hbs-frth-b6a.de\/index.php\/wp-json\/wp\/v2\/media?parent=1042"}],"curies":[{"name":"wp","href":"https:\/\/api.w.org\/{rel}","templated":true}]}}