{"id":1039,"date":"2019-11-18T14:00:20","date_gmt":"2019-11-18T13:00:20","guid":{"rendered":"http:\/\/5.189.168.161\/hbs-fuerth\/?page_id=1039"},"modified":"2022-11-24T17:26:50","modified_gmt":"2022-11-24T16:26:50","slug":"mathematik","status":"publish","type":"page","link":"https:\/\/www.xn--hbs-frth-b6a.de\/index.php\/mathematik\/","title":{"rendered":"Mathematik"},"content":{"rendered":"<p>[et_pb_section fb_built=&#8220;1&#8243; _builder_version=&#8220;4.0.6&#8243;][et_pb_row column_structure=&#8220;3_4,1_4&#8243; _builder_version=&#8220;4.0.6&#8243;][et_pb_column type=&#8220;3_4&#8243; _builder_version=&#8220;4.0.6&#8243;][et_pb_text _builder_version=&#8220;4.0.6&#8243; hover_enabled=&#8220;0&#8243;]<\/p>\n<h1 class=\"textheading1\">Fachbereich Mathematik<\/h1>\n<h2 class=\"textheading2\">Zahlen und Fakten<\/h2>\n<p>Momentan unterrichten 21 Kollegen an der HBS Mathematik. So k\u00f6nnen die Sch\u00fclerzahlen in den meisten der Kurse recht klein gehalten werden.<\/p>\n<p>Im Jahrgang 5 werden zun\u00e4chst alle Sch\u00fcler im Klassenverband unterrichtet. Doch schon nach dem 1.Halbjahr erfolgt eine Einteilung in die A-B-C-Kurse. Ein Wechsel des Kurses ist jeweils zum Halbjahr auf Grund der erbrachten Leistungen m\u00f6glich.<\/p>\n<p>Mathematik wird an unserer Schule vom 5. bis 10. Schuljahr durchg\u00e4ngig mit vier Stunden w\u00f6chentlich unterrichtet. Zus\u00e4tzlich gibt es in den Jahrg\u00e4ngen 5 und 6 F\u00f6rderkurse.<\/p>\n<p>Im Jahrgang 8 findet allj\u00e4hrlich am 1. Donnerstag im Dezember der hessenweite Mathematikwettbewerb statt, an dem alle Sch\u00fcler des Jahrgangs teilnehmen. Dies ist eine erste gute Vorbereitung f\u00fcr die im 9. und 10. Schuljahr anstehenden Pr\u00fcfungen. Zu deren Vorbereitung findet seit einigen Jahren an unserer Schule das Ostercamp statt, das den Sch\u00fclern kostenfrei weitere Unterst\u00fctzung gibt.<\/p>\n<p>Die Fachschaft Mathematik bem\u00fcht sich auch mit au\u00dferschulischen Angeboten die Freude an der Mathematik zu wecken. Dazu geh\u00f6ren die Teilnahme am internationalen K\u00e4nguruwettbewerb, am online-Adventskalender sowie Besuche vorhandener Ausstellungen in der Region wie z.B. Mathe zum Anfassen.<\/p>\n<p>Deshalb hier auch ein Tipp, nicht nur f\u00fcr verregnete Tage:<\/p>\n<p>Ein Besuch im Mathematikum Gie\u00dfen.<\/p>\n<p><a class=\"link1\" href=\"http:\/\/www.mathematikum.de\/\">www.mathematikum.de<\/a><\/p>\n<p>Nicht nur Ihre Kinder werden innerhalb k\u00fcrzester Zeit vergessen haben, dass in den vielen Spielen jede Menge Mathematik steckt.<\/p>\n<h2>Wahlpflichtunterricht<\/h2>\n<p>Im Wahlpflichtbereich werden regelm\u00e4\u00dfig Forder- und F\u00f6rderkurse sowie Vorbereitungskurse f\u00fcr die Abschlusspr\u00fcfungen angeboten.<\/p>\n<p><img loading=\"lazy\" decoding=\"async\" class=\"alignnone wp-image-4048 size-large\" src=\"https:\/\/www.xn--hbs-frth-b6a.de\/wp-content\/uploads\/2021\/03\/wpu_mathe_angebot-1024x312.png\" alt=\"Bild: Tabellarische Auflistung von Wahlpflichtthemen\" width=\"1024\" height=\"312\" \/><\/p>\n<p>&nbsp;<\/p>\n<h2 class=\"textheading2\">Unterst\u00fctzung durch den F\u00f6rderverein<\/h2>\n<p>Im Schulbudget steht der Fachschaft Mathematik j\u00e4hrlich ein Betrag von ca 400\u20ac zur Verf\u00fcgung. Davon werden Anschauungsmaterial, Spiele und zus\u00e4tzliche Arbeitsmittel angeschafft.<\/p>\n<p>Seit einigen Jahren bem\u00fchen sich die Mathematiklehrer jedoch auch, jedes Klasssenzimmer mit Geodreieck und Zirkel f\u00fcr die Arbeit an der Tafel auszustatten, um diese immer griffbereit zu haben. Auf Grund der gegebenen Geldmittel ist dies pro Jahr f\u00fcr einen Jahrgang m\u00f6glich.<\/p>\n<p>Mit Hilfe des F\u00f6rdervereines konnten jedoch im letzten Schuljahr die Klassens\u00e4le ZWEIER Jahrg\u00e4nge ausgestattet werden !!! So sind wir unserem Ziel schon einen gro\u00dfen Schritt n\u00e4her gekommen und m\u00f6chten uns an dieser Stelle sehr herzlich beim F\u00f6rderverein f\u00fcr die Unterst\u00fctzung bedanken.<\/p>\n<p>[\/et_pb_text][\/et_pb_column][et_pb_column type=&#8220;1_4&#8243; _builder_version=&#8220;4.0.6&#8243;][et_pb_blog posts_number=&#8220;3&#8243; _builder_version=&#8220;4.0.6&#8243;][\/et_pb_blog][\/et_pb_column][\/et_pb_row][\/et_pb_section]<\/p>\n","protected":false},"excerpt":{"rendered":"<p>[et_pb_section fb_built=&#8220;1&#8243; _builder_version=&#8220;4.0.6&#8243;][et_pb_row column_structure=&#8220;3_4,1_4&#8243; _builder_version=&#8220;4.0.6&#8243;][et_pb_column type=&#8220;3_4&#8243; _builder_version=&#8220;4.0.6&#8243;][et_pb_text _builder_version=&#8220;4.0.6&#8243; hover_enabled=&#8220;0&#8243;] Fachbereich Mathematik Zahlen und Fakten Momentan unterrichten 21 Kollegen an der HBS Mathematik. So k\u00f6nnen die Sch\u00fclerzahlen in den meisten der Kurse recht klein gehalten werden. Im Jahrgang 5 werden zun\u00e4chst alle Sch\u00fcler im Klassenverband unterrichtet. Doch schon nach dem 1.Halbjahr erfolgt eine Einteilung in die [&hellip;]<\/p>\n","protected":false},"author":2,"featured_media":0,"parent":0,"menu_order":0,"comment_status":"closed","ping_status":"closed","template":"","meta":{"_et_pb_use_builder":"on","_et_pb_old_content":"","footnotes":""},"class_list":["post-1039","page","type-page","status-publish","hentry"],"_links":{"self":[{"href":"https:\/\/www.xn--hbs-frth-b6a.de\/index.php\/wp-json\/wp\/v2\/pages\/1039","targetHints":{"allow":["GET"]}}],"collection":[{"href":"https:\/\/www.xn--hbs-frth-b6a.de\/index.php\/wp-json\/wp\/v2\/pages"}],"about":[{"href":"https:\/\/www.xn--hbs-frth-b6a.de\/index.php\/wp-json\/wp\/v2\/types\/page"}],"author":[{"embeddable":true,"href":"https:\/\/www.xn--hbs-frth-b6a.de\/index.php\/wp-json\/wp\/v2\/users\/2"}],"replies":[{"embeddable":true,"href":"https:\/\/www.xn--hbs-frth-b6a.de\/index.php\/wp-json\/wp\/v2\/comments?post=1039"}],"version-history":[{"count":6,"href":"https:\/\/www.xn--hbs-frth-b6a.de\/index.php\/wp-json\/wp\/v2\/pages\/1039\/revisions"}],"predecessor-version":[{"id":6074,"href":"https:\/\/www.xn--hbs-frth-b6a.de\/index.php\/wp-json\/wp\/v2\/pages\/1039\/revisions\/6074"}],"wp:attachment":[{"href":"https:\/\/www.xn--hbs-frth-b6a.de\/index.php\/wp-json\/wp\/v2\/media?parent=1039"}],"curies":[{"name":"wp","href":"https:\/\/api.w.org\/{rel}","templated":true}]}}