{"id":1035,"date":"2019-11-18T13:59:36","date_gmt":"2019-11-18T12:59:36","guid":{"rendered":"http:\/\/5.189.168.161\/hbs-fuerth\/?page_id=1035"},"modified":"2022-12-07T15:40:41","modified_gmt":"2022-12-07T14:40:41","slug":"naturwissenschaften","status":"publish","type":"page","link":"https:\/\/www.xn--hbs-frth-b6a.de\/index.php\/naturwissenschaften\/","title":{"rendered":"Naturwissenschaften"},"content":{"rendered":"<p>[et_pb_section fb_built=&#8220;1&#8243; _builder_version=&#8220;4.0.6&#8243;][et_pb_row column_structure=&#8220;3_4,1_4&#8243; _builder_version=&#8220;4.0.6&#8243;][et_pb_column type=&#8220;3_4&#8243; _builder_version=&#8220;4.0.6&#8243;][et_pb_text _builder_version=&#8220;4.0.6&#8243; hover_enabled=&#8220;0&#8243;]<\/p>\n<h1 class=\"textheading1\">Fach Naturwissenschaften<\/h1>\n<p>Seit dem Schuljahr 2009\/2010 wird das Fach Naturwissenschaften, ein F\u00e4cherverbund aus Chemie, Physik und Biologie, an der HBS unterrichtet. Das Fach bietet den Sch\u00fclerinnen und Sch\u00fclern eine Entdeckungsreise in die Welt der Natur und in ihre eigene Umwelt. Dabei schl\u00fcpfen die Lernenden, unter der Anleitung einer Lehrperson, in die Rolle von Forschenden. Der Unterricht findet in den Jahrgangsstufen 5, 6 und 7 jeweils dreist\u00fcndig statt. Die Kinder saugen wie ein Schwamm die Lernangebote auf (Curricula).<\/p>\n<p>Durch das Fach Naturwissenschaften gelingt es an die naturwissenschaftlichen Erkenntnisse der Kinder, die sie aus ihrer Grundschulzeit mitbringen, nahtlos anzukn\u00fcpfen. Denn die F\u00e4cher Chemie und Physik sind in der Unterstufe nicht verankert. So gehen die Grundkenntnisse der Kinder in diesen Bereichen nicht verloren.<\/p>\n<p>Die thematischen Schwerpunkte werden ganz bewusst abgewechselt, und wo nat\u00fcrliche Bez\u00fcge bestehen, werden diese auch im Unterricht aufgegriffen. So werden Vernetzungen zu Vorwissen aus den verschiedensten Wissensgebieten hergestellt und das Wissen durch die unterschiedlichsten Ankn\u00fcpfungspunkte verankert. Diese Art der Aneignung von Wissen kn\u00fcpft direkt an die in au\u00dferschulischen Zusammenh\u00e4ngen zu beobachtende kindliche Erkenntnisgewinnung an. Die Kinder bleiben nicht lange bei einem Thema. Ist ihre Frage ersch\u00f6pfend beantwortet, wenden sie sich einer n\u00e4chsten Frage, die nicht unbedingt mit der vorherigen in Zusammenhang stehen muss, zu.<\/p>\n<p>Ziel des Faches ist es, die Kinder die Vielfalt und das Spannende der Natur und ihrer Umwelt erfahren zu lassen. Dadurch erhalten die Sch\u00fcler und Sch\u00fclerinnen die M\u00f6glichkeit eine wert-sch\u00e4tzende Haltung gegen\u00fcber der Natur und den Leistungen von Forschern sowie von Ingenieuren zu erlangen. Zus\u00e4tzlich sollen die Kinder dazu bef\u00e4higt werden Aufgeschlossen-heit und Kritikf\u00e4higkeit gegen\u00fcber neuen und alten technologischen Entwicklungen aufzu-bauen. Weiterhin werden in zunehmendem Ma\u00dfe naturwissenschaftliche Denkweisen und Arbeitsmethoden einge\u00fcbt.<\/p>\n<p>Die Inhalte des Lernbereichs Naturwissenschaften sind, wie Sie den Handreichungen, entnehmen k\u00f6nnen, sehr vielf\u00e4ltig. Die unterrichtenden Lehrer haben deshalb eine Auswahl an Themen getroffen, die Sie sich in den n\u00e4chsten Dokumenten, dem Stoffverteilungsplan, anschauen k\u00f6nnen.<\/p>\n<p>&nbsp;<\/p>\n<p>\u00a0<strong>Stundentafel Naturwissenschaften im Vergleich:<\/strong><\/p>\n<p>\u00a0<img loading=\"lazy\" decoding=\"async\" class=\"alignnone wp-image-4085 size-large\" src=\"https:\/\/www.xn--hbs-frth-b6a.de\/wp-content\/uploads\/2021\/03\/Stundentafel_Vergleich_NaWi-1024x454.png\" alt=\"Das Bild zeigt die aktuell offizielle Stundentafel als Tabelle an.\" width=\"1024\" height=\"454\" \/><\/p>\n<h2>Wahlpflichtunterricht<\/h2>\n<p>Auch im Wahlpflichtunterricht ist das Fach Naturwissenschaften regelm\u00e4\u00dfig mit einer zus\u00e4tzlichen Stundenzahl verankert.<\/p>\n<p><img loading=\"lazy\" decoding=\"async\" class=\"alignnone wp-image-4049 size-large\" src=\"https:\/\/www.xn--hbs-frth-b6a.de\/wp-content\/uploads\/2021\/03\/wpu_nawi_angebot-1024x313.png\" alt=\"Bild: Tabellarische Auflistung von Wahlpflichtthemen\" width=\"1024\" height=\"313\" \/><\/p>\n<p>[\/et_pb_text][\/et_pb_column][et_pb_column type=&#8220;1_4&#8243; _builder_version=&#8220;4.0.6&#8243;][et_pb_blog posts_number=&#8220;3&#8243; _builder_version=&#8220;4.0.6&#8243;][\/et_pb_blog][\/et_pb_column][\/et_pb_row][\/et_pb_section]<\/p>\n","protected":false},"excerpt":{"rendered":"<p>[et_pb_section fb_built=&#8220;1&#8243; _builder_version=&#8220;4.0.6&#8243;][et_pb_row column_structure=&#8220;3_4,1_4&#8243; _builder_version=&#8220;4.0.6&#8243;][et_pb_column type=&#8220;3_4&#8243; _builder_version=&#8220;4.0.6&#8243;][et_pb_text _builder_version=&#8220;4.0.6&#8243; hover_enabled=&#8220;0&#8243;] Fach Naturwissenschaften Seit dem Schuljahr 2009\/2010 wird das Fach Naturwissenschaften, ein F\u00e4cherverbund aus Chemie, Physik und Biologie, an der HBS unterrichtet. Das Fach bietet den Sch\u00fclerinnen und Sch\u00fclern eine Entdeckungsreise in die Welt der Natur und in ihre eigene Umwelt. Dabei schl\u00fcpfen die Lernenden, unter der [&hellip;]<\/p>\n","protected":false},"author":2,"featured_media":0,"parent":0,"menu_order":0,"comment_status":"closed","ping_status":"closed","template":"","meta":{"_et_pb_use_builder":"on","_et_pb_old_content":"","footnotes":""},"class_list":["post-1035","page","type-page","status-publish","hentry"],"_links":{"self":[{"href":"https:\/\/www.xn--hbs-frth-b6a.de\/index.php\/wp-json\/wp\/v2\/pages\/1035","targetHints":{"allow":["GET"]}}],"collection":[{"href":"https:\/\/www.xn--hbs-frth-b6a.de\/index.php\/wp-json\/wp\/v2\/pages"}],"about":[{"href":"https:\/\/www.xn--hbs-frth-b6a.de\/index.php\/wp-json\/wp\/v2\/types\/page"}],"author":[{"embeddable":true,"href":"https:\/\/www.xn--hbs-frth-b6a.de\/index.php\/wp-json\/wp\/v2\/users\/2"}],"replies":[{"embeddable":true,"href":"https:\/\/www.xn--hbs-frth-b6a.de\/index.php\/wp-json\/wp\/v2\/comments?post=1035"}],"version-history":[{"count":9,"href":"https:\/\/www.xn--hbs-frth-b6a.de\/index.php\/wp-json\/wp\/v2\/pages\/1035\/revisions"}],"predecessor-version":[{"id":6339,"href":"https:\/\/www.xn--hbs-frth-b6a.de\/index.php\/wp-json\/wp\/v2\/pages\/1035\/revisions\/6339"}],"wp:attachment":[{"href":"https:\/\/www.xn--hbs-frth-b6a.de\/index.php\/wp-json\/wp\/v2\/media?parent=1035"}],"curies":[{"name":"wp","href":"https:\/\/api.w.org\/{rel}","templated":true}]}}