{"id":1015,"date":"2019-11-18T12:47:24","date_gmt":"2019-11-18T11:47:24","guid":{"rendered":"http:\/\/5.189.168.161\/hbs-fuerth\/?page_id=1015"},"modified":"2026-02-05T11:56:22","modified_gmt":"2026-02-05T10:56:22","slug":"arbeitslehre","status":"publish","type":"page","link":"https:\/\/www.xn--hbs-frth-b6a.de\/index.php\/arbeitslehre\/","title":{"rendered":"Arbeitslehre"},"content":{"rendered":"<p>[et_pb_section fb_built=&#8220;1&#8243; _builder_version=&#8220;4.0.6&#8243;][et_pb_row column_structure=&#8220;3_4,1_4&#8243; _builder_version=&#8220;4.0.6&#8243;][et_pb_column type=&#8220;3_4&#8243; _builder_version=&#8220;4.0.6&#8243;][et_pb_text _builder_version=&#8220;4.0.6&#8243;]<\/p>\n<h1 class=\"textheading1\">Fachbereich Arbeitslehre<\/h1>\n<p>Die Heinrich-B\u00f6ll-Schule bietet ihren Sch\u00fclern im Rahmen des Arbeitslehre-Unterrichtes zwei Betriebspraktika an. Diese sollen den Sch\u00fclerinnen und Sch\u00fclern die M\u00f6glichkeit geben &#8222;exemplarische Einsichten in das Arbeits-, Berufs und Wirtschaftsleben zu gewinnen. Dies geschieht\u2026. durch eigene Anschauung und Erfahrung im Betrieb. \u2026 Die damit verbundene \u00d6ffnung der Schule hin zur betrieblichen Realit\u00e4t vermittelt den Sch\u00fclerinnen und Sch\u00fclern wichtige Erkenntnisse f\u00fcr ihre berufliche Orientierung und zur schulischen Situation kontrastierende Erfahrungen und Informationen und schafft so neue Motivation zum Lernen. Sie er\u00f6ffnet handlungsorientierte Arbeitsformen und erleichtert den Beginn einer Berufsausbildung oder Berufst\u00e4tigkeit.&#8220; (Erlass vom 17.12.2010, ABl. 01\/2011).<\/p>\n<p>Die Betriebspraktika werden an der HBS im Jahrgang 8 und Jahrgang 9 im Rahmen des Arbeitslehre-Unterrichts angeboten.\u00a0Dabei sollen die beiden Praktika unterschiedliche Fragestellungen verfolgen und die Praktikumspl\u00e4tze in unterschiedlichen Berufs- bzw. T\u00e4tigkeitsfeldern angesiedelt sein.\u00a0Die Praktika dauern jeweils zwei Wochen. Die Praktikumsbetriebe sollen vom Wohnort der Sch\u00fclerinnen bzw. Sch\u00fcler in zumutbarer Entfernung liegen, so dass sie mit \u00f6ffentlichen Verkehrsmitteln erreicht werden k\u00f6nnen. Die Betriebspraktika werden von der Lehrkraft vorbereitet, durchgef\u00fchrt und im Unterricht nachbereitet.\u00a0Die Sch\u00fclerinnen und Sch\u00fcler bewerben sich in Eigenverantwortung um einen Praktikumsplatz.\u00a0Dazu werden ihnen von der Schule Bewerbungsunterlagen zur Verf\u00fcgung gestellt:<\/p>\n<ul class=\"mb-indent mobile-overpadded-left\">\n<li>Anschreiben an den Praktikumsbetrieb<\/li>\n<li>Beauftragung des Betriebs<\/li>\n<li>Best\u00e4tigung des Betriebs<\/li>\n<li>Merkblatt zum Betriebspraktikum von Sch\u00fclerinnen und Sch\u00fclern.<\/li>\n<\/ul>\n<p>Weitere Materialien zum Thema Praktikum finden sich im\u00a0<a class=\"link1\" href=\"https:\/\/www.hbs-f\u00fcrth.de\/index.php\/download\/\" target=\"_blank\" rel=\"noopener noreferrer\">Downloadbereich<\/a>.<\/p>\n<p>[\/et_pb_text][\/et_pb_column][et_pb_column type=&#8220;1_4&#8243; _builder_version=&#8220;4.0.6&#8243;][et_pb_blog posts_number=&#8220;3&#8243; _builder_version=&#8220;4.0.6&#8243; hover_enabled=&#8220;0&#8243; include_categories=&#8220;24,28,9,7,26&#8243;][\/et_pb_blog][\/et_pb_column][\/et_pb_row][\/et_pb_section]<\/p>\n","protected":false},"excerpt":{"rendered":"<p>[et_pb_section fb_built=&#8220;1&#8243; _builder_version=&#8220;4.0.6&#8243;][et_pb_row column_structure=&#8220;3_4,1_4&#8243; _builder_version=&#8220;4.0.6&#8243;][et_pb_column type=&#8220;3_4&#8243; _builder_version=&#8220;4.0.6&#8243;][et_pb_text _builder_version=&#8220;4.0.6&#8243;] Fachbereich Arbeitslehre Die Heinrich-B\u00f6ll-Schule bietet ihren Sch\u00fclern im Rahmen des Arbeitslehre-Unterrichtes zwei Betriebspraktika an. Diese sollen den Sch\u00fclerinnen und Sch\u00fclern die M\u00f6glichkeit geben &#8222;exemplarische Einsichten in das Arbeits-, Berufs und Wirtschaftsleben zu gewinnen. Dies geschieht\u2026. durch eigene Anschauung und Erfahrung im Betrieb. \u2026 Die damit verbundene \u00d6ffnung [&hellip;]<\/p>\n","protected":false},"author":2,"featured_media":0,"parent":0,"menu_order":0,"comment_status":"closed","ping_status":"closed","template":"","meta":{"_et_pb_use_builder":"on","_et_pb_old_content":"","footnotes":""},"class_list":["post-1015","page","type-page","status-publish","hentry"],"_links":{"self":[{"href":"https:\/\/www.xn--hbs-frth-b6a.de\/index.php\/wp-json\/wp\/v2\/pages\/1015","targetHints":{"allow":["GET"]}}],"collection":[{"href":"https:\/\/www.xn--hbs-frth-b6a.de\/index.php\/wp-json\/wp\/v2\/pages"}],"about":[{"href":"https:\/\/www.xn--hbs-frth-b6a.de\/index.php\/wp-json\/wp\/v2\/types\/page"}],"author":[{"embeddable":true,"href":"https:\/\/www.xn--hbs-frth-b6a.de\/index.php\/wp-json\/wp\/v2\/users\/2"}],"replies":[{"embeddable":true,"href":"https:\/\/www.xn--hbs-frth-b6a.de\/index.php\/wp-json\/wp\/v2\/comments?post=1015"}],"version-history":[{"count":6,"href":"https:\/\/www.xn--hbs-frth-b6a.de\/index.php\/wp-json\/wp\/v2\/pages\/1015\/revisions"}],"predecessor-version":[{"id":22636,"href":"https:\/\/www.xn--hbs-frth-b6a.de\/index.php\/wp-json\/wp\/v2\/pages\/1015\/revisions\/22636"}],"wp:attachment":[{"href":"https:\/\/www.xn--hbs-frth-b6a.de\/index.php\/wp-json\/wp\/v2\/media?parent=1015"}],"curies":[{"name":"wp","href":"https:\/\/api.w.org\/{rel}","templated":true}]}}